{"id":147,"date":"2018-08-01T10:53:26","date_gmt":"2018-08-01T07:53:26","guid":{"rendered":"https:\/\/h2n312.wordpress.com\/?page_id=147"},"modified":"2025-06-04T19:14:12","modified_gmt":"2025-06-04T16:14:12","slug":"failed-to-open-database-connection","status":"publish","type":"page","link":"https:\/\/hand2noteguide.com\/fr\/issues-resolving\/failed-to-open-database-connection\/","title":{"rendered":"\u00c9chec de l&#8217;ouverture de la connexion \u00e0 la base de donn\u00e9es"},"content":{"rendered":"<p>Si une telle erreur se produit lors du d\u00e9marrage du programme, cela signifie que Hand2Note ne peut pas se connecter \u00e0 son serveur de <a href=\"https:\/\/hand2noteguide.com\/fr\/guide\/database\/\">base de donn\u00e9es<\/a> int\u00e9gr\u00e9. Pour r\u00e9soudre ce probl\u00e8me, proc\u00e9dez comme suit :<\/p>\n<ol>\n<li>Ouvrez la liste des programmes install\u00e9s et supprimez tous les packages <em>Microsoft Visual C++ Redistributable<\/em> 2013 et 2015 (ne touchez pas aux packages d&#8217;autres ann\u00e9es).<\/li>\n<li>T\u00e9l\u00e9chargez et installez \u00e0 nouveau les packages suivants (si vous avez Windows 64 bits, installez les versions x86 et x64) :\n<ul>\n<li><a href=\"https:\/\/www.microsoft.com\/en-US\/download\/details.aspx?id=40784\" target=\"_blank\" rel=\"noopener noreferrer\">Visual C++ Redistributable Packages for Visual Studio 2013<\/a><\/li>\n<li><a href=\"https:\/\/www.microsoft.com\/en-us\/download\/details.aspx?id=48145\" target=\"_blank\" rel=\"noopener noreferrer\">Visual C++ Redistributable for Visual Studio 2015<\/a><\/li>\n<\/ul>\n<\/li>\n<li>Supprimez le fichier <em>DbServer.cg<\/em> du dossier <em>C:\/Program Files\/Hand2Note<\/em>. S&#8217;il n&#8217;y a pas de tel fichier, passez cette \u00e9tape.<\/li>\n<li>Red\u00e9marrez votre PC.<\/li>\n<\/ol>\n<p>Apr\u00e8s cela, essayez de lancer Hand2Note en tant qu&#8217;administrateur.<\/p>\n<p>Si l&#8217;erreur persiste, il est fort probable que votre base de donn\u00e9es soit corrompue. Supprimez <a href=\"https:\/\/hand2noteguide.com\/fr\/guide\/database\/where-is-database-stored\/\">le dossier contenant la base de donn\u00e9es<\/a> (par d\u00e9faut, il s&#8217;agit de <em>C:\/Users\/VotreNomUtilisateur\/AppData\/Roaming\/Hand2Note\/h2ndb<\/em>) et lancez le programme. Apr\u00e8s le lancement, vous pouvez <a href=\"https:\/\/hand2noteguide.com\/fr\/guide\/hands-archive\/\">importer vos mains depuis les archives<\/a> dans une base de donn\u00e9es vierge.<\/p>\n","protected":false},"excerpt":{"rendered":"<p>Si une telle erreur se produit lors du d\u00e9marrage du programme, cela signifie que Hand2Note ne peut pas se connecter \u00e0 son serveur de base de donn\u00e9es int\u00e9gr\u00e9. Pour r\u00e9soudre ce probl\u00e8me, proc\u00e9dez comme suit : Ouvrez la liste des programmes install\u00e9s et supprimez tous les packages Microsoft Visual C++ Redistributable 2013 et 2015 (ne &hellip; <a href=\"https:\/\/hand2noteguide.com\/fr\/issues-resolving\/failed-to-open-database-connection\/\" class=\"more-link\">Continue reading <span class=\"screen-reader-text\">\u00c9chec de l&#8217;ouverture de la connexion \u00e0 la base de donn\u00e9es<\/span><\/a><\/p>\n","protected":false},"author":1,"featured_media":0,"parent":236,"menu_order":2,"comment_status":"closed","ping_status":"closed","template":"page-templates\/full-width-page.php","meta":{"footnotes":""},"class_list":["post-147","page","type-page","status-publish","hentry"],"translation":{"provider":"WPGlobus","version":"3.0.2","language":"fr","enabled_languages":["en","ru","pt","zh","es","fr","de","it","ja"],"languages":{"en":{"title":true,"content":true,"excerpt":false},"ru":{"title":true,"content":true,"excerpt":false},"pt":{"title":true,"content":true,"excerpt":false},"zh":{"title":true,"content":true,"excerpt":false},"es":{"title":true,"content":true,"excerpt":false},"fr":{"title":true,"content":true,"excerpt":false},"de":{"title":true,"content":true,"excerpt":false},"it":{"title":true,"content":true,"excerpt":false},"ja":{"title":true,"content":true,"excerpt":false}}},"yoast_head":"<!-- This site is optimized with the Yoast SEO plugin v27.0 - https:\/\/yoast.com\/product\/yoast-seo-wordpress\/ -->\n<title>R\u00e9solvez rapidement l&#039;erreur de connexion \u00e0 la base de donn\u00e9es Hand2Note<\/title>\n<meta name=\"description\" content=\"D\u00e9couvrez comment r\u00e9soudre les erreurs de connexion \u00e0 la base de donn\u00e9es Hand2Note gr\u00e2ce \u00e0 notre guide \u00e9tape par \u00e9tape. Suivez ces \u00e9tapes simples pour que votre logiciel fonctionne \u00e0 nouveau sans probl\u00e8me.\" \/>\n<meta name=\"robots\" content=\"index, follow, max-snippet:-1, max-image-preview:large, max-video-preview:-1\" \/>\n<link rel=\"canonical\" href=\"https:\/\/hand2noteguide.com\/issues-resolving\/failed-to-open-database-connection\/\" \/>\n<meta property=\"og:locale\" content=\"fr_FR\" \/>\n<meta property=\"og:type\" content=\"article\" \/>\n<meta property=\"og:title\" content=\"R\u00e9solvez rapidement l&#039;erreur de connexion \u00e0 la base de donn\u00e9es Hand2Note\" \/>\n<meta property=\"og:description\" content=\"D\u00e9couvrez comment r\u00e9soudre les erreurs de connexion \u00e0 la base de donn\u00e9es Hand2Note gr\u00e2ce \u00e0 notre guide \u00e9tape par \u00e9tape. Suivez ces \u00e9tapes simples pour que votre logiciel fonctionne \u00e0 nouveau sans probl\u00e8me.\" \/>\n<meta property=\"og:url\" content=\"https:\/\/hand2noteguide.com\/issues-resolving\/failed-to-open-database-connection\/\" \/>\n<meta property=\"og:site_name\" content=\"Hand2Note Guide\" \/>\n<meta property=\"article:modified_time\" content=\"2025-06-04T16:14:12+00:00\" \/>\n<meta name=\"twitter:card\" content=\"summary_large_image\" \/>\n<meta name=\"twitter:label1\" content=\"Est. reading time\" \/>\n\t<meta name=\"twitter:data1\" content=\"6 minutes\" \/>\n<!-- \/ Yoast SEO plugin. -->","yoast_head_json":{"title":"R\u00e9solvez rapidement l'erreur de connexion \u00e0 la base de donn\u00e9es Hand2Note","description":"D\u00e9couvrez comment r\u00e9soudre les erreurs de connexion \u00e0 la base de donn\u00e9es Hand2Note gr\u00e2ce \u00e0 notre guide \u00e9tape par \u00e9tape. Suivez ces \u00e9tapes simples pour que votre logiciel fonctionne \u00e0 nouveau sans probl\u00e8me.","robots":{"index":"index","follow":"follow","max-snippet":"max-snippet:-1","max-image-preview":"max-image-preview:large","max-video-preview":"max-video-preview:-1"},"canonical":"https:\/\/hand2noteguide.com\/issues-resolving\/failed-to-open-database-connection\/","og_locale":"fr_FR","og_type":"article","og_title":"R\u00e9solvez rapidement l'erreur de connexion \u00e0 la base de donn\u00e9es Hand2Note","og_description":"D\u00e9couvrez comment r\u00e9soudre les erreurs de connexion \u00e0 la base de donn\u00e9es Hand2Note gr\u00e2ce \u00e0 notre guide \u00e9tape par \u00e9tape. Suivez ces \u00e9tapes simples pour que votre logiciel fonctionne \u00e0 nouveau sans probl\u00e8me.","og_url":"https:\/\/hand2noteguide.com\/issues-resolving\/failed-to-open-database-connection\/","og_site_name":"Hand2Note Guide","article_modified_time":"2025-06-04T16:14:12+00:00","twitter_card":"summary_large_image","twitter_misc":{"Est. reading time":"6 minutes"},"schema":{"@context":"https:\/\/schema.org","@graph":[]}},"jetpack_sharing_enabled":false,"_links":{"self":[{"href":"https:\/\/hand2noteguide.com\/fr\/wp-json\/wp\/v2\/pages\/147","targetHints":{"allow":["GET"]}}],"collection":[{"href":"https:\/\/hand2noteguide.com\/fr\/wp-json\/wp\/v2\/pages"}],"about":[{"href":"https:\/\/hand2noteguide.com\/fr\/wp-json\/wp\/v2\/types\/page"}],"author":[{"embeddable":true,"href":"https:\/\/hand2noteguide.com\/fr\/wp-json\/wp\/v2\/users\/1"}],"replies":[{"embeddable":true,"href":"https:\/\/hand2noteguide.com\/fr\/wp-json\/wp\/v2\/comments?post=147"}],"version-history":[{"count":20,"href":"https:\/\/hand2noteguide.com\/fr\/wp-json\/wp\/v2\/pages\/147\/revisions"}],"predecessor-version":[{"id":13553,"href":"https:\/\/hand2noteguide.com\/fr\/wp-json\/wp\/v2\/pages\/147\/revisions\/13553"}],"up":[{"embeddable":true,"href":"https:\/\/hand2noteguide.com\/fr\/wp-json\/wp\/v2\/pages\/236"}],"wp:attachment":[{"href":"https:\/\/hand2noteguide.com\/fr\/wp-json\/wp\/v2\/media?parent=147"}],"curies":[{"name":"wp","href":"https:\/\/api.w.org\/{rel}","templated":true}]}}