{"id":14796,"date":"2026-01-21T19:18:53","date_gmt":"2026-01-21T16:18:53","guid":{"rendered":"https:\/\/hand2noteguide.com\/?page_id=14796"},"modified":"2026-03-10T11:43:05","modified_gmt":"2026-03-10T08:43:05","slug":"creating-expression-stats-in-hand2note","status":"publish","type":"page","link":"https:\/\/hand2noteguide.com\/fr\/user-manual\/creating-expression-stats-in-hand2note\/","title":{"rendered":"Cr\u00e9er des statistiques d&#8217;expression dans Hand2Note"},"content":{"rendered":"\n<p>Hand2Note vous permet de cr\u00e9er et d&#8217;utiliser des m\u00e9triques personnalis\u00e9es bas\u00e9es sur des formules \u2014 celles-ci sont appel\u00e9es &#8220;statistiques d&#8217;expression&#8221;. <\/p>\n\n\n\n<p>Les statistiques simples ne montrent que la fr\u00e9quence de certaines actions dans une main, comme &#8220;Open Raise&#8221; ou &#8220;Any Bet flop&#8221;. Les statistiques d&#8217;expression, telles que &#8220;Fr\u00e9quence d&#8217;agression&#8221; ou &#8220;4Bet Range&#8221;, ne sont pas des indicateurs de la fr\u00e9quence d&#8217;actions et sont calcul\u00e9es \u00e0 l&#8217;aide d&#8217;une formule math\u00e9matique sp\u00e9cifique qui prend les statistiques simples comme arguments.<\/p>\n\n\n\n<p>Chaque statistique d&#8217;expression est essentiellement une expression math\u00e9matique o\u00f9 :<\/p>\n\n\n\n<ul class=\"wp-block-list\">\n<li>Les arguments sont les statistiques simples que vous choisissez.<\/li>\n\n\n\n<li>Les fonctions sont des op\u00e9rations (addition, multiplication, op\u00e9rateurs conditionnels) qui d\u00e9finissent la logique du calcul de la statistique d&#8217;expression.<\/li>\n<\/ul>\n\n\n\n<p>Les statistiques d&#8217;expression vous permettent d&#8217;affiner ou de simplifier l&#8217;analyse de toute statistique affich\u00e9e. Par exemple, avec la statistique &#8220;Fr\u00e9quence d&#8217;agression&#8221;, un joueur peut voir des tendances simplifi\u00e9es dans le style de jeu d&#8217;un adversaire. Ou affiner sa range de 4-bet, en l&#8217;exprimant non pas comme un pourcentage d&#8217;une action sp\u00e9cifique mais comme un pourcentage de l&#8217;ensemble de la range de mains \u2014 pour cela, la statistique &#8220;4Bet Range&#8221; est utilis\u00e9e.<\/p>\n\n\n\n<h2 class=\"wp-block-heading\">Exemple de cr\u00e9ation de la statistique d&#8217;expression <strong>&#8220;<\/strong>4-Bet Range<strong>&#8220;<\/strong> dans Hand2Note<\/h2>\n\n\n\n<p>La cr\u00e9ation de toute statistique d&#8217;expression dans Hand2Note se d\u00e9roule en \u00e9tapes :<\/p>\n\n\n\n<ol class=\"wp-block-list\">\n<li>D\u00e9finir la formule logique int\u00e9gr\u00e9e dans la statistique (d\u00e9finir la logique de la statistique).<\/li>\n\n\n\n<li>Cr\u00e9er la formule pour la statistique d&#8217;expression, compr\u00e9hensible par Hand2Note.<\/li>\n\n\n\n<li>Cr\u00e9er la statistique d&#8217;expression dans Hand2Note.<\/li>\n<\/ol>\n\n\n\n<h3 class=\"wp-block-heading\">D\u00e9finir la logique de la statistique <strong>&#8220;<\/strong>4-Bet Range<strong>&#8220;<\/strong><\/h3>\n\n\n\n<p>Tout d&#8217;abord, vous devez d\u00e9terminer quelle logique est int\u00e9gr\u00e9e dans la statistique &#8220;4-Bet Range&#8221; :<br>Elle montre quelle partie de <em>toutes les mains de d\u00e9part possibles<\/em> un joueur utilise pour effectuer un 4-bet dans une situation sp\u00e9cifique (contre un 3-bet d&#8217;un adversaire).<\/p>\n\n\n\n<p>Pour calculer cela, nous examinons la s\u00e9quence d&#8217;actions qu&#8217;un joueur entreprend lors d&#8217;un 4-bet :<\/p>\n\n\n\n<ol start=\"1\" class=\"wp-block-list\">\n<li><strong>Premi\u00e8rement :<\/strong> Le joueur effectue une relance initiale (open raise). C&#8217;est le premier argument qui r\u00e9duit l&#8217;ensemble de la range de mains (100%) \u00e0 sa <strong>range d&#8217;open raise<\/strong>.<\/li>\n\n\n\n<li><strong>Ensuite :<\/strong> Lorsque sa relance re\u00e7oit un 3-bet, il r\u00e9pond par un 4-bet. C&#8217;est le deuxi\u00e8me argument qui r\u00e9duit encore sa range d&#8217;open raise \u00e0 la <strong>range de 4-bet<\/strong> finale.<\/li>\n<\/ol>\n\n\n\n<p>Ensuite, la valeur obtenue est divis\u00e9e par 100 pour un affichage visuel en pourcentages.<\/p>\n\n\n\n<p>En cons\u00e9quence, la formule logique pour la statistique &#8220;4-Bet Range&#8221; est :<\/p>\n\n\n\n<pre class=\"wp-block-code\"><code>Pourcentage d'open raise du joueur * Pourcentage de 4-bet du joueur \/ 100<\/code><\/pre>\n\n\n\n<h3 class=\"wp-block-heading\">Cr\u00e9er la formule pour la statistique d&#8217;expression <strong>&#8220;<\/strong>4-Bet Range<strong>&#8220;<\/strong>, compr\u00e9hensible par Hand2Note<\/h3>\n\n\n\n<p>Dans Hand2Note, les arguments dans les formules de statistiques d&#8217;expression sont des statistiques simples. Dans notre cas, nous avons besoin de deux <a href=\"https:\/\/hand2noteguide.com\/fr\/user-manual\/creating-a-simple-stat-continued-bet-on-the-river-in-a-3bet-pot-position\/\">statistiques simples<\/a> que nous avons cr\u00e9\u00e9es dans Hand2Note \u00e0 l&#8217;avance :<\/p>\n\n\n\n<ul class=\"wp-block-list\">\n<li>Statistique <strong>&#8220;Open Raise&#8221;<\/strong> \u2014 affiche le pourcentage d&#8217;open raise du joueur.<\/li>\n\n\n\n<li>Statistique <strong>&#8220;4Bet&#8221;<\/strong> \u2014 affiche le pourcentage de 4-bet du joueur.<\/li>\n<\/ul>\n\n\n\n<p><em>Dans les formules de statistiques d&#8217;expression, vous devez utiliser les noms exacts des statistiques simples. \u00c9vitez \u00e9galement les situations o\u00f9 plusieurs statistiques simples portant les m\u00eames noms existent dans la configuration de Hand2Note.<\/em><\/p>\n\n\n\n<p>Maintenant, vous devez d\u00e9terminer les fonctions utilis\u00e9es dans la statistique &#8220;4-Bet Range&#8221;.<\/p>\n\n\n\n<p>Lors de la cr\u00e9ation de formules de statistiques d&#8217;expression, ainsi que dans &#8220;<a href=\"https:\/\/hand2noteguide.com\/fr\/user-manual\/the-multiple-players-tool-in-hand2note-range-research\/\">multiple players<\/a>&#8221; et <a href=\"https:\/\/hand2noteguide.com\/fr\/user-manual\/creating-and-using-badges\/\">badges<\/a> dans Hand2Note, des fonctions sont utilis\u00e9es :<\/p>\n\n\n\n<figure class=\"wp-block-table\"><table><tbody><tr><td>Value<\/td><td>Renvoie la valeur d&#8217;ex\u00e9cution de la statistique en pourcentages.<\/td><\/tr><tr><td>Cases<\/td><td>Renvoie le nombre de cas pour la statistique. En d&#8217;autres termes, il renvoie le nombre de mains o\u00f9 les actions du joueur ont satisfait la condition d\u00e9finie dans la statistique.<\/td><\/tr><tr><td>Opps<\/td><td>Renvoie le nombre de mains o\u00f9 le joueur avait l&#8217;opportunit\u00e9 de satisfaire la condition d\u00e9finie dans la statistique. Cette valeur est \u00e9galement appel\u00e9e &#8220;\u00e9chantillon&#8221; pour la statistique.<\/td><\/tr><tr><td>VsHeroCases<\/td><td>Renvoie le nombre de mains o\u00f9 le joueur a jou\u00e9 contre le H\u00e9ros et o\u00f9 ses actions ont satisfait la condition d\u00e9finie dans la statistique.<\/td><\/tr><tr><td>vsHeroOpps<\/td><td>Renvoie le nombre de mains o\u00f9 le joueur a jou\u00e9 contre le H\u00e9ros et avait l&#8217;opportunit\u00e9 de satisfaire la condition d\u00e9finie dans la statistique avec son action suivante.<\/td><\/tr><tr><td>WonHandCases<\/td><td>Renvoie le nombre de mains o\u00f9 les actions du joueur ont satisfait la condition d\u00e9finie dans la statistique, et il a gagn\u00e9 la main.<\/td><\/tr><tr><td>WentToSDCases<\/td><td>Renvoie le nombre de mains o\u00f9 les actions du joueur ont satisfait la condition de la statistique, et il est all\u00e9 au showdown.<\/td><\/tr><tr><td>WonHandAtSDCases<\/td><td>Le nombre de mains o\u00f9 le joueur, ayant satisfait la condition de la statistique, est non seulement all\u00e9 au showdown mais a \u00e9galement gagn\u00e9.<\/td><\/tr><tr><td>AmountWon<\/td><td>Renvoie le nombre de big blinds gagn\u00e9s dans les mains qui ont satisfait la condition d\u00e9finie dans la statistique.<\/td><\/tr><tr><td>ActionProfit<\/td><td>Renvoie la valeur d&#8217;ActionProfit en big blinds dans les mains qui ont satisfait la condition d\u00e9finie dans la statistique.<\/td><\/tr><\/tbody><\/table><\/figure>\n\n\n\n<p>Lors de l&#8217;utilisation de chaque fonction avec des statistiques simples, la fonction doit \u00eatre \u00e9crite au d\u00e9but, suivie du nom de la statistique simple entre parenth\u00e8ses, par exemple :<\/p>\n\n\n\n<pre class=\"wp-block-code\"><code>Cases(Open Raise)<\/code><\/pre>\n\n\n\n<p><em>De plus, lors de l&#8217;\u00e9criture de formules de statistiques d&#8217;expression, du travail avec &#8220;multiple players&#8221;, ou de la cr\u00e9ation de badges dans Hand2Note, vous \u00eates autoris\u00e9 \u00e0 utiliser l&#8217;op\u00e9rateur conditionnel <code>if<\/code> et d&#8217;autres fonctions math\u00e9matiques.<\/em><\/p>\n\n\n\n<p>Puisque dans notre formule, les deux statistiques (&#8220;Open Raise&#8221; et &#8220;4Bet&#8221;) doivent afficher leur pourcentage d&#8217;ex\u00e9cution, nous avons besoin de la fonction <code>Value<\/code>.<\/p>\n\n\n\n<p>En cons\u00e9quence, la formule pour la statistique &#8220;4-Bet Range&#8221; sera :<\/p>\n\n\n\n<pre class=\"wp-block-code\"><code><code>Value(Open Raise) * Value(4Bet) \/ 100<\/code><\/code><\/pre>\n\n\n\n<h3 class=\"wp-block-heading\">Cr\u00e9er la statistique d&#8217;expression &#8220;4-Bet Range&#8221; dans Hand2Note<\/h3>\n\n\n\n<p>Pour cr\u00e9er une statistique d&#8217;expression dans Hand2Note, vous devez ouvrir l&#8217;\u00e9diteur de statistiques en cliquant avec le bouton gauche de la souris (LMB) sur l&#8217;ic\u00f4ne &#8220;Stat Editor&#8221; (1). Ensuite, pour cr\u00e9er une nouvelle statistique, cliquez sur &#8220;+ New Stat&#8221; (2), dans la fen\u00eatre qui appara\u00eet, d\u00e9finissez le nom (3) (par exemple, &#8220;4-Bet Range&#8221;) et cliquez sur &#8220;OK&#8221; (4).<\/p>\n\n\n\n<figure class=\"wp-block-image size-large\"><img loading=\"lazy\" decoding=\"async\" width=\"1919\" height=\"1032\" src=\"http:\/\/hand2noteguide.com\/wp-content\/uploads\/2026\/01\/1-1024x551.jpg\" alt=\"\" class=\"wp-image-14834\" srcset=\"https:\/\/hand2noteguide.com\/wp-content\/uploads\/2026\/01\/1-1024x551.jpg 1024w, https:\/\/hand2noteguide.com\/wp-content\/uploads\/2026\/01\/1-300x161.jpg 300w, https:\/\/hand2noteguide.com\/wp-content\/uploads\/2026\/01\/1-768x413.jpg 768w, https:\/\/hand2noteguide.com\/wp-content\/uploads\/2026\/01\/1-1536x826.jpg 1536w, https:\/\/hand2noteguide.com\/wp-content\/uploads\/2026\/01\/1-772x415.jpg 772w, https:\/\/hand2noteguide.com\/wp-content\/uploads\/2026\/01\/1-624x336.jpg 624w, https:\/\/hand2noteguide.com\/wp-content\/uploads\/2026\/01\/1.jpg 1919w\" sizes=\"auto, (max-width: 1919px) 100vw, 1919px\" \/><\/figure>\n\n\n\n<p>Ensuite, vous devez d\u00e9finir les param\u00e8tres n\u00e9cessaires pour la statistique &#8220;4-Bet Range&#8221; cr\u00e9\u00e9e. Tout d&#8217;abord, assurez-vous qu&#8217;apr\u00e8s sa cr\u00e9ation, elle est ouverte pour l&#8217;\u00e9dition dans l&#8217;\u00e9diteur de statistiques (1). Ensuite, allez dans le menu &#8220;Expression&#8221; (2) et s\u00e9lectionnez le format de condition d&#8217;entr\u00e9e requis (3).<\/p>\n\n\n\n<figure class=\"wp-block-image size-large\"><img loading=\"lazy\" decoding=\"async\" width=\"1024\" height=\"549\" src=\"http:\/\/hand2noteguide.com\/wp-content\/uploads\/2026\/01\/2-1024x549.jpg\" alt=\"\" class=\"wp-image-14835\" srcset=\"https:\/\/hand2noteguide.com\/wp-content\/uploads\/2026\/01\/2-1024x549.jpg 1024w, https:\/\/hand2noteguide.com\/wp-content\/uploads\/2026\/01\/2-300x161.jpg 300w, https:\/\/hand2noteguide.com\/wp-content\/uploads\/2026\/01\/2-768x411.jpg 768w, https:\/\/hand2noteguide.com\/wp-content\/uploads\/2026\/01\/2-1536x823.jpg 1536w, https:\/\/hand2noteguide.com\/wp-content\/uploads\/2026\/01\/2-772x414.jpg 772w, https:\/\/hand2noteguide.com\/wp-content\/uploads\/2026\/01\/2-624x334.jpg 624w, https:\/\/hand2noteguide.com\/wp-content\/uploads\/2026\/01\/2.jpg 1919w\" sizes=\"auto, (max-width: 1024px) 100vw, 1024px\" \/><\/figure>\n\n\n\n<p><em>Dans cet exemple, nous allons consid\u00e9rer l&#8217;entr\u00e9e de la condition d&#8217;ex\u00e9cution de la statistique en &#8220;Mode Textuel&#8221;. Vous pouvez \u00e9galement utiliser le format de condition d&#8217;entr\u00e9e r\u00e9gulier \u2014 cela n&#8217;affecte pas le r\u00e9sultat mais offre simplement la possibilit\u00e9 d&#8217;\u00e9diter la condition d&#8217;une mani\u00e8re qui vous convient.<\/em><\/p>\n\n\n\n<p>Ensuite, dans la zone de saisie de la formule, entrez la formule pr\u00e9c\u00e9demment compos\u00e9e pour l&#8217;indicateur &#8220;4-Bet Range&#8221; (4). Si la formule est correctement entr\u00e9e, une coche verte devrait appara\u00eetre en dessous (5).<\/p>\n\n\n\n<p>C&#8217;est ainsi que les statistiques d&#8217;expression sont cr\u00e9\u00e9es dans le programme Hand2Note en utilisant l&#8217;indicateur &#8220;4-Bet Range&#8221; comme exemple. Maintenant, elle peut \u00eatre utilis\u00e9e dans les HUDs et les popups. Pour ajouter et utiliser correctement les statistiques d&#8217;expression dans les HUDs, nous recommandons de lire les articles :<\/p>\n\n\n\n<ul class=\"wp-block-list\">\n<li>&#8220;<a href=\"https:\/\/hand2noteguide.com\/fr\/user-manual\/hud-editor-features-and-navigation\/\">\u00c9diteur de HUD Partie 1 : Fonctionnalit\u00e9s et Navigation<\/a>&#8220;<\/li>\n\n\n\n<li>&#8220;<a href=\"https:\/\/hand2noteguide.com\/fr\/user-manual\/hud-editor-creating-a-static-hud\/\">\u00c9diteur de HUD Partie 2 : Cr\u00e9ation d&#8217;un HUD Statique<\/a>&#8220;<\/li>\n\n\n\n<li>&#8220;<a href=\"https:\/\/hand2noteguide.com\/fr\/user-manual\/hud-editor-creating-a-positional-hud\/\">\u00c9diteur de HUD Partie 3 : Cr\u00e9ation d&#8217;un HUD Positionnel<\/a>&#8220;<\/li>\n\n\n\n<li>&#8220;<a href=\"https:\/\/hand2noteguide.com\/fr\/user-manual\/hud-editor-creating-a-dynamic-hud\/\">\u00c9diteur de HUD Partie 4 : Cr\u00e9ation d&#8217;un HUD Dynamique<\/a>&#8220;<\/li>\n<\/ul>\n\n\n\n<h2 class=\"wp-block-heading\">Conclusion<\/h2>\n\n\n\n<p>Comprendre comment fonctionnent les statistiques d&#8217;expression ouvre la voie \u00e0 une analyse de jeu affin\u00e9e en utilisant Hand2Note. Comme nous l&#8217;avons vu, elles ne se contentent pas d&#8217;afficher des chiffres mais <strong>r\u00e9v\u00e8lent des connexions<\/strong> entre les actions, transformant les donn\u00e9es brutes de fr\u00e9quence en indicateurs strat\u00e9giques significatifs.<\/p>\n\n\n\n<p>Ainsi, vous ma\u00eetrisez non seulement une fonction du programme mais <strong>diverses analyses des jeux des adversaires<\/strong>. Maintenant, vous pouvez construire des statistiques pour tester n&#8217;importe quelle hypoth\u00e8se sur le jeu des adversaires, transformant les donn\u00e9es brutes en m\u00e9triques personnalis\u00e9es et strat\u00e9giquement significatives. Commencez par des formules simples, exp\u00e9rimentez \u2014 et vos HUDs et popups parleront un nouveau langage d\u00e9taill\u00e9 de la strat\u00e9gie.<\/p>\n","protected":false},"excerpt":{"rendered":"<p>Hand2Note vous permet de cr\u00e9er et d&#8217;utiliser des m\u00e9triques personnalis\u00e9es bas\u00e9es sur des formules \u2014 celles-ci sont appel\u00e9es &#8220;statistiques d&#8217;expression&#8221;. Les statistiques simples ne montrent que la fr\u00e9quence de certaines actions dans une main, comme &#8220;Open Raise&#8221; ou &#8220;Any Bet flop&#8221;. Les statistiques d&#8217;expression, telles que &#8220;Fr\u00e9quence d&#8217;agression&#8221; ou &#8220;4Bet Range&#8221;, ne sont pas des &hellip; <a href=\"https:\/\/hand2noteguide.com\/fr\/user-manual\/creating-expression-stats-in-hand2note\/\" class=\"more-link\">Continue reading <span class=\"screen-reader-text\">Cr\u00e9er des statistiques d&#8217;expression dans Hand2Note<\/span><\/a><\/p>\n","protected":false},"author":3,"featured_media":14799,"parent":9199,"menu_order":0,"comment_status":"closed","ping_status":"closed","template":"","meta":{"footnotes":""},"class_list":["post-14796","page","type-page","status-publish","has-post-thumbnail","hentry"],"translation":{"provider":"WPGlobus","version":"3.0.2","language":"fr","enabled_languages":["en","ru","pt","zh","es","fr","de","it","ja"],"languages":{"en":{"title":true,"content":true,"excerpt":false},"ru":{"title":true,"content":true,"excerpt":false},"pt":{"title":true,"content":true,"excerpt":false},"zh":{"title":true,"content":true,"excerpt":false},"es":{"title":true,"content":true,"excerpt":false},"fr":{"title":true,"content":true,"excerpt":false},"de":{"title":true,"content":true,"excerpt":false},"it":{"title":true,"content":true,"excerpt":false},"ja":{"title":true,"content":true,"excerpt":false}}},"yoast_head":"<!-- This site is optimized with the Yoast SEO plugin v27.0 - https:\/\/yoast.com\/product\/yoast-seo-wordpress\/ -->\n<title>Cr\u00e9er et utiliser des statistiques d&#039;expression dans Hand2Note<\/title>\n<meta name=\"description\" content=\"Apprenez \u00e0 cr\u00e9er et utiliser des statistiques d&#039;expression dans Hand2Note pour am\u00e9liorer l&#039;analyse de jeu et les d\u00e9cisions strat\u00e9giques au poker.\" \/>\n<meta name=\"robots\" content=\"index, follow, max-snippet:-1, max-image-preview:large, max-video-preview:-1\" \/>\n<link rel=\"canonical\" href=\"https:\/\/hand2noteguide.com\/user-manual\/creating-expression-stats-in-hand2note\/\" \/>\n<meta property=\"og:locale\" content=\"fr_FR\" \/>\n<meta property=\"og:type\" content=\"article\" \/>\n<meta property=\"og:title\" content=\"Cr\u00e9er et utiliser des statistiques d&#039;expression dans Hand2Note\" \/>\n<meta property=\"og:description\" content=\"Apprenez \u00e0 cr\u00e9er et utiliser des statistiques d&#039;expression dans Hand2Note pour am\u00e9liorer l&#039;analyse de jeu et les d\u00e9cisions strat\u00e9giques au poker.\" \/>\n<meta property=\"og:url\" content=\"https:\/\/hand2noteguide.com\/user-manual\/creating-expression-stats-in-hand2note\/\" \/>\n<meta property=\"og:site_name\" content=\"Hand2Note Guide\" \/>\n<meta property=\"article:modified_time\" content=\"2026-03-10T08:43:05+00:00\" \/>\n<meta property=\"og:image\" content=\"https:\/\/hand2noteguide.com\/wp-content\/uploads\/2026\/01\/\u0411\u0435\u0437-\u0438\u043c\u0435\u043d\u0438-1.jpg\" \/>\n\t<meta property=\"og:image:width\" content=\"1000\" \/>\n\t<meta property=\"og:image:height\" content=\"750\" \/>\n\t<meta property=\"og:image:type\" content=\"image\/jpeg\" \/>\n<meta name=\"twitter:card\" content=\"summary_large_image\" \/>\n<meta name=\"twitter:label1\" content=\"Est. reading time\" \/>\n\t<meta name=\"twitter:data1\" content=\"7 minutes\" \/>\n<!-- \/ Yoast SEO plugin. -->","yoast_head_json":{"title":"Cr\u00e9er et utiliser des statistiques d'expression dans Hand2Note","description":"Apprenez \u00e0 cr\u00e9er et utiliser des statistiques d'expression dans Hand2Note pour am\u00e9liorer l'analyse de jeu et les d\u00e9cisions strat\u00e9giques au poker.","robots":{"index":"index","follow":"follow","max-snippet":"max-snippet:-1","max-image-preview":"max-image-preview:large","max-video-preview":"max-video-preview:-1"},"canonical":"https:\/\/hand2noteguide.com\/user-manual\/creating-expression-stats-in-hand2note\/","og_locale":"fr_FR","og_type":"article","og_title":"Cr\u00e9er et utiliser des statistiques d'expression dans Hand2Note","og_description":"Apprenez \u00e0 cr\u00e9er et utiliser des statistiques d'expression dans Hand2Note pour am\u00e9liorer l'analyse de jeu et les d\u00e9cisions strat\u00e9giques au poker.","og_url":"https:\/\/hand2noteguide.com\/user-manual\/creating-expression-stats-in-hand2note\/","og_site_name":"Hand2Note Guide","article_modified_time":"2026-03-10T08:43:05+00:00","og_image":[{"width":1000,"height":750,"url":"https:\/\/hand2noteguide.com\/wp-content\/uploads\/2026\/01\/\u0411\u0435\u0437-\u0438\u043c\u0435\u043d\u0438-1.jpg","type":"image\/jpeg"}],"twitter_card":"summary_large_image","twitter_misc":{"Est. reading time":"7 minutes"},"schema":{"@context":"https:\/\/schema.org","@graph":[]}},"jetpack_sharing_enabled":true,"_links":{"self":[{"href":"https:\/\/hand2noteguide.com\/fr\/wp-json\/wp\/v2\/pages\/14796","targetHints":{"allow":["GET"]}}],"collection":[{"href":"https:\/\/hand2noteguide.com\/fr\/wp-json\/wp\/v2\/pages"}],"about":[{"href":"https:\/\/hand2noteguide.com\/fr\/wp-json\/wp\/v2\/types\/page"}],"author":[{"embeddable":true,"href":"https:\/\/hand2noteguide.com\/fr\/wp-json\/wp\/v2\/users\/3"}],"replies":[{"embeddable":true,"href":"https:\/\/hand2noteguide.com\/fr\/wp-json\/wp\/v2\/comments?post=14796"}],"version-history":[{"count":58,"href":"https:\/\/hand2noteguide.com\/fr\/wp-json\/wp\/v2\/pages\/14796\/revisions"}],"predecessor-version":[{"id":15644,"href":"https:\/\/hand2noteguide.com\/fr\/wp-json\/wp\/v2\/pages\/14796\/revisions\/15644"}],"up":[{"embeddable":true,"href":"https:\/\/hand2noteguide.com\/fr\/wp-json\/wp\/v2\/pages\/9199"}],"wp:featuredmedia":[{"embeddable":true,"href":"https:\/\/hand2noteguide.com\/fr\/wp-json\/wp\/v2\/media\/14799"}],"wp:attachment":[{"href":"https:\/\/hand2noteguide.com\/fr\/wp-json\/wp\/v2\/media?parent=14796"}],"curies":[{"name":"wp","href":"https:\/\/api.w.org\/{rel}","templated":true}]}}