{"id":151,"date":"2018-08-01T10:56:08","date_gmt":"2018-08-01T07:56:08","guid":{"rendered":"https:\/\/h2n312.wordpress.com\/?page_id=151"},"modified":"2025-06-04T19:13:22","modified_gmt":"2025-06-04T16:13:22","slug":"hands-archive","status":"publish","type":"page","link":"https:\/\/hand2noteguide.com\/fr\/guide\/hands-archive\/","title":{"rendered":"O\u00f9 Hand2Note enregistre-t-il les historiques de mains ?"},"content":{"rendered":"\n<p>Par d\u00e9faut, Hand2Note enregistre toutes les mains trait\u00e9es dans le dossier <em>C:\/Hand2Notehh<\/em><em>.<\/em><\/p>\n\n\n\n<figure class=\"wp-block-image\"><img loading=\"lazy\" decoding=\"async\" width=\"869\" height=\"604\" src=\"https:\/\/hand2noteguide.com\/wp-content\/uploads\/2020\/04\/hand-history-path.png\" alt=\"\" class=\"wp-image-2176\" srcset=\"https:\/\/hand2noteguide.com\/wp-content\/uploads\/2020\/04\/hand-history-path.png 869w, https:\/\/hand2noteguide.com\/wp-content\/uploads\/2020\/04\/hand-history-path-300x209.png 300w, https:\/\/hand2noteguide.com\/wp-content\/uploads\/2020\/04\/hand-history-path-768x534.png 768w, https:\/\/hand2noteguide.com\/wp-content\/uploads\/2020\/04\/hand-history-path-772x537.png 772w, https:\/\/hand2noteguide.com\/wp-content\/uploads\/2020\/04\/hand-history-path-624x434.png 624w\" sizes=\"auto, (max-width: 869px) 100vw, 869px\" \/><figcaption>Le dossier contenant les historiques de mains de Hand2Note<\/figcaption><\/figure>\n\n\n\n<p>Si n\u00e9cessaire, vous pouvez importer des mains \u00e0 partir de ce dossier. Par exemple, si vous avez <a href=\"https:\/\/hand2noteguide.com\/fr\/guide\/database\/create-database\/\">cr\u00e9\u00e9 une nouvelle base de donn\u00e9es<\/a> et souhaitez y charger uniquement les mains pertinentes.<\/p>\n","protected":false},"excerpt":{"rendered":"<p>Par d\u00e9faut, Hand2Note enregistre toutes les mains trait\u00e9es dans le dossier C:\/Hand2Notehh. Si n\u00e9cessaire, vous pouvez importer des mains \u00e0 partir de ce dossier. Par exemple, si vous avez cr\u00e9\u00e9 une nouvelle base de donn\u00e9es et souhaitez y charger uniquement les mains pertinentes.<\/p>\n","protected":false},"author":1,"featured_media":0,"parent":74,"menu_order":0,"comment_status":"closed","ping_status":"closed","template":"page-templates\/full-width-page.php","meta":{"footnotes":""},"class_list":["post-151","page","type-page","status-publish","hentry"],"translation":{"provider":"WPGlobus","version":"3.0.2","language":"fr","enabled_languages":["en","ru","pt","zh","es","fr","de","it","ja"],"languages":{"en":{"title":true,"content":true,"excerpt":false},"ru":{"title":true,"content":true,"excerpt":false},"pt":{"title":true,"content":true,"excerpt":false},"zh":{"title":true,"content":true,"excerpt":false},"es":{"title":true,"content":true,"excerpt":false},"fr":{"title":true,"content":true,"excerpt":false},"de":{"title":true,"content":true,"excerpt":false},"it":{"title":true,"content":true,"excerpt":false},"ja":{"title":true,"content":true,"excerpt":false}}},"yoast_head":"<!-- This site is optimized with the Yoast SEO plugin v27.0 - https:\/\/yoast.com\/product\/yoast-seo-wordpress\/ -->\n<title>O\u00f9 Hand2Note stocke-t-il les historiques de mains de poker ?<\/title>\n<meta name=\"description\" content=\"D\u00e9couvrez o\u00f9 Hand2Note stocke par d\u00e9faut vos historiques de mains de poker et apprenez comment les importer dans une nouvelle base de donn\u00e9es pour une meilleure analyse de jeu.\" \/>\n<meta name=\"robots\" content=\"index, follow, max-snippet:-1, max-image-preview:large, max-video-preview:-1\" \/>\n<link rel=\"canonical\" href=\"https:\/\/hand2noteguide.com\/guide\/hands-archive\/\" \/>\n<meta property=\"og:locale\" content=\"fr_FR\" \/>\n<meta property=\"og:type\" content=\"article\" \/>\n<meta property=\"og:title\" content=\"O\u00f9 Hand2Note stocke-t-il les historiques de mains de poker ?\" \/>\n<meta property=\"og:description\" content=\"D\u00e9couvrez o\u00f9 Hand2Note stocke par d\u00e9faut vos historiques de mains de poker et apprenez comment les importer dans une nouvelle base de donn\u00e9es pour une meilleure analyse de jeu.\" \/>\n<meta property=\"og:url\" content=\"https:\/\/hand2noteguide.com\/guide\/hands-archive\/\" \/>\n<meta property=\"og:site_name\" content=\"Hand2Note Guide\" \/>\n<meta property=\"article:modified_time\" content=\"2025-06-04T16:13:22+00:00\" \/>\n<meta property=\"og:image\" content=\"https:\/\/hand2noteguide.com\/wp-content\/uploads\/2020\/04\/hand-history-path.png\" \/>\n<meta name=\"twitter:card\" content=\"summary_large_image\" \/>\n<meta name=\"twitter:label1\" content=\"Est. reading time\" \/>\n\t<meta name=\"twitter:data1\" content=\"2 minutes\" \/>\n<!-- \/ Yoast SEO plugin. -->","yoast_head_json":{"title":"O\u00f9 Hand2Note stocke-t-il les historiques de mains de poker ?","description":"D\u00e9couvrez o\u00f9 Hand2Note stocke par d\u00e9faut vos historiques de mains de poker et apprenez comment les importer dans une nouvelle base de donn\u00e9es pour une meilleure analyse de jeu.","robots":{"index":"index","follow":"follow","max-snippet":"max-snippet:-1","max-image-preview":"max-image-preview:large","max-video-preview":"max-video-preview:-1"},"canonical":"https:\/\/hand2noteguide.com\/guide\/hands-archive\/","og_locale":"fr_FR","og_type":"article","og_title":"O\u00f9 Hand2Note stocke-t-il les historiques de mains de poker ?","og_description":"D\u00e9couvrez o\u00f9 Hand2Note stocke par d\u00e9faut vos historiques de mains de poker et apprenez comment les importer dans une nouvelle base de donn\u00e9es pour une meilleure analyse de jeu.","og_url":"https:\/\/hand2noteguide.com\/guide\/hands-archive\/","og_site_name":"Hand2Note Guide","article_modified_time":"2025-06-04T16:13:22+00:00","og_image":[{"url":"https:\/\/hand2noteguide.com\/wp-content\/uploads\/2020\/04\/hand-history-path.png","type":"","width":"","height":""}],"twitter_card":"summary_large_image","twitter_misc":{"Est. reading time":"2 minutes"},"schema":{"@context":"https:\/\/schema.org","@graph":[]}},"jetpack_sharing_enabled":false,"_links":{"self":[{"href":"https:\/\/hand2noteguide.com\/fr\/wp-json\/wp\/v2\/pages\/151","targetHints":{"allow":["GET"]}}],"collection":[{"href":"https:\/\/hand2noteguide.com\/fr\/wp-json\/wp\/v2\/pages"}],"about":[{"href":"https:\/\/hand2noteguide.com\/fr\/wp-json\/wp\/v2\/types\/page"}],"author":[{"embeddable":true,"href":"https:\/\/hand2noteguide.com\/fr\/wp-json\/wp\/v2\/users\/1"}],"replies":[{"embeddable":true,"href":"https:\/\/hand2noteguide.com\/fr\/wp-json\/wp\/v2\/comments?post=151"}],"version-history":[{"count":22,"href":"https:\/\/hand2noteguide.com\/fr\/wp-json\/wp\/v2\/pages\/151\/revisions"}],"predecessor-version":[{"id":13552,"href":"https:\/\/hand2noteguide.com\/fr\/wp-json\/wp\/v2\/pages\/151\/revisions\/13552"}],"up":[{"embeddable":true,"href":"https:\/\/hand2noteguide.com\/fr\/wp-json\/wp\/v2\/pages\/74"}],"wp:attachment":[{"href":"https:\/\/hand2noteguide.com\/fr\/wp-json\/wp\/v2\/media?parent=151"}],"curies":[{"name":"wp","href":"https:\/\/api.w.org\/{rel}","templated":true}]}}