{"id":1527,"date":"2019-07-09T12:57:20","date_gmt":"2019-07-09T09:57:20","guid":{"rendered":"http:\/\/hand2noteguide.com\/?page_id=1527"},"modified":"2025-06-04T17:42:58","modified_gmt":"2025-06-04T14:42:58","slug":"switch-profile","status":"publish","type":"page","link":"https:\/\/hand2noteguide.com\/fr\/guide\/hud\/switch-profile\/","title":{"rendered":"Comment changer de profil HUD"},"content":{"rendered":"\n<p>Vous pouvez changer de profil HUD pendant le jeu. Cliquez sur l&#8217;ic\u00f4ne &#8220;H&#8221; \u00e0 la table et s\u00e9lectionnez l&#8217;\u00e9l\u00e9ment appropri\u00e9 dans le menu qui appara\u00eet.<\/p>\n\n\n\n<figure class=\"wp-block-image\"><img loading=\"lazy\" decoding=\"async\" width=\"398\" height=\"190\" src=\"https:\/\/hand2noteguide.com\/wp-content\/uploads\/2019\/07\/hand2note-switch-profile-1.png\" alt=\"hand2note switch hud profile\" class=\"wp-image-1543\" srcset=\"https:\/\/hand2noteguide.com\/wp-content\/uploads\/2019\/07\/hand2note-switch-profile-1.png 398w, https:\/\/hand2noteguide.com\/wp-content\/uploads\/2019\/07\/hand2note-switch-profile-1-300x143.png 300w\" sizes=\"auto, (max-width: 398px) 100vw, 398px\" \/><\/figure>\n\n\n\n<p>Cependant, une approche plus fiable et correcte consiste \u00e0 installer les profils n\u00e9cessaires dans les param\u00e8tres de Hand2Note. Pour ce faire, allez dans <em>Configuration<\/em> \u2192 <em>Game Types<\/em> et s\u00e9lectionnez les profils de HUD et de popup souhait\u00e9s pour chaque type. Notez que vous pouvez <a href=\"https:\/\/hand2noteguide.com\/fr\/guide\/hud\/different-huds-in-different-rooms\/\">utiliser diff\u00e9rents HUDs pour diff\u00e9rentes salles<\/a>.<\/p>\n\n\n\n<figure class=\"wp-block-image\"><img loading=\"lazy\" decoding=\"async\" width=\"860\" height=\"766\" src=\"https:\/\/hand2noteguide.com\/wp-content\/uploads\/2019\/07\/hand2note-switch-profile-game-types-1.png\" alt=\"hand2note switch profile game types\" class=\"wp-image-1545\" srcset=\"https:\/\/hand2noteguide.com\/wp-content\/uploads\/2019\/07\/hand2note-switch-profile-game-types-1.png 860w, https:\/\/hand2noteguide.com\/wp-content\/uploads\/2019\/07\/hand2note-switch-profile-game-types-1-300x267.png 300w, https:\/\/hand2noteguide.com\/wp-content\/uploads\/2019\/07\/hand2note-switch-profile-game-types-1-768x684.png 768w, https:\/\/hand2noteguide.com\/wp-content\/uploads\/2019\/07\/hand2note-switch-profile-game-types-1-772x688.png 772w, https:\/\/hand2noteguide.com\/wp-content\/uploads\/2019\/07\/hand2note-switch-profile-game-types-1-624x556.png 624w\" sizes=\"auto, (max-width: 860px) 100vw, 860px\" \/><\/figure>\n\n\n\n<p>Pour que toutes les mains jou\u00e9es pr\u00e9c\u00e9demment soient prises en compte dans le nouveau profil, vous devez <a href=\"https:\/\/hand2noteguide.com\/fr\/guide\/rebuild-stats\/\">reconstruire les statistiques<\/a> apr\u00e8s les modifications apport\u00e9es. Sans reconstruction, le compteur de mains sur les joueurs dans le nouveau HUD commencera \u00e0 z\u00e9ro.<\/p>\n","protected":false},"excerpt":{"rendered":"<p>Vous pouvez changer de profil HUD pendant le jeu. Cliquez sur l&#8217;ic\u00f4ne &#8220;H&#8221; \u00e0 la table et s\u00e9lectionnez l&#8217;\u00e9l\u00e9ment appropri\u00e9 dans le menu qui appara\u00eet. Cependant, une approche plus fiable et correcte consiste \u00e0 installer les profils n\u00e9cessaires dans les param\u00e8tres de Hand2Note. Pour ce faire, allez dans Configuration \u2192 Game Types et s\u00e9lectionnez les &hellip; <a href=\"https:\/\/hand2noteguide.com\/fr\/guide\/hud\/switch-profile\/\" class=\"more-link\">Continue reading <span class=\"screen-reader-text\">Comment changer de profil HUD<\/span><\/a><\/p>\n","protected":false},"author":1,"featured_media":0,"parent":372,"menu_order":0,"comment_status":"closed","ping_status":"closed","template":"page-templates\/full-width-page.php","meta":{"footnotes":""},"class_list":["post-1527","page","type-page","status-publish","hentry"],"translation":{"provider":"WPGlobus","version":"3.0.2","language":"fr","enabled_languages":["en","ru","pt","zh","es","fr","de","it","ja"],"languages":{"en":{"title":true,"content":true,"excerpt":false},"ru":{"title":true,"content":true,"excerpt":false},"pt":{"title":true,"content":true,"excerpt":false},"zh":{"title":true,"content":true,"excerpt":false},"es":{"title":true,"content":true,"excerpt":false},"fr":{"title":true,"content":true,"excerpt":false},"de":{"title":true,"content":true,"excerpt":false},"it":{"title":true,"content":true,"excerpt":false},"ja":{"title":true,"content":true,"excerpt":false}}},"yoast_head":"<!-- This site is optimized with the Yoast SEO plugin v27.0 - https:\/\/yoast.com\/product\/yoast-seo-wordpress\/ -->\n<title>Comment changer de profil HUD dans Hand2Note 3<\/title>\n<meta name=\"description\" content=\"D\u00e9couvrez comment changer votre profil HUD pendant une partie de poker et configurer les profils dans Hand2Note 3 pour une exp\u00e9rience fluide.\" \/>\n<meta name=\"robots\" content=\"index, follow, max-snippet:-1, max-image-preview:large, max-video-preview:-1\" \/>\n<link rel=\"canonical\" href=\"https:\/\/hand2noteguide.com\/guide\/hud\/switch-profile\/\" \/>\n<meta property=\"og:locale\" content=\"fr_FR\" \/>\n<meta property=\"og:type\" content=\"article\" \/>\n<meta property=\"og:title\" content=\"Comment changer de profil HUD dans Hand2Note 3\" \/>\n<meta property=\"og:description\" content=\"D\u00e9couvrez comment changer votre profil HUD pendant une partie de poker et configurer les profils dans Hand2Note 3 pour une exp\u00e9rience fluide.\" \/>\n<meta property=\"og:url\" content=\"https:\/\/hand2noteguide.com\/guide\/hud\/switch-profile\/\" \/>\n<meta property=\"og:site_name\" content=\"Hand2Note Guide\" \/>\n<meta property=\"article:modified_time\" content=\"2025-06-04T14:42:58+00:00\" \/>\n<meta property=\"og:image\" content=\"https:\/\/hand2noteguide.com\/wp-content\/uploads\/2019\/07\/hand2note-switch-profile-1.png\" \/>\n<meta name=\"twitter:card\" content=\"summary_large_image\" \/>\n<meta name=\"twitter:label1\" content=\"Est. reading time\" \/>\n\t<meta name=\"twitter:data1\" content=\"4 minutes\" \/>\n<!-- \/ Yoast SEO plugin. -->","yoast_head_json":{"title":"Comment changer de profil HUD dans Hand2Note 3","description":"D\u00e9couvrez comment changer votre profil HUD pendant une partie de poker et configurer les profils dans Hand2Note 3 pour une exp\u00e9rience fluide.","robots":{"index":"index","follow":"follow","max-snippet":"max-snippet:-1","max-image-preview":"max-image-preview:large","max-video-preview":"max-video-preview:-1"},"canonical":"https:\/\/hand2noteguide.com\/guide\/hud\/switch-profile\/","og_locale":"fr_FR","og_type":"article","og_title":"Comment changer de profil HUD dans Hand2Note 3","og_description":"D\u00e9couvrez comment changer votre profil HUD pendant une partie de poker et configurer les profils dans Hand2Note 3 pour une exp\u00e9rience fluide.","og_url":"https:\/\/hand2noteguide.com\/guide\/hud\/switch-profile\/","og_site_name":"Hand2Note Guide","article_modified_time":"2025-06-04T14:42:58+00:00","og_image":[{"url":"https:\/\/hand2noteguide.com\/wp-content\/uploads\/2019\/07\/hand2note-switch-profile-1.png","type":"","width":"","height":""}],"twitter_card":"summary_large_image","twitter_misc":{"Est. reading time":"4 minutes"},"schema":{"@context":"https:\/\/schema.org","@graph":[]}},"jetpack_sharing_enabled":true,"_links":{"self":[{"href":"https:\/\/hand2noteguide.com\/fr\/wp-json\/wp\/v2\/pages\/1527","targetHints":{"allow":["GET"]}}],"collection":[{"href":"https:\/\/hand2noteguide.com\/fr\/wp-json\/wp\/v2\/pages"}],"about":[{"href":"https:\/\/hand2noteguide.com\/fr\/wp-json\/wp\/v2\/types\/page"}],"author":[{"embeddable":true,"href":"https:\/\/hand2noteguide.com\/fr\/wp-json\/wp\/v2\/users\/1"}],"replies":[{"embeddable":true,"href":"https:\/\/hand2noteguide.com\/fr\/wp-json\/wp\/v2\/comments?post=1527"}],"version-history":[{"count":29,"href":"https:\/\/hand2noteguide.com\/fr\/wp-json\/wp\/v2\/pages\/1527\/revisions"}],"predecessor-version":[{"id":13511,"href":"https:\/\/hand2noteguide.com\/fr\/wp-json\/wp\/v2\/pages\/1527\/revisions\/13511"}],"up":[{"embeddable":true,"href":"https:\/\/hand2noteguide.com\/fr\/wp-json\/wp\/v2\/pages\/372"}],"wp:attachment":[{"href":"https:\/\/hand2noteguide.com\/fr\/wp-json\/wp\/v2\/media?parent=1527"}],"curies":[{"name":"wp","href":"https:\/\/api.w.org\/{rel}","templated":true}]}}