{"id":1556,"date":"2019-07-09T13:50:42","date_gmt":"2019-07-09T10:50:42","guid":{"rendered":"http:\/\/hand2noteguide.com\/?page_id=1556"},"modified":"2025-06-04T17:42:09","modified_gmt":"2025-06-04T14:42:09","slug":"different-huds-in-different-rooms","status":"publish","type":"page","link":"https:\/\/hand2noteguide.com\/fr\/guide\/hud\/different-huds-in-different-rooms\/","title":{"rendered":"Utiliser diff\u00e9rents HUD dans diff\u00e9rentes salles"},"content":{"rendered":"\n<p>Si vous jouez dans plusieurs salles et souhaitez utiliser diff\u00e9rents profils de HUD et de popup dans chacune ou certaines d&#8217;entre elles, Hand2Note vous offre cette possibilit\u00e9. Pour configurer l&#8217;affichage de certains HUD dans des salles sp\u00e9cifiques, suivez les instructions ci-dessous.<\/p>\n\n\n\n<p>Allez dans <em>Configuration<\/em> \u2192 <em>Game Types<\/em>. Tout d&#8217;abord, vous pouvez r\u00e9initialiser les param\u00e8tres aux valeurs par d\u00e9faut pour vous assurer que vous n&#8217;avez pas accidentellement modifi\u00e9 de param\u00e8tres.<\/p>\n\n\n\n<figure class=\"wp-block-image\"><img loading=\"lazy\" decoding=\"async\" width=\"845\" height=\"753\" src=\"https:\/\/hand2noteguide.com\/wp-content\/uploads\/2019\/07\/hand2note-game-types-reset-to-default.png\" alt=\"hand2note game types reset to default\" class=\"wp-image-1589\" srcset=\"https:\/\/hand2noteguide.com\/wp-content\/uploads\/2019\/07\/hand2note-game-types-reset-to-default.png 845w, https:\/\/hand2noteguide.com\/wp-content\/uploads\/2019\/07\/hand2note-game-types-reset-to-default-300x267.png 300w, https:\/\/hand2noteguide.com\/wp-content\/uploads\/2019\/07\/hand2note-game-types-reset-to-default-768x684.png 768w, https:\/\/hand2noteguide.com\/wp-content\/uploads\/2019\/07\/hand2note-game-types-reset-to-default-772x688.png 772w, https:\/\/hand2noteguide.com\/wp-content\/uploads\/2019\/07\/hand2note-game-types-reset-to-default-624x556.png 624w\" sizes=\"auto, (max-width: 845px) 100vw, 845px\" \/><\/figure>\n\n\n\n<p>D\u00e9finissez les profils \u00e0 utiliser par d\u00e9faut dans la plupart des salles. Pour les jeux de cash, les types de jeux standards sont <em>NL CASH 3-10 MAX<\/em> et <em>NL CASH HU<\/em>.<\/p>\n\n\n\n<figure class=\"wp-block-image\"><img loading=\"lazy\" decoding=\"async\" width=\"655\" height=\"365\" src=\"https:\/\/hand2noteguide.com\/wp-content\/uploads\/2019\/07\/hand2note-default-cash-game-types.png\" alt=\"hand2note default cash game types\" class=\"wp-image-1590\" srcset=\"https:\/\/hand2noteguide.com\/wp-content\/uploads\/2019\/07\/hand2note-default-cash-game-types.png 655w, https:\/\/hand2noteguide.com\/wp-content\/uploads\/2019\/07\/hand2note-default-cash-game-types-300x167.png 300w, https:\/\/hand2noteguide.com\/wp-content\/uploads\/2019\/07\/hand2note-default-cash-game-types-624x348.png 624w\" sizes=\"auto, (max-width: 655px) 100vw, 655px\" \/><\/figure>\n\n\n\n<p>Si vous ne souhaitez pas que les statistiques pour le heads-up soient compt\u00e9es s\u00e9par\u00e9ment, supprimez simplement le type <em>NL CASH HU<\/em>, et dans <em>NL CASH 3-10 MAX<\/em>, r\u00e9glez le filtre \u201cPlayers in the hand\u201d sur \u201cde 2 \u00e0 10\u201d.<\/p>\n\n\n\n<figure class=\"wp-block-image\"><img loading=\"lazy\" decoding=\"async\" width=\"659\" height=\"469\" src=\"https:\/\/hand2noteguide.com\/wp-content\/uploads\/2019\/07\/hand2note-cash-2-10-max-game-type.png\" alt=\"hand2note cash 2-10 max game type\" class=\"wp-image-1591\" srcset=\"https:\/\/hand2noteguide.com\/wp-content\/uploads\/2019\/07\/hand2note-cash-2-10-max-game-type.png 659w, https:\/\/hand2noteguide.com\/wp-content\/uploads\/2019\/07\/hand2note-cash-2-10-max-game-type-300x214.png 300w, https:\/\/hand2noteguide.com\/wp-content\/uploads\/2019\/07\/hand2note-cash-2-10-max-game-type-624x444.png 624w\" sizes=\"auto, (max-width: 659px) 100vw, 659px\" \/><\/figure>\n\n\n\n<p>Vous devez maintenant cr\u00e9er des types de jeux s\u00e9par\u00e9s pour les salles dans lesquelles vous souhaitez voir un HUD diff\u00e9rent de celui que vous avez indiqu\u00e9 \u00e0 l&#8217;\u00e9tape pr\u00e9c\u00e9dente. Pour ajouter un nouveau type de jeu, cliquez sur le &#8220;+&#8221; en bas de la liste des types existants. D\u00e9finissez un nom arbitraire et le filtre &#8220;Room&#8221;. Les types cr\u00e9\u00e9s doivent \u00eatre plac\u00e9s en haut de la liste.<\/p>\n\n\n\n<figure class=\"wp-block-image\"><img loading=\"lazy\" decoding=\"async\" width=\"669\" height=\"617\" src=\"https:\/\/hand2noteguide.com\/wp-content\/uploads\/2019\/07\/hand2note-pokerstars-game-type-1.png\" alt=\"hand2note pokerstars game type\" class=\"wp-image-1592\" srcset=\"https:\/\/hand2noteguide.com\/wp-content\/uploads\/2019\/07\/hand2note-pokerstars-game-type-1.png 669w, https:\/\/hand2noteguide.com\/wp-content\/uploads\/2019\/07\/hand2note-pokerstars-game-type-1-300x277.png 300w, https:\/\/hand2noteguide.com\/wp-content\/uploads\/2019\/07\/hand2note-pokerstars-game-type-1-624x575.png 624w\" sizes=\"auto, (max-width: 669px) 100vw, 669px\" \/><\/figure>\n\n\n\n<p>Apr\u00e8s avoir effectu\u00e9 les modifications, il est n\u00e9cessaire de <a href=\"https:\/\/hand2noteguide.com\/fr\/guide\/rebuild-stats\/\">reconstruire les statistiques<\/a> afin que les nouveaux param\u00e8tres de type de jeu soient appliqu\u00e9s \u00e0 l&#8217;ensemble de la <a href=\"https:\/\/hand2noteguide.com\/fr\/guide\/database\/\">base de donn\u00e9es<\/a>.<\/p>\n","protected":false},"excerpt":{"rendered":"<p>Si vous jouez dans plusieurs salles et souhaitez utiliser diff\u00e9rents profils de HUD et de popup dans chacune ou certaines d&#8217;entre elles, Hand2Note vous offre cette possibilit\u00e9. Pour configurer l&#8217;affichage de certains HUD dans des salles sp\u00e9cifiques, suivez les instructions ci-dessous. Allez dans Configuration \u2192 Game Types. Tout d&#8217;abord, vous pouvez r\u00e9initialiser les param\u00e8tres aux &hellip; <a href=\"https:\/\/hand2noteguide.com\/fr\/guide\/hud\/different-huds-in-different-rooms\/\" class=\"more-link\">Continue reading <span class=\"screen-reader-text\">Utiliser diff\u00e9rents HUD dans diff\u00e9rentes salles<\/span><\/a><\/p>\n","protected":false},"author":1,"featured_media":0,"parent":372,"menu_order":0,"comment_status":"closed","ping_status":"closed","template":"page-templates\/full-width-page.php","meta":{"footnotes":""},"class_list":["post-1556","page","type-page","status-publish","hentry"],"translation":{"provider":"WPGlobus","version":"3.0.2","language":"fr","enabled_languages":["en","ru","pt","zh","es","fr","de","it","ja"],"languages":{"en":{"title":true,"content":true,"excerpt":false},"ru":{"title":true,"content":true,"excerpt":false},"pt":{"title":true,"content":true,"excerpt":false},"zh":{"title":true,"content":true,"excerpt":false},"es":{"title":true,"content":true,"excerpt":false},"fr":{"title":true,"content":true,"excerpt":false},"de":{"title":true,"content":true,"excerpt":false},"it":{"title":true,"content":true,"excerpt":false},"ja":{"title":true,"content":true,"excerpt":false}}},"yoast_head":"<!-- This site is optimized with the Yoast SEO plugin v27.0 - https:\/\/yoast.com\/product\/yoast-seo-wordpress\/ -->\n<title>Personnalisation des profils de HUD pour diff\u00e9rentes salles de poker<\/title>\n<meta name=\"description\" content=\"D\u00e9couvrez comment personnaliser les profils de HUD et de popup pour diff\u00e9rentes salles de poker avec Hand2Note. Suivez notre guide \u00e9tape par \u00e9tape pour optimiser votre strat\u00e9gie de poker.\" \/>\n<meta name=\"robots\" content=\"index, follow, max-snippet:-1, max-image-preview:large, max-video-preview:-1\" \/>\n<link rel=\"canonical\" href=\"https:\/\/hand2noteguide.com\/guide\/hud\/different-huds-in-different-rooms\/\" \/>\n<meta property=\"og:locale\" content=\"fr_FR\" \/>\n<meta property=\"og:type\" content=\"article\" \/>\n<meta property=\"og:title\" content=\"Personnalisation des profils de HUD pour diff\u00e9rentes salles de poker\" \/>\n<meta property=\"og:description\" content=\"D\u00e9couvrez comment personnaliser les profils de HUD et de popup pour diff\u00e9rentes salles de poker avec Hand2Note. Suivez notre guide \u00e9tape par \u00e9tape pour optimiser votre strat\u00e9gie de poker.\" \/>\n<meta property=\"og:url\" content=\"https:\/\/hand2noteguide.com\/guide\/hud\/different-huds-in-different-rooms\/\" \/>\n<meta property=\"og:site_name\" content=\"Hand2Note Guide\" \/>\n<meta property=\"article:modified_time\" content=\"2025-06-04T14:42:09+00:00\" \/>\n<meta property=\"og:image\" content=\"https:\/\/hand2noteguide.com\/wp-content\/uploads\/2019\/07\/handnote-game-types-reset-to-default.png\" \/>\n<meta name=\"twitter:card\" content=\"summary_large_image\" \/>\n<meta name=\"twitter:label1\" content=\"Est. reading time\" \/>\n\t<meta name=\"twitter:data1\" content=\"7 minutes\" \/>\n<!-- \/ Yoast SEO plugin. -->","yoast_head_json":{"title":"Personnalisation des profils de HUD pour diff\u00e9rentes salles de poker","description":"D\u00e9couvrez comment personnaliser les profils de HUD et de popup pour diff\u00e9rentes salles de poker avec Hand2Note. Suivez notre guide \u00e9tape par \u00e9tape pour optimiser votre strat\u00e9gie de poker.","robots":{"index":"index","follow":"follow","max-snippet":"max-snippet:-1","max-image-preview":"max-image-preview:large","max-video-preview":"max-video-preview:-1"},"canonical":"https:\/\/hand2noteguide.com\/guide\/hud\/different-huds-in-different-rooms\/","og_locale":"fr_FR","og_type":"article","og_title":"Personnalisation des profils de HUD pour diff\u00e9rentes salles de poker","og_description":"D\u00e9couvrez comment personnaliser les profils de HUD et de popup pour diff\u00e9rentes salles de poker avec Hand2Note. Suivez notre guide \u00e9tape par \u00e9tape pour optimiser votre strat\u00e9gie de poker.","og_url":"https:\/\/hand2noteguide.com\/guide\/hud\/different-huds-in-different-rooms\/","og_site_name":"Hand2Note Guide","article_modified_time":"2025-06-04T14:42:09+00:00","og_image":[{"url":"https:\/\/hand2noteguide.com\/wp-content\/uploads\/2019\/07\/handnote-game-types-reset-to-default.png","type":"","width":"","height":""}],"twitter_card":"summary_large_image","twitter_misc":{"Est. reading time":"7 minutes"},"schema":{"@context":"https:\/\/schema.org","@graph":[]}},"jetpack_sharing_enabled":true,"_links":{"self":[{"href":"https:\/\/hand2noteguide.com\/fr\/wp-json\/wp\/v2\/pages\/1556","targetHints":{"allow":["GET"]}}],"collection":[{"href":"https:\/\/hand2noteguide.com\/fr\/wp-json\/wp\/v2\/pages"}],"about":[{"href":"https:\/\/hand2noteguide.com\/fr\/wp-json\/wp\/v2\/types\/page"}],"author":[{"embeddable":true,"href":"https:\/\/hand2noteguide.com\/fr\/wp-json\/wp\/v2\/users\/1"}],"replies":[{"embeddable":true,"href":"https:\/\/hand2noteguide.com\/fr\/wp-json\/wp\/v2\/comments?post=1556"}],"version-history":[{"count":30,"href":"https:\/\/hand2noteguide.com\/fr\/wp-json\/wp\/v2\/pages\/1556\/revisions"}],"predecessor-version":[{"id":13510,"href":"https:\/\/hand2noteguide.com\/fr\/wp-json\/wp\/v2\/pages\/1556\/revisions\/13510"}],"up":[{"embeddable":true,"href":"https:\/\/hand2noteguide.com\/fr\/wp-json\/wp\/v2\/pages\/372"}],"wp:attachment":[{"href":"https:\/\/hand2noteguide.com\/fr\/wp-json\/wp\/v2\/media?parent=1556"}],"curies":[{"name":"wp","href":"https:\/\/api.w.org\/{rel}","templated":true}]}}