{"id":15713,"date":"2026-03-13T13:27:46","date_gmt":"2026-03-13T10:27:46","guid":{"rendered":"https:\/\/hand2noteguide.com\/?page_id=15713"},"modified":"2026-03-13T13:37:20","modified_gmt":"2026-03-13T10:37:20","slug":"the_use_of_limp_limp-fold_and_limp-raise_stats","status":"publish","type":"page","link":"https:\/\/hand2noteguide.com\/fr\/user-manual\/the_use_of_limp_limp-fold_and_limp-raise_stats\/","title":{"rendered":"Comment analyser les ranges des fish : limp, limp-raise et limp-fold"},"content":{"rendered":"\n<p>Lorsque nous faisons face \u00e0 un joueur r\u00e9cr\u00e9atif \u00e0 la table, penser <em>\u00ab il joue mal, donc je devrais gagner \u00bb<\/em> serait une erreur. Il reste important d\u2019\u00e9valuer son jeu \u00e0 travers le prisme du \u00ab range contre range \u00bb. Cependant, comprendre son range n\u2019est pas toujours simple. La plupart des joueurs r\u00e9cr\u00e9atifs pr\u00e9f\u00e8rent une strat\u00e9gie avec une fr\u00e9quence de limp \u00e9lev\u00e9e et peu de relances, d\u2019autres utilisent de grosses relances pr\u00e9flop avec tr\u00e8s peu de limps, et le plus petit groupe a des fr\u00e9quences de limp et de raise pr\u00e9flop relativement \u00e9quilibr\u00e9es.<\/p>\n\n\n\n<p>Dans cet article, nous allons montrer <strong>comment comprendre les patterns pr\u00e9flop des joueurs r\u00e9cr\u00e9atifs vous aide \u00e0 jouer correctement vos mains contre eux et \u00e0 gagner des pots de mani\u00e8re r\u00e9guli\u00e8re<\/strong>.<\/p>\n\n\n\n<h2 class=\"wp-block-heading\">Jouer contre un fish \u00ab VIP \u00bb<\/h2>\n\n\n\n<p><em>L\u2019analyse de la main a \u00e9t\u00e9 r\u00e9alis\u00e9e avec H2N version 4.1.226 et le <a href=\"https:\/\/www.hudstore.poker\/products\/pbcp-hud\" target=\"_blank\" rel=\"noreferrer noopener\">PBCP HUD<\/a>.<\/em><\/p>\n\n\n\n<p>Comment comprendre la r\u00e9partition du range total d\u2019un joueur r\u00e9cr\u00e9atif entre diff\u00e9rentes lignes afin de construire notre strat\u00e9gie dans la main ?<\/p>\n\n\n\n<p>Pour cela, j\u2019utilise les statistiques limp, limp-fold et limp-raise. Dans mon HUD, elles sont affich\u00e9es en Total, et dans le popup elles sont d\u00e9taill\u00e9es par position.<\/p>\n\n\n\n<p>Regardons un exemple concret. Dans cette main, l\u2019adversaire a des statistiques VPIP 79 % et PFR 4 %. C\u2019est un exemple classique de fish \u00ab VIP \u00bb qui entre dans beaucoup trop de pots mais montre tr\u00e8s rarement de l\u2019agressivit\u00e9 avant le flop. Jouer contre ce type d\u2019adversaire a une esp\u00e9rance tr\u00e8s positive, car ses ranges sont beaucoup trop larges et vuln\u00e9rables.<\/p>\n\n\n\n<figure class=\"wp-block-image size-full\"><img loading=\"lazy\" decoding=\"async\" width=\"221\" height=\"77\" src=\"https:\/\/hand2noteguide.com\/wp-content\/uploads\/2026\/03\/1.png\" alt=\"\" class=\"wp-image-15741\" \/><\/figure>\n\n\n\n<p>Voici la main :<\/p>\n\n\n\n<figure class=\"wp-block-image size-full\"><img loading=\"lazy\" decoding=\"async\" width=\"480\" height=\"689\" src=\"https:\/\/hand2noteguide.com\/wp-content\/uploads\/2026\/03\/2.png\" alt=\"\" class=\"wp-image-15742\" srcset=\"https:\/\/hand2noteguide.com\/wp-content\/uploads\/2026\/03\/2.png 480w, https:\/\/hand2noteguide.com\/wp-content\/uploads\/2026\/03\/2-209x300.png 209w\" sizes=\"auto, (max-width: 480px) 100vw, 480px\" \/><\/figure>\n\n\n\n<p>Je suis en SB avec une paire servie \u2014 2 2. Je fais une relance d\u2019isolation standard mais je fais face \u00e0 un limp-raise. Son range moyen de limp peut \u00eatre estim\u00e9 autour de 70 %, tandis que son limp-raise est d\u2019environ 5\u20136 %, ce qui signifie que le range global dans cette situation d\u00e9passe rarement 3\u20135 %. Avec une telle distribution, son range sera fortement orient\u00e9 vers des mains fortes avec quelques mains al\u00e9atoires m\u00e9lang\u00e9es.<\/p>\n\n\n\n<p>La relance est \u00e0 8bb, et avec 22 je dois ajouter 3,5bb pour payer le min 3-bet, ce que les cotes du pot justifient.<\/p>\n\n\n\n<p>Le flop vient Ax \u2014 mauvais pour moi, car toutes les mains AQ\u2013AK connectent avec ce flop. Sans \u00e9quit\u00e9 suppl\u00e9mentaire, je coucherais simplement 22. Mais j\u2019ai une gutshot. J\u2019ai besoin de 22,5 % d\u2019\u00e9quit\u00e9 pour payer. J\u2019ai 6 outs vivants, donc c\u2019est un call.<\/p>\n\n\n\n<p>La turn apporte +K.<\/p>\n\n\n\n<p>L\u2019adversaire check back, ce qui me donne une opportunit\u00e9 sur la river.<\/p>\n\n\n\n<p>La river est une blank (8x).<\/p>\n\n\n\n<p>Comment \u00e9valuer son range \u00e0 la river ? L\u2019adversaire a des fr\u00e9quences d\u2019agression de 15\/17\/42, je dois donc supposer qu\u2019il poss\u00e8de quelques slowplays comme TP2K, deux paires sup\u00e9rieures ou des sets comme AA ou KK (environ 15\u201317 combos slowplay\u00e9s), que je ne ferai jamais coucher. D\u2019un autre c\u00f4t\u00e9, il y a des mains comme TT\u2013QQ et KJ\u2013KQ qui se sont am\u00e9lior\u00e9es \u00e0 la turn (disons environ 25 combos). Et une petite quantit\u00e9 de mains al\u00e9atoires (5\u20137 combos).<\/p>\n\n\n\n<p>Voici son jeu en position :<\/p>\n\n\n\n<figure class=\"wp-block-image size-full\"><img loading=\"lazy\" decoding=\"async\" width=\"216\" height=\"249\" src=\"https:\/\/hand2noteguide.com\/wp-content\/uploads\/2026\/03\/3.png\" alt=\"\" class=\"wp-image-15744\" \/><\/figure>\n\n\n\n<p>J\u2019ai d\u00e9cid\u00e9 d\u2019essayer de lui faire coucher des mains de type deux paires. Contre ce genre d\u2019adversaire, il faut utiliser un gros sizing \u2014 un pot bet ou m\u00eame un overbet. Le showdown s\u2019est d\u00e9roul\u00e9 ainsi :<\/p>\n\n\n\n<figure class=\"wp-block-image size-full\"><img loading=\"lazy\" decoding=\"async\" width=\"437\" height=\"128\" src=\"https:\/\/hand2noteguide.com\/wp-content\/uploads\/2026\/03\/4.png\" alt=\"\" class=\"wp-image-15746\" srcset=\"https:\/\/hand2noteguide.com\/wp-content\/uploads\/2026\/03\/4.png 437w, https:\/\/hand2noteguide.com\/wp-content\/uploads\/2026\/03\/4-300x88.png 300w\" sizes=\"auto, (max-width: 437px) 100vw, 437px\" \/><\/figure>\n\n\n\n<p>Apr\u00e8s avoir \u00e9valu\u00e9 son range, il semble que j\u2019ai mal estim\u00e9 ma fold equity. Si je comptais faire coucher une certaine cat\u00e9gorie de mains et que je n\u2019y suis pas parvenu, alors le bluff \u00e9tait mauvais. Cependant, le range de l\u2019adversaire lui-m\u00eame avait \u00e9t\u00e9 correctement \u00e9valu\u00e9.<\/p>\n\n\n\n<h2 class=\"wp-block-heading\">Jouer contre un joueur r\u00e9cr\u00e9atif moyen<\/h2>\n\n\n\n<p>Cette main a \u00e9t\u00e9 jou\u00e9e contre un joueur r\u00e9cr\u00e9atif avec des statistiques d\u2019environ 45\/6 et une fr\u00e9quence \u00e9lev\u00e9e de limp-raise. Voici les statistiques de limp de mon adversaire :<\/p>\n\n\n\n<figure class=\"wp-block-image size-full\"><img loading=\"lazy\" decoding=\"async\" width=\"191\" height=\"76\" src=\"https:\/\/hand2noteguide.com\/wp-content\/uploads\/2026\/03\/5.png\" alt=\"\" class=\"wp-image-15753\" \/><\/figure>\n\n\n\n<p>La grande diff\u00e9rence de fr\u00e9quence de limp-raise entre EP\u2013MP et CO\u2013BU saute imm\u00e9diatement aux yeux. Cela n\u00e9cessite des ajustements appropri\u00e9s. Contre les deux premi\u00e8res positions, vous devez avoir un range solide et \u00eatre pr\u00eat \u00e0 jouer contre un range de 3-bet de 14\u201316 %, tandis que contre les positions tardives vous pouvez souvent obtenir un profit automatique en isolant, ce qui permet d\u2019\u00e9largir votre range d\u2019isolation.<\/p>\n\n\n\n<p>Voici la main :<\/p>\n\n\n\n<figure class=\"wp-block-image size-full\"><img loading=\"lazy\" decoding=\"async\" width=\"484\" height=\"685\" src=\"https:\/\/hand2noteguide.com\/wp-content\/uploads\/2026\/03\/6.png\" alt=\"\" class=\"wp-image-15754\" srcset=\"https:\/\/hand2noteguide.com\/wp-content\/uploads\/2026\/03\/6.png 484w, https:\/\/hand2noteguide.com\/wp-content\/uploads\/2026\/03\/6-212x300.png 212w\" sizes=\"auto, (max-width: 484px) 100vw, 484px\" \/><\/figure>\n\n\n\n<p>Pr\u00e9flop, c\u2019est une excellente main pour isoler un tel adversaire. Elle est haute, bloque certaines de ses mains de relance et poss\u00e8de une bonne \u00e9quit\u00e9 lorsqu\u2019elle connecte postflop.<\/p>\n\n\n\n<p>Le flop vient Kx \u2014 j\u2019ai top pair avec un kicker faible. Mais pour construire une strat\u00e9gie dans cette main, nous devons \u00e9valuer son range. Il limp 21 % des mains, dont il relance environ un quart, couche deux tiers et call environ 15\u201320 %, ce qui correspond \u00e0 environ 3,5\u20134 %. Avec cette distribution, le range de call devrait principalement \u00eatre compos\u00e9 de mains de force moyenne.<\/p>\n\n\n\n<p>Je veux souligner encore une fois : sans les statistiques limp, limp-raise et limp-fold, je jouerais tr\u00e8s probablement cette main de mani\u00e8re standard. Mais les statistiques de l\u2019adversaire ne sont pas standards, ce qui signifie que je dois faire des ajustements.<\/p>\n\n\n\n<p>Ma main se situe \u00e0 peu pr\u00e8s \u00e0 la fronti\u00e8re entre deux et trois streets de value.<\/p>\n\n\n\n<p>Voici les informations dont nous disposons sur son jeu dans les situations de limp-call :<\/p>\n\n\n\n<figure class=\"wp-block-image size-full\"><img loading=\"lazy\" decoding=\"async\" width=\"257\" height=\"490\" src=\"https:\/\/hand2noteguide.com\/wp-content\/uploads\/2026\/03\/7.png\" alt=\"\" class=\"wp-image-15755\" srcset=\"https:\/\/hand2noteguide.com\/wp-content\/uploads\/2026\/03\/7.png 257w, https:\/\/hand2noteguide.com\/wp-content\/uploads\/2026\/03\/7-157x300.png 157w\" sizes=\"auto, (max-width: 257px) 100vw, 257px\" \/><\/figure>\n\n\n\n<p>Sachant que cet adversaire aime souvent miser et relancer postflop lorsqu\u2019il est en position, j\u2019ai construit ma strat\u00e9gie autour d\u2019un petit bet au flop pour \u00e9largir son range de call, suivi d\u2019un check prot\u00e9g\u00e9 pour lui donner l\u2019opportunit\u00e9 de bluffer.<\/p>\n\n\n\n<p>Je me suis appuy\u00e9 sur le popup suivant :<\/p>\n\n\n\n<figure class=\"wp-block-image size-full\"><img loading=\"lazy\" decoding=\"async\" width=\"221\" height=\"241\" src=\"https:\/\/hand2noteguide.com\/wp-content\/uploads\/2026\/03\/8.png\" alt=\"\" class=\"wp-image-15756\" \/><\/figure>\n\n\n\n<p>Malheureusement, l\u2019adversaire n\u2019a pas mis\u00e9 ni \u00e0 la turn ni \u00e0 la river et a montr\u00e9 ceci au showdown :<\/p>\n\n\n\n<figure class=\"wp-block-image size-full\"><img loading=\"lazy\" decoding=\"async\" width=\"416\" height=\"125\" src=\"https:\/\/hand2noteguide.com\/wp-content\/uploads\/2026\/03\/9.png\" alt=\"\" class=\"wp-image-15757\" srcset=\"https:\/\/hand2noteguide.com\/wp-content\/uploads\/2026\/03\/9.png 416w, https:\/\/hand2noteguide.com\/wp-content\/uploads\/2026\/03\/9-300x90.png 300w\" sizes=\"auto, (max-width: 416px) 100vw, 416px\" \/><\/figure>\n\n\n\n<p>Il a fait deuxi\u00e8me paire \u00e0 la turn et a raisonnablement d\u00e9cid\u00e9 de ne pas transformer sa showdown value en bluff. Cependant, je voudrais souligner qu\u2019il a overcall au flop \u2014 sa main devrait en r\u00e9alit\u00e9 se coucher dans cette situation. Cela sugg\u00e8re que son plan \u00e9tait de me faire sortir du pot gr\u00e2ce \u00e0 des actions agressives.<\/p>\n\n\n\n<h2 class=\"wp-block-heading\">Conclusion<\/h2>\n\n\n\n<p>Comprendre les ranges des adversaires est probablement ce qui distingue le plus un joueur professionnel d\u2019un joueur r\u00e9cr\u00e9atif. Et comme nous venons de le voir dans les deux exemples ci-dessus, cette compr\u00e9hension est tout simplement impossible sans des statistiques de qualit\u00e9.<\/p>\n\n\n\n<p>Donc la prochaine fois que vous vous asseyez \u00e0 la table et que vous voyez un \u00ab fish \u00bb en face de vous, ne pensez pas : \u00ab Je vais l\u2019\u00e9craser parce qu\u2019il joue mal \u00bb. Pensez plut\u00f4t : \u00ab Que sais\u2011je de son limp-raise ? \u00c0 quelle fr\u00e9quence slowplay\u2011t\u2011il ? Avec quelles mains call\u2011t\u2011il au flop ? \u00bb Ouvrez votre popup \u2014 celui que nous avons appris \u00e0 cr\u00e9er \u2014 et regardez. Dans ces chiffres secs, toute l\u2019histoire de la main que vous allez jouer est d\u00e9j\u00e0 \u00e9crite. Il ne reste plus qu\u2019\u00e0 ne pas confondre les deux avec des as \u00e0 la river et \u00e0 appuyer sur check au bon moment.<\/p>\n\n\n\n<p>Aujourd\u2019hui, nous avons vu comment les statistiques \u00ab limp \u00bb, \u00ab limp-raise \u00bb et \u00ab limp-fold \u00bb nous aident \u00e0 construire une image du range d\u2019un adversaire. Et souvenez\u2011vous : elles doivent \u00eatre analys\u00e9es ensemble, et ce n\u2019est qu\u2019ensuite que vous devez construire votre strat\u00e9gie de jeu en fonction du range pr\u00e9cis que vous lui attribuez.<\/p>\n","protected":false},"excerpt":{"rendered":"<p>Lorsque nous faisons face \u00e0 un joueur r\u00e9cr\u00e9atif \u00e0 la table, penser \u00ab il joue mal, donc je devrais gagner \u00bb serait une erreur. Il reste important d\u2019\u00e9valuer son jeu \u00e0 travers le prisme du \u00ab range contre range \u00bb. Cependant, comprendre son range n\u2019est pas toujours simple. La plupart des joueurs r\u00e9cr\u00e9atifs pr\u00e9f\u00e8rent une &hellip; <a href=\"https:\/\/hand2noteguide.com\/fr\/user-manual\/the_use_of_limp_limp-fold_and_limp-raise_stats\/\" class=\"more-link\">Continue reading <span class=\"screen-reader-text\">Comment analyser les ranges des fish : limp, limp-raise et limp-fold<\/span><\/a><\/p>\n","protected":false},"author":18,"featured_media":15716,"parent":9199,"menu_order":0,"comment_status":"closed","ping_status":"closed","template":"","meta":{"footnotes":""},"class_list":["post-15713","page","type-page","status-publish","has-post-thumbnail","hentry"],"translation":{"provider":"WPGlobus","version":"3.0.2","language":"fr","enabled_languages":["en","ru","pt","zh","es","fr","de","it","ja"],"languages":{"en":{"title":true,"content":true,"excerpt":false},"ru":{"title":true,"content":true,"excerpt":false},"pt":{"title":true,"content":true,"excerpt":false},"zh":{"title":true,"content":true,"excerpt":false},"es":{"title":true,"content":true,"excerpt":false},"fr":{"title":true,"content":true,"excerpt":false},"de":{"title":true,"content":true,"excerpt":false},"it":{"title":true,"content":true,"excerpt":false},"ja":{"title":true,"content":true,"excerpt":false}}},"yoast_head":"<!-- This site is optimized with the Yoast SEO plugin v27.0 - https:\/\/yoast.com\/product\/yoast-seo-wordpress\/ -->\n<title>Analyser les fish avec les stats limp et limp-raise<\/title>\n<meta name=\"description\" content=\"Apprenez comment les stats limp, limp-raise et limp-fold aident \u00e0 estimer les ranges des fish, ajuster les isolations et jouer postflop.\" \/>\n<meta name=\"robots\" content=\"index, follow, max-snippet:-1, max-image-preview:large, max-video-preview:-1\" \/>\n<link rel=\"canonical\" href=\"https:\/\/hand2noteguide.com\/user-manual\/the_use_of_limp_limp-fold_and_limp-raise_stats\/\" \/>\n<meta property=\"og:locale\" content=\"fr_FR\" \/>\n<meta property=\"og:type\" content=\"article\" \/>\n<meta property=\"og:title\" content=\"Analyser les fish avec les stats limp et limp-raise\" \/>\n<meta property=\"og:description\" content=\"Apprenez comment les stats limp, limp-raise et limp-fold aident \u00e0 estimer les ranges des fish, ajuster les isolations et jouer postflop.\" \/>\n<meta property=\"og:url\" content=\"https:\/\/hand2noteguide.com\/user-manual\/the_use_of_limp_limp-fold_and_limp-raise_stats\/\" \/>\n<meta property=\"og:site_name\" content=\"Hand2Note Guide\" \/>\n<meta property=\"article:modified_time\" content=\"2026-03-13T10:37:20+00:00\" \/>\n<meta property=\"og:image\" content=\"https:\/\/hand2noteguide.com\/wp-content\/uploads\/2026\/03\/\u0413\u043b\u0430\u0432\u043d\u0430\u044f-\u0432\u0441-\u043b\u0438\u043c\u043f-1024x540.png\" \/>\n\t<meta property=\"og:image:width\" content=\"1024\" \/>\n\t<meta property=\"og:image:height\" content=\"540\" \/>\n\t<meta property=\"og:image:type\" content=\"image\/png\" \/>\n<meta name=\"twitter:card\" content=\"summary_large_image\" \/>\n<meta name=\"twitter:label1\" content=\"Est. reading time\" \/>\n\t<meta name=\"twitter:data1\" content=\"7 minutes\" \/>\n<!-- \/ Yoast SEO plugin. -->","yoast_head_json":{"title":"Analyser les fish avec les stats limp et limp-raise","description":"Apprenez comment les stats limp, limp-raise et limp-fold aident \u00e0 estimer les ranges des fish, ajuster les isolations et jouer postflop.","robots":{"index":"index","follow":"follow","max-snippet":"max-snippet:-1","max-image-preview":"max-image-preview:large","max-video-preview":"max-video-preview:-1"},"canonical":"https:\/\/hand2noteguide.com\/user-manual\/the_use_of_limp_limp-fold_and_limp-raise_stats\/","og_locale":"fr_FR","og_type":"article","og_title":"Analyser les fish avec les stats limp et limp-raise","og_description":"Apprenez comment les stats limp, limp-raise et limp-fold aident \u00e0 estimer les ranges des fish, ajuster les isolations et jouer postflop.","og_url":"https:\/\/hand2noteguide.com\/user-manual\/the_use_of_limp_limp-fold_and_limp-raise_stats\/","og_site_name":"Hand2Note Guide","article_modified_time":"2026-03-13T10:37:20+00:00","og_image":[{"width":1024,"height":540,"url":"https:\/\/hand2noteguide.com\/wp-content\/uploads\/2026\/03\/\u0413\u043b\u0430\u0432\u043d\u0430\u044f-\u0432\u0441-\u043b\u0438\u043c\u043f-1024x540.png","type":"image\/png"}],"twitter_card":"summary_large_image","twitter_misc":{"Est. reading time":"7 minutes"},"schema":{"@context":"https:\/\/schema.org","@graph":[]}},"jetpack_sharing_enabled":true,"_links":{"self":[{"href":"https:\/\/hand2noteguide.com\/fr\/wp-json\/wp\/v2\/pages\/15713","targetHints":{"allow":["GET"]}}],"collection":[{"href":"https:\/\/hand2noteguide.com\/fr\/wp-json\/wp\/v2\/pages"}],"about":[{"href":"https:\/\/hand2noteguide.com\/fr\/wp-json\/wp\/v2\/types\/page"}],"author":[{"embeddable":true,"href":"https:\/\/hand2noteguide.com\/fr\/wp-json\/wp\/v2\/users\/18"}],"replies":[{"embeddable":true,"href":"https:\/\/hand2noteguide.com\/fr\/wp-json\/wp\/v2\/comments?post=15713"}],"version-history":[{"count":19,"href":"https:\/\/hand2noteguide.com\/fr\/wp-json\/wp\/v2\/pages\/15713\/revisions"}],"predecessor-version":[{"id":15907,"href":"https:\/\/hand2noteguide.com\/fr\/wp-json\/wp\/v2\/pages\/15713\/revisions\/15907"}],"up":[{"embeddable":true,"href":"https:\/\/hand2noteguide.com\/fr\/wp-json\/wp\/v2\/pages\/9199"}],"wp:featuredmedia":[{"embeddable":true,"href":"https:\/\/hand2noteguide.com\/fr\/wp-json\/wp\/v2\/media\/15716"}],"wp:attachment":[{"href":"https:\/\/hand2noteguide.com\/fr\/wp-json\/wp\/v2\/media?parent=15713"}],"curies":[{"name":"wp","href":"https:\/\/api.w.org\/{rel}","templated":true}]}}