{"id":15922,"date":"2026-03-28T13:03:50","date_gmt":"2026-03-28T10:03:50","guid":{"rendered":"https:\/\/hand2noteguide.com\/?page_id=15922"},"modified":"2026-03-28T13:12:22","modified_gmt":"2026-03-28T10:12:22","slug":"hand2note_popup_editor_creating_a_professional_popup","status":"publish","type":"page","link":"https:\/\/hand2noteguide.com\/fr\/user-manual\/hand2note_popup_editor_creating_a_professional_popup\/","title":{"rendered":"Hand2Note Popup Editor : cr\u00e9er un popup professionnel"},"content":{"rendered":"\n<p>La derni\u00e8re fois, nous avons termin\u00e9 l\u2019\u00e9tape de prise en main : nous avons appris \u00e0 naviguer dans l\u2019interface du popup editor et cr\u00e9\u00e9 un popup simple.<\/p>\n\n\n\n<p>Aujourd\u2019hui, l\u2019objectif est plus ambitieux \u2014 cr\u00e9er un outil complexe \u00e0 plusieurs niveaux. Nous allons voir comment ajouter des onglets \u00e0 un popup, int\u00e9grer des histogrammes de force de main postflop, utiliser des diagrammes de ranges pr\u00e9flop et configurer des statistiques d\u00e9taill\u00e9es pour une analyse plus approfondie du jeu.<\/p>\n\n\n\n<h2 class=\"wp-block-heading\">\u00c0 quoi ressemblera le popup final ?<\/h2>\n\n\n\n<p>Pr\u00e9c\u00e9demment, en travaillant avec le popup editor, nous avons cr\u00e9\u00e9 un popup qui ressemble \u00e0 ceci :<\/p>\n\n\n\n<figure class=\"wp-block-image size-large\"><img loading=\"lazy\" decoding=\"async\" width=\"1024\" height=\"540\" src=\"https:\/\/hand2noteguide.com\/wp-content\/uploads\/2026\/03\/\u041f\u0440\u0438\u043c\u0435\u0440-\u043f\u043e\u043f\u0430\u043f\u0430-1024x540.jpg\" alt=\"\" class=\"wp-image-15441\" srcset=\"https:\/\/hand2noteguide.com\/wp-content\/uploads\/2026\/03\/\u041f\u0440\u0438\u043c\u0435\u0440-\u043f\u043e\u043f\u0430\u043f\u0430-1024x540.jpg 1024w, https:\/\/hand2noteguide.com\/wp-content\/uploads\/2026\/03\/\u041f\u0440\u0438\u043c\u0435\u0440-\u043f\u043e\u043f\u0430\u043f\u0430-300x158.jpg 300w, https:\/\/hand2noteguide.com\/wp-content\/uploads\/2026\/03\/\u041f\u0440\u0438\u043c\u0435\u0440-\u043f\u043e\u043f\u0430\u043f\u0430-768x405.jpg 768w, https:\/\/hand2noteguide.com\/wp-content\/uploads\/2026\/03\/\u041f\u0440\u0438\u043c\u0435\u0440-\u043f\u043e\u043f\u0430\u043f\u0430-1536x811.jpg 1536w, https:\/\/hand2noteguide.com\/wp-content\/uploads\/2026\/03\/\u041f\u0440\u0438\u043c\u0435\u0440-\u043f\u043e\u043f\u0430\u043f\u0430-2048x1081.jpg 2048w, https:\/\/hand2noteguide.com\/wp-content\/uploads\/2026\/03\/\u041f\u0440\u0438\u043c\u0435\u0440-\u043f\u043e\u043f\u0430\u043f\u0430-772x407.jpg 772w\" sizes=\"auto, (max-width: 1024px) 100vw, 1024px\" \/><\/figure>\n\n\n\n<p>Il est maintenant temps de l\u2019am\u00e9liorer : ajouter des onglets imbriqu\u00e9s, des affichages graphiques de ranges et d\u2019autres \u00e9l\u00e9ments qui transforment des statistiques basiques en un outil d\u2019analyse complet :<\/p>\n\n\n\n<figure class=\"wp-block-image size-large\"><img loading=\"lazy\" decoding=\"async\" width=\"1024\" height=\"540\" src=\"https:\/\/hand2noteguide.com\/wp-content\/uploads\/2026\/03\/\u0421\u043b\u043e\u0436\u043d\u044b\u0439-\u043f\u043e\u043f\u0430\u043f-\u043f\u0440\u0435\u0432\u044c\u044e-1024x540.jpg\" alt=\"\" class=\"wp-image-15935\" srcset=\"https:\/\/hand2noteguide.com\/wp-content\/uploads\/2026\/03\/\u0421\u043b\u043e\u0436\u043d\u044b\u0439-\u043f\u043e\u043f\u0430\u043f-\u043f\u0440\u0435\u0432\u044c\u044e-1024x540.jpg 1024w, https:\/\/hand2noteguide.com\/wp-content\/uploads\/2026\/03\/\u0421\u043b\u043e\u0436\u043d\u044b\u0439-\u043f\u043e\u043f\u0430\u043f-\u043f\u0440\u0435\u0432\u044c\u044e-300x158.jpg 300w, https:\/\/hand2noteguide.com\/wp-content\/uploads\/2026\/03\/\u0421\u043b\u043e\u0436\u043d\u044b\u0439-\u043f\u043e\u043f\u0430\u043f-\u043f\u0440\u0435\u0432\u044c\u044e-768x405.jpg 768w, https:\/\/hand2noteguide.com\/wp-content\/uploads\/2026\/03\/\u0421\u043b\u043e\u0436\u043d\u044b\u0439-\u043f\u043e\u043f\u0430\u043f-\u043f\u0440\u0435\u0432\u044c\u044e-1536x811.jpg 1536w, https:\/\/hand2noteguide.com\/wp-content\/uploads\/2026\/03\/\u0421\u043b\u043e\u0436\u043d\u044b\u0439-\u043f\u043e\u043f\u0430\u043f-\u043f\u0440\u0435\u0432\u044c\u044e-2048x1081.jpg 2048w, https:\/\/hand2noteguide.com\/wp-content\/uploads\/2026\/03\/\u0421\u043b\u043e\u0436\u043d\u044b\u0439-\u043f\u043e\u043f\u0430\u043f-\u043f\u0440\u0435\u0432\u044c\u044e-772x407.jpg 772w\" sizes=\"auto, (max-width: 1024px) 100vw, 1024px\" \/><\/figure>\n\n\n\n<h2 class=\"wp-block-heading\">Cr\u00e9er un nouvel onglet de popup<\/h2>\n\n\n\n<p>En utilisant les m\u00e9thodes d\u00e9crites dans l\u2019article &#8220;<a href=\"https:\/\/hand2noteguide.com\/fr\/user-manual\/popup_editor_navigation_and_creating_a_simple_popup_in_hand2note\/\" id=\"https:\/\/hand2noteguide.com\/user-manual\/popup_editor_navigation_and_creating_a_simple_popup_in_hand2note\/\">Hand2Note Popup Editor : cr\u00e9er un popup simple<\/a>&#8220;, cr\u00e9ez un nouvel onglet dans le popup, appliquez-lui un panneau de popup et remplissez-le avec les statistiques et labels n\u00e9cessaires. Il convient de noter que pour cet exemple, nous avons <a href=\"https:\/\/hand2noteguide.com\/fr\/user-manual\/creating-a-simple-stat-continued-bet-on-the-river-in-a-3bet-pot-position\/\" id=\"https:\/\/hand2noteguide.com\/user-manual\/creating-a-simple-stat-continued-bet-on-the-river-in-a-3bet-pot-position\/\">cr\u00e9\u00e9 les statistiques requises<\/a> \u00e0 l\u2019avance. Exemple de l\u2019onglet nouvellement cr\u00e9\u00e9 \u00ab RFI+ \u00bb :<\/p>\n\n\n\n<figure class=\"wp-block-image size-large\"><img loading=\"lazy\" decoding=\"async\" width=\"1024\" height=\"540\" src=\"https:\/\/hand2noteguide.com\/wp-content\/uploads\/2026\/03\/\u0421\u043b\u043e\u0436\u043d\u044b\u0439-\u043f\u043e\u043f\u0430\u043f-1-1024x540.jpg\" alt=\"\" class=\"wp-image-15965\" srcset=\"https:\/\/hand2noteguide.com\/wp-content\/uploads\/2026\/03\/\u0421\u043b\u043e\u0436\u043d\u044b\u0439-\u043f\u043e\u043f\u0430\u043f-1-1024x540.jpg 1024w, https:\/\/hand2noteguide.com\/wp-content\/uploads\/2026\/03\/\u0421\u043b\u043e\u0436\u043d\u044b\u0439-\u043f\u043e\u043f\u0430\u043f-1-300x158.jpg 300w, https:\/\/hand2noteguide.com\/wp-content\/uploads\/2026\/03\/\u0421\u043b\u043e\u0436\u043d\u044b\u0439-\u043f\u043e\u043f\u0430\u043f-1-768x405.jpg 768w, https:\/\/hand2noteguide.com\/wp-content\/uploads\/2026\/03\/\u0421\u043b\u043e\u0436\u043d\u044b\u0439-\u043f\u043e\u043f\u0430\u043f-1-1536x811.jpg 1536w, https:\/\/hand2noteguide.com\/wp-content\/uploads\/2026\/03\/\u0421\u043b\u043e\u0436\u043d\u044b\u0439-\u043f\u043e\u043f\u0430\u043f-1-2048x1081.jpg 2048w, https:\/\/hand2noteguide.com\/wp-content\/uploads\/2026\/03\/\u0421\u043b\u043e\u0436\u043d\u044b\u0439-\u043f\u043e\u043f\u0430\u043f-1-772x407.jpg 772w\" sizes=\"auto, (max-width: 1024px) 100vw, 1024px\" \/><\/figure>\n\n\n\n<h3 class=\"wp-block-heading\">Ajouter des histogrammes postflop<\/h3>\n\n\n\n<p>Commen\u00e7ons par ajouter des histogrammes postflop \u00e0 c\u00f4t\u00e9 des statistiques qui refl\u00e8tent la fr\u00e9quence de continuation bet d\u2019un joueur.<\/p>\n\n\n\n<figure class=\"wp-block-image size-large\"><img loading=\"lazy\" decoding=\"async\" width=\"1024\" height=\"540\" src=\"https:\/\/hand2noteguide.com\/wp-content\/uploads\/2026\/03\/\u0421\u043b\u043e\u0436\u043d\u044b\u0439-\u043f\u043e\u043f\u0430\u043f-2-1024x540.jpg\" alt=\"\" class=\"wp-image-15967\" srcset=\"https:\/\/hand2noteguide.com\/wp-content\/uploads\/2026\/03\/\u0421\u043b\u043e\u0436\u043d\u044b\u0439-\u043f\u043e\u043f\u0430\u043f-2-1024x540.jpg 1024w, https:\/\/hand2noteguide.com\/wp-content\/uploads\/2026\/03\/\u0421\u043b\u043e\u0436\u043d\u044b\u0439-\u043f\u043e\u043f\u0430\u043f-2-300x158.jpg 300w, https:\/\/hand2noteguide.com\/wp-content\/uploads\/2026\/03\/\u0421\u043b\u043e\u0436\u043d\u044b\u0439-\u043f\u043e\u043f\u0430\u043f-2-768x405.jpg 768w, https:\/\/hand2noteguide.com\/wp-content\/uploads\/2026\/03\/\u0421\u043b\u043e\u0436\u043d\u044b\u0439-\u043f\u043e\u043f\u0430\u043f-2-1536x811.jpg 1536w, https:\/\/hand2noteguide.com\/wp-content\/uploads\/2026\/03\/\u0421\u043b\u043e\u0436\u043d\u044b\u0439-\u043f\u043e\u043f\u0430\u043f-2-2048x1081.jpg 2048w, https:\/\/hand2noteguide.com\/wp-content\/uploads\/2026\/03\/\u0421\u043b\u043e\u0436\u043d\u044b\u0439-\u043f\u043e\u043f\u0430\u043f-2-772x407.jpg 772w\" sizes=\"auto, (max-width: 1024px) 100vw, 1024px\" \/><\/figure>\n\n\n\n<p>Pour ajouter un histogramme, faites un clic droit sur la cellule souhait\u00e9e. Ensuite, dans le menu qui appara\u00eet, survolez \u00ab Insert \u00bb et s\u00e9lectionnez \u00ab Postflop histogram \u00bb dans la liste d\u00e9roulante.<\/p>\n\n\n\n<figure class=\"wp-block-image size-large\"><img loading=\"lazy\" decoding=\"async\" width=\"1024\" height=\"540\" src=\"https:\/\/hand2noteguide.com\/wp-content\/uploads\/2026\/03\/\u0421\u043b\u043e\u0436\u043d\u044b\u0439-\u043f\u043e\u043f\u0430\u043f-4-1024x540.jpg\" alt=\"\" class=\"wp-image-15971\" srcset=\"https:\/\/hand2noteguide.com\/wp-content\/uploads\/2026\/03\/\u0421\u043b\u043e\u0436\u043d\u044b\u0439-\u043f\u043e\u043f\u0430\u043f-4-1024x540.jpg 1024w, https:\/\/hand2noteguide.com\/wp-content\/uploads\/2026\/03\/\u0421\u043b\u043e\u0436\u043d\u044b\u0439-\u043f\u043e\u043f\u0430\u043f-4-300x158.jpg 300w, https:\/\/hand2noteguide.com\/wp-content\/uploads\/2026\/03\/\u0421\u043b\u043e\u0436\u043d\u044b\u0439-\u043f\u043e\u043f\u0430\u043f-4-768x405.jpg 768w, https:\/\/hand2noteguide.com\/wp-content\/uploads\/2026\/03\/\u0421\u043b\u043e\u0436\u043d\u044b\u0439-\u043f\u043e\u043f\u0430\u043f-4-1536x811.jpg 1536w, https:\/\/hand2noteguide.com\/wp-content\/uploads\/2026\/03\/\u0421\u043b\u043e\u0436\u043d\u044b\u0439-\u043f\u043e\u043f\u0430\u043f-4-2048x1081.jpg 2048w, https:\/\/hand2noteguide.com\/wp-content\/uploads\/2026\/03\/\u0421\u043b\u043e\u0436\u043d\u044b\u0439-\u043f\u043e\u043f\u0430\u043f-4-772x407.jpg 772w\" sizes=\"auto, (max-width: 1024px) 100vw, 1024px\" \/><\/figure>\n\n\n\n<p>Pour \u00e9tendre l\u2019histogramme postflop sur le nombre de cellules requis, s\u00e9lectionnez-les, faites un clic droit et choisissez \u00ab Merge \u00bb. R\u00e8gle importante : lors de la fusion, la cellule contenant l\u2019histogramme doit toujours se trouver dans le coin sup\u00e9rieur gauche de la zone s\u00e9lectionn\u00e9e.<\/p>\n\n\n\n<p>Vous devez maintenant attribuer la statistique que chaque histogramme affichera.<\/p>\n\n\n\n<figure class=\"wp-block-image size-large\"><img loading=\"lazy\" decoding=\"async\" width=\"1024\" height=\"540\" src=\"https:\/\/hand2noteguide.com\/wp-content\/uploads\/2026\/03\/\u0421\u043b\u043e\u0436\u043d\u044b\u0439-\u043f\u043e\u043f\u0430\u043f-5-1024x540.jpg\" alt=\"\" class=\"wp-image-15973\" srcset=\"https:\/\/hand2noteguide.com\/wp-content\/uploads\/2026\/03\/\u0421\u043b\u043e\u0436\u043d\u044b\u0439-\u043f\u043e\u043f\u0430\u043f-5-1024x540.jpg 1024w, https:\/\/hand2noteguide.com\/wp-content\/uploads\/2026\/03\/\u0421\u043b\u043e\u0436\u043d\u044b\u0439-\u043f\u043e\u043f\u0430\u043f-5-300x158.jpg 300w, https:\/\/hand2noteguide.com\/wp-content\/uploads\/2026\/03\/\u0421\u043b\u043e\u0436\u043d\u044b\u0439-\u043f\u043e\u043f\u0430\u043f-5-768x405.jpg 768w, https:\/\/hand2noteguide.com\/wp-content\/uploads\/2026\/03\/\u0421\u043b\u043e\u0436\u043d\u044b\u0439-\u043f\u043e\u043f\u0430\u043f-5-1536x811.jpg 1536w, https:\/\/hand2noteguide.com\/wp-content\/uploads\/2026\/03\/\u0421\u043b\u043e\u0436\u043d\u044b\u0439-\u043f\u043e\u043f\u0430\u043f-5-2048x1081.jpg 2048w, https:\/\/hand2noteguide.com\/wp-content\/uploads\/2026\/03\/\u0421\u043b\u043e\u0436\u043d\u044b\u0439-\u043f\u043e\u043f\u0430\u043f-5-772x407.jpg 772w\" sizes=\"auto, (max-width: 1024px) 100vw, 1024px\" \/><\/figure>\n\n\n\n<p>Pour ajouter une statistique \u00e0 un histogramme, ouvrez le menu de navigation \u00ab Stats \u00bb sur le c\u00f4t\u00e9 gauche de la fen\u00eatre, trouvez la statistique souhait\u00e9e et faites-la glisser directement sur l\u2019histogramme.<\/p>\n\n\n\n<h3 class=\"wp-block-heading\">Cr\u00e9er des onglets internes et ajouter des diagrammes pr\u00e9flop<\/h3>\n\n\n\n<p>Voyons maintenant comment ajouter des onglets internes et y placer des diagrammes de ranges pr\u00e9flop pour les statistiques souhait\u00e9es.<\/p>\n\n\n\n<p>Faites un clic droit sur une zone vide dans l\u2019espace de travail du popup et s\u00e9lectionnez \u00ab Inner Tabs \u00bb \u2014 cela ajoutera un panneau vide avec des onglets internes.<\/p>\n\n\n\n<figure class=\"wp-block-image size-large\"><img loading=\"lazy\" decoding=\"async\" width=\"1024\" height=\"540\" src=\"https:\/\/hand2noteguide.com\/wp-content\/uploads\/2026\/03\/\u0421\u043b\u043e\u0436\u043d\u044b\u0439-\u043f\u043e\u043f\u0430\u043f-6-1024x540.jpg\" alt=\"\" class=\"wp-image-15980\" srcset=\"https:\/\/hand2noteguide.com\/wp-content\/uploads\/2026\/03\/\u0421\u043b\u043e\u0436\u043d\u044b\u0439-\u043f\u043e\u043f\u0430\u043f-6-1024x540.jpg 1024w, https:\/\/hand2noteguide.com\/wp-content\/uploads\/2026\/03\/\u0421\u043b\u043e\u0436\u043d\u044b\u0439-\u043f\u043e\u043f\u0430\u043f-6-300x158.jpg 300w, https:\/\/hand2noteguide.com\/wp-content\/uploads\/2026\/03\/\u0421\u043b\u043e\u0436\u043d\u044b\u0439-\u043f\u043e\u043f\u0430\u043f-6-768x405.jpg 768w, https:\/\/hand2noteguide.com\/wp-content\/uploads\/2026\/03\/\u0421\u043b\u043e\u0436\u043d\u044b\u0439-\u043f\u043e\u043f\u0430\u043f-6-1536x811.jpg 1536w, https:\/\/hand2noteguide.com\/wp-content\/uploads\/2026\/03\/\u0421\u043b\u043e\u0436\u043d\u044b\u0439-\u043f\u043e\u043f\u0430\u043f-6-2048x1081.jpg 2048w, https:\/\/hand2noteguide.com\/wp-content\/uploads\/2026\/03\/\u0421\u043b\u043e\u0436\u043d\u044b\u0439-\u043f\u043e\u043f\u0430\u043f-6-772x407.jpg 772w\" sizes=\"auto, (max-width: 1024px) 100vw, 1024px\" \/><\/figure>\n\n\n\n<p>Ensuite, ajustez l\u2019apparence : pour rendre les onglets plus compacts, cliquez sur l\u2019ic\u00f4ne en forme d\u2019engrenage en haut \u00e0 droite et activez l\u2019option \u00ab Smaller Tabs \u00bb. Cr\u00e9ez ensuite le nombre d\u2019onglets requis et renommez-les \u2014 cliquez sur le nom de l\u2019onglet et s\u00e9lectionnez \u00ab Rename \u00bb, puis attribuez un nom pratique. R\u00e9p\u00e9tez ces \u00e9tapes pour chaque onglet, par exemple : \u00ab RFI EP \u00bb, \u00ab RFI MP \u00bb, \u00ab RFI CO \u00bb, \u00ab RFI BTN \u00bb, \u00ab RFI SB \u00bb.<\/p>\n\n\n\n<figure class=\"wp-block-image size-large\"><img loading=\"lazy\" decoding=\"async\" width=\"1024\" height=\"540\" src=\"https:\/\/hand2noteguide.com\/wp-content\/uploads\/2026\/03\/\u0421\u043b\u043e\u0436\u043d\u044b\u0439-\u043f\u043e\u043f\u0430\u043f-7-1024x540.jpg\" alt=\"\" class=\"wp-image-15981\" srcset=\"https:\/\/hand2noteguide.com\/wp-content\/uploads\/2026\/03\/\u0421\u043b\u043e\u0436\u043d\u044b\u0439-\u043f\u043e\u043f\u0430\u043f-7-1024x540.jpg 1024w, https:\/\/hand2noteguide.com\/wp-content\/uploads\/2026\/03\/\u0421\u043b\u043e\u0436\u043d\u044b\u0439-\u043f\u043e\u043f\u0430\u043f-7-300x158.jpg 300w, https:\/\/hand2noteguide.com\/wp-content\/uploads\/2026\/03\/\u0421\u043b\u043e\u0436\u043d\u044b\u0439-\u043f\u043e\u043f\u0430\u043f-7-768x405.jpg 768w, https:\/\/hand2noteguide.com\/wp-content\/uploads\/2026\/03\/\u0421\u043b\u043e\u0436\u043d\u044b\u0439-\u043f\u043e\u043f\u0430\u043f-7-1536x811.jpg 1536w, https:\/\/hand2noteguide.com\/wp-content\/uploads\/2026\/03\/\u0421\u043b\u043e\u0436\u043d\u044b\u0439-\u043f\u043e\u043f\u0430\u043f-7-2048x1081.jpg 2048w, https:\/\/hand2noteguide.com\/wp-content\/uploads\/2026\/03\/\u0421\u043b\u043e\u0436\u043d\u044b\u0439-\u043f\u043e\u043f\u0430\u043f-7-772x407.jpg 772w\" sizes=\"auto, (max-width: 1024px) 100vw, 1024px\" \/><\/figure>\n\n\n\n<p>Vous devez maintenant ajouter un diagramme pr\u00e9flop \u00e0 chacun des onglets internes cr\u00e9\u00e9s. Pour ce faire, faites un clic droit sur un espace vide dans l\u2019onglet souhait\u00e9 et s\u00e9lectionnez \u00ab Preflop Diagram \u00bb.<\/p>\n\n\n\n<figure class=\"wp-block-image size-large\"><img loading=\"lazy\" decoding=\"async\" width=\"1024\" height=\"540\" src=\"https:\/\/hand2noteguide.com\/wp-content\/uploads\/2026\/03\/\u0421\u043b\u043e\u0436\u043d\u044b\u0439-\u043f\u043e\u043f\u0430\u043f-8-1024x540.jpg\" alt=\"\" class=\"wp-image-15983\" srcset=\"https:\/\/hand2noteguide.com\/wp-content\/uploads\/2026\/03\/\u0421\u043b\u043e\u0436\u043d\u044b\u0439-\u043f\u043e\u043f\u0430\u043f-8-1024x540.jpg 1024w, https:\/\/hand2noteguide.com\/wp-content\/uploads\/2026\/03\/\u0421\u043b\u043e\u0436\u043d\u044b\u0439-\u043f\u043e\u043f\u0430\u043f-8-300x158.jpg 300w, https:\/\/hand2noteguide.com\/wp-content\/uploads\/2026\/03\/\u0421\u043b\u043e\u0436\u043d\u044b\u0439-\u043f\u043e\u043f\u0430\u043f-8-768x405.jpg 768w, https:\/\/hand2noteguide.com\/wp-content\/uploads\/2026\/03\/\u0421\u043b\u043e\u0436\u043d\u044b\u0439-\u043f\u043e\u043f\u0430\u043f-8-1536x811.jpg 1536w, https:\/\/hand2noteguide.com\/wp-content\/uploads\/2026\/03\/\u0421\u043b\u043e\u0436\u043d\u044b\u0439-\u043f\u043e\u043f\u0430\u043f-8-2048x1081.jpg 2048w, https:\/\/hand2noteguide.com\/wp-content\/uploads\/2026\/03\/\u0421\u043b\u043e\u0436\u043d\u044b\u0439-\u043f\u043e\u043f\u0430\u043f-8-772x407.jpg 772w\" sizes=\"auto, (max-width: 1024px) 100vw, 1024px\" \/><\/figure>\n\n\n\n<p>Ensuite, vous devez attribuer la statistique que chaque diagramme affichera.<\/p>\n\n\n\n<figure class=\"wp-block-image size-large\"><img loading=\"lazy\" decoding=\"async\" width=\"1024\" height=\"540\" src=\"https:\/\/hand2noteguide.com\/wp-content\/uploads\/2026\/03\/\u0421\u043b\u043e\u0436\u043d\u044b\u0439-\u043f\u043e\u043f\u0430\u043f-9-1024x540.jpg\" alt=\"\" class=\"wp-image-15984\" srcset=\"https:\/\/hand2noteguide.com\/wp-content\/uploads\/2026\/03\/\u0421\u043b\u043e\u0436\u043d\u044b\u0439-\u043f\u043e\u043f\u0430\u043f-9-1024x540.jpg 1024w, https:\/\/hand2noteguide.com\/wp-content\/uploads\/2026\/03\/\u0421\u043b\u043e\u0436\u043d\u044b\u0439-\u043f\u043e\u043f\u0430\u043f-9-300x158.jpg 300w, https:\/\/hand2noteguide.com\/wp-content\/uploads\/2026\/03\/\u0421\u043b\u043e\u0436\u043d\u044b\u0439-\u043f\u043e\u043f\u0430\u043f-9-768x405.jpg 768w, https:\/\/hand2noteguide.com\/wp-content\/uploads\/2026\/03\/\u0421\u043b\u043e\u0436\u043d\u044b\u0439-\u043f\u043e\u043f\u0430\u043f-9-1536x811.jpg 1536w, https:\/\/hand2noteguide.com\/wp-content\/uploads\/2026\/03\/\u0421\u043b\u043e\u0436\u043d\u044b\u0439-\u043f\u043e\u043f\u0430\u043f-9-2048x1081.jpg 2048w, https:\/\/hand2noteguide.com\/wp-content\/uploads\/2026\/03\/\u0421\u043b\u043e\u0436\u043d\u044b\u0439-\u043f\u043e\u043f\u0430\u043f-9-772x407.jpg 772w\" sizes=\"auto, (max-width: 1024px) 100vw, 1024px\" \/><\/figure>\n\n\n\n<p>Pour ajouter une statistique \u00e0 un diagramme, ouvrez le menu de navigation \u00ab Stats \u00bb sur le c\u00f4t\u00e9 gauche de la fen\u00eatre, trouvez la statistique souhait\u00e9e et faites-la glisser directement sur le diagramme.<\/p>\n\n\n\n<p>De la m\u00eame mani\u00e8re, cr\u00e9ez des onglets et ajoutez des diagrammes pr\u00e9flop pour chaque statistique que vous souhaitez afficher. Une fois cela fait, la cr\u00e9ation d\u2019un popup professionnel complexe peut \u00eatre consid\u00e9r\u00e9e comme termin\u00e9e.<\/p>\n\n\n\n<h2 class=\"wp-block-heading\">Conclusion<\/h2>\n\n\n\n<p>Pour r\u00e9sumer, la cr\u00e9ation d\u2019un popup complexe est un processus compos\u00e9 de plusieurs \u00e9tapes logiques que vous ma\u00eetrisez d\u00e9sormais.<\/p>\n\n\n\n<p>D\u2019abord, l\u2019interface a \u00e9t\u00e9 enrichie avec des histogrammes visuels postflop montrant les fr\u00e9quences de continuation bet, puis un syst\u00e8me d\u2019onglets internes a \u00e9t\u00e9 mis en place. Gr\u00e2ce \u00e0 ces onglets, plusieurs diagrammes de ranges pr\u00e9flop peuvent \u00eatre affich\u00e9s simultan\u00e9ment et organis\u00e9s de mani\u00e8re claire. Le r\u00e9sultat est un outil compact mais puissant : au lieu de chiffres dispers\u00e9s, vous disposez d\u00e9sormais de repr\u00e9sentations visuelles des ranges et des actions agressives cl\u00e9s, ce qui rend l\u2019analyse plus rapide et plus pr\u00e9cise.<\/p>\n","protected":false},"excerpt":{"rendered":"<p>La derni\u00e8re fois, nous avons termin\u00e9 l\u2019\u00e9tape de prise en main : nous avons appris \u00e0 naviguer dans l\u2019interface du popup editor et cr\u00e9\u00e9 un popup simple. Aujourd\u2019hui, l\u2019objectif est plus ambitieux \u2014 cr\u00e9er un outil complexe \u00e0 plusieurs niveaux. Nous allons voir comment ajouter des onglets \u00e0 un popup, int\u00e9grer des histogrammes de force &hellip; <a href=\"https:\/\/hand2noteguide.com\/fr\/user-manual\/hand2note_popup_editor_creating_a_professional_popup\/\" class=\"more-link\">Continue reading <span class=\"screen-reader-text\">Hand2Note Popup Editor : cr\u00e9er un popup professionnel<\/span><\/a><\/p>\n","protected":false},"author":3,"featured_media":15927,"parent":9199,"menu_order":0,"comment_status":"closed","ping_status":"closed","template":"","meta":{"footnotes":""},"class_list":["post-15922","page","type-page","status-publish","has-post-thumbnail","hentry"],"translation":{"provider":"WPGlobus","version":"3.0.2","language":"fr","enabled_languages":["en","ru","pt","zh","es","fr","de","it","ja"],"languages":{"en":{"title":true,"content":true,"excerpt":false},"ru":{"title":true,"content":true,"excerpt":false},"pt":{"title":true,"content":true,"excerpt":false},"zh":{"title":true,"content":true,"excerpt":false},"es":{"title":true,"content":true,"excerpt":false},"fr":{"title":true,"content":true,"excerpt":false},"de":{"title":true,"content":true,"excerpt":false},"it":{"title":true,"content":true,"excerpt":false},"ja":{"title":true,"content":true,"excerpt":false}}},"yoast_head":"<!-- This site is optimized with the Yoast SEO plugin v27.0 - https:\/\/yoast.com\/product\/yoast-seo-wordpress\/ -->\n<title>Cr\u00e9er un popup pro dans Hand2Note<\/title>\n<meta name=\"description\" content=\"Apprenez \u00e0 cr\u00e9er un popup pro dans Hand2Note : onglets, histogrammes, diagrammes pr\u00e9flop et stats d\u00e9taill\u00e9es pour une analyse efficace\" \/>\n<meta name=\"robots\" content=\"index, follow, max-snippet:-1, max-image-preview:large, max-video-preview:-1\" \/>\n<link rel=\"canonical\" href=\"https:\/\/hand2noteguide.com\/user-manual\/hand2note_popup_editor_creating_a_professional_popup\/\" \/>\n<meta property=\"og:locale\" content=\"fr_FR\" \/>\n<meta property=\"og:type\" content=\"article\" \/>\n<meta property=\"og:title\" content=\"Cr\u00e9er un popup pro dans Hand2Note\" \/>\n<meta property=\"og:description\" content=\"Apprenez \u00e0 cr\u00e9er un popup pro dans Hand2Note : onglets, histogrammes, diagrammes pr\u00e9flop et stats d\u00e9taill\u00e9es pour une analyse efficace\" \/>\n<meta property=\"og:url\" content=\"https:\/\/hand2noteguide.com\/user-manual\/hand2note_popup_editor_creating_a_professional_popup\/\" \/>\n<meta property=\"og:site_name\" content=\"Hand2Note Guide\" \/>\n<meta property=\"article:modified_time\" content=\"2026-03-28T10:12:22+00:00\" \/>\n<meta property=\"og:image\" content=\"https:\/\/hand2noteguide.com\/wp-content\/uploads\/2026\/03\/\u0413\u043b\u0430\u0432\u043d\u0430\u044f-\u0441\u043b\u043e\u0436\u043d\u044b\u0435-\u043f\u043e\u043f\u0430\u043f\u044b-1-1024x540.png\" \/>\n\t<meta property=\"og:image:width\" content=\"1024\" \/>\n\t<meta property=\"og:image:height\" content=\"540\" \/>\n\t<meta property=\"og:image:type\" content=\"image\/png\" \/>\n<meta name=\"twitter:card\" content=\"summary_large_image\" \/>\n<meta name=\"twitter:label1\" content=\"Est. reading time\" \/>\n\t<meta name=\"twitter:data1\" content=\"5 minutes\" \/>\n<!-- \/ Yoast SEO plugin. -->","yoast_head_json":{"title":"Cr\u00e9er un popup pro dans Hand2Note","description":"Apprenez \u00e0 cr\u00e9er un popup pro dans Hand2Note : onglets, histogrammes, diagrammes pr\u00e9flop et stats d\u00e9taill\u00e9es pour une analyse efficace","robots":{"index":"index","follow":"follow","max-snippet":"max-snippet:-1","max-image-preview":"max-image-preview:large","max-video-preview":"max-video-preview:-1"},"canonical":"https:\/\/hand2noteguide.com\/user-manual\/hand2note_popup_editor_creating_a_professional_popup\/","og_locale":"fr_FR","og_type":"article","og_title":"Cr\u00e9er un popup pro dans Hand2Note","og_description":"Apprenez \u00e0 cr\u00e9er un popup pro dans Hand2Note : onglets, histogrammes, diagrammes pr\u00e9flop et stats d\u00e9taill\u00e9es pour une analyse efficace","og_url":"https:\/\/hand2noteguide.com\/user-manual\/hand2note_popup_editor_creating_a_professional_popup\/","og_site_name":"Hand2Note Guide","article_modified_time":"2026-03-28T10:12:22+00:00","og_image":[{"width":1024,"height":540,"url":"https:\/\/hand2noteguide.com\/wp-content\/uploads\/2026\/03\/\u0413\u043b\u0430\u0432\u043d\u0430\u044f-\u0441\u043b\u043e\u0436\u043d\u044b\u0435-\u043f\u043e\u043f\u0430\u043f\u044b-1-1024x540.png","type":"image\/png"}],"twitter_card":"summary_large_image","twitter_misc":{"Est. reading time":"5 minutes"},"schema":{"@context":"https:\/\/schema.org","@graph":[]}},"jetpack_sharing_enabled":true,"_links":{"self":[{"href":"https:\/\/hand2noteguide.com\/fr\/wp-json\/wp\/v2\/pages\/15922","targetHints":{"allow":["GET"]}}],"collection":[{"href":"https:\/\/hand2noteguide.com\/fr\/wp-json\/wp\/v2\/pages"}],"about":[{"href":"https:\/\/hand2noteguide.com\/fr\/wp-json\/wp\/v2\/types\/page"}],"author":[{"embeddable":true,"href":"https:\/\/hand2noteguide.com\/fr\/wp-json\/wp\/v2\/users\/3"}],"replies":[{"embeddable":true,"href":"https:\/\/hand2noteguide.com\/fr\/wp-json\/wp\/v2\/comments?post=15922"}],"version-history":[{"count":41,"href":"https:\/\/hand2noteguide.com\/fr\/wp-json\/wp\/v2\/pages\/15922\/revisions"}],"predecessor-version":[{"id":16008,"href":"https:\/\/hand2noteguide.com\/fr\/wp-json\/wp\/v2\/pages\/15922\/revisions\/16008"}],"up":[{"embeddable":true,"href":"https:\/\/hand2noteguide.com\/fr\/wp-json\/wp\/v2\/pages\/9199"}],"wp:featuredmedia":[{"embeddable":true,"href":"https:\/\/hand2noteguide.com\/fr\/wp-json\/wp\/v2\/media\/15927"}],"wp:attachment":[{"href":"https:\/\/hand2noteguide.com\/fr\/wp-json\/wp\/v2\/media?parent=15922"}],"curies":[{"name":"wp","href":"https:\/\/api.w.org\/{rel}","templated":true}]}}