{"id":15941,"date":"2026-03-19T11:27:39","date_gmt":"2026-03-19T08:27:39","guid":{"rendered":"https:\/\/hand2noteguide.com\/?page_id=15941"},"modified":"2026-03-19T15:21:39","modified_gmt":"2026-03-19T12:21:39","slug":"hand2note-pro-pricing-reduced-in-2026","status":"publish","type":"page","link":"https:\/\/hand2noteguide.com\/fr\/user-manual\/hand2note-pro-pricing-reduced-in-2026\/","title":{"rendered":"Tarifs de Hand2Note Pro r\u00e9duits en 2026"},"content":{"rendered":"\n\n<p>L\u2019\u00e9quipe Hand2Note a mis \u00e0 jour les prix de Pro pour rendre l\u2019abonnement plus accessible \u00e0 la communaut\u00e9 poker. Si vous attendiez un meilleur moment pour faire la mise \u00e0 niveau, c\u2019est le bon moment.<\/p>\n\n\n\n<p>Le <a href=\"https:\/\/hand2noteguide.com\/fr\/promo\/\">code promo GUIDE10<\/a> reste valable avec les nouveaux prix, avec 10 % de r\u00e9duction suppl\u00e9mentaire, ainsi qu\u2019une configuration HUD professionnelle et un cours vid\u00e9o.<\/p>\n\n\n\n<figure class=\"wp-block-image size-large\"><img decoding=\"async\" src=\"https:\/\/hand2noteguide.com\/wp-content\/uploads\/2026\/03\/hand2note-discord-pro-pricing-drop.png\" alt=\"Annonce de baisse du prix Pro sur Discord Hand2Note\" \/><figcaption>Source : <a href=\"https:\/\/discord.gg\/hand2note\">canal Discord officiel de Hand2Note<\/a>.<\/figcaption><\/figure>\n\n\n\n<h2 class=\"wp-block-heading\">Anciens et nouveaux prix Hand2Note Pro<\/h2>\n\n\n\n<figure class=\"wp-block-table\"><table><thead><tr><th>Plan<\/th><th>Mode de facturation<\/th><th>Ancien prix<\/th><th>Nouveau prix<\/th><th>Nouveau prix avec GUIDE10<\/th><\/tr><\/thead><tbody><tr><td>Pro<\/td><td>Mensuel (1 mois)<\/td><td>$61.25 \/ mois<\/td><td>$49.00 \/ mois<\/td><td>$44.10 \/ mois<\/td><\/tr><tr><td>Pro<\/td><td>Annuel (12 mois)<\/td><td>$49.00 \/ mois ($588.00 total)<\/td><td>$39.00 \/ mois ($468.00 total)<\/td><td>$35.10 \/ mois ($421.20 total)<\/td><\/tr><\/tbody><\/table><\/figure>\n\n\n\n<h2 class=\"wp-block-heading\">Pourquoi cette mise \u00e0 jour est importante<\/h2>\n\n\n\n<p>Hand2Note 4 \u00e9volue activement en ce moment. Les d\u00e9veloppeurs restent en contact \u00e9troit avec les utilisateurs, recueillent les retours en continu et en font des priorit\u00e9s produit.<\/p>\n\n\n\n<p>En 2025-2026, Hand2Note a re\u00e7u de nombreuses am\u00e9liorations importantes et de nouvelles fonctionnalit\u00e9s. Lisez notre analyse d\u00e9taill\u00e9e ici : <a href=\"https:\/\/hand2noteguide.com\/fr\/user-manual\/how_hand2note_has_changed_major_recent_updates\/\">Comment Hand2Note a \u00e9volu\u00e9 : principales mises \u00e0 jour r\u00e9centes<\/a>.<\/p>\n\n\n\n<p>Actuellement, Hand2Note 4 est en excellente forme. Si vous n\u2019avez pas encore utilis\u00e9 la version payante, ou si vous \u00eates encore sur Hand2Note 3, c\u2019est un tr\u00e8s bon moment pour passer au nouveau logiciel.<\/p>\n\n\n\n<p>Pour d\u00e9marrer rapidement, utilisez ce guide : <a href=\"https:\/\/hand2noteguide.com\/fr\/hand2note-4-getting-started\/\">Guide de prise en main de Hand2Note 4<\/a>.<\/p>\n\n\n\n<p>Et pour tirer le maximum de votre abonnement Pro, explorez notre <a href=\"https:\/\/hand2noteguide.com\/fr\/user-manual\/\">hub complet de guides Hand2Note 4<\/a>.<\/p>\n","protected":false},"excerpt":{"rendered":"<p>L\u2019\u00e9quipe Hand2Note a mis \u00e0 jour les prix de Pro pour rendre l\u2019abonnement plus accessible \u00e0 la communaut\u00e9 poker. Si vous attendiez un meilleur moment pour faire la mise \u00e0 niveau, c\u2019est le bon moment. Le code promo GUIDE10 reste valable avec les nouveaux prix, avec 10 % de r\u00e9duction suppl\u00e9mentaire, ainsi qu\u2019une configuration HUD &hellip; <a href=\"https:\/\/hand2noteguide.com\/fr\/user-manual\/hand2note-pro-pricing-reduced-in-2026\/\" class=\"more-link\">Continue reading <span class=\"screen-reader-text\">Tarifs de Hand2Note Pro r\u00e9duits en 2026<\/span><\/a><\/p>\n","protected":false},"author":1,"featured_media":15957,"parent":9199,"menu_order":0,"comment_status":"closed","ping_status":"closed","template":"","meta":{"footnotes":""},"class_list":["post-15941","page","type-page","status-publish","has-post-thumbnail","hentry"],"translation":{"provider":"WPGlobus","version":"3.0.2","language":"fr","enabled_languages":["en","ru","pt","zh","es","fr","de","it","ja"],"languages":{"en":{"title":true,"content":true,"excerpt":false},"ru":{"title":true,"content":true,"excerpt":false},"pt":{"title":true,"content":true,"excerpt":false},"zh":{"title":true,"content":true,"excerpt":false},"es":{"title":true,"content":true,"excerpt":false},"fr":{"title":true,"content":true,"excerpt":false},"de":{"title":true,"content":true,"excerpt":false},"it":{"title":true,"content":true,"excerpt":false},"ja":{"title":true,"content":true,"excerpt":false}}},"yoast_head":"<!-- This site is optimized with the Yoast SEO plugin v27.0 - https:\/\/yoast.com\/product\/yoast-seo-wordpress\/ -->\n<title>Tarifs de Hand2Note Pro r\u00e9duits en 2026<\/title>\n<meta name=\"description\" content=\"Prix de Hand2Note Pro r\u00e9duit en 2026 : nouveaux tarifs, comparaison anciens\/nouveaux plans, et -10 % avec le code GUIDE10.\" \/>\n<meta name=\"robots\" content=\"index, follow, max-snippet:-1, max-image-preview:large, max-video-preview:-1\" \/>\n<link rel=\"canonical\" href=\"https:\/\/hand2noteguide.com\/user-manual\/hand2note-pro-pricing-reduced-in-2026\/\" \/>\n<meta property=\"og:locale\" content=\"fr_FR\" \/>\n<meta property=\"og:type\" content=\"article\" \/>\n<meta property=\"og:title\" content=\"Tarifs de Hand2Note Pro r\u00e9duits en 2026\" \/>\n<meta property=\"og:description\" content=\"Prix de Hand2Note Pro r\u00e9duit en 2026 : nouveaux tarifs, comparaison anciens\/nouveaux plans, et -10 % avec le code GUIDE10.\" \/>\n<meta property=\"og:url\" content=\"https:\/\/hand2noteguide.com\/user-manual\/hand2note-pro-pricing-reduced-in-2026\/\" \/>\n<meta property=\"og:site_name\" content=\"Hand2Note Guide\" \/>\n<meta property=\"article:modified_time\" content=\"2026-03-19T12:21:39+00:00\" \/>\n<meta property=\"og:image\" content=\"https:\/\/hand2noteguide.com\/wp-content\/uploads\/2026\/03\/price-reduced-scaled.webp\" \/>\n\t<meta property=\"og:image:width\" content=\"2560\" \/>\n\t<meta property=\"og:image:height\" content=\"1351\" \/>\n\t<meta property=\"og:image:type\" content=\"image\/webp\" \/>\n<meta name=\"twitter:card\" content=\"summary_large_image\" \/>\n<meta name=\"twitter:label1\" content=\"Est. reading time\" \/>\n\t<meta name=\"twitter:data1\" content=\"2 minutes\" \/>\n<!-- \/ Yoast SEO plugin. -->","yoast_head_json":{"title":"Tarifs de Hand2Note Pro r\u00e9duits en 2026","description":"Prix de Hand2Note Pro r\u00e9duit en 2026 : nouveaux tarifs, comparaison anciens\/nouveaux plans, et -10 % avec le code GUIDE10.","robots":{"index":"index","follow":"follow","max-snippet":"max-snippet:-1","max-image-preview":"max-image-preview:large","max-video-preview":"max-video-preview:-1"},"canonical":"https:\/\/hand2noteguide.com\/user-manual\/hand2note-pro-pricing-reduced-in-2026\/","og_locale":"fr_FR","og_type":"article","og_title":"Tarifs de Hand2Note Pro r\u00e9duits en 2026","og_description":"Prix de Hand2Note Pro r\u00e9duit en 2026 : nouveaux tarifs, comparaison anciens\/nouveaux plans, et -10 % avec le code GUIDE10.","og_url":"https:\/\/hand2noteguide.com\/user-manual\/hand2note-pro-pricing-reduced-in-2026\/","og_site_name":"Hand2Note Guide","article_modified_time":"2026-03-19T12:21:39+00:00","og_image":[{"width":2560,"height":1351,"url":"https:\/\/hand2noteguide.com\/wp-content\/uploads\/2026\/03\/price-reduced-scaled.webp","type":"image\/webp"}],"twitter_card":"summary_large_image","twitter_misc":{"Est. reading time":"2 minutes"},"schema":{"@context":"https:\/\/schema.org","@graph":[]}},"jetpack_sharing_enabled":true,"_links":{"self":[{"href":"https:\/\/hand2noteguide.com\/fr\/wp-json\/wp\/v2\/pages\/15941","targetHints":{"allow":["GET"]}}],"collection":[{"href":"https:\/\/hand2noteguide.com\/fr\/wp-json\/wp\/v2\/pages"}],"about":[{"href":"https:\/\/hand2noteguide.com\/fr\/wp-json\/wp\/v2\/types\/page"}],"author":[{"embeddable":true,"href":"https:\/\/hand2noteguide.com\/fr\/wp-json\/wp\/v2\/users\/1"}],"replies":[{"embeddable":true,"href":"https:\/\/hand2noteguide.com\/fr\/wp-json\/wp\/v2\/comments?post=15941"}],"version-history":[{"count":14,"href":"https:\/\/hand2noteguide.com\/fr\/wp-json\/wp\/v2\/pages\/15941\/revisions"}],"predecessor-version":[{"id":15956,"href":"https:\/\/hand2noteguide.com\/fr\/wp-json\/wp\/v2\/pages\/15941\/revisions\/15956"}],"up":[{"embeddable":true,"href":"https:\/\/hand2noteguide.com\/fr\/wp-json\/wp\/v2\/pages\/9199"}],"wp:featuredmedia":[{"embeddable":true,"href":"https:\/\/hand2noteguide.com\/fr\/wp-json\/wp\/v2\/media\/15957"}],"wp:attachment":[{"href":"https:\/\/hand2noteguide.com\/fr\/wp-json\/wp\/v2\/media?parent=15941"}],"curies":[{"name":"wp","href":"https:\/\/api.w.org\/{rel}","templated":true}]}}