{"id":160,"date":"2018-08-01T13:30:54","date_gmt":"2018-08-01T10:30:54","guid":{"rendered":"https:\/\/h2n312.wordpress.com\/?page_id=160"},"modified":"2025-06-04T19:12:31","modified_gmt":"2025-06-04T16:12:31","slug":"move-database-to-another-pc","status":"publish","type":"page","link":"https:\/\/hand2noteguide.com\/fr\/guide\/database\/move-database-to-another-pc\/","title":{"rendered":"Comment d\u00e9placer la base de donn\u00e9es vers un autre PC"},"content":{"rendered":"\n<p>Par d\u00e9faut, Hand2Note stocke la base de donn\u00e9es dans le dossier <em>C:\/Users\/VotreNomUtilisateur\/AppData\/Roaming\/Hand2Note\/h2ndb<\/em>. Pour d\u00e9placer la base de donn\u00e9es vers un autre PC, il suffit de copier le contenu de ce dossier et de le transf\u00e9rer dans un r\u00e9pertoire similaire sur un autre appareil.<\/p>\n\n\n\n<figure class=\"wp-block-image\"><img loading=\"lazy\" decoding=\"async\" width=\"1003\" height=\"692\" src=\"https:\/\/hand2noteguide.com\/wp-content\/uploads\/2019\/07\/hand2note-database-folder.png\" alt=\"hand2note database folder\" class=\"wp-image-1462\" srcset=\"https:\/\/hand2noteguide.com\/wp-content\/uploads\/2019\/07\/hand2note-database-folder.png 1003w, https:\/\/hand2noteguide.com\/wp-content\/uploads\/2019\/07\/hand2note-database-folder-300x207.png 300w, https:\/\/hand2noteguide.com\/wp-content\/uploads\/2019\/07\/hand2note-database-folder-768x530.png 768w, https:\/\/hand2noteguide.com\/wp-content\/uploads\/2019\/07\/hand2note-database-folder-772x533.png 772w, https:\/\/hand2noteguide.com\/wp-content\/uploads\/2019\/07\/hand2note-database-folder-624x431.png 624w\" sizes=\"auto, (max-width: 1003px) 100vw, 1003px\" \/><figcaption>Dossier de la base de donn\u00e9es Hand2Note<\/figcaption><\/figure>\n\n\n\n<p><em>AppData<\/em> est un dossier cach\u00e9, pour y acc\u00e9der, vous devez entrer le chemin manuellement ou configurer l&#8217;affichage des fichiers et dossiers cach\u00e9s (<a href=\"https:\/\/www.quora.com\/How-do-you-find-appdata-on-Windows-10\" target=\"_blank\" rel=\"noreferrer noopener\">comment ?<\/a>).<\/p>\n\n\n\n<p>Notez \u00e9galement que vous pouvez <a href=\"https:\/\/hand2noteguide.com\/fr\/guide\/export-hands\/\">exporter les mains n\u00e9cessaires<\/a> depuis le programme ou les prendre depuis les <a href=\"https:\/\/hand2noteguide.com\/fr\/guide\/hands-archive\/\">dossiers d&#8217;archives<\/a>.<\/p>\n","protected":false},"excerpt":{"rendered":"<p>Par d\u00e9faut, Hand2Note stocke la base de donn\u00e9es dans le dossier C:\/Users\/VotreNomUtilisateur\/AppData\/Roaming\/Hand2Note\/h2ndb. Pour d\u00e9placer la base de donn\u00e9es vers un autre PC, il suffit de copier le contenu de ce dossier et de le transf\u00e9rer dans un r\u00e9pertoire similaire sur un autre appareil. AppData est un dossier cach\u00e9, pour y acc\u00e9der, vous devez entrer le &hellip; <a href=\"https:\/\/hand2noteguide.com\/fr\/guide\/database\/move-database-to-another-pc\/\" class=\"more-link\">Continue reading <span class=\"screen-reader-text\">Comment d\u00e9placer la base de donn\u00e9es vers un autre PC<\/span><\/a><\/p>\n","protected":false},"author":1,"featured_media":0,"parent":221,"menu_order":0,"comment_status":"closed","ping_status":"closed","template":"page-templates\/full-width-page.php","meta":{"footnotes":""},"class_list":["post-160","page","type-page","status-publish","hentry"],"translation":{"provider":"WPGlobus","version":"3.0.2","language":"fr","enabled_languages":["en","ru","pt","zh","es","fr","de","it","ja"],"languages":{"en":{"title":true,"content":true,"excerpt":false},"ru":{"title":true,"content":true,"excerpt":false},"pt":{"title":true,"content":true,"excerpt":false},"zh":{"title":true,"content":true,"excerpt":false},"es":{"title":true,"content":true,"excerpt":false},"fr":{"title":true,"content":true,"excerpt":false},"de":{"title":true,"content":true,"excerpt":false},"it":{"title":true,"content":true,"excerpt":false},"ja":{"title":true,"content":true,"excerpt":false}}},"yoast_head":"<!-- This site is optimized with the Yoast SEO plugin v27.0 - https:\/\/yoast.com\/product\/yoast-seo-wordpress\/ -->\n<title>Comment transf\u00e9rer facilement votre base de donn\u00e9es Hand2Note vers un autre PC<\/title>\n<meta name=\"description\" content=\"D\u00e9couvrez comment transf\u00e9rer votre base de donn\u00e9es Hand2Note vers un autre PC sans effort. Suivez notre guide \u00e9tape par \u00e9tape pour assurer une transition fluide de vos donn\u00e9es.\" \/>\n<meta name=\"robots\" content=\"index, follow, max-snippet:-1, max-image-preview:large, max-video-preview:-1\" \/>\n<link rel=\"canonical\" href=\"https:\/\/hand2noteguide.com\/guide\/database\/move-database-to-another-pc\/\" \/>\n<meta property=\"og:locale\" content=\"fr_FR\" \/>\n<meta property=\"og:type\" content=\"article\" \/>\n<meta property=\"og:title\" content=\"Comment transf\u00e9rer facilement votre base de donn\u00e9es Hand2Note vers un autre PC\" \/>\n<meta property=\"og:description\" content=\"D\u00e9couvrez comment transf\u00e9rer votre base de donn\u00e9es Hand2Note vers un autre PC sans effort. Suivez notre guide \u00e9tape par \u00e9tape pour assurer une transition fluide de vos donn\u00e9es.\" \/>\n<meta property=\"og:url\" content=\"https:\/\/hand2noteguide.com\/guide\/database\/move-database-to-another-pc\/\" \/>\n<meta property=\"og:site_name\" content=\"Hand2Note Guide\" \/>\n<meta property=\"article:modified_time\" content=\"2025-06-04T16:12:31+00:00\" \/>\n<meta property=\"og:image\" content=\"https:\/\/hand2noteguide.com\/wp-content\/uploads\/2019\/07\/hand2note-database-folder-ru.png\" \/>\n<meta name=\"twitter:card\" content=\"summary_large_image\" \/>\n<meta name=\"twitter:label1\" content=\"Est. reading time\" \/>\n\t<meta name=\"twitter:data1\" content=\"3 minutes\" \/>\n<!-- \/ Yoast SEO plugin. -->","yoast_head_json":{"title":"Comment transf\u00e9rer facilement votre base de donn\u00e9es Hand2Note vers un autre PC","description":"D\u00e9couvrez comment transf\u00e9rer votre base de donn\u00e9es Hand2Note vers un autre PC sans effort. Suivez notre guide \u00e9tape par \u00e9tape pour assurer une transition fluide de vos donn\u00e9es.","robots":{"index":"index","follow":"follow","max-snippet":"max-snippet:-1","max-image-preview":"max-image-preview:large","max-video-preview":"max-video-preview:-1"},"canonical":"https:\/\/hand2noteguide.com\/guide\/database\/move-database-to-another-pc\/","og_locale":"fr_FR","og_type":"article","og_title":"Comment transf\u00e9rer facilement votre base de donn\u00e9es Hand2Note vers un autre PC","og_description":"D\u00e9couvrez comment transf\u00e9rer votre base de donn\u00e9es Hand2Note vers un autre PC sans effort. Suivez notre guide \u00e9tape par \u00e9tape pour assurer une transition fluide de vos donn\u00e9es.","og_url":"https:\/\/hand2noteguide.com\/guide\/database\/move-database-to-another-pc\/","og_site_name":"Hand2Note Guide","article_modified_time":"2025-06-04T16:12:31+00:00","og_image":[{"url":"https:\/\/hand2noteguide.com\/wp-content\/uploads\/2019\/07\/hand2note-database-folder-ru.png","type":"","width":"","height":""}],"twitter_card":"summary_large_image","twitter_misc":{"Est. reading time":"3 minutes"},"schema":{"@context":"https:\/\/schema.org","@graph":[]}},"jetpack_sharing_enabled":false,"_links":{"self":[{"href":"https:\/\/hand2noteguide.com\/fr\/wp-json\/wp\/v2\/pages\/160","targetHints":{"allow":["GET"]}}],"collection":[{"href":"https:\/\/hand2noteguide.com\/fr\/wp-json\/wp\/v2\/pages"}],"about":[{"href":"https:\/\/hand2noteguide.com\/fr\/wp-json\/wp\/v2\/types\/page"}],"author":[{"embeddable":true,"href":"https:\/\/hand2noteguide.com\/fr\/wp-json\/wp\/v2\/users\/1"}],"replies":[{"embeddable":true,"href":"https:\/\/hand2noteguide.com\/fr\/wp-json\/wp\/v2\/comments?post=160"}],"version-history":[{"count":22,"href":"https:\/\/hand2noteguide.com\/fr\/wp-json\/wp\/v2\/pages\/160\/revisions"}],"predecessor-version":[{"id":13551,"href":"https:\/\/hand2noteguide.com\/fr\/wp-json\/wp\/v2\/pages\/160\/revisions\/13551"}],"up":[{"embeddable":true,"href":"https:\/\/hand2noteguide.com\/fr\/wp-json\/wp\/v2\/pages\/221"}],"wp:attachment":[{"href":"https:\/\/hand2noteguide.com\/fr\/wp-json\/wp\/v2\/media?parent=160"}],"curies":[{"name":"wp","href":"https:\/\/api.w.org\/{rel}","templated":true}]}}