{"id":1629,"date":"2019-07-18T11:51:02","date_gmt":"2019-07-18T08:51:02","guid":{"rendered":"http:\/\/hand2noteguide.com\/?page_id=1629"},"modified":"2025-06-04T17:41:18","modified_gmt":"2025-06-04T14:41:18","slug":"asia-loss-of-hands","status":"publish","type":"page","link":"https:\/\/hand2noteguide.com\/fr\/issues-resolving\/asia-loss-of-hands\/","title":{"rendered":"Perte de mains dans les salles asiatiques"},"content":{"rendered":"\n<p>Parfois, Hand2Note peut perdre certaines mains en jouant dans les <a href=\"https:\/\/hand2noteguide.com\/fr\/asian\/\">salles asiatiques<\/a> en raison de la sp\u00e9cificit\u00e9 du processus de collecte des mains depuis ces applications. Les salles asiatiques ne sauvegardent pas du tout d&#8217;historiques de mains, Hand2Note capture toutes les mains directement \u00e0 partir du trafic. La moindre d\u00e9faillance du r\u00e9seau peut entra\u00eener une perte de paquets et, par cons\u00e9quent, une perte de mains.<\/p>\n\n\n\n<p>L&#8217;\u00e9quipe de Hand2Note travaille dur pour am\u00e9liorer la stabilit\u00e9, et les pertes n&#8217;exc\u00e8dent pas 1 \u00e0 2 % du nombre total de mains. Les pertes se produisent \u00e0 des moments al\u00e9atoires, donc cela n&#8217;affecte pratiquement pas le r\u00e9sultat global et, surtout, la valeur des stats sur le long terme.<\/p>\n\n\n\n<p>Quelques mesures que vous pouvez prendre pour r\u00e9duire la probabilit\u00e9 de pertes :<\/p>\n\n\n\n<ol class=\"wp-block-list\"><li>Utilisez une connexion Internet stable<\/li><li><a href=\"https:\/\/hand2noteguide.com\/fr\/guide\/hand2note-version\/\">Gardez<\/a> Hand2Note \u00e0 jour<\/li><li>Ajoutez Hand2Note \u00e0 la liste des exceptions de votre antivirus<\/li><li>Lancez toujours Hand2Note et l&#8217;\u00e9mulateur en tant qu&#8217;administrateur<\/li><\/ol>\n\n\n\n<p>Si vous remarquez que Hand2Note perd beaucoup plus de mains que d&#8217;habitude, veuillez contacter le <a href=\"https:\/\/hand2noteguide.com\/fr\/hand2note-official-support\/\">service client<\/a>.<\/p>\n","protected":false},"excerpt":{"rendered":"<p>Parfois, Hand2Note peut perdre certaines mains en jouant dans les salles asiatiques en raison de la sp\u00e9cificit\u00e9 du processus de collecte des mains depuis ces applications. Les salles asiatiques ne sauvegardent pas du tout d&#8217;historiques de mains, Hand2Note capture toutes les mains directement \u00e0 partir du trafic. La moindre d\u00e9faillance du r\u00e9seau peut entra\u00eener une &hellip; <a href=\"https:\/\/hand2noteguide.com\/fr\/issues-resolving\/asia-loss-of-hands\/\" class=\"more-link\">Continue reading <span class=\"screen-reader-text\">Perte de mains dans les salles asiatiques<\/span><\/a><\/p>\n","protected":false},"author":1,"featured_media":0,"parent":236,"menu_order":0,"comment_status":"closed","ping_status":"closed","template":"page-templates\/full-width-page.php","meta":{"footnotes":""},"class_list":["post-1629","page","type-page","status-publish","hentry"],"translation":{"provider":"WPGlobus","version":"3.0.2","language":"fr","enabled_languages":["en","ru","pt","zh","es","fr","de","it","ja"],"languages":{"en":{"title":true,"content":true,"excerpt":false},"ru":{"title":true,"content":true,"excerpt":false},"pt":{"title":true,"content":true,"excerpt":false},"zh":{"title":true,"content":true,"excerpt":false},"es":{"title":true,"content":true,"excerpt":false},"fr":{"title":true,"content":true,"excerpt":false},"de":{"title":true,"content":true,"excerpt":false},"it":{"title":true,"content":true,"excerpt":false},"ja":{"title":true,"content":true,"excerpt":false}}},"yoast_head":"<!-- This site is optimized with the Yoast SEO plugin v27.0 - https:\/\/yoast.com\/product\/yoast-seo-wordpress\/ -->\n<title>Pr\u00e9venir la perte de mains dans les salles de poker asiatiques avec Hand2Note<\/title>\n<meta name=\"description\" content=\"D\u00e9couvrez comment minimiser la perte de mains dans les salles de poker asiatiques avec Hand2Note. Suivez nos conseils pour une connexion stable et des performances logicielles optimales.\" \/>\n<meta name=\"robots\" content=\"index, follow, max-snippet:-1, max-image-preview:large, max-video-preview:-1\" \/>\n<link rel=\"canonical\" href=\"https:\/\/hand2noteguide.com\/issues-resolving\/asia-loss-of-hands\/\" \/>\n<meta property=\"og:locale\" content=\"fr_FR\" \/>\n<meta property=\"og:type\" content=\"article\" \/>\n<meta property=\"og:title\" content=\"Pr\u00e9venir la perte de mains dans les salles de poker asiatiques avec Hand2Note\" \/>\n<meta property=\"og:description\" content=\"D\u00e9couvrez comment minimiser la perte de mains dans les salles de poker asiatiques avec Hand2Note. Suivez nos conseils pour une connexion stable et des performances logicielles optimales.\" \/>\n<meta property=\"og:url\" content=\"https:\/\/hand2noteguide.com\/issues-resolving\/asia-loss-of-hands\/\" \/>\n<meta property=\"og:site_name\" content=\"Hand2Note Guide\" \/>\n<meta property=\"article:modified_time\" content=\"2025-06-04T14:41:18+00:00\" \/>\n<meta name=\"twitter:card\" content=\"summary_large_image\" \/>\n<meta name=\"twitter:label1\" content=\"Est. reading time\" \/>\n\t<meta name=\"twitter:data1\" content=\"6 minutes\" \/>\n<!-- \/ Yoast SEO plugin. -->","yoast_head_json":{"title":"Pr\u00e9venir la perte de mains dans les salles de poker asiatiques avec Hand2Note","description":"D\u00e9couvrez comment minimiser la perte de mains dans les salles de poker asiatiques avec Hand2Note. Suivez nos conseils pour une connexion stable et des performances logicielles optimales.","robots":{"index":"index","follow":"follow","max-snippet":"max-snippet:-1","max-image-preview":"max-image-preview:large","max-video-preview":"max-video-preview:-1"},"canonical":"https:\/\/hand2noteguide.com\/issues-resolving\/asia-loss-of-hands\/","og_locale":"fr_FR","og_type":"article","og_title":"Pr\u00e9venir la perte de mains dans les salles de poker asiatiques avec Hand2Note","og_description":"D\u00e9couvrez comment minimiser la perte de mains dans les salles de poker asiatiques avec Hand2Note. Suivez nos conseils pour une connexion stable et des performances logicielles optimales.","og_url":"https:\/\/hand2noteguide.com\/issues-resolving\/asia-loss-of-hands\/","og_site_name":"Hand2Note Guide","article_modified_time":"2025-06-04T14:41:18+00:00","twitter_card":"summary_large_image","twitter_misc":{"Est. reading time":"6 minutes"},"schema":{"@context":"https:\/\/schema.org","@graph":[]}},"jetpack_sharing_enabled":true,"_links":{"self":[{"href":"https:\/\/hand2noteguide.com\/fr\/wp-json\/wp\/v2\/pages\/1629","targetHints":{"allow":["GET"]}}],"collection":[{"href":"https:\/\/hand2noteguide.com\/fr\/wp-json\/wp\/v2\/pages"}],"about":[{"href":"https:\/\/hand2noteguide.com\/fr\/wp-json\/wp\/v2\/types\/page"}],"author":[{"embeddable":true,"href":"https:\/\/hand2noteguide.com\/fr\/wp-json\/wp\/v2\/users\/1"}],"replies":[{"embeddable":true,"href":"https:\/\/hand2noteguide.com\/fr\/wp-json\/wp\/v2\/comments?post=1629"}],"version-history":[{"count":19,"href":"https:\/\/hand2noteguide.com\/fr\/wp-json\/wp\/v2\/pages\/1629\/revisions"}],"predecessor-version":[{"id":13509,"href":"https:\/\/hand2noteguide.com\/fr\/wp-json\/wp\/v2\/pages\/1629\/revisions\/13509"}],"up":[{"embeddable":true,"href":"https:\/\/hand2noteguide.com\/fr\/wp-json\/wp\/v2\/pages\/236"}],"wp:attachment":[{"href":"https:\/\/hand2noteguide.com\/fr\/wp-json\/wp\/v2\/media?parent=1629"}],"curies":[{"name":"wp","href":"https:\/\/api.w.org\/{rel}","templated":true}]}}