{"id":166,"date":"2018-08-01T15:43:21","date_gmt":"2018-08-01T12:43:21","guid":{"rendered":"https:\/\/h2n312.wordpress.com\/?page_id=166"},"modified":"2025-06-04T19:11:45","modified_gmt":"2025-06-04T16:11:45","slug":"export-hands","status":"publish","type":"page","link":"https:\/\/hand2noteguide.com\/fr\/guide\/export-hands\/","title":{"rendered":"Exporter des mains depuis Hand2Note"},"content":{"rendered":"<p>Hand2Note <a href=\"https:\/\/hand2noteguide.com\/fr\/guide\/hands-archive\/\">enregistre toutes les mains trait\u00e9es<\/a> par d\u00e9faut, vous pouvez donc r\u00e9cup\u00e9rer les historiques de mains depuis les dossiers d&#8217;archive.<\/p>\n<p>Si vous souhaitez importer toutes les mains dans Hand2Note sur un autre appareil, vous pouvez simplement <a href=\"https:\/\/hand2noteguide.com\/fr\/guide\/database\/move-database-to-another-pc\/\">copier l&#8217;int\u00e9gralit\u00e9 de la base de donn\u00e9es<\/a>.<\/p>\n<p>Les historiques de mains d&#8217;un joueur particulier pour une certaine p\u00e9riode peuvent \u00eatre export\u00e9s via la section des reports. Pour cela, suivez les \u00e9tapes suivantes :<\/p>\n<ol>\n<li>Allez dans la section Reports.<br \/>\n<img loading=\"lazy\" decoding=\"async\" class=\"alignnone size-full wp-image-967\" src=\"https:\/\/hand2noteguide.com\/wp-content\/uploads\/2019\/05\/hand2note-reports-menu.png\" alt=\"menu des reports hand2note\" width=\"311\" height=\"144\" srcset=\"https:\/\/hand2noteguide.com\/wp-content\/uploads\/2019\/05\/hand2note-reports-menu.png 311w, https:\/\/hand2noteguide.com\/wp-content\/uploads\/2019\/05\/hand2note-reports-menu-300x139.png 300w\" sizes=\"auto, (max-width: 311px) 100vw, 311px\" \/><\/li>\n<li>D\u00e9finissez le pseudo du joueur ou <a href=\"https:\/\/hand2noteguide.com\/fr\/guide\/alias\/\">alias<\/a>, s\u00e9lectionnez la plage de dates souhait\u00e9e. Si vous le souhaitez, vous pouvez \u00e9galement sp\u00e9cifier d&#8217;autres filtres.<br \/>\n<img loading=\"lazy\" decoding=\"async\" class=\"alignnone size-full wp-image-968\" src=\"https:\/\/hand2noteguide.com\/wp-content\/uploads\/2019\/05\/hand2note-reports-set-hero-and-date-range.png\" alt=\"hand2note reports d\u00e9finir le h\u00e9ros et la plage de dates\" width=\"1092\" height=\"494\" srcset=\"https:\/\/hand2noteguide.com\/wp-content\/uploads\/2019\/05\/hand2note-reports-set-hero-and-date-range.png 1092w, https:\/\/hand2noteguide.com\/wp-content\/uploads\/2019\/05\/hand2note-reports-set-hero-and-date-range-300x136.png 300w, https:\/\/hand2noteguide.com\/wp-content\/uploads\/2019\/05\/hand2note-reports-set-hero-and-date-range-768x347.png 768w, https:\/\/hand2noteguide.com\/wp-content\/uploads\/2019\/05\/hand2note-reports-set-hero-and-date-range-1024x463.png 1024w, https:\/\/hand2noteguide.com\/wp-content\/uploads\/2019\/05\/hand2note-reports-set-hero-and-date-range-772x349.png 772w, https:\/\/hand2noteguide.com\/wp-content\/uploads\/2019\/05\/hand2note-reports-set-hero-and-date-range-624x282.png 624w\" sizes=\"auto, (max-width: 1092px) 100vw, 1092px\" \/><\/li>\n<li>Cliquez avec le bouton droit sur les r\u00e9sultats et s\u00e9lectionnez &#8220;Exporter toutes les mains&#8221;.<br \/>\n<img loading=\"lazy\" decoding=\"async\" class=\"alignnone size-full wp-image-969\" src=\"https:\/\/hand2noteguide.com\/wp-content\/uploads\/2019\/05\/hand2note-export-hands-from-reports.png\" alt=\"hand2note exporter les mains depuis les reports\" width=\"705\" height=\"251\" srcset=\"https:\/\/hand2noteguide.com\/wp-content\/uploads\/2019\/05\/hand2note-export-hands-from-reports.png 705w, https:\/\/hand2noteguide.com\/wp-content\/uploads\/2019\/05\/hand2note-export-hands-from-reports-300x107.png 300w, https:\/\/hand2noteguide.com\/wp-content\/uploads\/2019\/05\/hand2note-export-hands-from-reports-624x222.png 624w\" sizes=\"auto, (max-width: 705px) 100vw, 705px\" \/><\/li>\n<li>Dans la fen\u00eatre qui appara\u00eet, sp\u00e9cifiez le chemin d&#8217;exportation et cliquez sur &#8220;S\u00e9lectionner le dossier&#8221;. Le processus d&#8217;exportation commencera.<br \/>\n<img loading=\"lazy\" decoding=\"async\" class=\"alignnone size-full wp-image-974\" src=\"https:\/\/hand2noteguide.com\/wp-content\/uploads\/2019\/05\/hand2note-export-process-1.png\" alt=\"processus d'exportation hand2note\" width=\"437\" height=\"296\" srcset=\"https:\/\/hand2noteguide.com\/wp-content\/uploads\/2019\/05\/hand2note-export-process-1.png 437w, https:\/\/hand2noteguide.com\/wp-content\/uploads\/2019\/05\/hand2note-export-process-1-300x203.png 300w\" sizes=\"auto, (max-width: 437px) 100vw, 437px\" \/><\/li>\n<li>Attendez que l&#8217;exportation soit termin\u00e9e.<br \/>\n<img loading=\"lazy\" decoding=\"async\" class=\"alignnone size-full wp-image-971\" src=\"https:\/\/hand2noteguide.com\/wp-content\/uploads\/2019\/05\/hand2note-export-completed.png\" alt=\"exportation termin\u00e9e hand2note\" width=\"198\" height=\"186\" \/><\/li>\n<\/ol>\n","protected":false},"excerpt":{"rendered":"<p>Hand2Note enregistre toutes les mains trait\u00e9es par d\u00e9faut, vous pouvez donc r\u00e9cup\u00e9rer les historiques de mains depuis les dossiers d&#8217;archive. Si vous souhaitez importer toutes les mains dans Hand2Note sur un autre appareil, vous pouvez simplement copier l&#8217;int\u00e9gralit\u00e9 de la base de donn\u00e9es. Les historiques de mains d&#8217;un joueur particulier pour une certaine p\u00e9riode peuvent &hellip; <a href=\"https:\/\/hand2noteguide.com\/fr\/guide\/export-hands\/\" class=\"more-link\">Continue reading <span class=\"screen-reader-text\">Exporter des mains depuis Hand2Note<\/span><\/a><\/p>\n","protected":false},"author":1,"featured_media":0,"parent":74,"menu_order":0,"comment_status":"closed","ping_status":"closed","template":"page-templates\/full-width-page.php","meta":{"footnotes":""},"class_list":["post-166","page","type-page","status-publish","hentry"],"translation":{"provider":"WPGlobus","version":"3.0.2","language":"fr","enabled_languages":["en","ru","pt","zh","es","fr","de","it","ja"],"languages":{"en":{"title":true,"content":true,"excerpt":false},"ru":{"title":true,"content":true,"excerpt":false},"pt":{"title":true,"content":true,"excerpt":false},"zh":{"title":true,"content":true,"excerpt":false},"es":{"title":true,"content":true,"excerpt":false},"fr":{"title":true,"content":true,"excerpt":false},"de":{"title":true,"content":true,"excerpt":false},"it":{"title":true,"content":true,"excerpt":false},"ja":{"title":true,"content":true,"excerpt":false}}},"yoast_head":"<!-- This site is optimized with the Yoast SEO plugin v27.0 - https:\/\/yoast.com\/product\/yoast-seo-wordpress\/ -->\n<title>Comment Exporter des Mains de Poker depuis Hand2Note Sans Effort<\/title>\n<meta name=\"description\" content=\"Apprenez \u00e0 exporter facilement des mains de poker depuis Hand2Note. Suivez notre guide \u00e9tape par \u00e9tape pour sauvegarder et transf\u00e9rer les historiques de mains vers un autre appareil.\" \/>\n<meta name=\"robots\" content=\"index, follow, max-snippet:-1, max-image-preview:large, max-video-preview:-1\" \/>\n<link rel=\"canonical\" href=\"https:\/\/hand2noteguide.com\/guide\/export-hands\/\" \/>\n<meta property=\"og:locale\" content=\"fr_FR\" \/>\n<meta property=\"og:type\" content=\"article\" \/>\n<meta property=\"og:title\" content=\"Comment Exporter des Mains de Poker depuis Hand2Note Sans Effort\" \/>\n<meta property=\"og:description\" content=\"Apprenez \u00e0 exporter facilement des mains de poker depuis Hand2Note. Suivez notre guide \u00e9tape par \u00e9tape pour sauvegarder et transf\u00e9rer les historiques de mains vers un autre appareil.\" \/>\n<meta property=\"og:url\" content=\"https:\/\/hand2noteguide.com\/guide\/export-hands\/\" \/>\n<meta property=\"og:site_name\" content=\"Hand2Note Guide\" \/>\n<meta property=\"article:modified_time\" content=\"2025-06-04T16:11:45+00:00\" \/>\n<meta property=\"og:image\" content=\"https:\/\/hand2noteguide.com\/wp-content\/uploads\/2018\/08\/d0b1d0b5d0b7d18bd0bcd18fd0bdd0bdd18bd0b91.png\" \/>\n<meta name=\"twitter:card\" content=\"summary_large_image\" \/>\n<meta name=\"twitter:label1\" content=\"Est. reading time\" \/>\n\t<meta name=\"twitter:data1\" content=\"4 minutes\" \/>\n<!-- \/ Yoast SEO plugin. -->","yoast_head_json":{"title":"Comment Exporter des Mains de Poker depuis Hand2Note Sans Effort","description":"Apprenez \u00e0 exporter facilement des mains de poker depuis Hand2Note. Suivez notre guide \u00e9tape par \u00e9tape pour sauvegarder et transf\u00e9rer les historiques de mains vers un autre appareil.","robots":{"index":"index","follow":"follow","max-snippet":"max-snippet:-1","max-image-preview":"max-image-preview:large","max-video-preview":"max-video-preview:-1"},"canonical":"https:\/\/hand2noteguide.com\/guide\/export-hands\/","og_locale":"fr_FR","og_type":"article","og_title":"Comment Exporter des Mains de Poker depuis Hand2Note Sans Effort","og_description":"Apprenez \u00e0 exporter facilement des mains de poker depuis Hand2Note. Suivez notre guide \u00e9tape par \u00e9tape pour sauvegarder et transf\u00e9rer les historiques de mains vers un autre appareil.","og_url":"https:\/\/hand2noteguide.com\/guide\/export-hands\/","og_site_name":"Hand2Note Guide","article_modified_time":"2025-06-04T16:11:45+00:00","og_image":[{"url":"https:\/\/hand2noteguide.com\/wp-content\/uploads\/2018\/08\/d0b1d0b5d0b7d18bd0bcd18fd0bdd0bdd18bd0b91.png","type":"","width":"","height":""}],"twitter_card":"summary_large_image","twitter_misc":{"Est. reading time":"4 minutes"},"schema":{"@context":"https:\/\/schema.org","@graph":[]}},"jetpack_sharing_enabled":false,"_links":{"self":[{"href":"https:\/\/hand2noteguide.com\/fr\/wp-json\/wp\/v2\/pages\/166","targetHints":{"allow":["GET"]}}],"collection":[{"href":"https:\/\/hand2noteguide.com\/fr\/wp-json\/wp\/v2\/pages"}],"about":[{"href":"https:\/\/hand2noteguide.com\/fr\/wp-json\/wp\/v2\/types\/page"}],"author":[{"embeddable":true,"href":"https:\/\/hand2noteguide.com\/fr\/wp-json\/wp\/v2\/users\/1"}],"replies":[{"embeddable":true,"href":"https:\/\/hand2noteguide.com\/fr\/wp-json\/wp\/v2\/comments?post=166"}],"version-history":[{"count":17,"href":"https:\/\/hand2noteguide.com\/fr\/wp-json\/wp\/v2\/pages\/166\/revisions"}],"predecessor-version":[{"id":13550,"href":"https:\/\/hand2noteguide.com\/fr\/wp-json\/wp\/v2\/pages\/166\/revisions\/13550"}],"up":[{"embeddable":true,"href":"https:\/\/hand2noteguide.com\/fr\/wp-json\/wp\/v2\/pages\/74"}],"wp:attachment":[{"href":"https:\/\/hand2noteguide.com\/fr\/wp-json\/wp\/v2\/media?parent=166"}],"curies":[{"name":"wp","href":"https:\/\/api.w.org\/{rel}","templated":true}]}}