{"id":1730,"date":"2020-03-07T03:33:45","date_gmt":"2020-03-07T00:33:45","guid":{"rendered":"http:\/\/hand2noteguide.com\/?page_id=1730"},"modified":"2025-06-04T17:40:27","modified_gmt":"2025-06-04T14:40:27","slug":"hand2note-for-free","status":"publish","type":"page","link":"https:\/\/hand2noteguide.com\/fr\/hand2note-for-free\/","title":{"rendered":"Obtenez Hand2Note gratuitement (Hand2Note crack)"},"content":{"rendered":"\n<p>Beaucoup de joueurs de poker recherchent un crack pour Hand2Note. Mais dans ce cas, vous n&#8217;avez pas besoin d&#8217;un crack au sens standard. Vous pouvez facilement utiliser Hand2Note sans rien payer !<\/p>\n\n\n\n<div class=\"red-block\">\n<p><strong>\ud83d\udc49 Mise \u00e0 jour du 2 juin 2025 :<\/strong> Malheureusement, \u00e0 partir du 29 mai 2025, <a href=\"https:\/\/hand2noteguide.com\/fr\/hand2note-3-free-version-is-gone-what-now\/\"><strong>la version gratuite de Hand2Note n&#8217;est plus disponible \ud83e\udd7a<\/strong><\/a>. Vous devez acheter un abonnement pour continuer \u00e0 utiliser Hand2Note.<\/p>\n\n<p>D\u00e9sol\u00e9 de vous d\u00e9cevoir, mais c&#8217;\u00e9tait une d\u00e9cision officielle de Hand2Note, et cela d\u00e9passe notre contr\u00f4le. Nous sommes le revendeur n\u00b01 de Hand2Note et tout ce que nous pouvons faire, c&#8217;est vous offrir la meilleure offre pour acheter le logiciel.<\/p>\n\n<p>1\ufe0f\u20e3 Donc, si vous d\u00e9cidez de rester avec Hand2Note, vous pouvez acheter un abonnement \u00e0 <strong><a href=\"https:\/\/hand2note3.hand2note.com\/?aid=c0\" target=\"_blank\" rel=\"noopener\">Hand2Note 3<\/a><\/strong> ou <strong><a href=\"https:\/\/hand2note.com?rid=2250\" target=\"_blank\" rel=\"noopener\">Hand2Note 4<\/a><\/strong> avec notre <a href=\"https:\/\/hand2noteguide.com\/fr\/promo\/\"><strong>promo GUIDE10<\/strong><\/a>. Vous obtiendrez <strong>une r\u00e9duction instantan\u00e9e de 10% et des bonus suppl\u00e9mentaires<\/strong> \u2013 HUD gratuit et cours vid\u00e9o<strong>.<\/strong><\/p>\n\n<p>2\ufe0f\u20e3 Vous pouvez toujours <a href=\"https:\/\/hand2noteguide.com\/fr\/coinpoker-hand2note\/\">obtenir Hand2Note PRO gratuitement<\/a> si vous g\u00e9n\u00e9rez 300 $ de rake mensuel sur Coinpoker.<\/p>\n\n<p>3\ufe0f\u20e3 Si vous d\u00e9cidez de <strong>cesser d&#8217;utiliser Hand2Note<\/strong>, nous comprenons totalement cela.<\/p>\n\n<p style=\"margin-bottom:0\">Merci.<\/p>\n<\/div>\n\n\n\n<p>Le logiciel est enti\u00e8rement gratuit pour toutes les mises, avec quelques limitations sur les fonctionnalit\u00e9s. Mais les fonctionnalit\u00e9s payantes ne sont pas vraiment importantes au d\u00e9but. Donc, tout ce que vous avez \u00e0 faire maintenant est de <a href=\"https:\/\/hand2note.com\/fr\/\" target=\"_blank\" aria-label=\"undefined (ouvre dans un nouvel onglet)\" rel=\"noreferrer noopener\"><strong>t\u00e9l\u00e9charger et installer Hand2Note gratuit<\/strong><\/a>.<\/p>\n\n\n\n<figure class=\"wp-block-image\"><img loading=\"lazy\" decoding=\"async\" width=\"800\" height=\"554\" src=\"https:\/\/hand2noteguide.com\/wp-content\/uploads\/2020\/03\/hand2note-free-version-2.png\" alt=\"version gratuite de hand2note\" class=\"wp-image-1736\" srcset=\"https:\/\/hand2noteguide.com\/wp-content\/uploads\/2020\/03\/hand2note-free-version-2.png 800w, https:\/\/hand2noteguide.com\/wp-content\/uploads\/2020\/03\/hand2note-free-version-2-300x208.png 300w, https:\/\/hand2noteguide.com\/wp-content\/uploads\/2020\/03\/hand2note-free-version-2-768x532.png 768w, https:\/\/hand2noteguide.com\/wp-content\/uploads\/2020\/03\/hand2note-free-version-2-772x535.png 772w, https:\/\/hand2noteguide.com\/wp-content\/uploads\/2020\/03\/hand2note-free-version-2-624x432.png 624w\" sizes=\"auto, (max-width: 800px) 100vw, 800px\" \/><figcaption class=\"wp-element-caption\">Version gratuite de Hand2Note<\/figcaption><\/figure>\n\n\n\n<p>Veuillez noter que vous pouvez \u00e9galement <a href=\"https:\/\/hand2noteguide.com\/fr\/free-hud\/\">obtenir un HUD gratuit<\/a>. Ainsi, vous n&#8217;avez pas besoin de d\u00e9penser de l&#8217;argent pour commencer \u00e0 utiliser <a href=\"https:\/\/hand2noteguide.com\/fr\/best-poker-tracker-software\/\">le logiciel de poker le plus avanc\u00e9<\/a>.<\/p>\n\n\n\n<h2 class=\"wp-block-heading\">Quelles sont les limitations ?<\/h2>\n\n\n\n<p>Les fonctionnalit\u00e9s les plus avanc\u00e9es de Hand2Note, telles que le HUD positionnel et dynamique, <a href=\"https:\/\/hand2noteguide.com\/fr\/guide\/range-research\/\">Range Research<\/a>, l&#8217;analyse de d\u00e9cision et le popup \u00e9tendu sur les stats ne sont pas disponibles dans la version gratuite. Mais m\u00eame avec ces restrictions, Hand2Note est bien meilleur que Holdem Manager et Poker Tracker. Donc, si vous pouvez obtenir le meilleur tracker gratuitement, vous devriez certainement le faire, n&#8217;est-ce pas ?<\/p>\n\n\n\n<div class=\"green-block\">\n<p style=\"margin-bottom:10px\">\ud83d\ude80 <b>G\u00e9n\u00e9rez 300 $ de rake<\/b> sur <a href=\"\/fr\/coinpoker-hand2note\/\"><b>CoinPoker<\/b><\/a> et vous <b>obtiendrez Hand2Note PRO gratuitement !<\/b><\/p>\n<p style=\"margin-bottom:0px\"><a href=\"\/fr\/coinpoker-hand2note\/\"><b>En savoir plus \u2192<\/b><\/a><\/p>\n<\/div>\n\n\n\n<h2 class=\"wp-block-heading\">Y a-t-il un crack pour la version compl\u00e8te ?<\/h2>\n\n\n\n<p>Non, mais vous pouvez obtenir une p\u00e9riode d&#8217;essai gratuite de 30 jours. De plus, il y a une p\u00e9riode d&#8217;essai gratuite de 14 jours pour les <a href=\"https:\/\/hand2noteguide.com\/fr\/asian\/\">applications asiatiques<\/a>. Pendant la p\u00e9riode d&#8217;essai, vous pourrez utiliser toutes les fonctionnalit\u00e9s du logiciel, sauf Range Research. Apr\u00e8s l&#8217;expiration de la p\u00e9riode d&#8217;essai, Hand2Note passera automatiquement \u00e0 une version gratuite appel\u00e9e BASE. Vous n&#8217;avez rien \u00e0 faire et vous ne perdrez aucune donn\u00e9e.<\/p>\n\n\n\n<p>Cependant, il est important de noter que la version payante de Hand2Note vous offre <a href=\"https:\/\/hand2noteguide.com\/fr\/why-purchase-hand2note\/\">les fonctionnalit\u00e9s les plus avanc\u00e9es<\/a>. Donc, apr\u00e8s avoir utilis\u00e9 la version gratuite, vous pouvez envisager d&#8217;acheter. Avec l&#8217;aide des outils, vous pouvez am\u00e9liorer consid\u00e9rablement votre jeu et prendre un avantage sur vos adversaires.<\/p>\n\n\n\n<figure class=\"wp-block-image size-large\"><img loading=\"lazy\" decoding=\"async\" width=\"721\" height=\"551\" src=\"https:\/\/hand2noteguide.com\/wp-content\/uploads\/2020\/07\/hand2note-extended-popup.png\" alt=\"\" class=\"wp-image-3199\" srcset=\"https:\/\/hand2noteguide.com\/wp-content\/uploads\/2020\/07\/hand2note-extended-popup.png 721w, https:\/\/hand2noteguide.com\/wp-content\/uploads\/2020\/07\/hand2note-extended-popup-300x229.png 300w, https:\/\/hand2noteguide.com\/wp-content\/uploads\/2020\/07\/hand2note-extended-popup-624x477.png 624w\" sizes=\"auto, (max-width: 721px) 100vw, 721px\" \/><figcaption class=\"wp-element-caption\">Les popups \u00e9tendus de Hand2Note sont disponibles uniquement avec la licence PRO ou EDGE<\/figcaption><\/figure>\n\n\n\n<h2 class=\"wp-block-heading\">Comment s&#8217;adapter au nouveau logiciel ?<\/h2>\n\n\n\n<p>Le logiciel Hand2Note peut \u00eatre assez compliqu\u00e9, mais il <a href=\"\/fr\/why-hand2note\/\">vaut vraiment la peine d&#8217;\u00eatre \u00e9tudi\u00e9<\/a>. Tout d&#8217;abord, jetez un \u0153il au <a aria-label=\"manuel officiel (ouvre dans un nouvel onglet)\" rel=\"noreferrer noopener\" href=\"https:\/\/hand2note.com\/Help\/\" target=\"_blank\">manuel officiel<\/a>. Il est \u00e9galement enti\u00e8rement gratuit et contient une description de toutes les fonctions. Si vous le trouvez trop volumineux et compliqu\u00e9, faites attention \u00e0 mes <a href=\"https:\/\/hand2noteguide.com\/fr\/video-course\/\">vid\u00e9os de formation au poker<\/a> et \u00e0 mes offres de <a href=\"https:\/\/hand2noteguide.com\/fr\/training\/\">coaching personnel<\/a>. Cela vous aidera \u00e0 \u00e9tudier Hand2Note tr\u00e8s rapidement et efficacement.<\/p>\n\n\n\n<h2 class=\"wp-block-heading\">En conclusion<\/h2>\n\n\n\n<p>Hand2Note est le logiciel de poker le plus puissant et avanc\u00e9. Utiliser un logiciel moderne dans les conditions actuelles du poker est tr\u00e8s important. Et en ce moment, il est gratuit pour toutes les mises. Un crack pour Hand2Note n&#8217;est pas n\u00e9cessaire, utilisez simplement la version officielle. Vous devriez profiter de cette opportunit\u00e9 pour amener votre jeu au niveau sup\u00e9rieur.<\/p>\n","protected":false},"excerpt":{"rendered":"<p>Beaucoup de joueurs de poker recherchent un crack pour Hand2Note. Mais dans ce cas, vous n&#8217;avez pas besoin d&#8217;un crack au sens standard. Vous pouvez facilement utiliser Hand2Note sans rien payer ! \ud83d\udc49 Mise \u00e0 jour du 2 juin 2025 : Malheureusement, \u00e0 partir du 29 mai 2025, la version gratuite de Hand2Note n&#8217;est plus &hellip; <a href=\"https:\/\/hand2noteguide.com\/fr\/hand2note-for-free\/\" class=\"more-link\">Continue reading <span class=\"screen-reader-text\">Obtenez Hand2Note gratuitement (Hand2Note crack)<\/span><\/a><\/p>\n","protected":false},"author":1,"featured_media":0,"parent":0,"menu_order":0,"comment_status":"closed","ping_status":"closed","template":"page-templates\/full-width-page.php","meta":{"footnotes":""},"class_list":["post-1730","page","type-page","status-publish","hentry"],"translation":{"provider":"WPGlobus","version":"3.0.2","language":"fr","enabled_languages":["en","ru","pt","zh","es","fr","de","it","ja"],"languages":{"en":{"title":true,"content":true,"excerpt":false},"ru":{"title":true,"content":true,"excerpt":false},"pt":{"title":true,"content":true,"excerpt":false},"zh":{"title":true,"content":true,"excerpt":false},"es":{"title":true,"content":true,"excerpt":false},"fr":{"title":true,"content":true,"excerpt":false},"de":{"title":true,"content":true,"excerpt":false},"it":{"title":true,"content":true,"excerpt":false},"ja":{"title":true,"content":true,"excerpt":false}}},"yoast_head":"<!-- This site is optimized with the Yoast SEO plugin v27.0 - https:\/\/yoast.com\/product\/yoast-seo-wordpress\/ -->\n<title>Hand2Note (crack) GRATUITEMENT maintenant - Guide Hand2Note<\/title>\n<meta name=\"description\" content=\"Hand2Note est le meilleur logiciel de suivi de poker sur le march\u00e9. Commencez \u00e0 utiliser ce programme de poker gratuitement avec un astucieux crack pour Hand2Note !\" \/>\n<meta name=\"robots\" content=\"index, follow, max-snippet:-1, max-image-preview:large, max-video-preview:-1\" \/>\n<link rel=\"canonical\" href=\"https:\/\/hand2noteguide.com\/hand2note-for-free\/\" \/>\n<meta property=\"og:locale\" content=\"fr_FR\" \/>\n<meta property=\"og:type\" content=\"article\" \/>\n<meta property=\"og:title\" content=\"Hand2Note (crack) GRATUITEMENT maintenant - Guide Hand2Note\" \/>\n<meta property=\"og:description\" content=\"Hand2Note est le meilleur logiciel de suivi de poker sur le march\u00e9. Commencez \u00e0 utiliser ce programme de poker gratuitement avec un astucieux crack pour Hand2Note !\" \/>\n<meta property=\"og:url\" content=\"https:\/\/hand2noteguide.com\/hand2note-for-free\/\" \/>\n<meta property=\"og:site_name\" content=\"Hand2Note Guide\" \/>\n<meta property=\"article:modified_time\" content=\"2025-06-04T14:40:27+00:00\" \/>\n<meta property=\"og:image\" content=\"https:\/\/hand2noteguide.com\/wp-content\/uploads\/2020\/03\/hand2note-free-version-2.png\" \/>\n<meta name=\"twitter:card\" content=\"summary_large_image\" \/>\n<meta name=\"twitter:label1\" content=\"Est. reading time\" \/>\n\t<meta name=\"twitter:data1\" content=\"20 minutes\" \/>\n<!-- \/ Yoast SEO plugin. -->","yoast_head_json":{"title":"Hand2Note (crack) GRATUITEMENT maintenant - Guide Hand2Note","description":"Hand2Note est le meilleur logiciel de suivi de poker sur le march\u00e9. Commencez \u00e0 utiliser ce programme de poker gratuitement avec un astucieux crack pour Hand2Note !","robots":{"index":"index","follow":"follow","max-snippet":"max-snippet:-1","max-image-preview":"max-image-preview:large","max-video-preview":"max-video-preview:-1"},"canonical":"https:\/\/hand2noteguide.com\/hand2note-for-free\/","og_locale":"fr_FR","og_type":"article","og_title":"Hand2Note (crack) GRATUITEMENT maintenant - Guide Hand2Note","og_description":"Hand2Note est le meilleur logiciel de suivi de poker sur le march\u00e9. Commencez \u00e0 utiliser ce programme de poker gratuitement avec un astucieux crack pour Hand2Note !","og_url":"https:\/\/hand2noteguide.com\/hand2note-for-free\/","og_site_name":"Hand2Note Guide","article_modified_time":"2025-06-04T14:40:27+00:00","og_image":[{"url":"https:\/\/hand2noteguide.com\/wp-content\/uploads\/2020\/03\/hand2note-free-version-2.png","type":"","width":"","height":""}],"twitter_card":"summary_large_image","twitter_misc":{"Est. reading time":"20 minutes"},"schema":{"@context":"https:\/\/schema.org","@graph":[]}},"jetpack_sharing_enabled":true,"_links":{"self":[{"href":"https:\/\/hand2noteguide.com\/fr\/wp-json\/wp\/v2\/pages\/1730","targetHints":{"allow":["GET"]}}],"collection":[{"href":"https:\/\/hand2noteguide.com\/fr\/wp-json\/wp\/v2\/pages"}],"about":[{"href":"https:\/\/hand2noteguide.com\/fr\/wp-json\/wp\/v2\/types\/page"}],"author":[{"embeddable":true,"href":"https:\/\/hand2noteguide.com\/fr\/wp-json\/wp\/v2\/users\/1"}],"replies":[{"embeddable":true,"href":"https:\/\/hand2noteguide.com\/fr\/wp-json\/wp\/v2\/comments?post=1730"}],"version-history":[{"count":110,"href":"https:\/\/hand2noteguide.com\/fr\/wp-json\/wp\/v2\/pages\/1730\/revisions"}],"predecessor-version":[{"id":13508,"href":"https:\/\/hand2noteguide.com\/fr\/wp-json\/wp\/v2\/pages\/1730\/revisions\/13508"}],"wp:attachment":[{"href":"https:\/\/hand2noteguide.com\/fr\/wp-json\/wp\/v2\/media?parent=1730"}],"curies":[{"name":"wp","href":"https:\/\/api.w.org\/{rel}","templated":true}]}}