{"id":1759,"date":"2020-03-07T09:42:57","date_gmt":"2020-03-07T06:42:57","guid":{"rendered":"http:\/\/hand2noteguide.com\/?page_id=1759"},"modified":"2025-06-04T17:39:12","modified_gmt":"2025-06-04T14:39:12","slug":"hand2note-hud","status":"publish","type":"page","link":"https:\/\/hand2noteguide.com\/fr\/hand2note-hud\/","title":{"rendered":"Hand2Note HUD : lequel est le meilleur ?"},"content":{"rendered":"\n<p>Supposons que vous ayez d\u00e9j\u00e0 install\u00e9 Hand2Note et commenc\u00e9 \u00e0 l&#8217;utiliser. Vous avez probablement rencontr\u00e9 la question importante : quel Hand2Note HUD est-il pr\u00e9f\u00e9rable d&#8217;utiliser ? Dois-je configurer le HUD moi-m\u00eame ? Ou cela ne vaut-il pas la peine de perdre du temps et vaut-il mieux trouver une solution pr\u00eate \u00e0 l&#8217;emploi ? Nous allons essayer de d\u00e9terminer dans cet article quelle est la meilleure option pour vous.<\/p>\n\n\n\n<h2 class=\"wp-block-heading\">Essayez les profils par d\u00e9faut<\/h2>\n\n\n\n<p>Il existe de nombreux HUDs diff\u00e9rents pour Hand2Note. Tout d&#8217;abord, il y a deux profils standard dans le programme par d\u00e9faut. Lorsque nous disons &#8220;profil&#8221; ou &#8220;pack&#8221;, nous entendons l&#8217;ensemble des stats, HUD et popups. Donc, au d\u00e9but, vous pouvez utiliser le HUD par d\u00e9faut. Il contient uniquement les informations les plus basiques et importantes : pseudo, VPIP, PFR et nombre de mains.<\/p>\n\n\n\n<figure class=\"wp-block-image\"><img loading=\"lazy\" decoding=\"async\" width=\"681\" height=\"436\" src=\"https:\/\/hand2noteguide.com\/wp-content\/uploads\/2020\/03\/hand2note-default-hud-1.png\" alt=\"hand2note default HUD\" class=\"wp-image-1820\" srcset=\"https:\/\/hand2noteguide.com\/wp-content\/uploads\/2020\/03\/hand2note-default-hud-1.png 681w, https:\/\/hand2noteguide.com\/wp-content\/uploads\/2020\/03\/hand2note-default-hud-1-300x192.png 300w, https:\/\/hand2noteguide.com\/wp-content\/uploads\/2020\/03\/hand2note-default-hud-1-624x400.png 624w\" sizes=\"auto, (max-width: 681px) 100vw, 681px\" \/><figcaption>HUD par d\u00e9faut de Hand2Note<\/figcaption><\/figure>\n\n\n\n<h2 class=\"wp-block-heading\">Cr\u00e9ez votre propre Hand2Note HUD<\/h2>\n\n\n\n<p>Si vous pensez que le simple HUD par d\u00e9faut ne vous suffit pas, vous pouvez envisager diff\u00e9rentes options. Principalement, personne ne cr\u00e9era un HUD adapt\u00e9 pour vous mieux que vous-m\u00eame. Et \u00e9tant donn\u00e9 que Hand2Note vous fournit des outils flexibles et intuitifs, vous pouvez cr\u00e9er votre propre profil.<\/p>\n\n\n\n<figure class=\"wp-block-image\"><img loading=\"lazy\" decoding=\"async\" width=\"1024\" height=\"611\" src=\"https:\/\/hand2noteguide.com\/wp-content\/uploads\/2020\/03\/hand2note-hud-editor-1024x611.png\" alt=\"hand2note hud editor\" class=\"wp-image-1825\" srcset=\"https:\/\/hand2noteguide.com\/wp-content\/uploads\/2020\/03\/hand2note-hud-editor-1024x611.png 1024w, https:\/\/hand2noteguide.com\/wp-content\/uploads\/2020\/03\/hand2note-hud-editor-300x179.png 300w, https:\/\/hand2noteguide.com\/wp-content\/uploads\/2020\/03\/hand2note-hud-editor-768x458.png 768w, https:\/\/hand2noteguide.com\/wp-content\/uploads\/2020\/03\/hand2note-hud-editor-772x460.png 772w, https:\/\/hand2noteguide.com\/wp-content\/uploads\/2020\/03\/hand2note-hud-editor-624x372.png 624w, https:\/\/hand2noteguide.com\/wp-content\/uploads\/2020\/03\/hand2note-hud-editor.png 1489w\" sizes=\"auto, (max-width: 1024px) 100vw, 1024px\" \/><figcaption>\u00c9diteur de HUD de Hand2Note<\/figcaption><\/figure>\n\n\n\n<p>Il convient de noter que, m\u00eame si le processus de cr\u00e9ation de HUD, popups et stats n&#8217;est pas si compliqu\u00e9, il peut prendre beaucoup de temps.<\/p>\n\n\n\n<h2 class=\"wp-block-heading\">Explorez les HUDs commerciaux<\/h2>\n\n\n\n<p>Si vous souhaitez gagner du temps, vous devriez pr\u00eater attention aux solutions pr\u00eates \u00e0 l&#8217;emploi. <a href=\"https:\/\/hand2noteguide.com\/fr\/hud-store\/\">Hand2Note HUD&amp;popup store<\/a> contient les meilleurs packs pour diff\u00e9rents types de jeux. Tous les HUDs sont r\u00e9alis\u00e9s en collaboration avec des joueurs professionnels et bien test\u00e9s sur une longue distance. De plus, tous les profils de notre magasin sont ouverts \u00e0 l&#8217;\u00e9dition, vous pourrez donc les modifier comme vous le souhaitez.<\/p>\n\n\n\n<figure class=\"wp-block-image size-large\"><img loading=\"lazy\" decoding=\"async\" width=\"1024\" height=\"508\" src=\"https:\/\/hand2noteguide.com\/wp-content\/uploads\/2020\/07\/hand2note-best-hud-1-1024x508.png\" alt=\"hand2note commercial popup\" class=\"wp-image-3261\" srcset=\"https:\/\/hand2noteguide.com\/wp-content\/uploads\/2020\/07\/hand2note-best-hud-1-1024x508.png 1024w, https:\/\/hand2noteguide.com\/wp-content\/uploads\/2020\/07\/hand2note-best-hud-1-300x149.png 300w, https:\/\/hand2noteguide.com\/wp-content\/uploads\/2020\/07\/hand2note-best-hud-1-768x381.png 768w, https:\/\/hand2noteguide.com\/wp-content\/uploads\/2020\/07\/hand2note-best-hud-1-772x383.png 772w, https:\/\/hand2noteguide.com\/wp-content\/uploads\/2020\/07\/hand2note-best-hud-1-624x310.png 624w, https:\/\/hand2noteguide.com\/wp-content\/uploads\/2020\/07\/hand2note-best-hud-1.png 1155w\" sizes=\"auto, (max-width: 1024px) 100vw, 1024px\" \/><figcaption>Exemple de popup commercial. C&#8217;est une partie du pack Venom du magasin<\/figcaption><\/figure>\n\n\n\n<h2 class=\"wp-block-heading\">Commandez un HUD priv\u00e9<\/h2>\n\n\n\n<p>Au cas o\u00f9 vous n&#8217;aimeriez aucun des HUDs commerciaux pr\u00eats \u00e0 l&#8217;emploi, mais que vous souhaitez toujours gagner du temps, vous pouvez <a href=\"https:\/\/hand2noteguide.com\/fr\/hud-store\/custom-hud-order\/\">commander un HUD priv\u00e9<\/a>. Cette option serait \u00e9galement id\u00e9ale pour les joueurs qui vont <a href=\"https:\/\/hand2noteguide.com\/fr\/switch-from-hm2\/\">passer \u00e0 Hand2Note depuis d&#8217;autres trackers<\/a>. L&#8217;\u00e9quipe professionnelle concevra un HUD selon votre mod\u00e8le. Toutes les statistiques seront test\u00e9es pour s&#8217;assurer que tout fonctionne correctement.<\/p>\n\n\n\n<div class=\"wpcf7 no-js\" id=\"wpcf7-f4410-o1\" lang=\"en-US\" dir=\"ltr\" data-wpcf7-id=\"4410\">\n<div class=\"screen-reader-response\"><p role=\"status\" aria-live=\"polite\" aria-atomic=\"true\"><\/p> <ul><\/ul><\/div>\n<form action=\"\/fr\/wp-json\/wp\/v2\/pages\/1759#wpcf7-f4410-o1\" method=\"post\" class=\"wpcf7-form init\" aria-label=\"Contact form\" novalidate=\"novalidate\" data-status=\"init\">\n<fieldset class=\"hidden-fields-container\"><input type=\"hidden\" name=\"_wpcf7\" value=\"4410\" \/><input type=\"hidden\" name=\"_wpcf7_version\" value=\"6.1.5\" \/><input type=\"hidden\" name=\"_wpcf7_locale\" value=\"en_US\" \/><input type=\"hidden\" name=\"_wpcf7_unit_tag\" value=\"wpcf7-f4410-o1\" \/><input type=\"hidden\" name=\"_wpcf7_container_post\" value=\"0\" \/><input type=\"hidden\" name=\"_wpcf7_posted_data_hash\" value=\"\" \/><input type=\"hidden\" name=\"_wpcf7_recaptcha_response\" value=\"\" \/>\n<\/fieldset>\n<p>Your Email, Skype or Discord<br \/>\n<span class=\"wpcf7-form-control-wrap\" data-name=\"Contact\"><input size=\"40\" maxlength=\"400\" class=\"wpcf7-form-control wpcf7-text wpcf7-validates-as-required\" aria-required=\"true\" aria-invalid=\"false\" value=\"\" type=\"text\" name=\"Contact\" \/><\/span>\n<\/p>\n<p style=\"margin:-18px 0 20px 0\" class=\"secure-payment\">We'll contact you in the preferred way.\n<\/p>\n<p>Briefly describe your request<br \/>\n<span class=\"wpcf7-form-control-wrap\" data-name=\"Info\"><textarea cols=\"40\" rows=\"10\" maxlength=\"2000\" class=\"wpcf7-form-control wpcf7-textarea\" aria-invalid=\"false\" name=\"Info\"><\/textarea><\/span>\n<\/p>\n<p style=\"margin:-18px 0 20px 0\" class=\"secure-payment\">You may also leave the field empty for now, we can discuss the details personally.\n<\/p>\n<p><input class=\"wpcf7-form-control wpcf7-submit has-spinner\" type=\"submit\" value=\"Send\" \/>\n<\/p><div class=\"wpcf7-response-output\" aria-hidden=\"true\"><\/div>\n<\/form>\n<\/div>\n\n\n\n\n<h2 class=\"wp-block-heading\">Utilisez le HUD automatique<\/h2>\n\n\n\n<p>La derni\u00e8re option de la liste est <a aria-label=\"Auto HUD (s'ouvrira dans un nouvel onglet)\" href=\"https:\/\/www.hand2note.com\/Help\/pages\/AutoHud\/\" target=\"_blank\" rel=\"noreferrer noopener\">Auto HUD<\/a>. C&#8217;est la nouvelle fonctionnalit\u00e9 de Hand2Note. Elle vous montre automatiquement les statistiques les plus pertinentes pour la situation de jeu actuelle. Vous n&#8217;avez rien \u00e0 configurer pour que cela fonctionne. C&#8217;est une fonctionnalit\u00e9 tr\u00e8s utile, mais la plupart des joueurs l&#8217;utilisent en compl\u00e9ment du HUD principal. Probablement que le HUD par d\u00e9faut + auto HUD suffiront et que vous n&#8217;aurez pas besoin de chercher des packs commerciaux ou de passer du temps \u00e0 personnaliser le HUD.<\/p>\n\n\n\n<figure class=\"wp-block-image\"><img loading=\"lazy\" decoding=\"async\" width=\"396\" height=\"252\" src=\"https:\/\/hand2noteguide.com\/wp-content\/uploads\/2020\/03\/hand2note-auto-hud.png\" alt=\"hand2note auto hud\" class=\"wp-image-1843\" srcset=\"https:\/\/hand2noteguide.com\/wp-content\/uploads\/2020\/03\/hand2note-auto-hud.png 396w, https:\/\/hand2noteguide.com\/wp-content\/uploads\/2020\/03\/hand2note-auto-hud-300x191.png 300w\" sizes=\"auto, (max-width: 396px) 100vw, 396px\" \/><figcaption>Exemple de HUD automatique de Hand2Note : Il montre la valeur de la statistique d&#8217;open raise du joueur lorsqu&#8217;il effectue effectivement un open raise<\/figcaption><\/figure>\n\n\n\n<p>Le HUD automatique n&#8217;est disponible que sur l&#8217;abonnement PRO. Vous pouvez donc <a href=\"https:\/\/hand2noteguide.com\/fr\/promo\/\">acheter la version PRO avec une r\u00e9duction<\/a> pour acc\u00e9der \u00e0 cette fonction.<\/p>\n\n\n\n<h2 class=\"wp-block-heading\">Conclusion<\/h2>\n\n\n\n<p>Il existe de nombreuses options de HUD diff\u00e9rentes pour Hand2Note. Vous pouvez :<\/p>\n\n\n\n<ul class=\"wp-block-list\"><li>utiliser les profils de HUD par d\u00e9faut ;<\/li><li>cr\u00e9er votre propre HUD avec les outils de Hand2Note ;<\/li><li>acheter un pack pr\u00eat \u00e0 l&#8217;emploi dans notre magasin ;<\/li><li>commander un HUD priv\u00e9 ;<\/li><li>utiliser la toute nouvelle fonctionnalit\u00e9 de HUD automatique.<\/li><\/ul>\n\n\n\n<p>Prenez en compte toutes les options possibles et choisissez le meilleur HUD pour vous.<\/p>\n","protected":false},"excerpt":{"rendered":"<p>Supposons que vous ayez d\u00e9j\u00e0 install\u00e9 Hand2Note et commenc\u00e9 \u00e0 l&#8217;utiliser. Vous avez probablement rencontr\u00e9 la question importante : quel Hand2Note HUD est-il pr\u00e9f\u00e9rable d&#8217;utiliser ? Dois-je configurer le HUD moi-m\u00eame ? Ou cela ne vaut-il pas la peine de perdre du temps et vaut-il mieux trouver une solution pr\u00eate \u00e0 l&#8217;emploi ? Nous allons &hellip; <a href=\"https:\/\/hand2noteguide.com\/fr\/hand2note-hud\/\" class=\"more-link\">Continue reading <span class=\"screen-reader-text\">Hand2Note HUD : lequel est le meilleur ?<\/span><\/a><\/p>\n","protected":false},"author":1,"featured_media":0,"parent":0,"menu_order":0,"comment_status":"closed","ping_status":"closed","template":"page-templates\/full-width-page.php","meta":{"footnotes":""},"class_list":["post-1759","page","type-page","status-publish","hentry"],"translation":{"provider":"WPGlobus","version":"3.0.2","language":"fr","enabled_languages":["en","ru","pt","zh","es","fr","de","it","ja"],"languages":{"en":{"title":true,"content":true,"excerpt":false},"ru":{"title":true,"content":true,"excerpt":false},"pt":{"title":true,"content":true,"excerpt":false},"zh":{"title":true,"content":true,"excerpt":false},"es":{"title":true,"content":true,"excerpt":false},"fr":{"title":true,"content":true,"excerpt":false},"de":{"title":true,"content":true,"excerpt":false},"it":{"title":true,"content":true,"excerpt":false},"ja":{"title":true,"content":true,"excerpt":false}}},"yoast_head":"<!-- This site is optimized with the Yoast SEO plugin v27.0 - https:\/\/yoast.com\/product\/yoast-seo-wordpress\/ -->\n<title>Meilleur Hand2Note HUD : Choisissez l&#039;Option Qui Vous Convient<\/title>\n<meta name=\"description\" content=\"Comment comprendre quel Hand2Note HUD est meilleur et comment commencer \u00e0 l&#039;utiliser ? Consultez cet article et vous pourrez rapidement obtenir le HUD adapt\u00e9 \u00e0 vos besoins.\" \/>\n<meta name=\"robots\" content=\"index, follow, max-snippet:-1, max-image-preview:large, max-video-preview:-1\" \/>\n<link rel=\"canonical\" href=\"https:\/\/hand2noteguide.com\/hand2note-hud\/\" \/>\n<meta property=\"og:locale\" content=\"fr_FR\" \/>\n<meta property=\"og:type\" content=\"article\" \/>\n<meta property=\"og:title\" content=\"Meilleur Hand2Note HUD : Choisissez l&#039;Option Qui Vous Convient\" \/>\n<meta property=\"og:description\" content=\"Comment comprendre quel Hand2Note HUD est meilleur et comment commencer \u00e0 l&#039;utiliser ? Consultez cet article et vous pourrez rapidement obtenir le HUD adapt\u00e9 \u00e0 vos besoins.\" \/>\n<meta property=\"og:url\" content=\"https:\/\/hand2noteguide.com\/hand2note-hud\/\" \/>\n<meta property=\"og:site_name\" content=\"Hand2Note Guide\" \/>\n<meta property=\"article:modified_time\" content=\"2025-06-04T14:39:12+00:00\" \/>\n<meta property=\"og:image\" content=\"https:\/\/hand2noteguide.com\/wp-content\/uploads\/2020\/03\/hand2note-default-hud-1.png\" \/>\n<meta name=\"twitter:card\" content=\"summary_large_image\" \/>\n<meta name=\"twitter:label1\" content=\"Est. reading time\" \/>\n\t<meta name=\"twitter:data1\" content=\"18 minutes\" \/>\n<!-- \/ Yoast SEO plugin. -->","yoast_head_json":{"title":"Meilleur Hand2Note HUD : Choisissez l'Option Qui Vous Convient","description":"Comment comprendre quel Hand2Note HUD est meilleur et comment commencer \u00e0 l'utiliser ? Consultez cet article et vous pourrez rapidement obtenir le HUD adapt\u00e9 \u00e0 vos besoins.","robots":{"index":"index","follow":"follow","max-snippet":"max-snippet:-1","max-image-preview":"max-image-preview:large","max-video-preview":"max-video-preview:-1"},"canonical":"https:\/\/hand2noteguide.com\/hand2note-hud\/","og_locale":"fr_FR","og_type":"article","og_title":"Meilleur Hand2Note HUD : Choisissez l'Option Qui Vous Convient","og_description":"Comment comprendre quel Hand2Note HUD est meilleur et comment commencer \u00e0 l'utiliser ? Consultez cet article et vous pourrez rapidement obtenir le HUD adapt\u00e9 \u00e0 vos besoins.","og_url":"https:\/\/hand2noteguide.com\/hand2note-hud\/","og_site_name":"Hand2Note Guide","article_modified_time":"2025-06-04T14:39:12+00:00","og_image":[{"url":"https:\/\/hand2noteguide.com\/wp-content\/uploads\/2020\/03\/hand2note-default-hud-1.png","type":"","width":"","height":""}],"twitter_card":"summary_large_image","twitter_misc":{"Est. reading time":"18 minutes"},"schema":{"@context":"https:\/\/schema.org","@graph":[]}},"jetpack_sharing_enabled":true,"_links":{"self":[{"href":"https:\/\/hand2noteguide.com\/fr\/wp-json\/wp\/v2\/pages\/1759","targetHints":{"allow":["GET"]}}],"collection":[{"href":"https:\/\/hand2noteguide.com\/fr\/wp-json\/wp\/v2\/pages"}],"about":[{"href":"https:\/\/hand2noteguide.com\/fr\/wp-json\/wp\/v2\/types\/page"}],"author":[{"embeddable":true,"href":"https:\/\/hand2noteguide.com\/fr\/wp-json\/wp\/v2\/users\/1"}],"replies":[{"embeddable":true,"href":"https:\/\/hand2noteguide.com\/fr\/wp-json\/wp\/v2\/comments?post=1759"}],"version-history":[{"count":71,"href":"https:\/\/hand2noteguide.com\/fr\/wp-json\/wp\/v2\/pages\/1759\/revisions"}],"predecessor-version":[{"id":13507,"href":"https:\/\/hand2noteguide.com\/fr\/wp-json\/wp\/v2\/pages\/1759\/revisions\/13507"}],"wp:attachment":[{"href":"https:\/\/hand2noteguide.com\/fr\/wp-json\/wp\/v2\/media?parent=1759"}],"curies":[{"name":"wp","href":"https:\/\/api.w.org\/{rel}","templated":true}]}}