{"id":1766,"date":"2020-03-09T07:11:39","date_gmt":"2020-03-09T04:11:39","guid":{"rendered":"http:\/\/hand2noteguide.com\/?page_id=1766"},"modified":"2025-06-04T17:38:05","modified_gmt":"2025-06-04T14:38:05","slug":"free-hud","status":"publish","type":"page","link":"https:\/\/hand2noteguide.com\/fr\/free-hud\/","title":{"rendered":"HUD Gratuit"},"content":{"rendered":"\n<p>\ud83d\udcdd&nbsp;<em>Derni\u00e8re mise \u00e0 jour : 16 f\u00e9vrier 2025.<\/em><\/p>\n\n\n\n<p>Vous pouvez facilement <a href=\"https:\/\/hand2noteguide.com\/fr\/hand2note-for-free\/\">commencer \u00e0 utiliser Hand2Note gratuitement<\/a> sans aucun crack. Mais comment obtenir un HUD Hand2Note gratuit ? Il y a quelques options possibles que nous examinerons dans cet article.<\/p>\n\n\n\n<p>Tous les HUDs mentionn\u00e9s ci-dessous conviennent aux versions&nbsp;<a href=\"https:\/\/hand2noteguide.com\/fr\/basic-setup\/\">Hand2Note 3<\/a>&nbsp;et&nbsp;<a href=\"https:\/\/hand2noteguide.com\/fr\/hand2note-4-getting-started\/\">Hand2Note 4<\/a>.<\/p>\n\n\n\n<h2 class=\"wp-block-heading\">Obtenez le HUD Cosmos gratuit par Roman Belousov<\/h2>\n\n\n\n<p>Tout d&#8217;abord, nous proposons un HUD compl\u00e8tement gratuit de <a aria-label=\"undefined (ouvre dans un nouvel onglet)\" href=\"https:\/\/hudstore.poker\/vendors\/belousov-roman\" target=\"_blank\" rel=\"noreferrer noopener\">Roman Belousov<\/a> &#8211; l&#8217;expert officiel du HUD Hand2Note. Il existe deux versions pour les joueurs de Cash et de tournoi. Les deux versions contiennent les statistiques les plus pertinentes et utiles.<\/p>\n\n\n\n<figure class=\"wp-block-gallery has-nested-images columns-default is-cropped wp-block-gallery-1 is-layout-flex wp-block-gallery-is-layout-flex\">\n<figure class=\"wp-block-image size-large\"><img loading=\"lazy\" decoding=\"async\" width=\"1024\" height=\"737\" data-id=\"9049\" src=\"http:\/\/hand2noteguide.com\/wp-content\/uploads\/2025\/02\/cosmos-free-cash-1024x737.webp\" alt=\"Cosmos Free Cash Poker HUD\" class=\"wp-image-9049\" srcset=\"https:\/\/hand2noteguide.com\/wp-content\/uploads\/2025\/02\/cosmos-free-cash-1024x737.webp 1024w, https:\/\/hand2noteguide.com\/wp-content\/uploads\/2025\/02\/cosmos-free-cash-300x216.webp 300w, https:\/\/hand2noteguide.com\/wp-content\/uploads\/2025\/02\/cosmos-free-cash-768x553.webp 768w, https:\/\/hand2noteguide.com\/wp-content\/uploads\/2025\/02\/cosmos-free-cash-1536x1106.webp 1536w, https:\/\/hand2noteguide.com\/wp-content\/uploads\/2025\/02\/cosmos-free-cash-772x556.webp 772w, https:\/\/hand2noteguide.com\/wp-content\/uploads\/2025\/02\/cosmos-free-cash-624x449.webp 624w, https:\/\/hand2noteguide.com\/wp-content\/uploads\/2025\/02\/cosmos-free-cash.webp 1560w\" sizes=\"auto, (max-width: 1024px) 100vw, 1024px\" \/><\/figure>\n\n\n\n<figure class=\"wp-block-image size-large\"><img loading=\"lazy\" decoding=\"async\" width=\"1024\" height=\"728\" data-id=\"9048\" src=\"http:\/\/hand2noteguide.com\/wp-content\/uploads\/2025\/02\/cosmos-free-mtt-1024x728.webp\" alt=\"Cosmos Free MTT Poker HUD\" class=\"wp-image-9048\" srcset=\"https:\/\/hand2noteguide.com\/wp-content\/uploads\/2025\/02\/cosmos-free-mtt-1024x728.webp 1024w, https:\/\/hand2noteguide.com\/wp-content\/uploads\/2025\/02\/cosmos-free-mtt-300x213.webp 300w, https:\/\/hand2noteguide.com\/wp-content\/uploads\/2025\/02\/cosmos-free-mtt-768x546.webp 768w, https:\/\/hand2noteguide.com\/wp-content\/uploads\/2025\/02\/cosmos-free-mtt-1536x1093.webp 1536w, https:\/\/hand2noteguide.com\/wp-content\/uploads\/2025\/02\/cosmos-free-mtt-772x549.webp 772w, https:\/\/hand2noteguide.com\/wp-content\/uploads\/2025\/02\/cosmos-free-mtt-624x444.webp 624w, https:\/\/hand2noteguide.com\/wp-content\/uploads\/2025\/02\/cosmos-free-mtt.webp 1590w\" sizes=\"auto, (max-width: 1024px) 100vw, 1024px\" \/><\/figure>\n<\/figure>\n\n\n\n<p>Ce HUD de poker ne contient aucune option positionnelle et dynamique, vous pouvez donc l&#8217;utiliser comme votre <a href=\"https:\/\/hand2noteguide.com\/fr\/pokerstars-hud\/\">HUD principal pour PokerStars<\/a>. Il est enti\u00e8rement conforme \u00e0 la politique de cette salle. Toutes les statistiques suppl\u00e9mentaires pour diff\u00e9rentes positions sont dans les popups.<\/p>\n\n\n\n<p style=\"margin-top:24px\"><a style=\"font-weight:bold !important;background-color: #2682a9\" href=\"\/fr\/free-hud\/get-hand2note-cosmos-hud\/\" class=\"article-action-link\">Obtenez le HUD Cosmos \u2192<\/a><\/p>\n\n\n\n<h2 class=\"wp-block-heading\">Obtenez le HUD Simple Cash par Nick Korolev<\/h2>\n\n\n\n<p>Si vous \u00eates un joueur r\u00e9gulier de cash games, jetez un \u0153il au package <a aria-label=\"undefined (ouvre dans un nouvel onglet)\" href=\"https:\/\/hudstore.poker\/products\/simple-cash\" target=\"_blank\" rel=\"noreferrer noopener\">Simple Cash<\/a> par <a href=\"https:\/\/hand2noteguide.com\/fr\/about-us\/\">Nick Korolev<\/a> &#8211; membre de l&#8217;\u00e9quipe Hand2Note et pro des cash games. Il contient 3 HUDs simples mais efficaces avec des popups sp\u00e9ciaux assign\u00e9s \u00e0 chaque cellule.<\/p>\n\n\n\n<figure class=\"wp-block-gallery has-nested-images columns-default is-cropped wp-block-gallery-2 is-layout-flex wp-block-gallery-is-layout-flex\">\n<figure class=\"wp-block-image size-large\"><img loading=\"lazy\" decoding=\"async\" width=\"1024\" height=\"737\" data-id=\"9046\" src=\"http:\/\/hand2noteguide.com\/wp-content\/uploads\/2025\/02\/simple-cash-hud-1024x737.webp\" alt=\"Simple Cash Hand2Note HUD\" class=\"wp-image-9046\" srcset=\"https:\/\/hand2noteguide.com\/wp-content\/uploads\/2025\/02\/simple-cash-hud-1024x737.webp 1024w, https:\/\/hand2noteguide.com\/wp-content\/uploads\/2025\/02\/simple-cash-hud-300x216.webp 300w, https:\/\/hand2noteguide.com\/wp-content\/uploads\/2025\/02\/simple-cash-hud-768x552.webp 768w, https:\/\/hand2noteguide.com\/wp-content\/uploads\/2025\/02\/simple-cash-hud-1536x1105.webp 1536w, https:\/\/hand2noteguide.com\/wp-content\/uploads\/2025\/02\/simple-cash-hud-772x555.webp 772w, https:\/\/hand2noteguide.com\/wp-content\/uploads\/2025\/02\/simple-cash-hud-624x449.webp 624w, https:\/\/hand2noteguide.com\/wp-content\/uploads\/2025\/02\/simple-cash-hud.webp 1607w\" sizes=\"auto, (max-width: 1024px) 100vw, 1024px\" \/><figcaption class=\"wp-element-caption\">HUD<\/figcaption><\/figure>\n\n\n\n<figure class=\"wp-block-image size-large\"><img loading=\"lazy\" decoding=\"async\" width=\"1024\" height=\"706\" data-id=\"9045\" src=\"http:\/\/hand2noteguide.com\/wp-content\/uploads\/2025\/02\/simple-cash-popup-1024x706.webp\" alt=\"Simple Cash Hand2Note Popup\" class=\"wp-image-9045\" srcset=\"https:\/\/hand2noteguide.com\/wp-content\/uploads\/2025\/02\/simple-cash-popup-1024x706.webp 1024w, https:\/\/hand2noteguide.com\/wp-content\/uploads\/2025\/02\/simple-cash-popup-300x207.webp 300w, https:\/\/hand2noteguide.com\/wp-content\/uploads\/2025\/02\/simple-cash-popup-768x530.webp 768w, https:\/\/hand2noteguide.com\/wp-content\/uploads\/2025\/02\/simple-cash-popup-1536x1059.webp 1536w, https:\/\/hand2noteguide.com\/wp-content\/uploads\/2025\/02\/simple-cash-popup-772x533.webp 772w, https:\/\/hand2noteguide.com\/wp-content\/uploads\/2025\/02\/simple-cash-popup-624x430.webp 624w, https:\/\/hand2noteguide.com\/wp-content\/uploads\/2025\/02\/simple-cash-popup.webp 1731w\" sizes=\"auto, (max-width: 1024px) 100vw, 1024px\" \/><figcaption class=\"wp-element-caption\">Popup<\/figcaption><\/figure>\n<\/figure>\n\n\n\n<p>Vous pouvez obtenir Simple Cash et 6 autres HUDs pour tous les types de jeux gratuitement dans le cadre de la promo <a href=\"https:\/\/hand2noteguide.com\/fr\/promo\/\">GUIDE10<\/a>.<\/p>\n\n\n\n<p style=\"margin-top:24px\"><a style=\"font-weight:bold !important\" href=\"\/fr\/hud-store\/simple-cash-pack-for-free\/\" class=\"article-action-link\">Obtenez le HUD Simple Cash \u2192<\/a><\/p>\n\n\n\n<h2 class=\"wp-block-heading\">Essayez le HUD standard<\/h2>\n\n\n\n<p>De plus, vous pouvez utiliser les profils de HUD et de popup standard de Hand2Note qui sont pr\u00e9sent\u00e9s dans le logiciel par d\u00e9faut. Ils sont appel\u00e9s &#8220;default&#8221; et &#8220;PokerMaster default&#8221;. Ces profils contiennent un ensemble de statistiques de base qui seront suffisantes pour commencer. Les joueurs plus exp\u00e9riment\u00e9s peuvent \u00e9galement trouver ce HUD utile, dans les <a href=\"https:\/\/hand2noteguide.com\/fr\/asian\/\">applications asiatiques<\/a>, par exemple.<\/p>\n\n\n\n<figure class=\"wp-block-image\"><img loading=\"lazy\" decoding=\"async\" width=\"728\" height=\"455\" src=\"https:\/\/hand2noteguide.com\/wp-content\/uploads\/2020\/03\/hand2note-default-hud-2.png\" alt=\"hand2note default hud\" class=\"wp-image-1850\" srcset=\"https:\/\/hand2noteguide.com\/wp-content\/uploads\/2020\/03\/hand2note-default-hud-2.png 728w, https:\/\/hand2noteguide.com\/wp-content\/uploads\/2020\/03\/hand2note-default-hud-2-300x188.png 300w, https:\/\/hand2noteguide.com\/wp-content\/uploads\/2020\/03\/hand2note-default-hud-2-624x390.png 624w\" sizes=\"auto, (max-width: 728px) 100vw, 728px\" \/><figcaption class=\"wp-element-caption\">HUD par d\u00e9faut de Hand2Note<\/figcaption><\/figure>\n\n\n\n<p>Le popup par d\u00e9faut contient des informations plus d\u00e9taill\u00e9es sur le joueur.<\/p>\n\n\n\n<figure class=\"wp-block-image\"><img loading=\"lazy\" decoding=\"async\" width=\"687\" height=\"686\" src=\"https:\/\/hand2noteguide.com\/wp-content\/uploads\/2020\/03\/hand2note-default-popup.png\" alt=\"hand2note default popup\" class=\"wp-image-1851\" srcset=\"https:\/\/hand2noteguide.com\/wp-content\/uploads\/2020\/03\/hand2note-default-popup.png 687w, https:\/\/hand2noteguide.com\/wp-content\/uploads\/2020\/03\/hand2note-default-popup-150x150.png 150w, https:\/\/hand2noteguide.com\/wp-content\/uploads\/2020\/03\/hand2note-default-popup-300x300.png 300w, https:\/\/hand2noteguide.com\/wp-content\/uploads\/2020\/03\/hand2note-default-popup-96x96.png 96w, https:\/\/hand2noteguide.com\/wp-content\/uploads\/2020\/03\/hand2note-default-popup-624x624.png 624w\" sizes=\"auto, (max-width: 687px) 100vw, 687px\" \/><figcaption class=\"wp-element-caption\">Popup par d\u00e9faut de Hand2Note<\/figcaption><\/figure>\n\n\n\n<p>Ces HUDs et popups standard sont compl\u00e8tement gratuits et viennent avec le programme par d\u00e9faut. Vous pouvez donc commencer \u00e0 utiliser Hand2Note avec ce HUD gratuit. Aucune configuration suppl\u00e9mentaire n&#8217;est requise, il suffit de suivre les instructions de <a href=\"https:\/\/hand2noteguide.com\/fr\/basic-setup\/\">configuration initiale<\/a>.<\/p>\n\n\n\n<h2 class=\"wp-block-heading\">Ajustez le HUD \u00e0 vos besoins<\/h2>\n\n\n\n<p>Vous pouvez \u00e9galement modifier le HUD et y ajouter quelques statistiques pour le rendre plus informatif. Vous devez utiliser l&#8217;\u00e9diteur de HUD. Il a une interface assez intuitive. Ajoutez simplement de nouvelles lignes ou colonnes et glissez-d\u00e9posez les statistiques n\u00e9cessaires dans les cellules \u00e0 partir de la liste sur la partie gauche de l&#8217;\u00e9cran. Il y a beaucoup de statistiques pr\u00eates \u00e0 l&#8217;emploi disponibles dans Hand2Note comme <a href=\"https:\/\/hand2noteguide.com\/fr\/poker\/poker-hud-stats\/3bet-in-poker\/\">3Bet<\/a>, 4Bet, Squeeze, etc.<\/p>\n\n\n\n<figure class=\"wp-block-image\"><img loading=\"lazy\" decoding=\"async\" width=\"1024\" height=\"584\" src=\"https:\/\/hand2noteguide.com\/wp-content\/uploads\/2020\/03\/hand2note-modify-hud-1024x584.png\" alt=\"hand2note modify hud\" class=\"wp-image-1853\" srcset=\"https:\/\/hand2noteguide.com\/wp-content\/uploads\/2020\/03\/hand2note-modify-hud-1024x584.png 1024w, https:\/\/hand2noteguide.com\/wp-content\/uploads\/2020\/03\/hand2note-modify-hud-300x171.png 300w, https:\/\/hand2noteguide.com\/wp-content\/uploads\/2020\/03\/hand2note-modify-hud-768x438.png 768w, https:\/\/hand2noteguide.com\/wp-content\/uploads\/2020\/03\/hand2note-modify-hud-772x441.png 772w, https:\/\/hand2noteguide.com\/wp-content\/uploads\/2020\/03\/hand2note-modify-hud-624x356.png 624w, https:\/\/hand2noteguide.com\/wp-content\/uploads\/2020\/03\/hand2note-modify-hud.png 1088w\" sizes=\"auto, (max-width: 1024px) 100vw, 1024px\" \/><figcaption class=\"wp-element-caption\">Modification du HUD par d\u00e9faut dans l&#8217;\u00e9diteur<\/figcaption><\/figure>\n\n\n\n<p>Vous pouvez \u00e9galement cr\u00e9er un nouveau profil et construire un profil de HUD plus complexe selon vos besoins. Les \u00e9diteurs de HUD et de statistiques sont disponibles avec la version gratuite de Hand2Note. Le processus de cr\u00e9ation d&#8217;un HUD professionnel est d\u00e9crit en d\u00e9tail dans le <a aria-label=\"undefined (ouvre dans un nouvel onglet)\" href=\"https:\/\/nickjames.teachable.com\/courses\/hand2note-professional-usage\/lectures\/14423550?utm_source=hand2noteguide.com&amp;utm_medium=referral&amp;utm_campaign=hand2noteguide.com\" target=\"_blank\" rel=\"noreferrer noopener\">cours vid\u00e9o<\/a>.<\/p>\n\n\n\n<h2 class=\"wp-block-heading\">Consid\u00e9rez un HUD plus avanc\u00e9<\/h2>\n\n\n\n<p>Vous pouvez commencer \u00e0 utiliser Hand2Note avec un HUD gratuit, comme nous l&#8217;avons discut\u00e9 ci-dessus. Mais ce n&#8217;est qu&#8217;un HUD statique, qui ne refl\u00e8te pas toute la puissance du meilleur logiciel de suivi de poker. Donc, lorsque vous \u00eates pr\u00eat \u00e0 passer au niveau sup\u00e9rieur, faites attention aux <a href=\"https:\/\/hand2noteguide.com\/fr\/hud-store\/\">HUDs de poker plus avanc\u00e9s<\/a>.<\/p>\n\n\n\n<figure class=\"wp-block-image size-large\"><img loading=\"lazy\" decoding=\"async\" width=\"1024\" height=\"735\" src=\"http:\/\/hand2noteguide.com\/wp-content\/uploads\/2025\/02\/pro-cash-hud-1024x735.webp\" alt=\"\" class=\"wp-image-9053\" srcset=\"https:\/\/hand2noteguide.com\/wp-content\/uploads\/2025\/02\/pro-cash-hud-1024x735.webp 1024w, https:\/\/hand2noteguide.com\/wp-content\/uploads\/2025\/02\/pro-cash-hud-300x215.webp 300w, https:\/\/hand2noteguide.com\/wp-content\/uploads\/2025\/02\/pro-cash-hud-768x551.webp 768w, https:\/\/hand2noteguide.com\/wp-content\/uploads\/2025\/02\/pro-cash-hud-1536x1102.webp 1536w, https:\/\/hand2noteguide.com\/wp-content\/uploads\/2025\/02\/pro-cash-hud-772x554.webp 772w, https:\/\/hand2noteguide.com\/wp-content\/uploads\/2025\/02\/pro-cash-hud-624x448.webp 624w, https:\/\/hand2noteguide.com\/wp-content\/uploads\/2025\/02\/pro-cash-hud.webp 1557w\" sizes=\"auto, (max-width: 1024px) 100vw, 1024px\" \/><figcaption class=\"wp-element-caption\">Exemple de HUD positionnel Hand2Note : <a href=\"https:\/\/hand2noteguide.com\/fr\/hud-store\/pro-cash\/\">pack PRO Cash<\/a><\/figcaption><\/figure>\n\n\n\n<p>En plus du HUD positionnel et dynamique, vous obtiendrez un ensemble riche d&#8217;autres outils de poker qui vous aideront \u00e0 am\u00e9liorer significativement la qualit\u00e9 de votre jeu. Jetez un \u0153il \u00e0 notre <a href=\"https:\/\/hand2noteguide.com\/fr\/why-purchase-hand2note\/\">aper\u00e7u de ces fonctionnalit\u00e9s<\/a>.<\/p>\n\n\n\n<p>Si vous d\u00e9cidez finalement de mettre \u00e0 niveau votre version de Hand2Note, n&#8217;oubliez pas d&#8217;utiliser le coupon <strong>GUIDE10<\/strong> pour obtenir <a href=\"https:\/\/hand2noteguide.com\/fr\/promo\/\">une r\u00e9duction et un bonus HUD<\/a>.<\/p>\n","protected":false},"excerpt":{"rendered":"<p>\ud83d\udcdd&nbsp;Derni\u00e8re mise \u00e0 jour : 16 f\u00e9vrier 2025. Vous pouvez facilement commencer \u00e0 utiliser Hand2Note gratuitement sans aucun crack. Mais comment obtenir un HUD Hand2Note gratuit ? Il y a quelques options possibles que nous examinerons dans cet article. Tous les HUDs mentionn\u00e9s ci-dessous conviennent aux versions&nbsp;Hand2Note 3&nbsp;et&nbsp;Hand2Note 4. Obtenez le HUD Cosmos gratuit par &hellip; <a href=\"https:\/\/hand2noteguide.com\/fr\/free-hud\/\" class=\"more-link\">Continue reading <span class=\"screen-reader-text\">HUD Gratuit<\/span><\/a><\/p>\n","protected":false},"author":1,"featured_media":0,"parent":0,"menu_order":0,"comment_status":"closed","ping_status":"closed","template":"page-templates\/full-width-page.php","meta":{"footnotes":""},"class_list":["post-1766","page","type-page","status-publish","hentry"],"translation":{"provider":"WPGlobus","version":"3.0.2","language":"fr","enabled_languages":["en","ru","pt","zh","es","fr","de","it","ja"],"languages":{"en":{"title":true,"content":true,"excerpt":false},"ru":{"title":true,"content":true,"excerpt":false},"pt":{"title":true,"content":true,"excerpt":false},"zh":{"title":true,"content":true,"excerpt":false},"es":{"title":true,"content":true,"excerpt":false},"fr":{"title":true,"content":true,"excerpt":false},"de":{"title":true,"content":true,"excerpt":false},"it":{"title":true,"content":true,"excerpt":false},"ja":{"title":true,"content":true,"excerpt":false}}},"yoast_head":"<!-- This site is optimized with the Yoast SEO plugin v27.0 - https:\/\/yoast.com\/product\/yoast-seo-wordpress\/ -->\n<title>HUD Gratuit Hand2Note Pour Poker \u2013 Versions Cash et MTT<\/title>\n<meta name=\"description\" content=\"Obtenez un HUD Hand2Note enti\u00e8rement gratuit pour le cash ou les tournois. Commencez \u00e0 utiliser le meilleur logiciel de suivi de poker avec un HUD gratuit et prenez l&#039;avantage sur vos adversaires !\" \/>\n<meta name=\"robots\" content=\"index, follow, max-snippet:-1, max-image-preview:large, max-video-preview:-1\" \/>\n<link rel=\"canonical\" href=\"https:\/\/hand2noteguide.com\/zh\/free-hud\/\" \/>\n<meta property=\"og:locale\" content=\"fr_FR\" \/>\n<meta property=\"og:type\" content=\"article\" \/>\n<meta property=\"og:title\" content=\"HUD Gratuit Hand2Note Pour Poker \u2013 Versions Cash et MTT\" \/>\n<meta property=\"og:description\" content=\"Obtenez un HUD Hand2Note enti\u00e8rement gratuit pour le cash ou les tournois. Commencez \u00e0 utiliser le meilleur logiciel de suivi de poker avec un HUD gratuit et prenez l&#039;avantage sur vos adversaires !\" \/>\n<meta property=\"og:url\" content=\"https:\/\/hand2noteguide.com\/zh\/free-hud\/\" \/>\n<meta property=\"og:site_name\" content=\"Hand2Note Guide\" \/>\n<meta property=\"article:modified_time\" content=\"2025-06-04T14:38:05+00:00\" \/>\n<meta property=\"og:image\" content=\"http:\/\/hand2noteguide.com\/wp-content\/uploads\/2025\/02\/cosmos-free-cash-1024x737.webp\" \/>\n<meta name=\"twitter:card\" content=\"summary_large_image\" \/>\n<meta name=\"twitter:label1\" content=\"Est. reading time\" \/>\n\t<meta name=\"twitter:data1\" content=\"20 minutes\" \/>\n<!-- \/ Yoast SEO plugin. -->","yoast_head_json":{"title":"HUD Gratuit Hand2Note Pour Poker \u2013 Versions Cash et MTT","description":"Obtenez un HUD Hand2Note enti\u00e8rement gratuit pour le cash ou les tournois. Commencez \u00e0 utiliser le meilleur logiciel de suivi de poker avec un HUD gratuit et prenez l'avantage sur vos adversaires !","robots":{"index":"index","follow":"follow","max-snippet":"max-snippet:-1","max-image-preview":"max-image-preview:large","max-video-preview":"max-video-preview:-1"},"canonical":"https:\/\/hand2noteguide.com\/zh\/free-hud\/","og_locale":"fr_FR","og_type":"article","og_title":"HUD Gratuit Hand2Note Pour Poker \u2013 Versions Cash et MTT","og_description":"Obtenez un HUD Hand2Note enti\u00e8rement gratuit pour le cash ou les tournois. Commencez \u00e0 utiliser le meilleur logiciel de suivi de poker avec un HUD gratuit et prenez l'avantage sur vos adversaires !","og_url":"https:\/\/hand2noteguide.com\/zh\/free-hud\/","og_site_name":"Hand2Note Guide","article_modified_time":"2025-06-04T14:38:05+00:00","og_image":[{"url":"http:\/\/hand2noteguide.com\/wp-content\/uploads\/2025\/02\/cosmos-free-cash-1024x737.webp","type":"","width":"","height":""}],"twitter_card":"summary_large_image","twitter_misc":{"Est. reading time":"20 minutes"},"schema":{"@context":"https:\/\/schema.org","@graph":[]}},"jetpack_sharing_enabled":true,"_links":{"self":[{"href":"https:\/\/hand2noteguide.com\/fr\/wp-json\/wp\/v2\/pages\/1766","targetHints":{"allow":["GET"]}}],"collection":[{"href":"https:\/\/hand2noteguide.com\/fr\/wp-json\/wp\/v2\/pages"}],"about":[{"href":"https:\/\/hand2noteguide.com\/fr\/wp-json\/wp\/v2\/types\/page"}],"author":[{"embeddable":true,"href":"https:\/\/hand2noteguide.com\/fr\/wp-json\/wp\/v2\/users\/1"}],"replies":[{"embeddable":true,"href":"https:\/\/hand2noteguide.com\/fr\/wp-json\/wp\/v2\/comments?post=1766"}],"version-history":[{"count":132,"href":"https:\/\/hand2noteguide.com\/fr\/wp-json\/wp\/v2\/pages\/1766\/revisions"}],"predecessor-version":[{"id":13506,"href":"https:\/\/hand2noteguide.com\/fr\/wp-json\/wp\/v2\/pages\/1766\/revisions\/13506"}],"wp:attachment":[{"href":"https:\/\/hand2noteguide.com\/fr\/wp-json\/wp\/v2\/media?parent=1766"}],"curies":[{"name":"wp","href":"https:\/\/api.w.org\/{rel}","templated":true}]}}