{"id":196,"date":"2018-08-01T16:32:12","date_gmt":"2018-08-01T13:32:12","guid":{"rendered":"https:\/\/h2n312.wordpress.com\/?page_id=196"},"modified":"2025-06-04T19:10:59","modified_gmt":"2025-06-04T16:10:59","slug":"where-is-database-stored","status":"publish","type":"page","link":"https:\/\/hand2noteguide.com\/fr\/guide\/database\/where-is-database-stored\/","title":{"rendered":"O\u00f9 est stock\u00e9e la base de donn\u00e9es ?"},"content":{"rendered":"\n<p>Par d\u00e9faut, la base de donn\u00e9es Hand2Note est stock\u00e9e dans le dossier <em>C:\/Users\/VotreNomUtilisateur\/AppData\/Roaming\/Hand2Note\/h2ndb<\/em>. Vous pouvez changer l&#8217;emplacement de la base de donn\u00e9es dans les param\u00e8tres :<\/p>\n\n\n\n<figure class=\"wp-block-image\"><img loading=\"lazy\" decoding=\"async\" width=\"1022\" height=\"941\" src=\"https:\/\/hand2noteguide.com\/wp-content\/uploads\/2019\/05\/hand2note-database-location-path.png\" alt=\"chemin d'emplacement de la base de donn\u00e9es hand2note\" class=\"wp-image-965\" srcset=\"https:\/\/hand2noteguide.com\/wp-content\/uploads\/2019\/05\/hand2note-database-location-path.png 1022w, https:\/\/hand2noteguide.com\/wp-content\/uploads\/2019\/05\/hand2note-database-location-path-300x276.png 300w, https:\/\/hand2noteguide.com\/wp-content\/uploads\/2019\/05\/hand2note-database-location-path-768x707.png 768w, https:\/\/hand2noteguide.com\/wp-content\/uploads\/2019\/05\/hand2note-database-location-path-772x711.png 772w, https:\/\/hand2noteguide.com\/wp-content\/uploads\/2019\/05\/hand2note-database-location-path-624x575.png 624w\" sizes=\"auto, (max-width: 1022px) 100vw, 1022px\" \/><figcaption>Emplacement des fichiers de la base de donn\u00e9es Hand2Note<\/figcaption><\/figure>\n\n\n\n<p>Voir aussi :<\/p>\n\n\n\n<ul class=\"page-list wp-block-list\"><li><a href=\"https:\/\/hand2noteguide.com\/fr\/guide\/database\/move-database-to-another-drive\/\">D\u00e9placer la base de donn\u00e9es vers un autre disque<\/a><\/li><li><a href=\"https:\/\/hand2noteguide.com\/fr\/guide\/database\/move-database-to-another-pc\/\">D\u00e9placer la base de donn\u00e9es vers un autre PC<\/a><\/li><\/ul>\n","protected":false},"excerpt":{"rendered":"<p>Par d\u00e9faut, la base de donn\u00e9es Hand2Note est stock\u00e9e dans le dossier C:\/Users\/VotreNomUtilisateur\/AppData\/Roaming\/Hand2Note\/h2ndb. Vous pouvez changer l&#8217;emplacement de la base de donn\u00e9es dans les param\u00e8tres : Voir aussi : D\u00e9placer la base de donn\u00e9es vers un autre disque D\u00e9placer la base de donn\u00e9es vers un autre PC<\/p>\n","protected":false},"author":1,"featured_media":0,"parent":221,"menu_order":0,"comment_status":"closed","ping_status":"closed","template":"page-templates\/full-width-page.php","meta":{"footnotes":""},"class_list":["post-196","page","type-page","status-publish","hentry"],"translation":{"provider":"WPGlobus","version":"3.0.2","language":"fr","enabled_languages":["en","ru","pt","zh","es","fr","de","it","ja"],"languages":{"en":{"title":true,"content":true,"excerpt":false},"ru":{"title":true,"content":true,"excerpt":false},"pt":{"title":true,"content":true,"excerpt":false},"zh":{"title":true,"content":true,"excerpt":false},"es":{"title":true,"content":true,"excerpt":false},"fr":{"title":true,"content":true,"excerpt":false},"de":{"title":true,"content":true,"excerpt":false},"it":{"title":true,"content":true,"excerpt":false},"ja":{"title":true,"content":true,"excerpt":false}}},"yoast_head":"<!-- This site is optimized with the Yoast SEO plugin v27.0 - https:\/\/yoast.com\/product\/yoast-seo-wordpress\/ -->\n<title>O\u00f9 est stock\u00e9e votre base de donn\u00e9es Hand2Note ? D\u00e9couvrez-le ici<\/title>\n<meta name=\"description\" content=\"D\u00e9couvrez o\u00f9 votre base de donn\u00e9es Hand2Note est stock\u00e9e par d\u00e9faut et comment changer son emplacement. Suivez notre guide pour une gestion facile de la base de donn\u00e9es.\" \/>\n<meta name=\"robots\" content=\"index, follow, max-snippet:-1, max-image-preview:large, max-video-preview:-1\" \/>\n<link rel=\"canonical\" href=\"https:\/\/hand2noteguide.com\/guide\/database\/where-is-database-stored\/\" \/>\n<meta property=\"og:locale\" content=\"fr_FR\" \/>\n<meta property=\"og:type\" content=\"article\" \/>\n<meta property=\"og:title\" content=\"O\u00f9 est stock\u00e9e votre base de donn\u00e9es Hand2Note ? D\u00e9couvrez-le ici\" \/>\n<meta property=\"og:description\" content=\"D\u00e9couvrez o\u00f9 votre base de donn\u00e9es Hand2Note est stock\u00e9e par d\u00e9faut et comment changer son emplacement. Suivez notre guide pour une gestion facile de la base de donn\u00e9es.\" \/>\n<meta property=\"og:url\" content=\"https:\/\/hand2noteguide.com\/guide\/database\/where-is-database-stored\/\" \/>\n<meta property=\"og:site_name\" content=\"Hand2Note Guide\" \/>\n<meta property=\"article:modified_time\" content=\"2025-06-04T16:10:59+00:00\" \/>\n<meta property=\"og:image\" content=\"https:\/\/hand2noteguide.com\/wp-content\/uploads\/2018\/08\/d0b1d0b5d0b7d18bd0bcd18fd0bdd0bdd18bd0b96.png\" \/>\n<meta name=\"twitter:card\" content=\"summary_large_image\" \/>\n<meta name=\"twitter:label1\" content=\"Est. reading time\" \/>\n\t<meta name=\"twitter:data1\" content=\"2 minutes\" \/>\n<!-- \/ Yoast SEO plugin. -->","yoast_head_json":{"title":"O\u00f9 est stock\u00e9e votre base de donn\u00e9es Hand2Note ? D\u00e9couvrez-le ici","description":"D\u00e9couvrez o\u00f9 votre base de donn\u00e9es Hand2Note est stock\u00e9e par d\u00e9faut et comment changer son emplacement. Suivez notre guide pour une gestion facile de la base de donn\u00e9es.","robots":{"index":"index","follow":"follow","max-snippet":"max-snippet:-1","max-image-preview":"max-image-preview:large","max-video-preview":"max-video-preview:-1"},"canonical":"https:\/\/hand2noteguide.com\/guide\/database\/where-is-database-stored\/","og_locale":"fr_FR","og_type":"article","og_title":"O\u00f9 est stock\u00e9e votre base de donn\u00e9es Hand2Note ? D\u00e9couvrez-le ici","og_description":"D\u00e9couvrez o\u00f9 votre base de donn\u00e9es Hand2Note est stock\u00e9e par d\u00e9faut et comment changer son emplacement. Suivez notre guide pour une gestion facile de la base de donn\u00e9es.","og_url":"https:\/\/hand2noteguide.com\/guide\/database\/where-is-database-stored\/","og_site_name":"Hand2Note Guide","article_modified_time":"2025-06-04T16:10:59+00:00","og_image":[{"url":"https:\/\/hand2noteguide.com\/wp-content\/uploads\/2018\/08\/d0b1d0b5d0b7d18bd0bcd18fd0bdd0bdd18bd0b96.png","type":"","width":"","height":""}],"twitter_card":"summary_large_image","twitter_misc":{"Est. reading time":"2 minutes"},"schema":{"@context":"https:\/\/schema.org","@graph":[]}},"jetpack_sharing_enabled":false,"_links":{"self":[{"href":"https:\/\/hand2noteguide.com\/fr\/wp-json\/wp\/v2\/pages\/196","targetHints":{"allow":["GET"]}}],"collection":[{"href":"https:\/\/hand2noteguide.com\/fr\/wp-json\/wp\/v2\/pages"}],"about":[{"href":"https:\/\/hand2noteguide.com\/fr\/wp-json\/wp\/v2\/types\/page"}],"author":[{"embeddable":true,"href":"https:\/\/hand2noteguide.com\/fr\/wp-json\/wp\/v2\/users\/1"}],"replies":[{"embeddable":true,"href":"https:\/\/hand2noteguide.com\/fr\/wp-json\/wp\/v2\/comments?post=196"}],"version-history":[{"count":18,"href":"https:\/\/hand2noteguide.com\/fr\/wp-json\/wp\/v2\/pages\/196\/revisions"}],"predecessor-version":[{"id":13549,"href":"https:\/\/hand2noteguide.com\/fr\/wp-json\/wp\/v2\/pages\/196\/revisions\/13549"}],"up":[{"embeddable":true,"href":"https:\/\/hand2noteguide.com\/fr\/wp-json\/wp\/v2\/pages\/221"}],"wp:attachment":[{"href":"https:\/\/hand2noteguide.com\/fr\/wp-json\/wp\/v2\/media?parent=196"}],"curies":[{"name":"wp","href":"https:\/\/api.w.org\/{rel}","templated":true}]}}