{"id":199,"date":"2018-08-01T16:43:30","date_gmt":"2018-08-01T13:43:30","guid":{"rendered":"https:\/\/h2n312.wordpress.com\/?page_id=199"},"modified":"2025-06-04T19:10:22","modified_gmt":"2025-06-04T16:10:22","slug":"move-database-to-another-drive","status":"publish","type":"page","link":"https:\/\/hand2noteguide.com\/fr\/guide\/database\/move-database-to-another-drive\/","title":{"rendered":"Comment d\u00e9placer la base de donn\u00e9es vers un autre disque"},"content":{"rendered":"<p>Par d\u00e9faut, la <a href=\"https:\/\/hand2noteguide.com\/fr\/guide\/database\/where-is-database-stored\/\">base de donn\u00e9es de Hand2Note est stock\u00e9e sur le disque C<\/a>. Si vous le souhaitez, vous pouvez changer l&#8217;emplacement de la base de donn\u00e9es, par exemple, si vous manquez d&#8217;espace libre sur ce disque.<\/p>\n<p>Pour d\u00e9placer les fichiers de la base de donn\u00e9es vers un autre r\u00e9pertoire, proc\u00e9dez comme suit :<\/p>\n<ol>\n<li>Allez dans <em>Configuration \u2192 Database<\/em>.<\/li>\n<li>Cliquez sur <em>Open Folder<\/em>.<\/li>\n<li>D\u00e9placez le contenu du dossier ouvert vers le r\u00e9pertoire souhait\u00e9.<\/li>\n<li>Cliquez sur <em>Change folder<\/em> et d\u00e9finissez le chemin vers le dossier o\u00f9 vous avez d\u00e9plac\u00e9 les fichiers \u00e0 l&#8217;\u00e9tape pr\u00e9c\u00e9dente.<\/li>\n<li>Attendez que Hand2Note red\u00e9marre.<\/li>\n<\/ol>\n","protected":false},"excerpt":{"rendered":"<p>Par d\u00e9faut, la base de donn\u00e9es de Hand2Note est stock\u00e9e sur le disque C. Si vous le souhaitez, vous pouvez changer l&#8217;emplacement de la base de donn\u00e9es, par exemple, si vous manquez d&#8217;espace libre sur ce disque. Pour d\u00e9placer les fichiers de la base de donn\u00e9es vers un autre r\u00e9pertoire, proc\u00e9dez comme suit : Allez &hellip; <a href=\"https:\/\/hand2noteguide.com\/fr\/guide\/database\/move-database-to-another-drive\/\" class=\"more-link\">Continue reading <span class=\"screen-reader-text\">Comment d\u00e9placer la base de donn\u00e9es vers un autre disque<\/span><\/a><\/p>\n","protected":false},"author":1,"featured_media":0,"parent":221,"menu_order":0,"comment_status":"closed","ping_status":"closed","template":"page-templates\/full-width-page.php","meta":{"footnotes":""},"class_list":["post-199","page","type-page","status-publish","hentry"],"translation":{"provider":"WPGlobus","version":"3.0.2","language":"fr","enabled_languages":["en","ru","pt","zh","es","fr","de","it","ja"],"languages":{"en":{"title":true,"content":true,"excerpt":false},"ru":{"title":true,"content":true,"excerpt":false},"pt":{"title":true,"content":true,"excerpt":false},"zh":{"title":true,"content":true,"excerpt":false},"es":{"title":true,"content":true,"excerpt":false},"fr":{"title":true,"content":true,"excerpt":false},"de":{"title":true,"content":true,"excerpt":false},"it":{"title":true,"content":true,"excerpt":false},"ja":{"title":true,"content":true,"excerpt":false}}},"yoast_head":"<!-- This site is optimized with the Yoast SEO plugin v27.0 - https:\/\/yoast.com\/product\/yoast-seo-wordpress\/ -->\n<title>Comment d\u00e9placer facilement la base de donn\u00e9es Hand2Note vers un autre disque<\/title>\n<meta name=\"description\" content=\"D\u00e9couvrez comment d\u00e9placer votre base de donn\u00e9es Hand2Note vers un autre disque pour lib\u00e9rer de l&#039;espace et optimiser les performances. Suivez notre guide facile \u00e9tape par \u00e9tape.\" \/>\n<meta name=\"robots\" content=\"index, follow, max-snippet:-1, max-image-preview:large, max-video-preview:-1\" \/>\n<link rel=\"canonical\" href=\"https:\/\/hand2noteguide.com\/guide\/database\/move-database-to-another-drive\/\" \/>\n<meta property=\"og:locale\" content=\"fr_FR\" \/>\n<meta property=\"og:type\" content=\"article\" \/>\n<meta property=\"og:title\" content=\"Comment d\u00e9placer facilement la base de donn\u00e9es Hand2Note vers un autre disque\" \/>\n<meta property=\"og:description\" content=\"D\u00e9couvrez comment d\u00e9placer votre base de donn\u00e9es Hand2Note vers un autre disque pour lib\u00e9rer de l&#039;espace et optimiser les performances. Suivez notre guide facile \u00e9tape par \u00e9tape.\" \/>\n<meta property=\"og:url\" content=\"https:\/\/hand2noteguide.com\/guide\/database\/move-database-to-another-drive\/\" \/>\n<meta property=\"og:site_name\" content=\"Hand2Note Guide\" \/>\n<meta property=\"article:modified_time\" content=\"2025-06-04T16:10:22+00:00\" \/>\n<meta name=\"twitter:card\" content=\"summary_large_image\" \/>\n<meta name=\"twitter:label1\" content=\"Est. reading time\" \/>\n\t<meta name=\"twitter:data1\" content=\"3 minutes\" \/>\n<!-- \/ Yoast SEO plugin. -->","yoast_head_json":{"title":"Comment d\u00e9placer facilement la base de donn\u00e9es Hand2Note vers un autre disque","description":"D\u00e9couvrez comment d\u00e9placer votre base de donn\u00e9es Hand2Note vers un autre disque pour lib\u00e9rer de l'espace et optimiser les performances. Suivez notre guide facile \u00e9tape par \u00e9tape.","robots":{"index":"index","follow":"follow","max-snippet":"max-snippet:-1","max-image-preview":"max-image-preview:large","max-video-preview":"max-video-preview:-1"},"canonical":"https:\/\/hand2noteguide.com\/guide\/database\/move-database-to-another-drive\/","og_locale":"fr_FR","og_type":"article","og_title":"Comment d\u00e9placer facilement la base de donn\u00e9es Hand2Note vers un autre disque","og_description":"D\u00e9couvrez comment d\u00e9placer votre base de donn\u00e9es Hand2Note vers un autre disque pour lib\u00e9rer de l'espace et optimiser les performances. Suivez notre guide facile \u00e9tape par \u00e9tape.","og_url":"https:\/\/hand2noteguide.com\/guide\/database\/move-database-to-another-drive\/","og_site_name":"Hand2Note Guide","article_modified_time":"2025-06-04T16:10:22+00:00","twitter_card":"summary_large_image","twitter_misc":{"Est. reading time":"3 minutes"},"schema":{"@context":"https:\/\/schema.org","@graph":[]}},"jetpack_sharing_enabled":false,"_links":{"self":[{"href":"https:\/\/hand2noteguide.com\/fr\/wp-json\/wp\/v2\/pages\/199","targetHints":{"allow":["GET"]}}],"collection":[{"href":"https:\/\/hand2noteguide.com\/fr\/wp-json\/wp\/v2\/pages"}],"about":[{"href":"https:\/\/hand2noteguide.com\/fr\/wp-json\/wp\/v2\/types\/page"}],"author":[{"embeddable":true,"href":"https:\/\/hand2noteguide.com\/fr\/wp-json\/wp\/v2\/users\/1"}],"replies":[{"embeddable":true,"href":"https:\/\/hand2noteguide.com\/fr\/wp-json\/wp\/v2\/comments?post=199"}],"version-history":[{"count":12,"href":"https:\/\/hand2noteguide.com\/fr\/wp-json\/wp\/v2\/pages\/199\/revisions"}],"predecessor-version":[{"id":13548,"href":"https:\/\/hand2noteguide.com\/fr\/wp-json\/wp\/v2\/pages\/199\/revisions\/13548"}],"up":[{"embeddable":true,"href":"https:\/\/hand2noteguide.com\/fr\/wp-json\/wp\/v2\/pages\/221"}],"wp:attachment":[{"href":"https:\/\/hand2noteguide.com\/fr\/wp-json\/wp\/v2\/media?parent=199"}],"curies":[{"name":"wp","href":"https:\/\/api.w.org\/{rel}","templated":true}]}}