{"id":204,"date":"2018-08-01T19:50:47","date_gmt":"2018-08-01T16:50:47","guid":{"rendered":"https:\/\/h2n312.wordpress.com\/?page_id=204"},"modified":"2025-06-04T19:09:10","modified_gmt":"2025-06-04T16:09:10","slug":"delete-hands","status":"publish","type":"page","link":"https:\/\/hand2noteguide.com\/fr\/guide\/database\/delete-hands\/","title":{"rendered":"Comment supprimer des mains de la base de donn\u00e9es"},"content":{"rendered":"<p>Il n&#8217;est pas possible de supprimer s\u00e9par\u00e9ment des mains de la base de donn\u00e9es. Cette fonctionnalit\u00e9 n&#8217;est pas impl\u00e9ment\u00e9e, car la violation de l&#8217;int\u00e9grit\u00e9 des donn\u00e9es r\u00e9duit consid\u00e9rablement les performances de la base de donn\u00e9es.<\/p>\n<p>Vous pouvez <a href=\"https:\/\/hand2noteguide.com\/fr\/guide\/database\/create-database\/\">cr\u00e9er une nouvelle base de donn\u00e9es<\/a> et y importer uniquement les mains n\u00e9cessaires.<\/p>\n","protected":false},"excerpt":{"rendered":"<p>Il n&#8217;est pas possible de supprimer s\u00e9par\u00e9ment des mains de la base de donn\u00e9es. Cette fonctionnalit\u00e9 n&#8217;est pas impl\u00e9ment\u00e9e, car la violation de l&#8217;int\u00e9grit\u00e9 des donn\u00e9es r\u00e9duit consid\u00e9rablement les performances de la base de donn\u00e9es. Vous pouvez cr\u00e9er une nouvelle base de donn\u00e9es et y importer uniquement les mains n\u00e9cessaires.<\/p>\n","protected":false},"author":1,"featured_media":0,"parent":221,"menu_order":0,"comment_status":"closed","ping_status":"closed","template":"page-templates\/full-width-page.php","meta":{"footnotes":""},"class_list":["post-204","page","type-page","status-publish","hentry"],"translation":{"provider":"WPGlobus","version":"3.0.2","language":"fr","enabled_languages":["en","ru","pt","zh","es","fr","de","it","ja"],"languages":{"en":{"title":true,"content":true,"excerpt":false},"ru":{"title":true,"content":true,"excerpt":false},"pt":{"title":true,"content":true,"excerpt":false},"zh":{"title":true,"content":true,"excerpt":false},"es":{"title":true,"content":true,"excerpt":false},"fr":{"title":true,"content":true,"excerpt":false},"de":{"title":true,"content":true,"excerpt":false},"it":{"title":true,"content":true,"excerpt":false},"ja":{"title":true,"content":true,"excerpt":false}}},"yoast_head":"<!-- This site is optimized with the Yoast SEO plugin v27.0 - https:\/\/yoast.com\/product\/yoast-seo-wordpress\/ -->\n<title>Comment supprimer en toute s\u00e9curit\u00e9 des mains de votre base de donn\u00e9es de poker<\/title>\n<meta name=\"description\" content=\"D\u00e9couvrez pourquoi vous ne pouvez pas supprimer individuellement des mains de votre base de donn\u00e9es de poker et apprenez \u00e0 cr\u00e9er une nouvelle base de donn\u00e9es pour g\u00e9rer vos mains efficacement.\" \/>\n<meta name=\"robots\" content=\"index, follow, max-snippet:-1, max-image-preview:large, max-video-preview:-1\" \/>\n<link rel=\"canonical\" href=\"https:\/\/hand2noteguide.com\/guide\/database\/delete-hands\/\" \/>\n<meta property=\"og:locale\" content=\"fr_FR\" \/>\n<meta property=\"og:type\" content=\"article\" \/>\n<meta property=\"og:title\" content=\"Comment supprimer en toute s\u00e9curit\u00e9 des mains de votre base de donn\u00e9es de poker\" \/>\n<meta property=\"og:description\" content=\"D\u00e9couvrez pourquoi vous ne pouvez pas supprimer individuellement des mains de votre base de donn\u00e9es de poker et apprenez \u00e0 cr\u00e9er une nouvelle base de donn\u00e9es pour g\u00e9rer vos mains efficacement.\" \/>\n<meta property=\"og:url\" content=\"https:\/\/hand2noteguide.com\/guide\/database\/delete-hands\/\" \/>\n<meta property=\"og:site_name\" content=\"Hand2Note Guide\" \/>\n<meta property=\"article:modified_time\" content=\"2025-06-04T16:09:10+00:00\" \/>\n<meta name=\"twitter:card\" content=\"summary_large_image\" \/>\n<meta name=\"twitter:label1\" content=\"Est. reading time\" \/>\n\t<meta name=\"twitter:data1\" content=\"1 minute\" \/>\n<!-- \/ Yoast SEO plugin. -->","yoast_head_json":{"title":"Comment supprimer en toute s\u00e9curit\u00e9 des mains de votre base de donn\u00e9es de poker","description":"D\u00e9couvrez pourquoi vous ne pouvez pas supprimer individuellement des mains de votre base de donn\u00e9es de poker et apprenez \u00e0 cr\u00e9er une nouvelle base de donn\u00e9es pour g\u00e9rer vos mains efficacement.","robots":{"index":"index","follow":"follow","max-snippet":"max-snippet:-1","max-image-preview":"max-image-preview:large","max-video-preview":"max-video-preview:-1"},"canonical":"https:\/\/hand2noteguide.com\/guide\/database\/delete-hands\/","og_locale":"fr_FR","og_type":"article","og_title":"Comment supprimer en toute s\u00e9curit\u00e9 des mains de votre base de donn\u00e9es de poker","og_description":"D\u00e9couvrez pourquoi vous ne pouvez pas supprimer individuellement des mains de votre base de donn\u00e9es de poker et apprenez \u00e0 cr\u00e9er une nouvelle base de donn\u00e9es pour g\u00e9rer vos mains efficacement.","og_url":"https:\/\/hand2noteguide.com\/guide\/database\/delete-hands\/","og_site_name":"Hand2Note Guide","article_modified_time":"2025-06-04T16:09:10+00:00","twitter_card":"summary_large_image","twitter_misc":{"Est. reading time":"1 minute"},"schema":{"@context":"https:\/\/schema.org","@graph":[]}},"jetpack_sharing_enabled":false,"_links":{"self":[{"href":"https:\/\/hand2noteguide.com\/fr\/wp-json\/wp\/v2\/pages\/204","targetHints":{"allow":["GET"]}}],"collection":[{"href":"https:\/\/hand2noteguide.com\/fr\/wp-json\/wp\/v2\/pages"}],"about":[{"href":"https:\/\/hand2noteguide.com\/fr\/wp-json\/wp\/v2\/types\/page"}],"author":[{"embeddable":true,"href":"https:\/\/hand2noteguide.com\/fr\/wp-json\/wp\/v2\/users\/1"}],"replies":[{"embeddable":true,"href":"https:\/\/hand2noteguide.com\/fr\/wp-json\/wp\/v2\/comments?post=204"}],"version-history":[{"count":14,"href":"https:\/\/hand2noteguide.com\/fr\/wp-json\/wp\/v2\/pages\/204\/revisions"}],"predecessor-version":[{"id":13547,"href":"https:\/\/hand2noteguide.com\/fr\/wp-json\/wp\/v2\/pages\/204\/revisions\/13547"}],"up":[{"embeddable":true,"href":"https:\/\/hand2noteguide.com\/fr\/wp-json\/wp\/v2\/pages\/221"}],"wp:attachment":[{"href":"https:\/\/hand2noteguide.com\/fr\/wp-json\/wp\/v2\/media?parent=204"}],"curies":[{"name":"wp","href":"https:\/\/api.w.org\/{rel}","templated":true}]}}