{"id":208,"date":"2018-08-01T20:09:20","date_gmt":"2018-08-01T17:09:20","guid":{"rendered":"https:\/\/h2n312.wordpress.com\/?page_id=208"},"modified":"2025-06-04T19:08:27","modified_gmt":"2025-06-04T16:08:27","slug":"create-database","status":"publish","type":"page","link":"https:\/\/hand2noteguide.com\/fr\/guide\/database\/create-database\/","title":{"rendered":"Comment cr\u00e9er une nouvelle base de donn\u00e9es"},"content":{"rendered":"<p>Pour cr\u00e9er une nouvelle base de donn\u00e9es :<\/p>\n<ol>\n<li>Allez dans <em>Configuration \u2192 Database<\/em>.<\/li>\n<li>Cliquez sur \u00ab<em>Create database&#8230;<\/em>\u00bb.<\/li>\n<li>Entrez le nom de la nouvelle base de donn\u00e9es.<\/li>\n<li>Cliquez sur \u00ab<em>Activate<\/em>\u00bb.<\/li>\n<li>Attendez que Hand2Note red\u00e9marre.<\/li>\n<li>Vous pouvez maintenant retourner dans <em>Configuration<\/em>\u00a0\u2192 <em>Database<\/em> et supprimer l&#8217;ancienne base de donn\u00e9es, si n\u00e9cessaire.<\/li>\n<\/ol>\n<p>Vous pouvez importer des mains dans une nouvelle base de donn\u00e9es soit en les <a href=\"https:\/\/hand2noteguide.com\/fr\/guide\/export-hands\/\">exportant au pr\u00e9alable depuis l&#8217;ancienne base de donn\u00e9es<\/a>, soit depuis des <a href=\"https:\/\/hand2noteguide.com\/fr\/guide\/hands-archive\/\">dossiers d&#8217;archives<\/a>.<\/p>\n","protected":false},"excerpt":{"rendered":"<p>Pour cr\u00e9er une nouvelle base de donn\u00e9es : Allez dans Configuration \u2192 Database. Cliquez sur \u00abCreate database&#8230;\u00bb. Entrez le nom de la nouvelle base de donn\u00e9es. Cliquez sur \u00abActivate\u00bb. Attendez que Hand2Note red\u00e9marre. Vous pouvez maintenant retourner dans Configuration\u00a0\u2192 Database et supprimer l&#8217;ancienne base de donn\u00e9es, si n\u00e9cessaire. Vous pouvez importer des mains dans une &hellip; <a href=\"https:\/\/hand2noteguide.com\/fr\/guide\/database\/create-database\/\" class=\"more-link\">Continue reading <span class=\"screen-reader-text\">Comment cr\u00e9er une nouvelle base de donn\u00e9es<\/span><\/a><\/p>\n","protected":false},"author":1,"featured_media":0,"parent":221,"menu_order":0,"comment_status":"closed","ping_status":"closed","template":"page-templates\/full-width-page.php","meta":{"footnotes":""},"class_list":["post-208","page","type-page","status-publish","hentry"],"translation":{"provider":"WPGlobus","version":"3.0.2","language":"fr","enabled_languages":["en","ru","pt","zh","es","fr","de","it","ja"],"languages":{"en":{"title":true,"content":true,"excerpt":false},"ru":{"title":true,"content":true,"excerpt":false},"pt":{"title":true,"content":true,"excerpt":false},"zh":{"title":true,"content":true,"excerpt":false},"es":{"title":true,"content":true,"excerpt":false},"fr":{"title":true,"content":true,"excerpt":false},"de":{"title":true,"content":true,"excerpt":false},"it":{"title":true,"content":true,"excerpt":false},"ja":{"title":true,"content":true,"excerpt":false}}},"yoast_head":"<!-- This site is optimized with the Yoast SEO plugin v27.0 - https:\/\/yoast.com\/product\/yoast-seo-wordpress\/ -->\n<title>Cr\u00e9er une nouvelle base de donn\u00e9es dans Hand2Note : Guide \u00e9tape par \u00e9tape<\/title>\n<meta name=\"description\" content=\"D\u00e9couvrez comment cr\u00e9er une nouvelle base de donn\u00e9es dans Hand2Note gr\u00e2ce \u00e0 notre guide facile \u00e9tape par \u00e9tape. Suivez ces instructions pour g\u00e9rer efficacement vos donn\u00e9es de poker.\" \/>\n<meta name=\"robots\" content=\"index, follow, max-snippet:-1, max-image-preview:large, max-video-preview:-1\" \/>\n<link rel=\"canonical\" href=\"https:\/\/hand2noteguide.com\/guide\/database\/create-database\/\" \/>\n<meta property=\"og:locale\" content=\"fr_FR\" \/>\n<meta property=\"og:type\" content=\"article\" \/>\n<meta property=\"og:title\" content=\"Cr\u00e9er une nouvelle base de donn\u00e9es dans Hand2Note : Guide \u00e9tape par \u00e9tape\" \/>\n<meta property=\"og:description\" content=\"D\u00e9couvrez comment cr\u00e9er une nouvelle base de donn\u00e9es dans Hand2Note gr\u00e2ce \u00e0 notre guide facile \u00e9tape par \u00e9tape. Suivez ces instructions pour g\u00e9rer efficacement vos donn\u00e9es de poker.\" \/>\n<meta property=\"og:url\" content=\"https:\/\/hand2noteguide.com\/guide\/database\/create-database\/\" \/>\n<meta property=\"og:site_name\" content=\"Hand2Note Guide\" \/>\n<meta property=\"article:modified_time\" content=\"2025-06-04T16:08:27+00:00\" \/>\n<meta name=\"twitter:card\" content=\"summary_large_image\" \/>\n<meta name=\"twitter:label1\" content=\"Est. reading time\" \/>\n\t<meta name=\"twitter:data1\" content=\"2 minutes\" \/>\n<!-- \/ Yoast SEO plugin. -->","yoast_head_json":{"title":"Cr\u00e9er une nouvelle base de donn\u00e9es dans Hand2Note : Guide \u00e9tape par \u00e9tape","description":"D\u00e9couvrez comment cr\u00e9er une nouvelle base de donn\u00e9es dans Hand2Note gr\u00e2ce \u00e0 notre guide facile \u00e9tape par \u00e9tape. Suivez ces instructions pour g\u00e9rer efficacement vos donn\u00e9es de poker.","robots":{"index":"index","follow":"follow","max-snippet":"max-snippet:-1","max-image-preview":"max-image-preview:large","max-video-preview":"max-video-preview:-1"},"canonical":"https:\/\/hand2noteguide.com\/guide\/database\/create-database\/","og_locale":"fr_FR","og_type":"article","og_title":"Cr\u00e9er une nouvelle base de donn\u00e9es dans Hand2Note : Guide \u00e9tape par \u00e9tape","og_description":"D\u00e9couvrez comment cr\u00e9er une nouvelle base de donn\u00e9es dans Hand2Note gr\u00e2ce \u00e0 notre guide facile \u00e9tape par \u00e9tape. Suivez ces instructions pour g\u00e9rer efficacement vos donn\u00e9es de poker.","og_url":"https:\/\/hand2noteguide.com\/guide\/database\/create-database\/","og_site_name":"Hand2Note Guide","article_modified_time":"2025-06-04T16:08:27+00:00","twitter_card":"summary_large_image","twitter_misc":{"Est. reading time":"2 minutes"},"schema":{"@context":"https:\/\/schema.org","@graph":[]}},"jetpack_sharing_enabled":false,"_links":{"self":[{"href":"https:\/\/hand2noteguide.com\/fr\/wp-json\/wp\/v2\/pages\/208","targetHints":{"allow":["GET"]}}],"collection":[{"href":"https:\/\/hand2noteguide.com\/fr\/wp-json\/wp\/v2\/pages"}],"about":[{"href":"https:\/\/hand2noteguide.com\/fr\/wp-json\/wp\/v2\/types\/page"}],"author":[{"embeddable":true,"href":"https:\/\/hand2noteguide.com\/fr\/wp-json\/wp\/v2\/users\/1"}],"replies":[{"embeddable":true,"href":"https:\/\/hand2noteguide.com\/fr\/wp-json\/wp\/v2\/comments?post=208"}],"version-history":[{"count":15,"href":"https:\/\/hand2noteguide.com\/fr\/wp-json\/wp\/v2\/pages\/208\/revisions"}],"predecessor-version":[{"id":13546,"href":"https:\/\/hand2noteguide.com\/fr\/wp-json\/wp\/v2\/pages\/208\/revisions\/13546"}],"up":[{"embeddable":true,"href":"https:\/\/hand2noteguide.com\/fr\/wp-json\/wp\/v2\/pages\/221"}],"wp:attachment":[{"href":"https:\/\/hand2noteguide.com\/fr\/wp-json\/wp\/v2\/media?parent=208"}],"curies":[{"name":"wp","href":"https:\/\/api.w.org\/{rel}","templated":true}]}}