{"id":221,"date":"2018-08-01T20:21:23","date_gmt":"2018-08-01T17:21:23","guid":{"rendered":"https:\/\/h2n312.wordpress.com\/?page_id=221"},"modified":"2025-06-04T19:07:47","modified_gmt":"2025-06-04T16:07:47","slug":"database","status":"publish","type":"page","link":"https:\/\/hand2noteguide.com\/fr\/guide\/database\/","title":{"rendered":"Base de donn\u00e9es"},"content":{"rendered":"<p>Hand2Note <a href=\"http:\/\/www.hand2note.com\/Help\/Index\/Database\" target=\"_blank\" rel=\"noopener noreferrer\">utilise<\/a> par d\u00e9faut son serveur de base de donn\u00e9es int\u00e9gr\u00e9.<\/p>\n<p>La gestion de la base de donn\u00e9es s&#8217;effectue dans <em>Configuration \u2192 Database<\/em>.<\/p>\n<p>Une seule base de donn\u00e9es peut \u00eatre active \u00e0 la fois. Vous ne pouvez supprimer que les bases de donn\u00e9es inactives.<\/p>\n<p>Fusionner deux bases de donn\u00e9es en une seule est impossible. Vous pouvez uniquement <a href=\"https:\/\/hand2noteguide.com\/fr\/guide\/export-hands\/\">exporter manuellement les mains<\/a> d&#8217;une base de donn\u00e9es et les importer dans une autre.<\/p>\n<p>Notez que les <a href=\"https:\/\/hand2noteguide.com\/fr\/guide\/where-are-notes-stored\/\">notes et les marqueurs de couleur ne sont pas stock\u00e9s dans la base de donn\u00e9es<\/a>.<\/p>\n\n<!-- Page-list plugin v.5.2 wordpress.org\/plugins\/page-list\/ -->\n<ul class=\"page-list subpages-page-list \">\n<li class=\"page_item page-item-196\"><a href=\"https:\/\/hand2noteguide.com\/fr\/guide\/database\/where-is-database-stored\/\">O\u00f9 est stock\u00e9e la base de donn\u00e9es ?<\/a><\/li>\n<li class=\"page_item page-item-199\"><a href=\"https:\/\/hand2noteguide.com\/fr\/guide\/database\/move-database-to-another-drive\/\">Comment d\u00e9placer la base de donn\u00e9es vers un autre disque<\/a><\/li>\n<li class=\"page_item page-item-160\"><a href=\"https:\/\/hand2noteguide.com\/fr\/guide\/database\/move-database-to-another-pc\/\">Comment d\u00e9placer la base de donn\u00e9es vers un autre PC<\/a><\/li>\n<li class=\"page_item page-item-208\"><a href=\"https:\/\/hand2noteguide.com\/fr\/guide\/database\/create-database\/\">Comment cr\u00e9er une nouvelle base de donn\u00e9es<\/a><\/li>\n<li class=\"page_item page-item-204\"><a href=\"https:\/\/hand2noteguide.com\/fr\/guide\/database\/delete-hands\/\">Comment supprimer des mains de la base de donn\u00e9es<\/a><\/li>\n\n<\/ul>\n","protected":false},"excerpt":{"rendered":"<p>Hand2Note utilise par d\u00e9faut son serveur de base de donn\u00e9es int\u00e9gr\u00e9. La gestion de la base de donn\u00e9es s&#8217;effectue dans Configuration \u2192 Database. Une seule base de donn\u00e9es peut \u00eatre active \u00e0 la fois. Vous ne pouvez supprimer que les bases de donn\u00e9es inactives. Fusionner deux bases de donn\u00e9es en une seule est impossible. Vous &hellip; <a href=\"https:\/\/hand2noteguide.com\/fr\/guide\/database\/\" class=\"more-link\">Continue reading <span class=\"screen-reader-text\">Base de donn\u00e9es<\/span><\/a><\/p>\n","protected":false},"author":1,"featured_media":0,"parent":74,"menu_order":0,"comment_status":"closed","ping_status":"closed","template":"page-templates\/full-width-page.php","meta":{"footnotes":""},"class_list":["post-221","page","type-page","status-publish","hentry"],"translation":{"provider":"WPGlobus","version":"3.0.2","language":"fr","enabled_languages":["en","ru","pt","zh","es","fr","de","it","ja"],"languages":{"en":{"title":true,"content":true,"excerpt":false},"ru":{"title":true,"content":true,"excerpt":false},"pt":{"title":true,"content":true,"excerpt":false},"zh":{"title":true,"content":true,"excerpt":false},"es":{"title":true,"content":true,"excerpt":false},"fr":{"title":true,"content":true,"excerpt":false},"de":{"title":true,"content":true,"excerpt":false},"it":{"title":true,"content":true,"excerpt":false},"ja":{"title":true,"content":true,"excerpt":false}}},"yoast_head":"<!-- This site is optimized with the Yoast SEO plugin v27.0 - https:\/\/yoast.com\/product\/yoast-seo-wordpress\/ -->\n<title>Gestion de la base de donn\u00e9es dans Hand2Note 3<\/title>\n<meta name=\"description\" content=\"Apprenez \u00e0 g\u00e9rer efficacement votre base de donn\u00e9es Hand2Note 3. D\u00e9couvrez des conseils pour activer, supprimer et exporter des mains entre les bases de donn\u00e9es sans effort.\" \/>\n<meta name=\"robots\" content=\"index, follow, max-snippet:-1, max-image-preview:large, max-video-preview:-1\" \/>\n<link rel=\"canonical\" href=\"https:\/\/hand2noteguide.com\/guide\/database\/\" \/>\n<meta property=\"og:locale\" content=\"fr_FR\" \/>\n<meta property=\"og:type\" content=\"article\" \/>\n<meta property=\"og:title\" content=\"Gestion de la base de donn\u00e9es dans Hand2Note 3\" \/>\n<meta property=\"og:description\" content=\"Apprenez \u00e0 g\u00e9rer efficacement votre base de donn\u00e9es Hand2Note 3. D\u00e9couvrez des conseils pour activer, supprimer et exporter des mains entre les bases de donn\u00e9es sans effort.\" \/>\n<meta property=\"og:url\" content=\"https:\/\/hand2noteguide.com\/guide\/database\/\" \/>\n<meta property=\"og:site_name\" content=\"Hand2Note Guide\" \/>\n<meta property=\"article:modified_time\" content=\"2025-06-04T16:07:47+00:00\" \/>\n<meta name=\"twitter:card\" content=\"summary_large_image\" \/>\n<meta name=\"twitter:label1\" content=\"Est. reading time\" \/>\n\t<meta name=\"twitter:data1\" content=\"3 minutes\" \/>\n<!-- \/ Yoast SEO plugin. -->","yoast_head_json":{"title":"Gestion de la base de donn\u00e9es dans Hand2Note 3","description":"Apprenez \u00e0 g\u00e9rer efficacement votre base de donn\u00e9es Hand2Note 3. D\u00e9couvrez des conseils pour activer, supprimer et exporter des mains entre les bases de donn\u00e9es sans effort.","robots":{"index":"index","follow":"follow","max-snippet":"max-snippet:-1","max-image-preview":"max-image-preview:large","max-video-preview":"max-video-preview:-1"},"canonical":"https:\/\/hand2noteguide.com\/guide\/database\/","og_locale":"fr_FR","og_type":"article","og_title":"Gestion de la base de donn\u00e9es dans Hand2Note 3","og_description":"Apprenez \u00e0 g\u00e9rer efficacement votre base de donn\u00e9es Hand2Note 3. D\u00e9couvrez des conseils pour activer, supprimer et exporter des mains entre les bases de donn\u00e9es sans effort.","og_url":"https:\/\/hand2noteguide.com\/guide\/database\/","og_site_name":"Hand2Note Guide","article_modified_time":"2025-06-04T16:07:47+00:00","twitter_card":"summary_large_image","twitter_misc":{"Est. reading time":"3 minutes"},"schema":{"@context":"https:\/\/schema.org","@graph":[]}},"jetpack_sharing_enabled":false,"_links":{"self":[{"href":"https:\/\/hand2noteguide.com\/fr\/wp-json\/wp\/v2\/pages\/221","targetHints":{"allow":["GET"]}}],"collection":[{"href":"https:\/\/hand2noteguide.com\/fr\/wp-json\/wp\/v2\/pages"}],"about":[{"href":"https:\/\/hand2noteguide.com\/fr\/wp-json\/wp\/v2\/types\/page"}],"author":[{"embeddable":true,"href":"https:\/\/hand2noteguide.com\/fr\/wp-json\/wp\/v2\/users\/1"}],"replies":[{"embeddable":true,"href":"https:\/\/hand2noteguide.com\/fr\/wp-json\/wp\/v2\/comments?post=221"}],"version-history":[{"count":17,"href":"https:\/\/hand2noteguide.com\/fr\/wp-json\/wp\/v2\/pages\/221\/revisions"}],"predecessor-version":[{"id":13545,"href":"https:\/\/hand2noteguide.com\/fr\/wp-json\/wp\/v2\/pages\/221\/revisions\/13545"}],"up":[{"embeddable":true,"href":"https:\/\/hand2noteguide.com\/fr\/wp-json\/wp\/v2\/pages\/74"}],"wp:attachment":[{"href":"https:\/\/hand2noteguide.com\/fr\/wp-json\/wp\/v2\/media?parent=221"}],"curies":[{"name":"wp","href":"https:\/\/api.w.org\/{rel}","templated":true}]}}