{"id":2253,"date":"2020-06-30T19:06:22","date_gmt":"2020-06-30T16:06:22","guid":{"rendered":"http:\/\/hand2noteguide.com\/?page_id=2253"},"modified":"2025-06-04T17:36:38","modified_gmt":"2025-06-04T14:36:38","slug":"basic-setup","status":"publish","type":"page","link":"https:\/\/hand2noteguide.com\/fr\/basic-setup\/","title":{"rendered":"Hand2Note 3 : Configuration de base"},"content":{"rendered":"\n<p>Aujourd&#8217;hui est un jour marquant dans votre carri\u00e8re de poker, car vous commencez \u00e0 utiliser le meilleur logiciel de suivi de poker. Nous veillerons \u00e0 ce que votre exp\u00e9rience avec Hand2Note soit fluide et efficace.<\/p>\n\n\n\n<p>La configuration de Hand2Note est tr\u00e8s facile et ne n\u00e9cessite pratiquement aucune action de votre part. Suivez les \u00e9tapes simples ci-dessous pour commencer \u00e0 utiliser Hand2Note sur PokerStars ou tout autre site pris en charge.<\/p>\n\n\n\n<div class=\"red-block\">\n<p style=\"margin-bottom:0\">\u26a0\ufe0f Ce guide d\u00e9crit comment commencer avec Hand2Note 3, qui est d\u00e9sormais obsol\u00e8te. Nous recommandons de <a href=\"https:\/\/hand2noteguide.com\/fr\/hand2note-4-getting-started\/\"><strong>commencer avec Hand2Note 4<\/strong><\/a>.<\/p>\n<\/div>\n\n\n\n<h2 class=\"wp-block-heading\">1. T\u00e9l\u00e9charger &amp; Installer<\/h2>\n\n\n\n<p>Pour commencer, <a href=\"https:\/\/h2n-uptoyou.azureedge.net\/main\/Hand2NoteInstaller.exe\" target=\"_blank\" aria-label=\"undefined (opens in a new tab)\" rel=\"noreferrer noopener nofollow\">t\u00e9l\u00e9chargez Hand2Note 3<\/a> et installez le programme. L&#8217;installation est facile : ex\u00e9cutez le fichier d&#8217;installation, cliquez sur &#8220;Suivant&#8221; puis sur &#8220;Installer&#8221;. Aucun logiciel suppl\u00e9mentaire n&#8217;est requis pour que Hand2Note fonctionne correctement.<\/p>\n\n\n\n<figure class=\"wp-block-image size-large\"><img loading=\"lazy\" decoding=\"async\" width=\"495\" height=\"392\" src=\"https:\/\/hand2noteguide.com\/wp-content\/uploads\/2020\/04\/install-hand2note.png\" alt=\"\" class=\"wp-image-2256\" srcset=\"https:\/\/hand2noteguide.com\/wp-content\/uploads\/2020\/04\/install-hand2note.png 495w, https:\/\/hand2noteguide.com\/wp-content\/uploads\/2020\/04\/install-hand2note-300x238.png 300w\" sizes=\"auto, (max-width: 495px) 100vw, 495px\" \/><figcaption class=\"wp-element-caption\">Installation de Hand2Note<\/figcaption><\/figure>\n\n\n\n<div class=\"green-block\">\n<p style=\"margin-bottom:0\">\u261d Nous vous recommandons \u00e9galement de cr\u00e9er un compte sur <a href=\"https:\/\/hand2note3.hand2note.com\/?aid=c0\" target=\"_blank\" rel=\"noopener\">Hand2Note.com<\/a>. Vous en aurez besoin \u00e0 l&#8217;avenir pour g\u00e9rer votre licence, attribuer des HUD, etc.<\/p><\/div>\n\n\n\n<h2 class=\"wp-block-heading\">2. Utiliser l&#8217;essai gratuit ou acheter une licence<\/h2>\n\n\n\n<p>Imm\u00e9diatement apr\u00e8s l&#8217;installation de Hand2Note, une p\u00e9riode d&#8217;essai gratuite de 30 jours sera activ\u00e9e. Elle ne n\u00e9cessite \u00e9galement aucun r\u00e9glage de votre part. Il existe un essai s\u00e9par\u00e9 de 14 jours pour les <a href=\"https:\/\/hand2noteguide.com\/fr\/asian\/\">salles asiatiques<\/a>. Il s&#8217;active automatiquement lorsque vous lancez votre application de salle pour la premi\u00e8re fois avec Hand2Note.<\/p>\n\n\n\n<figure class=\"wp-block-image size-large\"><img loading=\"lazy\" decoding=\"async\" width=\"423\" height=\"92\" src=\"https:\/\/hand2noteguide.com\/wp-content\/uploads\/2020\/04\/hand2note-trial.png\" alt=\"\" class=\"wp-image-2258\" srcset=\"https:\/\/hand2noteguide.com\/wp-content\/uploads\/2020\/04\/hand2note-trial.png 423w, https:\/\/hand2noteguide.com\/wp-content\/uploads\/2020\/04\/hand2note-trial-300x65.png 300w\" sizes=\"auto, (max-width: 423px) 100vw, 423px\" \/><figcaption class=\"wp-element-caption\">Essai gratuit de Hand2Note<\/figcaption><\/figure>\n\n\n\n<p>Durant la p\u00e9riode d&#8217;essai, toutes les fonctionnalit\u00e9s de Hand2Note sont disponibles sauf <a href=\"https:\/\/hand2noteguide.com\/fr\/guide\/range-research\/\">Range Research<\/a>.<\/p>\n\n\n\n<p>Apr\u00e8s la fin de l&#8217;essai, Hand2Note passera automatiquement \u00e0 une <a href=\"https:\/\/hand2noteguide.com\/fr\/hand2note-for-free\/\">version gratuite<\/a>. Vous ne perdrez aucune donn\u00e9e et vous pourrez toujours utiliser les fonctionnalit\u00e9s de base du logiciel.<\/p>\n\n\n\n<div class=\"green-block\">\n<p>\ud83d\udc49 Si vous \u00eates un joueur professionnel ou souhaitez le devenir, nous vous recommandons d&#8217;obtenir une licence payante. D\u00e9couvrez <a href=\"https:\/\/hand2noteguide.com\/fr\/why-purchase-hand2note\/\">quels avantages<\/a> vous obtiendrez avec l&#8217;abonnement payant.<\/p>\n<p style=\"margin-bottom:0\">Assurez-vous d&#8217;<strong>utiliser le <a href=\"https:\/\/hand2noteguide.com\/fr\/promo\/\"><b>code promo GUIDE10<\/b><\/a> pour obtenir une r\u00e9duction de 10%, un <a href=\"\/fr\/hud-store\/simple-cash-pack-for-free\/\"><b>bonus HUD<\/b><\/a> et un <a href=\"\/fr\/video-course\/\"><b>cours vid\u00e9o<\/b><\/a> gratuits.<\/strong><\/p><\/div>\n\n\n\n<h2 class=\"wp-block-heading\">3. D\u00e9marrer le HUD<\/h2>\n\n\n\n<p>HandNote dispose d&#8217;un support int\u00e9gr\u00e9 pour les salles, donc aucune configuration sp\u00e9ciale n&#8217;est requise. Tout ce dont vous avez besoin pour d\u00e9marrer le HUD est de lancer Hand2Note et l&#8217;application de votre salle.<\/p>\n\n\n\n<figure class=\"wp-block-image size-large\"><img loading=\"lazy\" decoding=\"async\" width=\"1024\" height=\"693\" src=\"https:\/\/hand2noteguide.com\/wp-content\/uploads\/2020\/03\/hand2note-pokerstars-1024x693.png\" alt=\"hand2note pokerstars\" class=\"wp-image-2016\" srcset=\"https:\/\/hand2noteguide.com\/wp-content\/uploads\/2020\/03\/hand2note-pokerstars-1024x693.png 1024w, https:\/\/hand2noteguide.com\/wp-content\/uploads\/2020\/03\/hand2note-pokerstars-300x203.png 300w, https:\/\/hand2noteguide.com\/wp-content\/uploads\/2020\/03\/hand2note-pokerstars-768x520.png 768w, https:\/\/hand2noteguide.com\/wp-content\/uploads\/2020\/03\/hand2note-pokerstars-772x522.png 772w, https:\/\/hand2noteguide.com\/wp-content\/uploads\/2020\/03\/hand2note-pokerstars-624x422.png 624w, https:\/\/hand2noteguide.com\/wp-content\/uploads\/2020\/03\/hand2note-pokerstars.png 1045w\" sizes=\"auto, (max-width: 1024px) 100vw, 1024px\" \/><figcaption class=\"wp-element-caption\"><a href=\"https:\/\/hand2noteguide.com\/fr\/pokerstars-hud\/\">Commencez \u00e0 jouer avec le HUD de Hand2Note sur PokerStars<\/a><\/figcaption><\/figure>\n\n\n\n<p>Apr\u00e8s le premier lancement, vous verrez un HUD standard avec les statistiques de base : <em>VPIP\/PFR\/mains<\/em>. Vous pouvez \u00e9galement utiliser notre <a href=\"https:\/\/hand2noteguide.com\/fr\/free-hud\/\">HUD gratuit<\/a>. Si vous avez besoin d&#8217;un HUD plus avanc\u00e9, nous proposons \u00e9galement <a href=\"https:\/\/hand2noteguide.com\/fr\/hud-store\/\">les meilleurs profils de HUD pour Hand2Note<\/a>.<\/p>\n\n\n\n<p>Si le HUD n&#8217;est pas affich\u00e9, suivez <a href=\"https:\/\/hand2noteguide.com\/fr\/issues-resolving\/hud-not-showing\/\">ces instructions<\/a>. Si elles ne vous aident pas, vous pouvez contacter le <a href=\"https:\/\/hand2noteguide.com\/fr\/hand2note-official-support\/\">support<\/a>.<\/p>\n\n\n\n<h2 class=\"wp-block-heading\">Et ensuite ?<\/h2>\n\n\n\n<p>Maintenant que vous avez install\u00e9 Hand2Note et lanc\u00e9 le HUD, vous pouvez \u00e9tudier le logiciel plus en d\u00e9tail et effectuer des r\u00e9glages plus sp\u00e9cifiques. Hand2Note offre un ensemble incroyable d&#8217;outils pour optimiser le processus de jeu et l&#8217;analyse hors table.<\/p>\n\n\n\n<p>Tout d&#8217;abord, vous pouvez vous familiariser avec le <a href=\"https:\/\/hand2noteguide.com\/fr\/guide\/\">manuel<\/a>.<\/p>\n\n\n\n<div class=\"green-block\">\n<p style=\"margin-bottom:0\">\ud83d\udca1 Nous vous recommandons de consulter l&#8217;article <a href=\"https:\/\/www.hudstore.poker\/hand2note-must-read-starting-tips\" target=\"_blank\" rel=\"noopener\"><b>Hand2Note : Conseils de d\u00e9part incontournables<\/b><\/a>.<\/p><\/div>\n\n\n\n<p>Pour ma\u00eetriser plus rapidement et efficacement toutes les fonctionnalit\u00e9s du logiciel, pr\u00eatez attention au <a href=\"https:\/\/hand2noteguide.com\/fr\/video-course\/\">cours vid\u00e9o sur l&#8217;utilisation professionnelle de Hand2Note<\/a>, ainsi qu&#8217;au <a href=\"\/fr\/training\/\">coaching personnel<\/a>.<\/p>\n","protected":false},"excerpt":{"rendered":"<p>Aujourd&#8217;hui est un jour marquant dans votre carri\u00e8re de poker, car vous commencez \u00e0 utiliser le meilleur logiciel de suivi de poker. Nous veillerons \u00e0 ce que votre exp\u00e9rience avec Hand2Note soit fluide et efficace. La configuration de Hand2Note est tr\u00e8s facile et ne n\u00e9cessite pratiquement aucune action de votre part. Suivez les \u00e9tapes simples &hellip; <a href=\"https:\/\/hand2noteguide.com\/fr\/basic-setup\/\" class=\"more-link\">Continue reading <span class=\"screen-reader-text\">Hand2Note 3 : Configuration de base<\/span><\/a><\/p>\n","protected":false},"author":1,"featured_media":0,"parent":0,"menu_order":0,"comment_status":"closed","ping_status":"closed","template":"page-templates\/full-width-page.php","meta":{"footnotes":""},"class_list":["post-2253","page","type-page","status-publish","hentry"],"translation":{"provider":"WPGlobus","version":"3.0.2","language":"fr","enabled_languages":["en","ru","pt","zh","es","fr","de","it","ja"],"languages":{"en":{"title":true,"content":true,"excerpt":false},"ru":{"title":true,"content":true,"excerpt":false},"pt":{"title":true,"content":true,"excerpt":false},"zh":{"title":true,"content":true,"excerpt":false},"es":{"title":true,"content":true,"excerpt":false},"fr":{"title":true,"content":true,"excerpt":false},"de":{"title":true,"content":true,"excerpt":false},"it":{"title":true,"content":true,"excerpt":false},"ja":{"title":true,"content":true,"excerpt":false}}},"yoast_head":"<!-- This site is optimized with the Yoast SEO plugin v27.0 - https:\/\/yoast.com\/product\/yoast-seo-wordpress\/ -->\n<title>Configuration de Hand2Note 3 : Installation, Licence, D\u00e9marrage du HUD<\/title>\n<meta name=\"description\" content=\"Configurez tout pour commencer \u00e0 utiliser le meilleur logiciel de suivi de poker. Manuel \u00e9tape par \u00e9tape pour installer Hand2Note, obtenir une licence gratuite et le meilleur HUD.\" \/>\n<meta name=\"robots\" content=\"index, follow, max-snippet:-1, max-image-preview:large, max-video-preview:-1\" \/>\n<link rel=\"canonical\" href=\"https:\/\/hand2noteguide.com\/ja\/basic-setup\/\" \/>\n<meta property=\"og:locale\" content=\"fr_FR\" \/>\n<meta property=\"og:type\" content=\"article\" \/>\n<meta property=\"og:title\" content=\"Configuration de Hand2Note 3 : Installation, Licence, D\u00e9marrage du HUD\" \/>\n<meta property=\"og:description\" content=\"Configurez tout pour commencer \u00e0 utiliser le meilleur logiciel de suivi de poker. Manuel \u00e9tape par \u00e9tape pour installer Hand2Note, obtenir une licence gratuite et le meilleur HUD.\" \/>\n<meta property=\"og:url\" content=\"https:\/\/hand2noteguide.com\/ja\/basic-setup\/\" \/>\n<meta property=\"og:site_name\" content=\"Hand2Note Guide\" \/>\n<meta property=\"article:modified_time\" content=\"2025-06-04T14:36:38+00:00\" \/>\n<meta property=\"og:image\" content=\"https:\/\/hand2noteguide.com\/wp-content\/uploads\/2020\/04\/install-hand2note.png\" \/>\n<meta name=\"twitter:card\" content=\"summary_large_image\" \/>\n<meta name=\"twitter:label1\" content=\"Est. reading time\" \/>\n\t<meta name=\"twitter:data1\" content=\"17 minutes\" \/>\n<!-- \/ Yoast SEO plugin. -->","yoast_head_json":{"title":"Configuration de Hand2Note 3 : Installation, Licence, D\u00e9marrage du HUD","description":"Configurez tout pour commencer \u00e0 utiliser le meilleur logiciel de suivi de poker. Manuel \u00e9tape par \u00e9tape pour installer Hand2Note, obtenir une licence gratuite et le meilleur HUD.","robots":{"index":"index","follow":"follow","max-snippet":"max-snippet:-1","max-image-preview":"max-image-preview:large","max-video-preview":"max-video-preview:-1"},"canonical":"https:\/\/hand2noteguide.com\/ja\/basic-setup\/","og_locale":"fr_FR","og_type":"article","og_title":"Configuration de Hand2Note 3 : Installation, Licence, D\u00e9marrage du HUD","og_description":"Configurez tout pour commencer \u00e0 utiliser le meilleur logiciel de suivi de poker. Manuel \u00e9tape par \u00e9tape pour installer Hand2Note, obtenir une licence gratuite et le meilleur HUD.","og_url":"https:\/\/hand2noteguide.com\/ja\/basic-setup\/","og_site_name":"Hand2Note Guide","article_modified_time":"2025-06-04T14:36:38+00:00","og_image":[{"url":"https:\/\/hand2noteguide.com\/wp-content\/uploads\/2020\/04\/install-hand2note.png","type":"","width":"","height":""}],"twitter_card":"summary_large_image","twitter_misc":{"Est. reading time":"17 minutes"},"schema":{"@context":"https:\/\/schema.org","@graph":[]}},"jetpack_sharing_enabled":true,"_links":{"self":[{"href":"https:\/\/hand2noteguide.com\/fr\/wp-json\/wp\/v2\/pages\/2253","targetHints":{"allow":["GET"]}}],"collection":[{"href":"https:\/\/hand2noteguide.com\/fr\/wp-json\/wp\/v2\/pages"}],"about":[{"href":"https:\/\/hand2noteguide.com\/fr\/wp-json\/wp\/v2\/types\/page"}],"author":[{"embeddable":true,"href":"https:\/\/hand2noteguide.com\/fr\/wp-json\/wp\/v2\/users\/1"}],"replies":[{"embeddable":true,"href":"https:\/\/hand2noteguide.com\/fr\/wp-json\/wp\/v2\/comments?post=2253"}],"version-history":[{"count":85,"href":"https:\/\/hand2noteguide.com\/fr\/wp-json\/wp\/v2\/pages\/2253\/revisions"}],"predecessor-version":[{"id":13505,"href":"https:\/\/hand2noteguide.com\/fr\/wp-json\/wp\/v2\/pages\/2253\/revisions\/13505"}],"wp:attachment":[{"href":"https:\/\/hand2noteguide.com\/fr\/wp-json\/wp\/v2\/media?parent=2253"}],"curies":[{"name":"wp","href":"https:\/\/api.w.org\/{rel}","templated":true}]}}