{"id":2285,"date":"2020-05-25T17:49:54","date_gmt":"2020-05-25T14:49:54","guid":{"rendered":"http:\/\/hand2noteguide.com\/?page_id=2285"},"modified":"2025-06-04T17:34:25","modified_gmt":"2025-06-04T14:34:25","slug":"why-purchase-hand2note","status":"publish","type":"page","link":"https:\/\/hand2noteguide.com\/fr\/why-purchase-hand2note\/","title":{"rendered":"Pourquoi acheter Hand2Note ?"},"content":{"rendered":"\n<p>Nous avons d\u00e9j\u00e0 d\u00e9termin\u00e9 pourquoi <a href=\"https:\/\/hand2noteguide.com\/fr\/why-hand2note\/\">il vaut la peine de commencer \u00e0 utiliser le logiciel Hand2Note<\/a>. Et comme vous le savez peut-\u00eatre d\u00e9j\u00e0, vous pouvez <a href=\"https:\/\/hand2noteguide.com\/fr\/hand2note-for-free\/\">utiliser Hand2Note gratuitement<\/a> et m\u00eame <a href=\"https:\/\/hand2noteguide.com\/fr\/free-hud\/\">obtenir un HUD gratuit<\/a>. Alors pourquoi acheter quelque chose ? Dans cet article, nous vous montrerons les possibilit\u00e9s exceptionnelles que vous pouvez obtenir avec un abonnement payant \u00e0 Hand2Note PRO.<\/p>\n\n\n\n<h2 class=\"wp-block-heading\">1. Rapports intelligents (Nouveau dans <a href=\"https:\/\/hand2noteguide.com\/fr\/hand2note-4-getting-started\/\">Hand2Note 4<\/a>)<\/h2>\n\n\n\n<p>Hand2Note vous fournit un grand nombre de rapports pr\u00eats \u00e0 l&#8217;emploi o\u00f9 vous pouvez \u00e9tudier en profondeur votre jeu et celui de vos adversaires. Explorez le jeu sous tous les angles possibles. Analyse d\u00e9taill\u00e9e par toutes les lignes de jeu, positions, tailles de mises, textures de board et bien plus encore.<\/p>\n\n\n\n<figure class=\"wp-block-gallery has-nested-images columns-default is-cropped wp-block-gallery-1 is-layout-flex wp-block-gallery-is-layout-flex\">\n<figure class=\"wp-block-image size-large\"><img loading=\"lazy\" decoding=\"async\" width=\"1024\" height=\"671\" data-id=\"9210\" src=\"https:\/\/hand2noteguide.com\/wp-content\/uploads\/2025\/03\/h2n4-1-min-1024x671.png\" alt=\"Hand2Note 4 Reports\" class=\"wp-image-9210\" srcset=\"https:\/\/hand2noteguide.com\/wp-content\/uploads\/2025\/03\/h2n4-1-min-1024x671.png 1024w, https:\/\/hand2noteguide.com\/wp-content\/uploads\/2025\/03\/h2n4-1-min-300x197.png 300w, https:\/\/hand2noteguide.com\/wp-content\/uploads\/2025\/03\/h2n4-1-min-768x503.png 768w, https:\/\/hand2noteguide.com\/wp-content\/uploads\/2025\/03\/h2n4-1-min-1536x1006.png 1536w, https:\/\/hand2noteguide.com\/wp-content\/uploads\/2025\/03\/h2n4-1-min-2048x1342.png 2048w, https:\/\/hand2noteguide.com\/wp-content\/uploads\/2025\/03\/h2n4-1-min-772x506.png 772w, https:\/\/hand2noteguide.com\/wp-content\/uploads\/2025\/03\/h2n4-1-min-624x409.png 624w\" sizes=\"auto, (max-width: 1024px) 100vw, 1024px\" \/><\/figure>\n\n\n\n<figure class=\"wp-block-image size-large\"><img loading=\"lazy\" decoding=\"async\" width=\"1024\" height=\"670\" data-id=\"9209\" src=\"https:\/\/hand2noteguide.com\/wp-content\/uploads\/2025\/03\/h2n4-2-min-1024x670.png\" alt=\"Hand2Note 4 Select Report\" class=\"wp-image-9209\" srcset=\"https:\/\/hand2noteguide.com\/wp-content\/uploads\/2025\/03\/h2n4-2-min-1024x670.png 1024w, https:\/\/hand2noteguide.com\/wp-content\/uploads\/2025\/03\/h2n4-2-min-300x196.png 300w, https:\/\/hand2noteguide.com\/wp-content\/uploads\/2025\/03\/h2n4-2-min-768x503.png 768w, https:\/\/hand2noteguide.com\/wp-content\/uploads\/2025\/03\/h2n4-2-min-1536x1005.png 1536w, https:\/\/hand2noteguide.com\/wp-content\/uploads\/2025\/03\/h2n4-2-min-2048x1340.png 2048w, https:\/\/hand2noteguide.com\/wp-content\/uploads\/2025\/03\/h2n4-2-min-772x505.png 772w, https:\/\/hand2noteguide.com\/wp-content\/uploads\/2025\/03\/h2n4-2-min-624x408.png 624w\" sizes=\"auto, (max-width: 1024px) 100vw, 1024px\" \/><\/figure>\n<\/figure>\n\n\n\n<h2 class=\"wp-block-heading\">2. HUD pratique et efficace<\/h2>\n\n\n\n<p>Avec une version gratuite de Hand2Note, vous ne pouvez utiliser qu&#8217;un HUD statique. Le HUD statique vous montre le m\u00eame ensemble de statistiques pour tous les adversaires \u00e0 n&#8217;importe quel stade d&#8217;une main. C&#8217;est un HUD classique que vous avez peut-\u00eatre d\u00e9j\u00e0 utilis\u00e9 dans d&#8217;autres trackers obsol\u00e8tes.<\/p>\n\n\n\n<figure class=\"wp-block-image size-large is-resized\"><img loading=\"lazy\" decoding=\"async\" src=\"https:\/\/hand2noteguide.com\/wp-content\/uploads\/2020\/05\/pro-cash-hud.png\" alt=\"\" class=\"wp-image-2348\" width=\"587\" height=\"482\" srcset=\"https:\/\/hand2noteguide.com\/wp-content\/uploads\/2020\/05\/pro-cash-hud.png 783w, https:\/\/hand2noteguide.com\/wp-content\/uploads\/2020\/05\/pro-cash-hud-300x246.png 300w, https:\/\/hand2noteguide.com\/wp-content\/uploads\/2020\/05\/pro-cash-hud-768x631.png 768w, https:\/\/hand2noteguide.com\/wp-content\/uploads\/2020\/05\/pro-cash-hud-772x634.png 772w, https:\/\/hand2noteguide.com\/wp-content\/uploads\/2020\/05\/pro-cash-hud-624x512.png 624w\" sizes=\"auto, (max-width: 587px) 100vw, 587px\" \/><\/figure>\n\n\n\n<p>Hand2Note vous permet d&#8217;utiliser un HUD positionnel et dynamique. Un tel HUD peut vous montrer diff\u00e9rentes statistiques pour :<\/p>\n\n\n\n<ul class=\"wp-block-list\">\n<li>les regs et les fishes ;<\/li>\n\n\n\n<li>les joueurs \u00e0 diff\u00e9rentes positions ;<\/li>\n\n\n\n<li>les joueurs avec diff\u00e9rentes tailles de stack ; <\/li>\n\n\n\n<li>les joueurs qui agissent avant ou apr\u00e8s le Hero en preflop ;<\/li>\n\n\n\n<li>les joueurs qui sont IP ou OOP par rapport au Hero ;<\/li>\n\n\n\n<li>etc.<\/li>\n<\/ul>\n\n\n\n<p>Vous pouvez avoir beaucoup de statistiques dans votre HUD, mais seules les statistiques pertinentes pour la situation actuelle et le joueur seront affich\u00e9es.<\/p>\n\n\n\n<p>Vous pouvez trouver <a href=\"https:\/\/hand2noteguide.com\/fr\/hud-store\/\">les meilleurs profils de HUD pour Hand2Note<\/a> dans notre boutique.<\/p>\n\n\n\n<h2 class=\"wp-block-heading\">3. Popups automatiques en mode God pour chaque stat<\/h2>\n\n\n\n<p>Hand2Note g\u00e9n\u00e8re automatiquement un popup \u00e9tendu pour chaque statistique de votre HUD. Ce popup contient des donn\u00e9es multi-formats extr\u00eamement utiles. Vous pouvez obtenir beaucoup d&#8217;informations cruciales sur vos adversaires en quelques secondes directement en jeu. Cela vous permet de trouver rapidement des faiblesses et d&#8217;exploiter vos adversaires \u00e0 la table de mani\u00e8re agressive.<\/p>\n\n\n\n<figure class=\"wp-block-gallery has-nested-images columns-default is-cropped wp-block-gallery-2 is-layout-flex wp-block-gallery-is-layout-flex\">\n<figure class=\"wp-block-image size-full\"><img loading=\"lazy\" decoding=\"async\" width=\"816\" height=\"1327\" data-id=\"9211\" src=\"https:\/\/hand2noteguide.com\/wp-content\/uploads\/2025\/03\/popup0-min.png\" alt=\"\" class=\"wp-image-9211\" srcset=\"https:\/\/hand2noteguide.com\/wp-content\/uploads\/2025\/03\/popup0-min.png 816w, https:\/\/hand2noteguide.com\/wp-content\/uploads\/2025\/03\/popup0-min-184x300.png 184w, https:\/\/hand2noteguide.com\/wp-content\/uploads\/2025\/03\/popup0-min-630x1024.png 630w, https:\/\/hand2noteguide.com\/wp-content\/uploads\/2025\/03\/popup0-min-768x1249.png 768w, https:\/\/hand2noteguide.com\/wp-content\/uploads\/2025\/03\/popup0-min-772x1255.png 772w, https:\/\/hand2noteguide.com\/wp-content\/uploads\/2025\/03\/popup0-min-384x624.png 384w\" sizes=\"auto, (max-width: 816px) 100vw, 816px\" \/><figcaption class=\"wp-element-caption\">Preflop<\/figcaption><\/figure>\n\n\n\n<figure class=\"wp-block-image size-full\"><img loading=\"lazy\" decoding=\"async\" width=\"934\" height=\"1635\" data-id=\"9215\" src=\"https:\/\/hand2noteguide.com\/wp-content\/uploads\/2025\/03\/postflop-min.png\" alt=\"\" class=\"wp-image-9215\" srcset=\"https:\/\/hand2noteguide.com\/wp-content\/uploads\/2025\/03\/postflop-min.png 934w, https:\/\/hand2noteguide.com\/wp-content\/uploads\/2025\/03\/postflop-min-171x300.png 171w, https:\/\/hand2noteguide.com\/wp-content\/uploads\/2025\/03\/postflop-min-585x1024.png 585w, https:\/\/hand2noteguide.com\/wp-content\/uploads\/2025\/03\/postflop-min-768x1344.png 768w, https:\/\/hand2noteguide.com\/wp-content\/uploads\/2025\/03\/postflop-min-877x1536.png 877w, https:\/\/hand2noteguide.com\/wp-content\/uploads\/2025\/03\/postflop-min-772x1351.png 772w, https:\/\/hand2noteguide.com\/wp-content\/uploads\/2025\/03\/postflop-min-356x624.png 356w\" sizes=\"auto, (max-width: 934px) 100vw, 934px\" \/><figcaption class=\"wp-element-caption\">Postflop<\/figcaption><\/figure>\n<\/figure>\n\n\n\n<h2 class=\"wp-block-heading\">4. Explorer les tendances des adversaires (MDA)<\/h2>\n\n\n\n<p>Vous pouvez explorer en profondeur l&#8217;ensemble du pool de joueurs avec lesquels vous jouez. Vous d\u00e9couvrirez comment diff\u00e9rents types de joueurs agissent dans diff\u00e9rentes situations. Vous conna\u00eetrez leurs ranges et fr\u00e9quences dans tous les sc\u00e9narios de jeu possibles. Par exemple :<\/p>\n\n\n\n<ul class=\"wp-block-list\">\n<li>Quel range les fishes utilisent-ils pour 4bet en preflop ?<\/li>\n\n\n\n<li>\u00c0 quelle fr\u00e9quence les regs mettent-ils le deuxi\u00e8me barrel dans un pot 3bet sur une carte compl\u00e9tant la couleur ?<\/li>\n\n\n\n<li>Avec quel range et \u00e0 quelle fr\u00e9quence les fishes overbet la rivi\u00e8re ?<\/li>\n\n\n\n<li>etc.<\/li>\n<\/ul>\n\n\n\n<p>Cette connaissance am\u00e9liorera consid\u00e9rablement votre compr\u00e9hension de la fa\u00e7on d&#8217;extraire le maximum de valeur de vos adversaires.<\/p>\n\n\n\n<figure class=\"wp-block-image size-large\"><img loading=\"lazy\" decoding=\"async\" width=\"1024\" height=\"643\" src=\"https:\/\/hand2noteguide.com\/wp-content\/uploads\/2025\/03\/RANGE_RESEARCH-NEW-m-1024x643.png\" alt=\"Hand2Note 4 Range Research\" class=\"wp-image-9217\" srcset=\"https:\/\/hand2noteguide.com\/wp-content\/uploads\/2025\/03\/RANGE_RESEARCH-NEW-m-1024x643.png 1024w, https:\/\/hand2noteguide.com\/wp-content\/uploads\/2025\/03\/RANGE_RESEARCH-NEW-m-300x188.png 300w, https:\/\/hand2noteguide.com\/wp-content\/uploads\/2025\/03\/RANGE_RESEARCH-NEW-m-768x482.png 768w, https:\/\/hand2noteguide.com\/wp-content\/uploads\/2025\/03\/RANGE_RESEARCH-NEW-m-1536x965.png 1536w, https:\/\/hand2noteguide.com\/wp-content\/uploads\/2025\/03\/RANGE_RESEARCH-NEW-m-2048x1287.png 2048w, https:\/\/hand2noteguide.com\/wp-content\/uploads\/2025\/03\/RANGE_RESEARCH-NEW-m-772x485.png 772w, https:\/\/hand2noteguide.com\/wp-content\/uploads\/2025\/03\/RANGE_RESEARCH-NEW-m-624x392.png 624w\" sizes=\"auto, (max-width: 1024px) 100vw, 1024px\" \/><\/figure>\n\n\n\n<h2 class=\"wp-block-heading\">5. Analyser la rentabilit\u00e9 de toutes vos lignes<\/h2>\n\n\n\n<p>Examiner la rentabilit\u00e9 de toutes vos d\u00e9cisions devient tr\u00e8s facile et efficace avec Hand2Note. Vous pouvez v\u00e9rifier toutes vos actions dans chaque situation de jeu possible. Vous pouvez trouver des r\u00e9ponses aux questions suivantes :<\/p>\n\n\n\n<ul class=\"wp-block-list\">\n<li>qu&#8217;est-ce qui est mieux, call ou 3bet avec des As assortis contre une ouverture du CO ?<\/li>\n\n\n\n<li>vaut-il la peine d&#8217;ouvrir des connecteurs moyens depuis l&#8217;UTG ou non ?<\/li>\n\n\n\n<li>comment construire ma range de mise et de check sur le postflop ?<\/li>\n\n\n\n<li>etc.<\/li>\n<\/ul>\n\n\n\n<figure class=\"wp-block-image size-large\"><img loading=\"lazy\" decoding=\"async\" width=\"1024\" height=\"306\" src=\"https:\/\/hand2noteguide.com\/wp-content\/uploads\/2025\/03\/image-1-1024x306.png\" alt=\"\" class=\"wp-image-9227\" srcset=\"https:\/\/hand2noteguide.com\/wp-content\/uploads\/2025\/03\/image-1-1024x306.png 1024w, https:\/\/hand2noteguide.com\/wp-content\/uploads\/2025\/03\/image-1-300x90.png 300w, https:\/\/hand2noteguide.com\/wp-content\/uploads\/2025\/03\/image-1-768x230.png 768w, https:\/\/hand2noteguide.com\/wp-content\/uploads\/2025\/03\/image-1-1536x460.png 1536w, https:\/\/hand2noteguide.com\/wp-content\/uploads\/2025\/03\/image-1-2048x613.png 2048w, https:\/\/hand2noteguide.com\/wp-content\/uploads\/2025\/03\/image-1-772x231.png 772w, https:\/\/hand2noteguide.com\/wp-content\/uploads\/2025\/03\/image-1-624x187.png 624w\" sizes=\"auto, (max-width: 1024px) 100vw, 1024px\" \/><\/figure>\n\n\n\n<div class=\"green-block\">\n<p style=\"margin-bottom:0\">Apprenez \u00e0 utiliser toutes les fonctionnalit\u00e9s \u00e9tape par \u00e9tape avec notre <a href=\"\/fr\/video-course\/\">\ud83d\udc68\u200d\ud83c\udfeb <b>cours vid\u00e9o Hand2Note<\/b><\/a>.<\/p>\n<\/div>\n\n\n\n<h2 class=\"wp-block-heading\">6. Large couverture des sites de poker pris en charge<\/h2>\n\n\n\n<p>Hand2Note prend en charge presque toutes les salles de poker. De plus, vous n&#8217;aurez plus besoin de logiciels suppl\u00e9mentaires comme les convertisseurs de mains. Hand2Note contient des modules int\u00e9gr\u00e9s pour traiter les mains de tous les formats possibles. De plus, les d\u00e9veloppeurs mettent toujours rapidement \u00e0 jour ces modules en cas de changements de la part des salles.<\/p>\n\n\n\n<figure class=\"wp-block-image size-large\"><img loading=\"lazy\" decoding=\"async\" width=\"1024\" height=\"767\" src=\"http:\/\/hand2noteguide.com\/wp-content\/uploads\/2025\/04\/coinpoker-hud-min-1024x767.png\" alt=\"\" class=\"wp-image-10568\" srcset=\"https:\/\/hand2noteguide.com\/wp-content\/uploads\/2025\/04\/coinpoker-hud-min-1024x767.png 1024w, https:\/\/hand2noteguide.com\/wp-content\/uploads\/2025\/04\/coinpoker-hud-min-300x225.png 300w, https:\/\/hand2noteguide.com\/wp-content\/uploads\/2025\/04\/coinpoker-hud-min-768x575.png 768w, https:\/\/hand2noteguide.com\/wp-content\/uploads\/2025\/04\/coinpoker-hud-min-1536x1150.png 1536w, https:\/\/hand2noteguide.com\/wp-content\/uploads\/2025\/04\/coinpoker-hud-min-2048x1533.png 2048w, https:\/\/hand2noteguide.com\/wp-content\/uploads\/2025\/04\/coinpoker-hud-min-772x578.png 772w, https:\/\/hand2noteguide.com\/wp-content\/uploads\/2025\/04\/coinpoker-hud-min-624x467.png 624w\" sizes=\"auto, (max-width: 1024px) 100vw, 1024px\" \/><\/figure>\n\n\n\n<p>O\u00f9 que vous jouiez &#8211; <a href=\"https:\/\/hand2noteguide.com\/fr\/pokerstars-hud\/\">PokerStars<\/a>, <a href=\"https:\/\/hand2noteguide.com\/fr\/pokerbros-hud\/\">PokerBros<\/a>, <a href=\"https:\/\/hand2noteguide.com\/fr\/coinpoker-hud\/\">CoinPoker<\/a>, ou tout autre site peu connu &#8211; Hand2Note est fait pour vous.<\/p>\n\n\n\n<h2 class=\"wp-block-heading\">7. Support premium<\/h2>\n\n\n\n<p><a href=\"https:\/\/hand2noteguide.com\/fr\/hand2note-official-support\/\">Support 24\/7<\/a> est inclus dans le prix de l&#8217;abonnement. Tout probl\u00e8me technique ou question g\u00e9n\u00e9rale sur le programme sera rapidement r\u00e9solu par des agents de support qui connaissent parfaitement les fonctionnalit\u00e9s de l&#8217;application et ont une exp\u00e9rience du poker professionnel.<\/p>\n\n\n\n<p>En achetant un abonnement Hand2Note, vous devenez membre d&#8217;un club \u00e9lite des joueurs les plus forts !<\/p>\n\n\n\n<p style=\"margin-top:24px\"><a style=\"font-weight:bold !important\" class=\"article-action-link\" href=\"https:\/\/hand2noteguide.com\/fr\/hand2note-4-getting-started\/\">Commencez \u00e0 utiliser Hand2Note &rarr;<\/a><\/p>\n","protected":false},"excerpt":{"rendered":"<p>Nous avons d\u00e9j\u00e0 d\u00e9termin\u00e9 pourquoi il vaut la peine de commencer \u00e0 utiliser le logiciel Hand2Note. Et comme vous le savez peut-\u00eatre d\u00e9j\u00e0, vous pouvez utiliser Hand2Note gratuitement et m\u00eame obtenir un HUD gratuit. Alors pourquoi acheter quelque chose ? Dans cet article, nous vous montrerons les possibilit\u00e9s exceptionnelles que vous pouvez obtenir avec un &hellip; <a href=\"https:\/\/hand2noteguide.com\/fr\/why-purchase-hand2note\/\" class=\"more-link\">Continue reading <span class=\"screen-reader-text\">Pourquoi acheter Hand2Note ?<\/span><\/a><\/p>\n","protected":false},"author":1,"featured_media":10164,"parent":0,"menu_order":0,"comment_status":"closed","ping_status":"closed","template":"page-templates\/full-width-page.php","meta":{"footnotes":""},"class_list":["post-2285","page","type-page","status-publish","has-post-thumbnail","hentry"],"translation":{"provider":"WPGlobus","version":"3.0.2","language":"fr","enabled_languages":["en","ru","pt","zh","es","fr","de","it","ja"],"languages":{"en":{"title":true,"content":true,"excerpt":false},"ru":{"title":true,"content":true,"excerpt":false},"pt":{"title":true,"content":true,"excerpt":false},"zh":{"title":true,"content":true,"excerpt":false},"es":{"title":true,"content":true,"excerpt":false},"fr":{"title":true,"content":true,"excerpt":false},"de":{"title":true,"content":true,"excerpt":false},"it":{"title":true,"content":true,"excerpt":false},"ja":{"title":true,"content":true,"excerpt":false}}},"yoast_head":"<!-- This site is optimized with the Yoast SEO plugin v27.0 - https:\/\/yoast.com\/product\/yoast-seo-wordpress\/ -->\n<title>Pourquoi acheter Hand2Note ? 7 raisons ind\u00e9niables<\/title>\n<meta name=\"description\" content=\"Vous vous demandez encore si vous avez besoin de Hand2Note ? Voici un aper\u00e7u de 7 raisons ind\u00e9niables d&#039;utiliser Hand2Note PRO pour faire passer votre carri\u00e8re de poker au niveau sup\u00e9rieur.\" \/>\n<meta name=\"robots\" content=\"index, follow, max-snippet:-1, max-image-preview:large, max-video-preview:-1\" \/>\n<link rel=\"canonical\" href=\"https:\/\/hand2noteguide.com\/ru\/why-purchase-hand2note\/\" \/>\n<meta property=\"og:locale\" content=\"fr_FR\" \/>\n<meta property=\"og:type\" content=\"article\" \/>\n<meta property=\"og:title\" content=\"Pourquoi acheter Hand2Note ? 7 raisons ind\u00e9niables\" \/>\n<meta property=\"og:description\" content=\"Vous vous demandez encore si vous avez besoin de Hand2Note ? Voici un aper\u00e7u de 7 raisons ind\u00e9niables d&#039;utiliser Hand2Note PRO pour faire passer votre carri\u00e8re de poker au niveau sup\u00e9rieur.\" \/>\n<meta property=\"og:url\" content=\"https:\/\/hand2noteguide.com\/ru\/why-purchase-hand2note\/\" \/>\n<meta property=\"og:site_name\" content=\"Hand2Note Guide\" \/>\n<meta property=\"article:modified_time\" content=\"2025-06-04T14:34:25+00:00\" \/>\n<meta property=\"og:image\" content=\"https:\/\/hand2noteguide.com\/wp-content\/uploads\/2025\/04\/h2n4-1-min-2048x1342-1.png\" \/>\n\t<meta property=\"og:image:width\" content=\"700\" \/>\n\t<meta property=\"og:image:height\" content=\"458\" \/>\n\t<meta property=\"og:image:type\" content=\"image\/png\" \/>\n<meta name=\"twitter:card\" content=\"summary_large_image\" \/>\n<meta name=\"twitter:label1\" content=\"Est. reading time\" \/>\n\t<meta name=\"twitter:data1\" content=\"21 minutes\" \/>\n<!-- \/ Yoast SEO plugin. -->","yoast_head_json":{"title":"Pourquoi acheter Hand2Note ? 7 raisons ind\u00e9niables","description":"Vous vous demandez encore si vous avez besoin de Hand2Note ? Voici un aper\u00e7u de 7 raisons ind\u00e9niables d'utiliser Hand2Note PRO pour faire passer votre carri\u00e8re de poker au niveau sup\u00e9rieur.","robots":{"index":"index","follow":"follow","max-snippet":"max-snippet:-1","max-image-preview":"max-image-preview:large","max-video-preview":"max-video-preview:-1"},"canonical":"https:\/\/hand2noteguide.com\/ru\/why-purchase-hand2note\/","og_locale":"fr_FR","og_type":"article","og_title":"Pourquoi acheter Hand2Note ? 7 raisons ind\u00e9niables","og_description":"Vous vous demandez encore si vous avez besoin de Hand2Note ? Voici un aper\u00e7u de 7 raisons ind\u00e9niables d'utiliser Hand2Note PRO pour faire passer votre carri\u00e8re de poker au niveau sup\u00e9rieur.","og_url":"https:\/\/hand2noteguide.com\/ru\/why-purchase-hand2note\/","og_site_name":"Hand2Note Guide","article_modified_time":"2025-06-04T14:34:25+00:00","og_image":[{"width":700,"height":458,"url":"https:\/\/hand2noteguide.com\/wp-content\/uploads\/2025\/04\/h2n4-1-min-2048x1342-1.png","type":"image\/png"}],"twitter_card":"summary_large_image","twitter_misc":{"Est. reading time":"21 minutes"},"schema":{"@context":"https:\/\/schema.org","@graph":[]}},"jetpack_sharing_enabled":true,"_links":{"self":[{"href":"https:\/\/hand2noteguide.com\/fr\/wp-json\/wp\/v2\/pages\/2285","targetHints":{"allow":["GET"]}}],"collection":[{"href":"https:\/\/hand2noteguide.com\/fr\/wp-json\/wp\/v2\/pages"}],"about":[{"href":"https:\/\/hand2noteguide.com\/fr\/wp-json\/wp\/v2\/types\/page"}],"author":[{"embeddable":true,"href":"https:\/\/hand2noteguide.com\/fr\/wp-json\/wp\/v2\/users\/1"}],"replies":[{"embeddable":true,"href":"https:\/\/hand2noteguide.com\/fr\/wp-json\/wp\/v2\/comments?post=2285"}],"version-history":[{"count":136,"href":"https:\/\/hand2noteguide.com\/fr\/wp-json\/wp\/v2\/pages\/2285\/revisions"}],"predecessor-version":[{"id":13503,"href":"https:\/\/hand2noteguide.com\/fr\/wp-json\/wp\/v2\/pages\/2285\/revisions\/13503"}],"wp:featuredmedia":[{"embeddable":true,"href":"https:\/\/hand2noteguide.com\/fr\/wp-json\/wp\/v2\/media\/10164"}],"wp:attachment":[{"href":"https:\/\/hand2noteguide.com\/fr\/wp-json\/wp\/v2\/media?parent=2285"}],"curies":[{"name":"wp","href":"https:\/\/api.w.org\/{rel}","templated":true}]}}