{"id":236,"date":"2018-08-02T13:05:22","date_gmt":"2018-08-02T10:05:22","guid":{"rendered":"https:\/\/h2n312.wordpress.com\/?page_id=236"},"modified":"2025-06-04T19:06:58","modified_gmt":"2025-06-04T16:06:58","slug":"issues-resolving","status":"publish","type":"page","link":"https:\/\/hand2noteguide.com\/fr\/issues-resolving\/","title":{"rendered":"D\u00e9pannage"},"content":{"rendered":"\n<p>Dans cette section, vous trouverez des instructions pour r\u00e9soudre les probl\u00e8mes les plus courants rencontr\u00e9s lors de l&#8217;utilisation de Hand2Note.<\/p>\n\n\n\n<p>Dans la plupart des cas, Hand2Note fonctionne sans probl\u00e8me, mais parfois des probl\u00e8mes surviennent avec n&#8217;importe quel logiciel de poker. Dans le cas de Hand2Note, il pourrait s&#8217;agir de probl\u00e8mes de HUD ou de base de donn\u00e9es, ou d&#8217;erreurs critiques apparaissant lors de l&#8217;utilisation du programme. Dans la liste ci-dessous, nous avons des solutions pour la plupart de ces probl\u00e8mes.<\/p>\n\n\n\n<h2 class=\"wp-block-heading\">Solutions pour les probl\u00e8mes typiques de Hand2Note<\/h2>\n\n\n\n<ul class=\"page-list subpages-page-list \">\n<li><a href=\"https:\/\/hand2noteguide.com\/fr\/issues-resolving\/hud-not-showing\/\"><strong>Le HUD ne fonctionne pas<\/strong><\/a><\/li>\n<li><a href=\"https:\/\/hand2noteguide.com\/fr\/issues-resolving\/dashes-instead-of-stats\/\">Tirets au lieu de stats ou 0 mains sur les joueurs dans le HUD<\/a><\/li>\n<li><a href=\"https:\/\/hand2noteguide.com\/fr\/issues-resolving\/asia-loss-of-hands\/\">Perte de mains dans les salles asiatiques<\/a><\/li>\n<li class=\"page_item page-item-137\"><a href=\"https:\/\/hand2noteguide.com\/fr\/issues-resolving\/connecting-to-server\/\">Hand2Note reste bloqu\u00e9 sur \u00ab Connexion au serveur \u00bb<\/a><\/li>\n<li><a href=\"https:\/\/hand2noteguide.com\/fr\/issues-resolving\/failed-to-open-database-connection\/\">\u00c9chec de l&#8217;ouverture de la connexion \u00e0 la base de donn\u00e9es<\/a><\/li>\n<li><a href=\"https:\/\/hand2noteguide.com\/fr\/issues-resolving\/h2n-takes-much-space\/\">Hand2Note prend trop de place<\/a><\/li>\n<li><a href=\"https:\/\/hand2noteguide.com\/fr\/issues-resolving\/hand2note-lags\/\">Hand2Note se fige ou fonctionne lentement<\/a><\/li>\n<li><a href=\"https:\/\/hand2noteguide.com\/fr\/issues-resolving\/crash-when-entering-reports\/\">Hand2Note plante lors de l&#8217;entr\u00e9e dans Sessions\/Reports<\/a><\/li>\n<li><a href=\"https:\/\/hand2noteguide.com\/fr\/issues-resolving\/reinstall\/\">R\u00e9installation de Hand2Note<\/a><\/li>\n\n<\/ul>\n\n\n\n<p>Si votre cas n&#8217;est pas r\u00e9pertori\u00e9, ou si apr\u00e8s avoir effectu\u00e9 les actions recommand\u00e9es, le probl\u00e8me persiste, contactez le <a href=\"https:\/\/hand2noteguide.com\/fr\/hand2note-official-support\/\">support Hand2Note<\/a>. L&#8217;\u00e9quipe vous aidera \u00e0 r\u00e9soudre vos probl\u00e8mes rapidement.<\/p>\n","protected":false},"excerpt":{"rendered":"<p>Solving the most common problems when using Hand2Note<\/p>\n","protected":false},"author":1,"featured_media":0,"parent":0,"menu_order":6,"comment_status":"closed","ping_status":"closed","template":"page-templates\/full-width-page.php","meta":{"footnotes":""},"class_list":["post-236","page","type-page","status-publish","hentry"],"translation":{"provider":"WPGlobus","version":"3.0.2","language":"fr","enabled_languages":["en","ru","pt","zh","es","fr","de","it","ja"],"languages":{"en":{"title":true,"content":true,"excerpt":true},"ru":{"title":true,"content":true,"excerpt":true},"pt":{"title":true,"content":true,"excerpt":false},"zh":{"title":true,"content":true,"excerpt":true},"es":{"title":true,"content":true,"excerpt":false},"fr":{"title":true,"content":true,"excerpt":false},"de":{"title":true,"content":true,"excerpt":false},"it":{"title":true,"content":true,"excerpt":false},"ja":{"title":true,"content":true,"excerpt":false}}},"yoast_head":"<!-- This site is optimized with the Yoast SEO plugin v27.0 - https:\/\/yoast.com\/product\/yoast-seo-wordpress\/ -->\n<title>D\u00e9pannage. Pas de HUD, erreurs de base de donn\u00e9es - Guide Hand2Note<\/title>\n<meta name=\"description\" content=\"Trouvez des solutions aux probl\u00e8mes courants de Hand2Note tels que les erreurs de HUD et les probl\u00e8mes de base de donn\u00e9es. Obtenez des solutions rapides et un support pour garantir des sessions de poker fluides.\" \/>\n<meta name=\"robots\" content=\"index, follow, max-snippet:-1, max-image-preview:large, max-video-preview:-1\" \/>\n<link rel=\"canonical\" href=\"https:\/\/hand2noteguide.com\/issues-resolving\/\" \/>\n<meta property=\"og:locale\" content=\"fr_FR\" \/>\n<meta property=\"og:type\" content=\"article\" \/>\n<meta property=\"og:title\" content=\"D\u00e9pannage. Pas de HUD, erreurs de base de donn\u00e9es - Guide Hand2Note\" \/>\n<meta property=\"og:description\" content=\"Trouvez des solutions aux probl\u00e8mes courants de Hand2Note tels que les erreurs de HUD et les probl\u00e8mes de base de donn\u00e9es. Obtenez des solutions rapides et un support pour garantir des sessions de poker fluides.\" \/>\n<meta property=\"og:url\" content=\"https:\/\/hand2noteguide.com\/issues-resolving\/\" \/>\n<meta property=\"og:site_name\" content=\"Hand2Note Guide\" \/>\n<meta property=\"article:modified_time\" content=\"2025-06-04T16:06:58+00:00\" \/>\n<meta name=\"twitter:card\" content=\"summary_large_image\" \/>\n<meta name=\"twitter:label1\" content=\"Est. reading time\" \/>\n\t<meta name=\"twitter:data1\" content=\"6 minutes\" \/>\n<!-- \/ Yoast SEO plugin. -->","yoast_head_json":{"title":"D\u00e9pannage. Pas de HUD, erreurs de base de donn\u00e9es - Guide Hand2Note","description":"Trouvez des solutions aux probl\u00e8mes courants de Hand2Note tels que les erreurs de HUD et les probl\u00e8mes de base de donn\u00e9es. Obtenez des solutions rapides et un support pour garantir des sessions de poker fluides.","robots":{"index":"index","follow":"follow","max-snippet":"max-snippet:-1","max-image-preview":"max-image-preview:large","max-video-preview":"max-video-preview:-1"},"canonical":"https:\/\/hand2noteguide.com\/issues-resolving\/","og_locale":"fr_FR","og_type":"article","og_title":"D\u00e9pannage. Pas de HUD, erreurs de base de donn\u00e9es - Guide Hand2Note","og_description":"Trouvez des solutions aux probl\u00e8mes courants de Hand2Note tels que les erreurs de HUD et les probl\u00e8mes de base de donn\u00e9es. Obtenez des solutions rapides et un support pour garantir des sessions de poker fluides.","og_url":"https:\/\/hand2noteguide.com\/issues-resolving\/","og_site_name":"Hand2Note Guide","article_modified_time":"2025-06-04T16:06:58+00:00","twitter_card":"summary_large_image","twitter_misc":{"Est. reading time":"6 minutes"},"schema":{"@context":"https:\/\/schema.org","@graph":[]}},"jetpack_sharing_enabled":false,"_links":{"self":[{"href":"https:\/\/hand2noteguide.com\/fr\/wp-json\/wp\/v2\/pages\/236","targetHints":{"allow":["GET"]}}],"collection":[{"href":"https:\/\/hand2noteguide.com\/fr\/wp-json\/wp\/v2\/pages"}],"about":[{"href":"https:\/\/hand2noteguide.com\/fr\/wp-json\/wp\/v2\/types\/page"}],"author":[{"embeddable":true,"href":"https:\/\/hand2noteguide.com\/fr\/wp-json\/wp\/v2\/users\/1"}],"replies":[{"embeddable":true,"href":"https:\/\/hand2noteguide.com\/fr\/wp-json\/wp\/v2\/comments?post=236"}],"version-history":[{"count":36,"href":"https:\/\/hand2noteguide.com\/fr\/wp-json\/wp\/v2\/pages\/236\/revisions"}],"predecessor-version":[{"id":13544,"href":"https:\/\/hand2noteguide.com\/fr\/wp-json\/wp\/v2\/pages\/236\/revisions\/13544"}],"wp:attachment":[{"href":"https:\/\/hand2noteguide.com\/fr\/wp-json\/wp\/v2\/media?parent=236"}],"curies":[{"name":"wp","href":"https:\/\/api.w.org\/{rel}","templated":true}]}}