{"id":2465,"date":"2020-07-04T14:51:40","date_gmt":"2020-07-04T11:51:40","guid":{"rendered":"http:\/\/hand2noteguide.com\/?page_id=2465"},"modified":"2026-03-10T13:42:42","modified_gmt":"2026-03-10T13:42:42","slug":"pokerstars-hud","status":"publish","type":"page","link":"https:\/\/hand2noteguide.com\/fr\/pokerstars-hud\/","title":{"rendered":"Meilleures options de HUD pour PokerStars &#8211; Commencez \u00e0 utiliser le HUD maintenant"},"content":{"rendered":"\n<p>PokerStars est l&#8217;une des principales rooms de poker en ligne au monde, avec :<\/p>\n\n\n\n<ul class=\"wp-block-list\">\n<li>l&#8217;un des pools de joueurs les plus difficiles au monde ;<\/li>\n\n\n\n<li>la politique la plus stricte concernant les logiciels tiers.<\/li>\n<\/ul>\n\n\n\n<p>C&#8217;est pourquoi il faut etre prudent au moment de choisir un logiciel HUD pour cette room. Le logiciel ideal doit offrir des fonctionnalites avancees pour vous donner un avantage, tout en respectant toutes les exigences de la room.<\/p>\n\n\n\n<h2 class=\"wp-block-heading\">PokerStars autorise-t-il le HUD ?<\/h2>\n\n\n\n<p><strong>Oui, avec certaines restrictions<\/strong>. Selon la politique de la room, vous pouvez utiliser un HUD aux tables. Mais certaines regles ne doivent jamais etre enfreintes. Par exemple :<\/p>\n\n\n\n<ul class=\"wp-block-list\">\n<li>Le HUD ne peut pas changer en fonction des actions de la main (le <strong><a href=\"https:\/\/hand2noteguide.com\/fr\/user-manual\/hud-editor-creating-a-dynamic-hud\/\" type=\"page\" id=\"13718\">Dynamic HUD est interdit<\/a><\/strong>)<\/li>\n\n\n\n<li>La couleur du texte des stats ne doit pas changer selon les valeurs de ces stats.<\/li>\n\n\n\n<li>Le marquage automatique des joueurs par type reg\/fish est interdit.<\/li>\n\n\n\n<li>Et plus encore.<\/li>\n<\/ul>\n\n\n\n<p><strong>Les logiciels que nous recommandons respectent toutes les exigences de la room<\/strong>. Les developpeurs suivent les changements de politique de PokerStars et publient les mises a jour necessaires. Il suffit d&#8217;utiliser les versions les plus recentes.<\/p>\n\n\n\n<h2 class=\"wp-block-heading\">Quel est le meilleur HUD pour PokerStars ?<\/h2>\n\n\n\n<p>Dans cet article, nous repondons aux questions principales sur le HUD sur PokerStars et presentons les 2 meilleures options : <strong>Hand2Note<\/strong> et <strong>StarsCaption<\/strong>. Bonne nouvelle : vous n&#8217;avez pas besoin de choisir entre les deux, ils se completent parfaitement.<\/p>\n\n\n\n<h2 class=\"wp-block-heading\">Hand2Note<\/h2>\n\n\n\n<p>Hand2Note est un tracker de poker nouvelle generation. Il fournit un HUD et des popups puissants et faciles a utiliser pour PokerStars, en tenant compte des regles mentionnees.<\/p>\n\n\n<div class=\"wp-block-h2n-cta-button\" style=\"text-align: left;\"><a href=\"https:\/\/hand2noteguide.com\/fr\/go\/hand2note\/\" class=\"btn btn-primary\" target=\"_blank\" rel=\"noopener noreferrer nofollow sponsored\">Aller sur le site Hand2Note<\/a><\/div>\n\n\n<figure class=\"wp-block-image size-large\"><img loading=\"lazy\" decoding=\"async\" width=\"1024\" height=\"641\" src=\"https:\/\/hand2noteguide.com\/wp-content\/uploads\/2024\/05\/hand2note-robot-new-min-1024x641.webp\" alt=\"\" class=\"wp-image-6802\" srcset=\"https:\/\/hand2noteguide.com\/wp-content\/uploads\/2024\/05\/hand2note-robot-new-min-1024x641.webp 1024w, https:\/\/hand2noteguide.com\/wp-content\/uploads\/2024\/05\/hand2note-robot-new-min-300x188.webp 300w, https:\/\/hand2noteguide.com\/wp-content\/uploads\/2024\/05\/hand2note-robot-new-min-768x481.webp 768w, https:\/\/hand2noteguide.com\/wp-content\/uploads\/2024\/05\/hand2note-robot-new-min-1536x962.webp 1536w, https:\/\/hand2noteguide.com\/wp-content\/uploads\/2024\/05\/hand2note-robot-new-min-772x483.webp 772w, https:\/\/hand2noteguide.com\/wp-content\/uploads\/2024\/05\/hand2note-robot-new-min-624x391.webp 624w, https:\/\/hand2noteguide.com\/wp-content\/uploads\/2024\/05\/hand2note-robot-new-min.webp 1584w\" sizes=\"auto, (max-width: 1024px) 100vw, 1024px\" \/><\/figure>\n\n\n\n<p>Un HUD simple avec des donnees de base et des stats pretes a l&#8217;emploi est disponible juste apres l&#8217;installation. Vous pouvez aussi creer votre propre HUD, popup et stats via des editeurs intuitifs. Une autre option est d&#8217;utiliser notre <a href=\"https:\/\/hand2noteguide.com\/fr\/free-hud\/\">HUD gratuit<\/a>. Pour un HUD plus avance, consultez notre <a href=\"\/fr\/hud-store\/\">HUD Store<\/a> avec des packs prets de developpeurs professionnels.<\/p>\n\n\n\n<figure class=\"wp-block-image size-full\"><img loading=\"lazy\" decoding=\"async\" width=\"907\" height=\"627\" src=\"https:\/\/hand2noteguide.com\/wp-content\/uploads\/2024\/05\/hud-2-min.png\" alt=\"\" class=\"wp-image-6823\" srcset=\"https:\/\/hand2noteguide.com\/wp-content\/uploads\/2024\/05\/hud-2-min.png 907w, https:\/\/hand2noteguide.com\/wp-content\/uploads\/2024\/05\/hud-2-min-300x207.png 300w, https:\/\/hand2noteguide.com\/wp-content\/uploads\/2024\/05\/hud-2-min-768x531.png 768w, https:\/\/hand2noteguide.com\/wp-content\/uploads\/2024\/05\/hud-2-min-772x534.png 772w, https:\/\/hand2noteguide.com\/wp-content\/uploads\/2024\/05\/hud-2-min-624x431.png 624w\" sizes=\"auto, (max-width: 907px) 100vw, 907px\" \/><figcaption class=\"wp-element-caption\">HUD Hand2Note sur une table PokerStars<\/figcaption><\/figure>\n\n\n\n<h3 class=\"wp-block-heading\">Hand2Note est-il autorise sur PokerStars ?<\/h3>\n\n\n\n<p>Oui, Hand2Note est autorise sur PokerStars. Toutes les restrictions HUD de la room sont appliquees automatiquement.<\/p>\n\n\n\n<figure class=\"wp-block-image size-large\"><img loading=\"lazy\" decoding=\"async\" width=\"1024\" height=\"578\" src=\"https:\/\/hand2noteguide.com\/wp-content\/uploads\/2024\/05\/hand2note-pokerstars-permitted-min-1024x578.png\" alt=\"\" class=\"wp-image-6803\" srcset=\"https:\/\/hand2noteguide.com\/wp-content\/uploads\/2024\/05\/hand2note-pokerstars-permitted-min-1024x578.png 1024w, https:\/\/hand2noteguide.com\/wp-content\/uploads\/2024\/05\/hand2note-pokerstars-permitted-min-300x169.png 300w, https:\/\/hand2noteguide.com\/wp-content\/uploads\/2024\/05\/hand2note-pokerstars-permitted-min-768x433.png 768w, https:\/\/hand2noteguide.com\/wp-content\/uploads\/2024\/05\/hand2note-pokerstars-permitted-min-1536x867.png 1536w, https:\/\/hand2noteguide.com\/wp-content\/uploads\/2024\/05\/hand2note-pokerstars-permitted-min-772x436.png 772w, https:\/\/hand2noteguide.com\/wp-content\/uploads\/2024\/05\/hand2note-pokerstars-permitted-min-624x352.png 624w, https:\/\/hand2noteguide.com\/wp-content\/uploads\/2024\/05\/hand2note-pokerstars-permitted-min.png 1870w\" sizes=\"auto, (max-width: 1024px) 100vw, 1024px\" \/><figcaption class=\"wp-element-caption\">Liste des outils autorises sur PokerStars<\/figcaption><\/figure>\n\n\n\n<h3 class=\"wp-block-heading\">Il existe plusieurs HUD pour Hand2Note. Lequel utiliser sur PS ?<\/h3>\n\n\n\n<p>Il existe un large choix de <a href=\"https:\/\/hand2noteguide.com\/fr\/hud-store\/\">packs HUD et popups<\/a>. Comment savoir lequel correspond a vos besoins et reste autorise sur PokerStars ?<\/p>\n\n\n\n<p>Vous pouvez choisir en toute securite n&#8217;importe quel pack dans notre <a href=\"https:\/\/hand2noteguide.com\/fr\/hud-store\/\">Store<\/a>. <strong>Chaque produit contient des HUD compatibles avec les regles PokerStars<\/strong>. De plus, chaque pack peut etre teste gratuitement pendant quelques jours. Il suffit de <a href=\"https:\/\/hand2noteguide.com\/fr\/contact-us\/\">nous contacter<\/a>.<\/p>\n\n\n\n<p><a href=\"https:\/\/www.hudstore.poker\/products\/simple-cash\" target=\"_blank\" rel=\"noreferrer noopener\">Simple Cash<\/a> est un bon set HUD + Popups pour debutants\/intermediaires sur PokerStars en termes de rapport qualite\/prix.<\/p>\n\n\n\n<figure class=\"wp-block-gallery has-nested-images columns-default is-cropped wp-block-gallery-1 is-layout-flex wp-block-gallery-is-layout-flex\">\n<figure class=\"wp-block-image size-large\"><img loading=\"lazy\" decoding=\"async\" width=\"1024\" height=\"675\" data-id=\"6806\" src=\"https:\/\/hand2noteguide.com\/wp-content\/uploads\/2024\/05\/simple-cash-1.png\" alt=\"Simpe Cash HUD #1\" class=\"wp-image-6806\" srcset=\"https:\/\/hand2noteguide.com\/wp-content\/uploads\/2024\/05\/simple-cash-1.png 1024w, https:\/\/hand2noteguide.com\/wp-content\/uploads\/2024\/05\/simple-cash-1-300x198.png 300w, https:\/\/hand2noteguide.com\/wp-content\/uploads\/2024\/05\/simple-cash-1-768x506.png 768w, https:\/\/hand2noteguide.com\/wp-content\/uploads\/2024\/05\/simple-cash-1-772x509.png 772w, https:\/\/hand2noteguide.com\/wp-content\/uploads\/2024\/05\/simple-cash-1-624x411.png 624w\" sizes=\"auto, (max-width: 1024px) 100vw, 1024px\" \/><figcaption class=\"wp-element-caption\">Simple Cash HUD #1<\/figcaption><\/figure>\n\n\n\n<figure class=\"wp-block-image size-full\"><img loading=\"lazy\" decoding=\"async\" width=\"1024\" height=\"666\" data-id=\"6807\" src=\"https:\/\/hand2noteguide.com\/wp-content\/uploads\/2024\/05\/simple-cash-4.png\" alt=\"Simple Cash HUD #2\" class=\"wp-image-6807\" srcset=\"https:\/\/hand2noteguide.com\/wp-content\/uploads\/2024\/05\/simple-cash-4.png 1024w, https:\/\/hand2noteguide.com\/wp-content\/uploads\/2024\/05\/simple-cash-4-300x195.png 300w, https:\/\/hand2noteguide.com\/wp-content\/uploads\/2024\/05\/simple-cash-4-768x500.png 768w, https:\/\/hand2noteguide.com\/wp-content\/uploads\/2024\/05\/simple-cash-4-772x502.png 772w, https:\/\/hand2noteguide.com\/wp-content\/uploads\/2024\/05\/simple-cash-4-624x406.png 624w\" sizes=\"auto, (max-width: 1024px) 100vw, 1024px\" \/><figcaption class=\"wp-element-caption\">Simple Cash HUD #2<\/figcaption><\/figure>\n\n\n\n<figure class=\"wp-block-image size-large\"><img loading=\"lazy\" decoding=\"async\" width=\"893\" height=\"609\" data-id=\"6805\" src=\"https:\/\/hand2noteguide.com\/wp-content\/uploads\/2024\/05\/simple-cash-2.png\" alt=\"Simple Cash Popup\" class=\"wp-image-6805\" srcset=\"https:\/\/hand2noteguide.com\/wp-content\/uploads\/2024\/05\/simple-cash-2.png 893w, https:\/\/hand2noteguide.com\/wp-content\/uploads\/2024\/05\/simple-cash-2-300x205.png 300w, https:\/\/hand2noteguide.com\/wp-content\/uploads\/2024\/05\/simple-cash-2-768x524.png 768w, https:\/\/hand2noteguide.com\/wp-content\/uploads\/2024\/05\/simple-cash-2-772x526.png 772w, https:\/\/hand2noteguide.com\/wp-content\/uploads\/2024\/05\/simple-cash-2-624x426.png 624w\" sizes=\"auto, (max-width: 893px) 100vw, 893px\" \/><figcaption class=\"wp-element-caption\">Simple Cash Popup<\/figcaption><\/figure>\n<\/figure>\n\n\n\n<h3 class=\"wp-block-heading\">Comment lancer le HUD Hand2Note sur PokerStars ?<\/h3>\n\n\n\n<p>Demarrer avec Hand2Note sur PokerStars est tres simple. Lancez simplement les deux programmes en meme temps et le HUD apparaitra automatiquement sur les tables PS.<\/p>\n\n\n\n<figure class=\"wp-block-image size-full\"><img loading=\"lazy\" decoding=\"async\" width=\"902\" height=\"623\" src=\"https:\/\/hand2noteguide.com\/wp-content\/uploads\/2024\/05\/hud-1-min.png\" alt=\"\" class=\"wp-image-6824\" srcset=\"https:\/\/hand2noteguide.com\/wp-content\/uploads\/2024\/05\/hud-1-min.png 902w, https:\/\/hand2noteguide.com\/wp-content\/uploads\/2024\/05\/hud-1-min-300x207.png 300w, https:\/\/hand2noteguide.com\/wp-content\/uploads\/2024\/05\/hud-1-min-768x530.png 768w, https:\/\/hand2noteguide.com\/wp-content\/uploads\/2024\/05\/hud-1-min-772x533.png 772w, https:\/\/hand2noteguide.com\/wp-content\/uploads\/2024\/05\/hud-1-min-624x431.png 624w\" sizes=\"auto, (max-width: 902px) 100vw, 902px\" \/><\/figure>\n\n\n\n<p>Pour ameliorer la precision de collecte des mains, il est recommande de configurer Auto Import. Activez la sauvegarde des hand histories dans le client PokerStars et ajoutez le dossier dans la section <strong>Auto Import<\/strong> de Hand2Note. Consultez notre <strong><a href=\"https:\/\/hand2noteguide.com\/fr\/user-manual\/setting-up-an-auto-import-in-hand2note\/\" type=\"page\" id=\"9299\">guide de configuration Auto Import<\/a><\/strong>.<\/p>\n\n\n<div class=\"wp-block-h2n-alert h2n-alert h2n-alert--warning\"><div class=\"h2n-alert__icon\" aria-hidden=\"true\"><svg width=\"22\" height=\"22\" viewBox=\"0 0 24 24\" fill=\"none\" stroke=\"currentColor\" stroke-width=\"2\" stroke-linecap=\"round\" stroke-linejoin=\"round\"><path d=\"M10.29 3.86L1.82 18a2 2 0 001.71 3h16.94a2 2 0 001.71-3L13.71 3.86a2 2 0 00-3.42 0z\"\/><line x1=\"12\" y1=\"9\" x2=\"12\" y2=\"13\"\/><circle cx=\"12\" cy=\"17\" r=\"1\" fill=\"currentColor\" stroke=\"none\"\/><\/svg><\/div><div class=\"h2n-alert__content\">Assurez-vous que les hand histories sont enregistrees en <strong>anglais<\/strong>, sinon l&#8217;import dans Hand2Note ne fonctionnera pas.<\/div><\/div>\n\n\n<p>En plus du HUD, Hand2Note offre de nombreuses fonctionnalites pour ameliorer votre jeu (analyse de mains, rapports, Pool Research, etc.). Consultez notre article : <a href=\"https:\/\/hand2noteguide.com\/fr\/why-purchase-hand2note\/\" type=\"page\" id=\"2285\">pourquoi il vaut la peine d&#8217;acheter une licence Hand2Note<\/a>. Notez que le HUD positionnel et le HUD dynamique sont interdits par PokerStars, mais le reste des fonctions reste utilisable.<\/p>\n\n\n\n<h2 class=\"wp-block-heading\">StarsCaption \u2b50<\/h2>\n\n\n\n<p style=\"margin-top:24px\"><a class=\"article-action-link\" target=\"_blank\" href=\"https:\/\/hand2noteguide.com\/fr\/starscaption\/\" rel=\"noopener\">Aller \u00e0 la page StarsCaption<\/a><\/p>\n\n\n\n<p><a href=\"https:\/\/hand2noteguide.com\/fr\/starscaption\/\">StarsCaption<\/a> est un logiciel d&#8217;assistance pour jouer confortablement sur PokerStars. Avec le HUD StarsCaption, vous avez toutes les informations importantes sur la main en cours, comme :<\/p>\n\n\n\n<ul class=\"wp-block-list\">\n<li><a href=\"https:\/\/hand2noteguide.com\/fr\/poker\/poker-positions\/\">Noms des positions des joueurs<\/a><\/li>\n\n\n\n<li>L&#8217;historique de la main (la sequence des <a href=\"https:\/\/hand2noteguide.com\/fr\/poker\/poker-actions\/\">actions<\/a> de vos adversaires sur toutes les streets)<\/li>\n\n\n\n<li>Your <a href=\"https:\/\/hand2noteguide.com\/fr\/poker\/free-poker-tools\/pot-odds-calculator\/\">Pot Odds<\/a><\/li>\n\n\n\n<li>Le nombre de joueurs encore dans la main<\/li>\n\n\n\n<li>Votre <a href=\"https:\/\/hand2noteguide.com\/fr\/poker\/poker-bluff\/\">Bluff<\/a> Equity<\/li>\n\n\n\n<li>And much more.<\/li>\n<\/ul>\n\n\n\n<figure class=\"wp-block-image size-full\"><img loading=\"lazy\" decoding=\"async\" width=\"808\" height=\"557\" src=\"http:\/\/hand2noteguide.com\/wp-content\/uploads\/2024\/05\/starscaption-0-table-min.png\" alt=\"Starscaption Real Table Example\" class=\"wp-image-6685\" srcset=\"https:\/\/hand2noteguide.com\/wp-content\/uploads\/2024\/05\/starscaption-0-table-min.png 808w, https:\/\/hand2noteguide.com\/wp-content\/uploads\/2024\/05\/starscaption-0-table-min-300x207.png 300w, https:\/\/hand2noteguide.com\/wp-content\/uploads\/2024\/05\/starscaption-0-table-min-768x529.png 768w, https:\/\/hand2noteguide.com\/wp-content\/uploads\/2024\/05\/starscaption-0-table-min-772x532.png 772w, https:\/\/hand2noteguide.com\/wp-content\/uploads\/2024\/05\/starscaption-0-table-min-624x430.png 624w\" sizes=\"auto, (max-width: 808px) 100vw, 808px\" \/><figcaption class=\"wp-element-caption\">Utilisation de StarsCaption sur PokerStars. Voyez les stacks en BB, les positions et des infos supplementaires a table.<\/figcaption><\/figure>\n\n\n\n<p>Ainsi, pendant que Hand2Note affiche les stats de vos adversaires, StarsCaption vous aide sur tout le reste. Vous n&#8217;avez pas besoin de calculer vos odds de call a la main, ni de memoriser les actions de la <a href=\"https:\/\/hand2noteguide.com\/fr\/poker\/poker-streets\/\">street<\/a> precedente (tres utile en multi-tabling). Toutes ces infos sont visibles directement a table avec le HUD StarsCaption.<\/p>\n\n\n\n<p>En plus du HUD, StarsCaption propose de nombreuses autres fonctions pour ameliorer votre experience de jeu sur PokerStars. Consultez la <a href=\"https:\/\/hand2noteguide.com\/fr\/starscaption\/\">page StarsCaption<\/a> pour plus d&#8217;informations.<\/p>\n\n\n\n<h3 class=\"wp-block-heading\">StarsCaption est-il autorise sur PokerStars ?<\/h3>\n\n\n\n<p>Oui, StarsCaption figure dans la liste officielle des logiciels autorises.<\/p>\n\n\n\n<figure class=\"wp-block-image size-large\"><img loading=\"lazy\" decoding=\"async\" width=\"1024\" height=\"513\" src=\"https:\/\/hand2noteguide.com\/wp-content\/uploads\/2024\/05\/starscaption-ps-approved-min-1024x513.png\" alt=\"Conclusion\" class=\"wp-image-6808\" srcset=\"https:\/\/hand2noteguide.com\/wp-content\/uploads\/2024\/05\/starscaption-ps-approved-min-1024x513.png 1024w, https:\/\/hand2noteguide.com\/wp-content\/uploads\/2024\/05\/starscaption-ps-approved-min-300x150.png 300w, https:\/\/hand2noteguide.com\/wp-content\/uploads\/2024\/05\/starscaption-ps-approved-min-768x385.png 768w, https:\/\/hand2noteguide.com\/wp-content\/uploads\/2024\/05\/starscaption-ps-approved-min-1536x769.png 1536w, https:\/\/hand2noteguide.com\/wp-content\/uploads\/2024\/05\/starscaption-ps-approved-min-772x387.png 772w, https:\/\/hand2noteguide.com\/wp-content\/uploads\/2024\/05\/starscaption-ps-approved-min-624x313.png 624w, https:\/\/hand2noteguide.com\/wp-content\/uploads\/2024\/05\/starscaption-ps-approved-min.png 1841w\" sizes=\"auto, (max-width: 1024px) 100vw, 1024px\" \/><figcaption class=\"wp-element-caption\">Conclusion<\/figcaption><\/figure>\n\n\n\n<h2 class=\"wp-block-heading\">Conclusion<\/h2>\n\n\n\n<p>Choisir le bon HUD peut nettement ameliorer votre jeu sur PokerStars. Le logiciel ideal doit etre fluide, puissant et conforme a la politique de PokerStars. Nos deux meilleurs choix sont Hand2Note et <a href=\"https:\/\/hand2noteguide.com\/fr\/starscaption\/\">StarsCaption<\/a>. En les utilisant ensemble, vous obtenez l&#8217;une des meilleures solutions HUD pour PokerStars.<\/p>\n","protected":false},"excerpt":{"rendered":"<p>PokerStars est l&#8217;une des principales rooms de poker en ligne au monde, avec : C&#8217;est pourquoi il faut etre prudent au moment de choisir un logiciel HUD pour cette room. Le logiciel ideal doit offrir des fonctionnalites avancees pour vous donner un avantage, tout en respectant toutes les exigences de la room. PokerStars autorise-t-il le &hellip; <a href=\"https:\/\/hand2noteguide.com\/fr\/pokerstars-hud\/\" class=\"more-link\">Continue reading <span class=\"screen-reader-text\">Meilleures options de HUD pour PokerStars &#8211; Commencez \u00e0 utiliser le HUD maintenant<\/span><\/a><\/p>\n","protected":false},"author":1,"featured_media":6826,"parent":0,"menu_order":0,"comment_status":"closed","ping_status":"closed","template":"","meta":{"footnotes":""},"class_list":["post-2465","page","type-page","status-publish","has-post-thumbnail","hentry"],"translation":{"provider":"WPGlobus","version":"3.0.2","language":"fr","enabled_languages":["en","ru","pt","zh","es","fr","de","it","ja"],"languages":{"en":{"title":true,"content":true,"excerpt":false},"ru":{"title":true,"content":true,"excerpt":false},"pt":{"title":true,"content":true,"excerpt":false},"zh":{"title":true,"content":true,"excerpt":false},"es":{"title":true,"content":true,"excerpt":false},"fr":{"title":true,"content":true,"excerpt":false},"de":{"title":true,"content":true,"excerpt":false},"it":{"title":true,"content":true,"excerpt":false},"ja":{"title":true,"content":true,"excerpt":false}}},"yoast_head":"<!-- This site is optimized with the Yoast SEO plugin v27.0 - https:\/\/yoast.com\/product\/yoast-seo-wordpress\/ -->\n<title>2 Meilleures Options de HUD pour PokerStars : Commencez \u00e0 Utiliser le HUD<\/title>\n<meta name=\"description\" content=\"Hand2Note et StarsCaption sont les choix de HUD optimaux pour PokerStars. D\u00e9couvrez les principales fonctionnalit\u00e9s et les \u00e9tapes simples pour l&#039;installation dans notre article.\" \/>\n<meta name=\"robots\" content=\"index, follow, max-snippet:-1, max-image-preview:large, max-video-preview:-1\" \/>\n<link rel=\"canonical\" href=\"https:\/\/hand2noteguide.com\/pokerstars-hud\/\" \/>\n<meta property=\"og:locale\" content=\"fr_FR\" \/>\n<meta property=\"og:type\" content=\"article\" \/>\n<meta property=\"og:title\" content=\"2 Meilleures Options de HUD pour PokerStars : Commencez \u00e0 Utiliser le HUD\" \/>\n<meta property=\"og:description\" content=\"Hand2Note et StarsCaption sont les choix de HUD optimaux pour PokerStars. D\u00e9couvrez les principales fonctionnalit\u00e9s et les \u00e9tapes simples pour l&#039;installation dans notre article.\" \/>\n<meta property=\"og:url\" content=\"https:\/\/hand2noteguide.com\/pokerstars-hud\/\" \/>\n<meta property=\"og:site_name\" content=\"Hand2Note Guide\" \/>\n<meta property=\"article:modified_time\" content=\"2026-03-10T13:42:42+00:00\" \/>\n<meta property=\"og:image\" content=\"https:\/\/hand2noteguide.com\/wp-content\/uploads\/2024\/05\/pokerstars-hud-min.png\" \/>\n\t<meta property=\"og:image:width\" content=\"905\" \/>\n\t<meta property=\"og:image:height\" content=\"623\" \/>\n\t<meta property=\"og:image:type\" content=\"image\/png\" \/>\n<meta name=\"twitter:card\" content=\"summary_large_image\" \/>\n<meta name=\"twitter:label1\" content=\"Est. reading time\" \/>\n\t<meta name=\"twitter:data1\" content=\"8 minutes\" \/>\n<!-- \/ Yoast SEO plugin. -->","yoast_head_json":{"title":"2 Meilleures Options de HUD pour PokerStars : Commencez \u00e0 Utiliser le HUD","description":"Hand2Note et StarsCaption sont les choix de HUD optimaux pour PokerStars. D\u00e9couvrez les principales fonctionnalit\u00e9s et les \u00e9tapes simples pour l'installation dans notre article.","robots":{"index":"index","follow":"follow","max-snippet":"max-snippet:-1","max-image-preview":"max-image-preview:large","max-video-preview":"max-video-preview:-1"},"canonical":"https:\/\/hand2noteguide.com\/pokerstars-hud\/","og_locale":"fr_FR","og_type":"article","og_title":"2 Meilleures Options de HUD pour PokerStars : Commencez \u00e0 Utiliser le HUD","og_description":"Hand2Note et StarsCaption sont les choix de HUD optimaux pour PokerStars. D\u00e9couvrez les principales fonctionnalit\u00e9s et les \u00e9tapes simples pour l'installation dans notre article.","og_url":"https:\/\/hand2noteguide.com\/pokerstars-hud\/","og_site_name":"Hand2Note Guide","article_modified_time":"2026-03-10T13:42:42+00:00","og_image":[{"width":905,"height":623,"url":"https:\/\/hand2noteguide.com\/wp-content\/uploads\/2024\/05\/pokerstars-hud-min.png","type":"image\/png"}],"twitter_card":"summary_large_image","twitter_misc":{"Est. reading time":"8 minutes"},"schema":{"@context":"https:\/\/schema.org","@graph":[]}},"jetpack_sharing_enabled":true,"_links":{"self":[{"href":"https:\/\/hand2noteguide.com\/fr\/wp-json\/wp\/v2\/pages\/2465","targetHints":{"allow":["GET"]}}],"collection":[{"href":"https:\/\/hand2noteguide.com\/fr\/wp-json\/wp\/v2\/pages"}],"about":[{"href":"https:\/\/hand2noteguide.com\/fr\/wp-json\/wp\/v2\/types\/page"}],"author":[{"embeddable":true,"href":"https:\/\/hand2noteguide.com\/fr\/wp-json\/wp\/v2\/users\/1"}],"replies":[{"embeddable":true,"href":"https:\/\/hand2noteguide.com\/fr\/wp-json\/wp\/v2\/comments?post=2465"}],"version-history":[{"count":78,"href":"https:\/\/hand2noteguide.com\/fr\/wp-json\/wp\/v2\/pages\/2465\/revisions"}],"predecessor-version":[{"id":15551,"href":"https:\/\/hand2noteguide.com\/fr\/wp-json\/wp\/v2\/pages\/2465\/revisions\/15551"}],"wp:featuredmedia":[{"embeddable":true,"href":"https:\/\/hand2noteguide.com\/fr\/wp-json\/wp\/v2\/media\/6826"}],"wp:attachment":[{"href":"https:\/\/hand2noteguide.com\/fr\/wp-json\/wp\/v2\/media?parent=2465"}],"curies":[{"name":"wp","href":"https:\/\/api.w.org\/{rel}","templated":true}]}}