{"id":256,"date":"2018-08-02T17:08:05","date_gmt":"2018-08-02T14:08:05","guid":{"rendered":"https:\/\/h2n312.wordpress.com\/?page_id=256"},"modified":"2025-06-04T19:04:30","modified_gmt":"2025-06-04T16:04:30","slug":"moving-hud-and-settings","status":"publish","type":"page","link":"https:\/\/hand2noteguide.com\/fr\/guide\/moving-hud-and-settings\/","title":{"rendered":"D\u00e9placer le HUD et les param\u00e8tres"},"content":{"rendered":"<p>Tous les <a href=\"https:\/\/hand2noteguide.com\/fr\/guide\/hud\/\">HUDs et popups<\/a> utilis\u00e9s, ainsi que les param\u00e8tres utilisateur, sont stock\u00e9s dans le dossier <em>Config<\/em> du r\u00e9pertoire d&#8217;installation de Hand2Note (<em>C:\/Program Files\/Hand2Note\/ <\/em>par d\u00e9faut).<\/p>\n<p><img loading=\"lazy\" decoding=\"async\" class=\"alignnone size-full wp-image-939\" src=\"https:\/\/hand2noteguide.com\/wp-content\/uploads\/2019\/05\/hand2note-config-folder.png\" alt=\"hand2note config folder\" width=\"1037\" height=\"735\" srcset=\"https:\/\/hand2noteguide.com\/wp-content\/uploads\/2019\/05\/hand2note-config-folder.png 1037w, https:\/\/hand2noteguide.com\/wp-content\/uploads\/2019\/05\/hand2note-config-folder-300x213.png 300w, https:\/\/hand2noteguide.com\/wp-content\/uploads\/2019\/05\/hand2note-config-folder-768x544.png 768w, https:\/\/hand2noteguide.com\/wp-content\/uploads\/2019\/05\/hand2note-config-folder-1024x726.png 1024w, https:\/\/hand2noteguide.com\/wp-content\/uploads\/2019\/05\/hand2note-config-folder-772x547.png 772w, https:\/\/hand2noteguide.com\/wp-content\/uploads\/2019\/05\/hand2note-config-folder-624x442.png 624w\" sizes=\"auto, (max-width: 1037px) 100vw, 1037px\" \/><\/p>\n<p>Si vous devez sauvegarder les param\u00e8tres avant de <a href=\"https:\/\/hand2noteguide.com\/fr\/issues-resolving\/reinstall\/\">d\u00e9sinstaller Hand2Note<\/a>, il suffit de faire une copie du dossier <em>Config<\/em> et de la conserver dans un endroit s\u00fbr.<\/p>\n<p>Si vous souhaitez partager vos HUDs ou param\u00e8tres avec un ami ou les transf\u00e9rer sur un autre appareil, il suffit \u00e9galement de faire une copie du dossier <em>Config<\/em> et de le placer dans le r\u00e9pertoire d&#8217;installation de Hand2Note sur un autre ordinateur.<\/p>\n<p>Voir aussi :<\/p>\n<ul>\n<li><a href=\"https:\/\/hand2noteguide.com\/fr\/guide\/database\/move-database-to-another-pc\/\">D\u00e9placement de la base de donn\u00e9es<\/a><\/li>\n<li><a href=\"https:\/\/hand2noteguide.com\/fr\/guide\/where-are-notes-stored\/\">D\u00e9placement des notes<\/a><\/li>\n<li><a href=\"https:\/\/hand2noteguide.com\/fr\/guide\/moving-marked-hands\/\">D\u00e9placement des mains marqu\u00e9es<\/a><\/li>\n<\/ul>\n","protected":false},"excerpt":{"rendered":"<p>Tous les HUDs et popups utilis\u00e9s, ainsi que les param\u00e8tres utilisateur, sont stock\u00e9s dans le dossier Config du r\u00e9pertoire d&#8217;installation de Hand2Note (C:\/Program Files\/Hand2Note\/ par d\u00e9faut). Si vous devez sauvegarder les param\u00e8tres avant de d\u00e9sinstaller Hand2Note, il suffit de faire une copie du dossier Config et de la conserver dans un endroit s\u00fbr. Si vous &hellip; <a href=\"https:\/\/hand2noteguide.com\/fr\/guide\/moving-hud-and-settings\/\" class=\"more-link\">Continue reading <span class=\"screen-reader-text\">D\u00e9placer le HUD et les param\u00e8tres<\/span><\/a><\/p>\n","protected":false},"author":1,"featured_media":0,"parent":74,"menu_order":0,"comment_status":"closed","ping_status":"closed","template":"page-templates\/full-width-page.php","meta":{"footnotes":""},"class_list":["post-256","page","type-page","status-publish","hentry"],"translation":{"provider":"WPGlobus","version":"3.0.2","language":"fr","enabled_languages":["en","ru","pt","zh","es","fr","de","it","ja"],"languages":{"en":{"title":true,"content":true,"excerpt":false},"ru":{"title":true,"content":true,"excerpt":false},"pt":{"title":true,"content":true,"excerpt":false},"zh":{"title":true,"content":true,"excerpt":false},"es":{"title":true,"content":true,"excerpt":false},"fr":{"title":true,"content":true,"excerpt":false},"de":{"title":true,"content":true,"excerpt":false},"it":{"title":true,"content":true,"excerpt":false},"ja":{"title":true,"content":true,"excerpt":false}}},"yoast_head":"<!-- This site is optimized with the Yoast SEO plugin v27.0 - https:\/\/yoast.com\/product\/yoast-seo-wordpress\/ -->\n<title>Comment d\u00e9placer facilement le HUD et les param\u00e8tres dans Hand2Note<\/title>\n<meta name=\"description\" content=\"D\u00e9couvrez comment d\u00e9placer facilement votre HUD et vos param\u00e8tres dans Hand2Note. Suivez notre guide \u00e9tape par \u00e9tape pour sauvegarder, partager ou transf\u00e9rer vos configurations en toute s\u00e9curit\u00e9.\" \/>\n<meta name=\"robots\" content=\"index, follow, max-snippet:-1, max-image-preview:large, max-video-preview:-1\" \/>\n<link rel=\"canonical\" href=\"https:\/\/hand2noteguide.com\/guide\/moving-hud-and-settings\/\" \/>\n<meta property=\"og:locale\" content=\"fr_FR\" \/>\n<meta property=\"og:type\" content=\"article\" \/>\n<meta property=\"og:title\" content=\"Comment d\u00e9placer facilement le HUD et les param\u00e8tres dans Hand2Note\" \/>\n<meta property=\"og:description\" content=\"D\u00e9couvrez comment d\u00e9placer facilement votre HUD et vos param\u00e8tres dans Hand2Note. Suivez notre guide \u00e9tape par \u00e9tape pour sauvegarder, partager ou transf\u00e9rer vos configurations en toute s\u00e9curit\u00e9.\" \/>\n<meta property=\"og:url\" content=\"https:\/\/hand2noteguide.com\/guide\/moving-hud-and-settings\/\" \/>\n<meta property=\"og:site_name\" content=\"Hand2Note Guide\" \/>\n<meta property=\"article:modified_time\" content=\"2025-06-04T16:04:30+00:00\" \/>\n<meta property=\"og:image\" content=\"https:\/\/hand2noteguide.com\/wp-content\/uploads\/2018\/08\/hand2note-d0bfd0b0d0bfd0bad0b0-config.png\" \/>\n<meta name=\"twitter:card\" content=\"summary_large_image\" \/>\n<meta name=\"twitter:label1\" content=\"Est. reading time\" \/>\n\t<meta name=\"twitter:data1\" content=\"4 minutes\" \/>\n<!-- \/ Yoast SEO plugin. -->","yoast_head_json":{"title":"Comment d\u00e9placer facilement le HUD et les param\u00e8tres dans Hand2Note","description":"D\u00e9couvrez comment d\u00e9placer facilement votre HUD et vos param\u00e8tres dans Hand2Note. Suivez notre guide \u00e9tape par \u00e9tape pour sauvegarder, partager ou transf\u00e9rer vos configurations en toute s\u00e9curit\u00e9.","robots":{"index":"index","follow":"follow","max-snippet":"max-snippet:-1","max-image-preview":"max-image-preview:large","max-video-preview":"max-video-preview:-1"},"canonical":"https:\/\/hand2noteguide.com\/guide\/moving-hud-and-settings\/","og_locale":"fr_FR","og_type":"article","og_title":"Comment d\u00e9placer facilement le HUD et les param\u00e8tres dans Hand2Note","og_description":"D\u00e9couvrez comment d\u00e9placer facilement votre HUD et vos param\u00e8tres dans Hand2Note. Suivez notre guide \u00e9tape par \u00e9tape pour sauvegarder, partager ou transf\u00e9rer vos configurations en toute s\u00e9curit\u00e9.","og_url":"https:\/\/hand2noteguide.com\/guide\/moving-hud-and-settings\/","og_site_name":"Hand2Note Guide","article_modified_time":"2025-06-04T16:04:30+00:00","og_image":[{"url":"https:\/\/hand2noteguide.com\/wp-content\/uploads\/2018\/08\/hand2note-d0bfd0b0d0bfd0bad0b0-config.png","type":"","width":"","height":""}],"twitter_card":"summary_large_image","twitter_misc":{"Est. reading time":"4 minutes"},"schema":{"@context":"https:\/\/schema.org","@graph":[]}},"jetpack_sharing_enabled":false,"_links":{"self":[{"href":"https:\/\/hand2noteguide.com\/fr\/wp-json\/wp\/v2\/pages\/256","targetHints":{"allow":["GET"]}}],"collection":[{"href":"https:\/\/hand2noteguide.com\/fr\/wp-json\/wp\/v2\/pages"}],"about":[{"href":"https:\/\/hand2noteguide.com\/fr\/wp-json\/wp\/v2\/types\/page"}],"author":[{"embeddable":true,"href":"https:\/\/hand2noteguide.com\/fr\/wp-json\/wp\/v2\/users\/1"}],"replies":[{"embeddable":true,"href":"https:\/\/hand2noteguide.com\/fr\/wp-json\/wp\/v2\/comments?post=256"}],"version-history":[{"count":12,"href":"https:\/\/hand2noteguide.com\/fr\/wp-json\/wp\/v2\/pages\/256\/revisions"}],"predecessor-version":[{"id":13541,"href":"https:\/\/hand2noteguide.com\/fr\/wp-json\/wp\/v2\/pages\/256\/revisions\/13541"}],"up":[{"embeddable":true,"href":"https:\/\/hand2noteguide.com\/fr\/wp-json\/wp\/v2\/pages\/74"}],"wp:attachment":[{"href":"https:\/\/hand2noteguide.com\/fr\/wp-json\/wp\/v2\/media?parent=256"}],"curies":[{"name":"wp","href":"https:\/\/api.w.org\/{rel}","templated":true}]}}