{"id":2853,"date":"2020-07-07T20:51:39","date_gmt":"2020-07-07T17:51:39","guid":{"rendered":"http:\/\/hand2noteguide.com\/?page_id=2853"},"modified":"2026-02-22T15:24:12","modified_gmt":"2026-02-22T12:24:12","slug":"best-poker-tracker-software","status":"publish","type":"page","link":"https:\/\/hand2noteguide.com\/fr\/best-poker-tracker-software\/","title":{"rendered":"Le meilleur logiciel de suivi de poker : Hand2Note vs HM3 et PT4"},"content":{"rendered":"\n<p><a href=\"https:\/\/hand2note.com\/\" target=\"_blank\" aria-label=\"undefined (opens in a new tab)\" rel=\"noreferrer noopener\">Hand2Note<\/a> est le leader incontest\u00e9 parmi tous les trackers de poker sur le march\u00e9. Avec la sortie de <strong>Hand2Note 4<\/strong>, l&#8217;\u00e9cart entre H2N et les alternatives plus anciennes comme Holdem Manager 3 ou PokerTracker 4 s&#8217;est encore creus\u00e9. Il ne s&#8217;agit pas d&#8217;une simple mise \u00e0 jour incr\u00e9mentale \u2014 c&#8217;est un produit enti\u00e8rement reconstruit avec des rapports avanc\u00e9s, une analyse interactive et des performances consid\u00e9rablement am\u00e9lior\u00e9es. Vous trouverez \u00e9galement H2N dans pratiquement tous les <a href=\"https:\/\/hand2noteguide.com\/fr\/poker\/5-best-online-poker-software\/\">classements des meilleurs logiciels de poker<\/a>.<\/p>\n\n\n\n<p>Voyons en d\u00e9tail pourquoi Hand2Note est le meilleur tracker de poker disponible actuellement \u2014 et ce qui fait de la version 4 un v\u00e9ritable tournant.<\/p>\n\n\n\n<h2 class=\"wp-block-heading\">1. Les nouveaut\u00e9s de Hand2Note 4<\/h2>\n\n\n\n<p>Hand2Note 4 a \u00e9t\u00e9 enti\u00e8rement reconstruit de z\u00e9ro au cours de trois ann\u00e9es de d\u00e9veloppement \u2014 et le r\u00e9sultat est un outil consid\u00e9rablement plus puissant.<\/p>\n\n\n\n<figure class=\"wp-block-image size-large\"><img loading=\"lazy\" decoding=\"async\" width=\"1024\" height=\"705\" src=\"https:\/\/hand2noteguide.com\/wp-content\/uploads\/2025\/04\/hand2note4-new-min-1024x705.png\" alt=\"Logiciel tracker de poker Hand2Note 4\" class=\"wp-image-9780\" srcset=\"https:\/\/hand2noteguide.com\/wp-content\/uploads\/2025\/04\/hand2note4-new-min-1024x705.png 1024w, https:\/\/hand2noteguide.com\/wp-content\/uploads\/2025\/04\/hand2note4-new-min-300x207.png 300w, https:\/\/hand2noteguide.com\/wp-content\/uploads\/2025\/04\/hand2note4-new-min-768x529.png 768w, https:\/\/hand2noteguide.com\/wp-content\/uploads\/2025\/04\/hand2note4-new-min-1536x1058.png 1536w, https:\/\/hand2noteguide.com\/wp-content\/uploads\/2025\/04\/hand2note4-new-min-2048x1411.png 2048w, https:\/\/hand2noteguide.com\/wp-content\/uploads\/2025\/04\/hand2note4-new-min-772x532.png 772w, https:\/\/hand2noteguide.com\/wp-content\/uploads\/2025\/04\/hand2note4-new-min-624x430.png 624w\" sizes=\"auto, (max-width: 1024px) 100vw, 1024px\" \/><figcaption class=\"wp-element-caption\">Hand2Note 4 \u2014 le meilleur logiciel tracker de poker<\/figcaption><\/figure>\n\n\n\n<p>Voici les am\u00e9liorations les plus importantes par rapport \u00e0 la version pr\u00e9c\u00e9dente :<\/p>\n\n\n\n<ul class=\"wp-block-list\">\n<li><strong><a href=\"https:\/\/hand2noteguide.com\/fr\/user-manual\/hand2note-report-menu\/\">Smart Reports<\/a><\/strong> \u2014 le logiciel affiche automatiquement les statistiques les plus pertinentes pour chaque filtre que vous appliquez. S\u00e9lectionnez un filtre Continuation Bet Flop, et H2N4 affiche instantan\u00e9ment les r\u00e9actions des adversaires, les fr\u00e9quences de barrel, et plus encore.<\/li>\n\n\n\n<li><strong>Interactive Reports<\/strong> \u2014 cliquez sur n&#8217;importe quelle statistique pour acc\u00e9der \u00e0 un sous-rapport d\u00e9taill\u00e9. Cela vous permet d&#8217;encha\u00eener les rapports et d&#8217;explorer les tendances de vos adversaires en temps r\u00e9el.<\/li>\n\n\n\n<li><strong><a href=\"https:\/\/hand2noteguide.com\/fr\/user-manual\/creating-a-simple-stat-continued-bet-on-the-river-in-a-3bet-pot-position\/\">Custom Filters<\/a><\/strong> \u2014 cr\u00e9ez vos propres filtres pour n&#8217;importe quel sc\u00e9nario que vous souhaitez \u00e9tudier (par exemple, tous les spots o\u00f9 un adversaire c-bet \u00e0 la moiti\u00e9 du pot).<\/li>\n\n\n\n<li><strong>Base de donn\u00e9es 50 % plus petite<\/strong> \u2014 les mises \u00e0 jour r\u00e9centes ont r\u00e9duit la taille de la base de donn\u00e9es de moiti\u00e9, avec des options pour exclure les fichiers d&#8217;historique de mains ou les rapports du stockage, acc\u00e9l\u00e9rant la construction des statistiques de 2 \u00e0 3 fois.<\/li>\n\n\n\n<li><strong>Replayer de mains repens\u00e9<\/strong> \u2014 une interface plus \u00e9pur\u00e9e avec une option mode smartphone.<\/li>\n\n\n\n<li><strong><a href=\"https:\/\/hand2noteguide.com\/fr\/user-manual\/the-multiple-players-tool-in-hand2note-range-research\/\">Multi-Player Reports<\/a><\/strong> \u2014 l&#8217;outil Range Research a \u00e9t\u00e9 renomm\u00e9 et am\u00e9lior\u00e9, rendant l&#8217;analyse du pool de joueurs plus rapide et plus intuitive.<\/li>\n\n\n\n<li><strong>Support du Omaha 6 cartes et des bomb pots<\/strong> \u2014 couverture \u00e9largie des types de jeu.<\/li>\n\n\n\n<li><strong>Suivi des tables anonymes<\/strong> \u2014 identifiants uniques des joueurs pour le suivi des statistiques sur les tables anonymes\/incognito.<\/li>\n<\/ul>\n\n\n\n<p>Hand2Note 4 est enti\u00e8rement conforme aux conditions d&#8217;utilisation de PokerStars et est disponible en plusieurs langues, dont l&#8217;anglais, le russe, le chinois, l&#8217;espagnol et le portugais.<\/p>\n\n\n\n<h2 class=\"wp-block-heading\">2. HUD avanc\u00e9<\/h2>\n\n\n\n<p>La fonction principale de tout tracker de poker est le <a href=\"https:\/\/hand2noteguide.com\/fr\/poker\/poker-hud\/\">HUD poker<\/a> \u2014 il vous permet de voir les statistiques en temps r\u00e9el sur vos adversaires directement sur la table. Tout joueur de poker s\u00e9rieux utilise un HUD pendant ses sessions.<\/p>\n\n\n\n<figure class=\"wp-block-image size-large\"><img decoding=\"async\" src=\"https:\/\/hand2noteguide.com\/wp-content\/uploads\/2026\/02\/pppoker-hud-with-hand2note.webp\" alt=\"HUD PPPoker avec Hand2Note\" \/><figcaption class=\"wp-element-caption\">HUD Hand2Note sur PPPoker<\/figcaption><\/figure>\n\n\n\n<p>Si vous avez utilis\u00e9 des trackers plus anciens, vous connaissez l&#8217;exp\u00e9rience HUD classique : un ensemble statique de chiffres affich\u00e9 en permanence pour chaque joueur. Hand2Note am\u00e8ne cela \u00e0 un tout autre niveau avec des options de HUD positionnel et dynamique. Cela signifie que le HUD s&#8217;adapte et vous montre les donn\u00e9es les plus pertinentes pour chaque adversaire en fonction de :<\/p>\n\n\n\n<ul class=\"wp-block-list\">\n<li><a href=\"https:\/\/hand2noteguide.com\/fr\/poker\/poker-positions\/\">la position du joueur<\/a> ;<\/li>\n\n\n\n<li>la taille du stack effectif ;<\/li>\n\n\n\n<li>la taille de l&#8217;\u00e9chantillon de mains ;<\/li>\n\n\n\n<li><a href=\"https:\/\/hand2noteguide.com\/fr\/poker\/poker-actions\/\">l&#8217;action dans la main<\/a> ;<\/li>\n\n\n\n<li>et bien plus encore.<\/li>\n<\/ul>\n\n\n\n<p>En plus de cela, Hand2Note offre des fonctionnalit\u00e9s HUD exclusives qu&#8217;aucun autre tracker ne propose :<\/p>\n\n\n\n<ul class=\"wp-block-list\">\n<li><strong>HUD d\u00e8s la premi\u00e8re main<\/strong> \u2014 vous obtenez des donn\u00e9es imm\u00e9diatement, sans attendre qu&#8217;un \u00e9chantillon se constitue ;<\/li>\n\n\n\n<li><strong>Last Showdown Indicator<\/strong> \u2014 visualisez instantan\u00e9ment le dernier showdown de n&#8217;importe quel adversaire ;<\/li>\n\n\n\n<li><strong>Masquage automatique au fold<\/strong> \u2014 le HUD dispara\u00eet quand vous vous couchez, gardant la table propre ;<\/li>\n\n\n\n<li><strong>Onglets et raccourcis HUD<\/strong> \u2014 basculez entre les panneaux de statistiques sans ouvrir de popups.<\/li>\n<\/ul>\n\n\n\n<p>Vous pouvez avoir des milliers de statistiques dans votre HUD tout en ne voyant que les donn\u00e9es les plus pertinentes pour le spot en cours et le type d&#8217;adversaire. Consultez notre <a href=\"https:\/\/hand2noteguide.com\/fr\/hud-store\/\">boutique de HUD<\/a> pour obtenir la meilleure option de HUD pour Hand2Note.<\/p>\n\n\n\n<h2 class=\"wp-block-heading\">3. Analyse de base de donn\u00e9es et rapports<\/h2>\n\n\n\n<p>Hand2Note est bien plus qu&#8217;un simple outil d&#8217;affichage de HUD. Il fournit des instruments remarquables pour une analyse approfondie de votre propre jeu et des tendances de vos adversaires.<\/p>\n\n\n\n<figure class=\"wp-block-image size-large\"><img decoding=\"async\" src=\"https:\/\/hand2noteguide.com\/wp-content\/uploads\/2026\/02\/multi-player-report-h2n-scaled.webp\" alt=\"Fonctionnalit\u00e9 Multi-Player Reports de Hand2Note\" \/><figcaption class=\"wp-element-caption\">Multi-Player Reports dans Hand2Note 4<\/figcaption><\/figure>\n\n\n\n<p>Avec les Smart Reports, Interactive Reports et Custom Filters de Hand2Note 4, la profondeur d&#8217;analyse est in\u00e9gal\u00e9e. Vous pouvez trouver des r\u00e9ponses aux questions cruciales sur vos adversaires :<\/p>\n\n\n\n<ul class=\"wp-block-list\">\n<li>Comment construisent-ils leurs <a href=\"https:\/\/blog.freebetrange.com\/article\/poker-preflop-ranges-a-comprehensive-guide\" target=\"_blank\" aria-label=\"undefined (opens in a new tab)\" rel=\"noreferrer noopener\">ranges<\/a> ?<\/li>\n\n\n\n<li>Dans quels spots <a href=\"https:\/\/hand2noteguide.com\/fr\/poker\/poker-bluff\/\">bluffent<\/a>-ils trop souvent ou trop rarement ?<\/li>\n\n\n\n<li>Quelles sont les fr\u00e9quences d&#8217;actions sp\u00e9cifiques sur diff\u00e9rentes textures de board face \u00e0 diff\u00e9rentes tailles de mise ?<\/li>\n<\/ul>\n\n\n\n<p>Pour ma\u00eetriser toutes les fonctionnalit\u00e9s de Hand2Note rapidement et efficacement, consultez notre <a href=\"https:\/\/hand2noteguide.com\/fr\/training\/\">offre de coaching<\/a> ou notre <a href=\"https:\/\/hand2noteguide.com\/fr\/video-course\/\">cours vid\u00e9o complet Hand2Note<\/a>.<\/p>\n\n\n\n<h2 class=\"wp-block-heading\">4. Vitesse et performances<\/h2>\n\n\n\n<p>Hand2Note 4 est construit sur un moteur optimis\u00e9 qui exploite pleinement les processeurs multi-c\u0153urs modernes et la RAM. La diff\u00e9rence de vitesse par rapport \u00e0 PokerTracker 4 ou Holdem Manager 3 est consid\u00e9rable :<\/p>\n\n\n\n<ul class=\"wp-block-list\">\n<li><strong>Vitesse d&#8217;importation<\/strong> \u2014 class\u00e9e \u00ab tr\u00e8s \u00e9lev\u00e9e \u00bb dans les benchmarks, tandis que PT4 est class\u00e9 \u00ab faible \u00bb et HM3 \u00ab moyen \u00bb.<\/li>\n\n\n\n<li><strong>Optimisation de la base de donn\u00e9es<\/strong> \u2014 les mises \u00e0 jour r\u00e9centes ont r\u00e9duit la taille de la base de donn\u00e9es de 50 %, et la construction des statistiques est 2 \u00e0 3 fois plus rapide gr\u00e2ce aux options d&#8217;exclusion des donn\u00e9es inutiles du stockage.<\/li>\n\n\n\n<li><strong>Bases de donn\u00e9es massives<\/strong> \u2014 Hand2Note g\u00e8re plus de 240 millions de mains sans difficult\u00e9, alors que les trackers plus anciens ralentissent souvent consid\u00e9rablement avec de grands ensembles de donn\u00e9es.<\/li>\n\n\n\n<li><strong>Vitesse des rapports et popups<\/strong> \u2014 les rapports se chargent rapidement m\u00eame sur de grandes bases de donn\u00e9es, et les popups s&#8217;ouvrent sans d\u00e9lai perceptible.<\/li>\n<\/ul>\n\n\n\n<p>En m\u00eame temps, le logiciel est bien optimis\u00e9 et fonctionne de mani\u00e8re fluide m\u00eame sur du mat\u00e9riel modeste.<\/p>\n\n\n\n<figure class=\"wp-block-image size-large\"><img decoding=\"async\" src=\"https:\/\/hand2noteguide.com\/wp-content\/uploads\/2026\/01\/hand2note-import-speed.webp\" alt=\"Benchmark de vitesse d'importation Hand2Note\" \/><figcaption class=\"wp-element-caption\">Vitesse d&#8217;importation de Hand2Note<\/figcaption><\/figure>\n\n\n\n<h2 class=\"wp-block-heading\">5. Plus de 50 salles de poker support\u00e9es<\/h2>\n\n\n\n<p>Hand2Note prend en charge plus de 50 sites et applications de poker, y compris tous les principaux r\u00e9seaux et de nombreuses plateformes moins connues. Les salles principalement support\u00e9es avec une int\u00e9gration native compl\u00e8te incluent PokerStars, PartyPoker, Winamax, iPoker, Winning Network et 888.<\/p>\n\n\n\n<p>Au-del\u00e0 de cela, Hand2Note fournit un HUD et un suivi pour un large \u00e9ventail de salles suppl\u00e9mentaires : <a href=\"https:\/\/hand2noteguide.com\/fr\/pokerstars-hud\/\">PokerStars<\/a>, <a href=\"https:\/\/hand2noteguide.com\/fr\/pokerbros-hud\/\">PokerBros<\/a>, Ignition, BetOnline, Chico, CoinPoker, et des dizaines d&#8217;autres.<\/p>\n\n\n\n<p>Les types de jeu support\u00e9s incluent le No Limit Hold&#8217;em, le PLO, le PLO5, le Omaha 6 cartes, le Short Deck (6+), le Limit, ainsi que les formats Cash et MTT, y compris les variantes Zoom\/fast-fold.<\/p>\n\n\n\n<h2 class=\"wp-block-heading\">6. Hand2Note vs PokerTracker 4 vs Holdem Manager 3<\/h2>\n\n\n\n<p>Voici comment Hand2Note se compare aux deux autres trackers de poker populaires (bas\u00e9 sur la <a href=\"https:\/\/hand2note.com\/Help\/hand2note-vs-other-tools\" target=\"_blank\" rel=\"noreferrer noopener\">comparaison officielle<\/a>) :<\/p>\n\n\n\n<figure class=\"wp-block-table is-style-stripes\"><table><thead><tr><th>Fonctionnalit\u00e9<\/th><th>Hand2Note 4<\/th><th>PokerTracker 4<\/th><th>Holdem Manager 3<\/th><\/tr><\/thead><tbody><tr><td><strong>HUD<\/strong><\/td><td>Positionnel, dynamique, masquage auto, onglets, raccourcis<\/td><td>Statique uniquement<\/td><td>Statique uniquement<\/td><\/tr><tr><td><strong>HUD d\u00e8s la premi\u00e8re main<\/strong><\/td><td>Oui<\/td><td>Non<\/td><td>Non<\/td><\/tr><tr><td><strong>Smart Reports<\/strong><\/td><td>Oui<\/td><td>Non<\/td><td>Non<\/td><\/tr><tr><td><strong>Interactive Reports<\/strong><\/td><td>Oui<\/td><td>Non<\/td><td>Non<\/td><\/tr><tr><td><strong>Custom Filters<\/strong><\/td><td>Oui<\/td><td>Non<\/td><td>Non<\/td><\/tr><tr><td><strong>Visualisation des ranges<\/strong><\/td><td>Preflop + postflop + mixing<\/td><td>Non<\/td><td>Preflop + postflop via NoteCaddy (sans mixing)<\/td><\/tr><tr><td><strong>Distribution des tailles de mise<\/strong><\/td><td>Sur chaque statistique<\/td><td>Non<\/td><td>Non<\/td><\/tr><tr><td><strong>Action Profit<\/strong><\/td><td>Oui<\/td><td>Non<\/td><td>Via NoteCaddy<\/td><\/tr><tr><td><strong>Notes avec les mains<\/strong><\/td><td>Oui \u2014 mod\u00e8les, mains dans les notes, notes sur les statistiques<\/td><td>Texte + autonotes<\/td><td>Texte + autonotes (via NoteCaddy)<\/td><\/tr><tr><td><strong>Vitesse d&#8217;importation<\/strong><\/td><td>Tr\u00e8s \u00e9lev\u00e9e<\/td><td>Faible<\/td><td>Moyenne<\/td><\/tr><tr><td><strong>Performance des rapports<\/strong><\/td><td>Tr\u00e8s \u00e9lev\u00e9e<\/td><td>Faible<\/td><td>Moyenne<\/td><\/tr><tr><td><strong>Salles support\u00e9es<\/strong><\/td><td>50+<\/td><td>15+<\/td><td>15+<\/td><\/tr><tr><td><strong>Tarification<\/strong><\/td><td>49 $\/mois (annuel) ou 62,50 $\/mois<\/td><td>99,99 $ + ~40 $\/an pour les mises \u00e0 jour<\/td><td>100 $ + ~60 $\/an pour les mises \u00e0 jour<\/td><\/tr><\/tbody><\/table><figcaption class=\"wp-element-caption\">Comparaison Hand2Note vs PokerTracker 4 vs Holdem Manager 3<\/figcaption><\/figure>\n\n\n\n<p>Comme le montre la comparaison, Hand2Note offre un niveau de fonctionnalit\u00e9 fondamentalement diff\u00e9rent \u2014 des Smart Reports et Interactive Reports au HUD positionnel et \u00e0 la visualisation des ranges en temps r\u00e9el. Si vous prenez le poker au s\u00e9rieux, Hand2Note est le choix \u00e9vident.<\/p>\n\n","protected":false},"excerpt":{"rendered":"<p>Hand2Note est le leader incontest\u00e9 parmi tous les trackers de poker sur le march\u00e9. Avec la sortie de Hand2Note 4, l&#8217;\u00e9cart entre H2N et les alternatives plus anciennes comme Holdem Manager 3 ou PokerTracker 4 s&#8217;est encore creus\u00e9. Il ne s&#8217;agit pas d&#8217;une simple mise \u00e0 jour incr\u00e9mentale \u2014 c&#8217;est un produit enti\u00e8rement reconstruit avec &hellip; <a href=\"https:\/\/hand2noteguide.com\/fr\/best-poker-tracker-software\/\" class=\"more-link\">Continue reading <span class=\"screen-reader-text\">Le meilleur logiciel de suivi de poker : Hand2Note vs HM3 et PT4<\/span><\/a><\/p>\n","protected":false},"author":1,"featured_media":15286,"parent":0,"menu_order":0,"comment_status":"closed","ping_status":"closed","template":"","meta":{"footnotes":""},"class_list":["post-2853","page","type-page","status-publish","has-post-thumbnail","hentry"],"translation":{"provider":"WPGlobus","version":"3.0.2","language":"fr","enabled_languages":["en","ru","pt","zh","es","fr","de","it","ja"],"languages":{"en":{"title":true,"content":true,"excerpt":false},"ru":{"title":true,"content":true,"excerpt":false},"pt":{"title":true,"content":true,"excerpt":false},"zh":{"title":true,"content":true,"excerpt":false},"es":{"title":true,"content":true,"excerpt":false},"fr":{"title":true,"content":true,"excerpt":false},"de":{"title":true,"content":true,"excerpt":false},"it":{"title":true,"content":true,"excerpt":false},"ja":{"title":true,"content":true,"excerpt":false}}},"yoast_head":"<!-- This site is optimized with the Yoast SEO plugin v27.0 - https:\/\/yoast.com\/product\/yoast-seo-wordpress\/ -->\n<title>Le meilleur logiciel de suivi de poker : Hand2Note vs HM3 et PT4<\/title>\n<meta name=\"description\" content=\"Hand2Note 4 est le meilleur logiciel de suivi de poker de 2026. Obtenez des outils avanc\u00e9s de HUD et d&#039;analyse. Comparaison rapide avec HM3 et PT4.\" \/>\n<meta name=\"robots\" content=\"index, follow, max-snippet:-1, max-image-preview:large, max-video-preview:-1\" \/>\n<link rel=\"canonical\" href=\"https:\/\/hand2noteguide.com\/best-poker-tracker-software\/\" \/>\n<meta property=\"og:locale\" content=\"fr_FR\" \/>\n<meta property=\"og:type\" content=\"article\" \/>\n<meta property=\"og:title\" content=\"Le meilleur logiciel de suivi de poker : Hand2Note vs HM3 et PT4\" \/>\n<meta property=\"og:description\" content=\"Hand2Note 4 est le meilleur logiciel de suivi de poker de 2026. Obtenez des outils avanc\u00e9s de HUD et d&#039;analyse. Comparaison rapide avec HM3 et PT4.\" \/>\n<meta property=\"og:url\" content=\"https:\/\/hand2noteguide.com\/best-poker-tracker-software\/\" \/>\n<meta property=\"og:site_name\" content=\"Hand2Note Guide\" \/>\n<meta property=\"article:modified_time\" content=\"2026-02-22T12:24:12+00:00\" \/>\n<meta property=\"og:image\" content=\"https:\/\/hand2noteguide.com\/wp-content\/uploads\/2026\/02\/best-poker-hud.jpg\" \/>\n\t<meta property=\"og:image:width\" content=\"1024\" \/>\n\t<meta property=\"og:image:height\" content=\"559\" \/>\n\t<meta property=\"og:image:type\" content=\"image\/jpeg\" \/>\n<meta name=\"twitter:card\" content=\"summary_large_image\" \/>\n<meta name=\"twitter:label1\" content=\"Est. reading time\" \/>\n\t<meta name=\"twitter:data1\" content=\"7 minutes\" \/>\n<!-- \/ Yoast SEO plugin. -->","yoast_head_json":{"title":"Le meilleur logiciel de suivi de poker : Hand2Note vs HM3 et PT4","description":"Hand2Note 4 est le meilleur logiciel de suivi de poker de 2026. Obtenez des outils avanc\u00e9s de HUD et d'analyse. Comparaison rapide avec HM3 et PT4.","robots":{"index":"index","follow":"follow","max-snippet":"max-snippet:-1","max-image-preview":"max-image-preview:large","max-video-preview":"max-video-preview:-1"},"canonical":"https:\/\/hand2noteguide.com\/best-poker-tracker-software\/","og_locale":"fr_FR","og_type":"article","og_title":"Le meilleur logiciel de suivi de poker : Hand2Note vs HM3 et PT4","og_description":"Hand2Note 4 est le meilleur logiciel de suivi de poker de 2026. Obtenez des outils avanc\u00e9s de HUD et d'analyse. Comparaison rapide avec HM3 et PT4.","og_url":"https:\/\/hand2noteguide.com\/best-poker-tracker-software\/","og_site_name":"Hand2Note Guide","article_modified_time":"2026-02-22T12:24:12+00:00","og_image":[{"width":1024,"height":559,"url":"https:\/\/hand2noteguide.com\/wp-content\/uploads\/2026\/02\/best-poker-hud.jpg","type":"image\/jpeg"}],"twitter_card":"summary_large_image","twitter_misc":{"Est. reading time":"7 minutes"},"schema":{"@context":"https:\/\/schema.org","@graph":[]}},"jetpack_sharing_enabled":true,"_links":{"self":[{"href":"https:\/\/hand2noteguide.com\/fr\/wp-json\/wp\/v2\/pages\/2853","targetHints":{"allow":["GET"]}}],"collection":[{"href":"https:\/\/hand2noteguide.com\/fr\/wp-json\/wp\/v2\/pages"}],"about":[{"href":"https:\/\/hand2noteguide.com\/fr\/wp-json\/wp\/v2\/types\/page"}],"author":[{"embeddable":true,"href":"https:\/\/hand2noteguide.com\/fr\/wp-json\/wp\/v2\/users\/1"}],"replies":[{"embeddable":true,"href":"https:\/\/hand2noteguide.com\/fr\/wp-json\/wp\/v2\/comments?post=2853"}],"version-history":[{"count":87,"href":"https:\/\/hand2noteguide.com\/fr\/wp-json\/wp\/v2\/pages\/2853\/revisions"}],"predecessor-version":[{"id":15304,"href":"https:\/\/hand2noteguide.com\/fr\/wp-json\/wp\/v2\/pages\/2853\/revisions\/15304"}],"wp:featuredmedia":[{"embeddable":true,"href":"https:\/\/hand2noteguide.com\/fr\/wp-json\/wp\/v2\/media\/15286"}],"wp:attachment":[{"href":"https:\/\/hand2noteguide.com\/fr\/wp-json\/wp\/v2\/media?parent=2853"}],"curies":[{"name":"wp","href":"https:\/\/api.w.org\/{rel}","templated":true}]}}