{"id":2898,"date":"2020-07-08T06:43:42","date_gmt":"2020-07-08T03:43:42","guid":{"rendered":"http:\/\/hand2noteguide.com\/?page_id=2898"},"modified":"2026-02-21T21:21:02","modified_gmt":"2026-02-21T18:21:02","slug":"pokerbros-hud","status":"publish","type":"page","link":"https:\/\/hand2noteguide.com\/fr\/pokerbros-hud\/","title":{"rendered":"HUD PokerBros"},"content":{"rendered":"\n<p>PokerBros est l&#8217;une des applications de poker mobile chinoises les plus populaires. Cette salle propose de nombreux jeux diff\u00e9rents avec un pool de joueurs tr\u00e8s faible. Utiliser un HUD dans PokerBros vous aidera \u00e0 am\u00e9liorer la qualit\u00e9 de vos d\u00e9cisions et \u00e0 exploiter efficacement vos adversaires.<\/p>\n\n\n\n<h2 class=\"wp-block-heading\">Obtenez un HUD PokerBros fluide et pr\u00e9cis avec Hand2Note<\/h2>\n\n\n\n<p><strong>Hand2Note<\/strong> est le meilleur logiciel de suivi de poker pour afficher un HUD dans les applications asiatiques. Et il prend \u00e9galement en charge la salle PokerBros. Vous pouvez commencer \u00e0 utiliser le HUD PokerBros avec Hand2Note gratuitement avec une <strong>p\u00e9riode d&#8217;essai de 14 jours<\/strong>. Apr\u00e8s la fin de votre essai, vous pouvez obtenir une <strong>licence PRO Hand2Note avec une r\u00e9duction de 10%<\/strong> avec notre <a href=\"https:\/\/hand2noteguide.com\/fr\/promo\/\">code promo GUIDE10<\/a>.<\/p>\n\n\n<div class=\"wp-block-h2n-cta-button\" style=\"text-align: left;\"><a href=\"https:\/\/hand2noteguide.com\/fr\/go\/hand2note\/\" class=\"btn btn-primary\" target=\"_blank\" rel=\"noopener noreferrer nofollow sponsored\">T\u00e9l\u00e9charger Hand2Note HUD<\/a><\/div>\n\n\n<p>Le HUD Hand2Note est <strong>rapide, compact et pr\u00e9cis<\/strong>. Il est donc parfaitement adapt\u00e9 aux applications asiatiques o\u00f9 le jeu est tr\u00e8s dynamique, o\u00f9 vous n&#8217;avez ni assez d&#8217;\u00e9chantillons sur les adversaires ni beaucoup d&#8217;espace pour les panneaux HUD aux tables.<\/p>\n\n\n\n<figure class=\"wp-block-image size-large\"><img loading=\"lazy\" decoding=\"async\" width=\"416\" height=\"765\" src=\"https:\/\/hand2noteguide.com\/wp-content\/uploads\/2020\/07\/pokerbros-hud.png\" alt=\"PokerBros HUD\" class=\"wp-image-2927\" srcset=\"https:\/\/hand2noteguide.com\/wp-content\/uploads\/2020\/07\/pokerbros-hud.png 416w, https:\/\/hand2noteguide.com\/wp-content\/uploads\/2020\/07\/pokerbros-hud-163x300.png 163w, https:\/\/hand2noteguide.com\/wp-content\/uploads\/2020\/07\/pokerbros-hud-339x624.png 339w\" sizes=\"auto, (max-width: 416px) 100vw, 416px\" \/><figcaption class=\"wp-element-caption\">HUD PokerBros avec Hand2Note<\/figcaption><\/figure>\n\n\n\n<p>Par d\u00e9faut, un HUD simple avec les statistiques les plus courantes est affich\u00e9 sur les tables. Vous pouvez \u00e9galement <a href=\"https:\/\/hand2noteguide.com\/fr\/hud-store\/\">obtenir des HUDs plus complexes et efficaces<\/a> dans notre boutique.<\/p>\n\n\n\n<h2 class=\"wp-block-heading\">Comment le configurer ?<\/h2>\n\n\n\n<p>C&#8217;est tr\u00e8s facile. <strong>Il suffit de lancer Hand2Note et la table PokerBros en m\u00eame temps<\/strong>. Le HUD appara\u00eetra automatiquement directement \u00e0 la table. Consultez notre <a href=\"https:\/\/hand2noteguide.com\/fr\/hand2note-4-getting-started\/\">manuel de d\u00e9marrage<\/a>.<\/p>\n\n\n<div class=\"wp-block-h2n-alert h2n-alert h2n-alert--info\"><div class=\"h2n-alert__icon\" aria-hidden=\"true\"><svg width=\"22\" height=\"22\" viewBox=\"0 0 24 24\" fill=\"none\" stroke=\"currentColor\" stroke-width=\"2\" stroke-linecap=\"round\" stroke-linejoin=\"round\"><circle cx=\"12\" cy=\"12\" r=\"10\"\/><line x1=\"12\" y1=\"16\" x2=\"12\" y2=\"12\"\/><circle cx=\"12\" cy=\"8\" r=\"1\" fill=\"currentColor\" stroke=\"none\"\/><\/svg><\/div><div class=\"h2n-alert__content\">Nous vous recommandons fortement de suivre notre <a href=\"https:\/\/hand2noteguide.com\/fr\/user-manual\/configuring-hand2note-to-play-in-applications-via-an-emulator-using-the-example-of-pokerbros\/\">guide de configuration de Hand2Note pour jouer dans des apps via un \u00e9mulateur<\/a>, bas\u00e9 sur l&#8217;exp\u00e9rience de l&#8217;\u00e9quipe de support Hand2Note, pour assurer un fonctionnement stable et durable du HUD \u00e0 vos tables.<\/div><\/div>\n\n\n<p>Le multi-tabling est \u00e9galement pris en charge, vous pouvez donc ouvrir autant de tables que vous le souhaitez. Hand2Note r\u00e9cup\u00e9rera les mains de chacune d&#8217;elles.<\/p>\n\n\n\n<figure class=\"wp-block-image size-large\"><img loading=\"lazy\" decoding=\"async\" width=\"1024\" height=\"609\" src=\"https:\/\/hand2noteguide.com\/wp-content\/uploads\/2020\/07\/hand2note-asian-1024x609.png\" alt=\"\" class=\"wp-image-2976\" srcset=\"https:\/\/hand2noteguide.com\/wp-content\/uploads\/2020\/07\/hand2note-asian-1024x609.png 1024w, https:\/\/hand2noteguide.com\/wp-content\/uploads\/2020\/07\/hand2note-asian-300x179.png 300w, https:\/\/hand2noteguide.com\/wp-content\/uploads\/2020\/07\/hand2note-asian-768x457.png 768w, https:\/\/hand2noteguide.com\/wp-content\/uploads\/2020\/07\/hand2note-asian-772x459.png 772w, https:\/\/hand2noteguide.com\/wp-content\/uploads\/2020\/07\/hand2note-asian-624x371.png 624w, https:\/\/hand2noteguide.com\/wp-content\/uploads\/2020\/07\/hand2note-asian.png 1531w\" sizes=\"auto, (max-width: 1024px) 100vw, 1024px\" \/><figcaption class=\"wp-element-caption\">Ex\u00e9cutez le HUD de poker sur plusieurs \u00e9mulateurs \u00e0 la fois<\/figcaption><\/figure>\n\n\n\n<p>Si le HUD ne fonctionne pas apr\u00e8s avoir lanc\u00e9 Hand2Note et l&#8217;application PokerBros, suivez notre <a href=\"https:\/\/hand2noteguide.com\/fr\/user-manual\/hand2note4-hud-problem\/\">guide de d\u00e9pannage \u00e9tape par \u00e9tape<\/a> pour r\u00e9soudre le probl\u00e8me. Si cela ne fonctionne pas, vous pouvez contacter l&#8217;<a href=\"https:\/\/hand2noteguide.com\/fr\/hand2note-official-support\/\">\u00e9quipe de support<\/a>.<\/p>\n\n\n\n<p>Veuillez noter que Hand2Note fonctionne \u00e9galement avec d&#8217;autres applications comme <a href=\"https:\/\/hand2noteguide.com\/fr\/pppoker-hud\/\">PPPoker<\/a> ou <a href=\"https:\/\/hand2noteguide.com\/fr\/coinpoker-hud\/\">CoinPoker<\/a>.<\/p>\n\n\n\n<h2 class=\"wp-block-heading\">Qu&#8217;en est-il des autres fonctionnalit\u00e9s de Hand2Note ?<\/h2>\n\n\n\n<p>En plus du HUD, Hand2Note vous offre de nombreux autres outils professionnels pour le jeu et l&#8217;analyse. Consultez notre <a href=\"\/fr\/why-purchase-hand2note\/\">aper\u00e7u des possibilit\u00e9s exceptionnelles de Hand2Note<\/a> que vous obtiendrez avec un abonnement PRO. Vous devriez absolument envisager de commencer \u00e0 les utiliser. Avec les capacit\u00e9s de Hand2Note, vous pouvez porter votre routine de poker au niveau sup\u00e9rieur. Cela s&#8217;applique \u00e0 la fois aux jeux et \u00e0 l&#8217;analyse hors table. Hand2Note vous permet de d\u00e9velopper vos comp\u00e9tences dans toutes les directions.<\/p>\n\n\n\n<p>En 2026, la derni\u00e8re version de <strong>Hand2Note 4<\/strong> est devenue encore plus performante et riche en fonctionnalit\u00e9s. Hand2Note est d\u00e9sormais un choix encore plus adapt\u00e9 pour afficher votre HUD sur PokerBros. Le logiciel est parfaitement optimis\u00e9 pour g\u00e9rer les exigences \u00e9lev\u00e9es en ressources des \u00e9mulateurs Android modernes.<\/p>\n\n\n\n<figure class=\"wp-block-image size-large\"><img loading=\"lazy\" decoding=\"async\" width=\"1024\" height=\"594\" src=\"http:\/\/hand2noteguide.com\/wp-content\/uploads\/2026\/02\/hand2note4-sessions-1-1024x594.png\" alt=\"Interface Hand2Note 4\" class=\"wp-image-15256\" srcset=\"https:\/\/hand2noteguide.com\/wp-content\/uploads\/2026\/02\/hand2note4-sessions-1-1024x594.png 1024w, https:\/\/hand2noteguide.com\/wp-content\/uploads\/2026\/02\/hand2note4-sessions-1-300x174.png 300w, https:\/\/hand2noteguide.com\/wp-content\/uploads\/2026\/02\/hand2note4-sessions-1-768x445.png 768w, https:\/\/hand2noteguide.com\/wp-content\/uploads\/2026\/02\/hand2note4-sessions-1-1536x890.png 1536w, https:\/\/hand2noteguide.com\/wp-content\/uploads\/2026\/02\/hand2note4-sessions-1-2048x1187.png 2048w, https:\/\/hand2noteguide.com\/wp-content\/uploads\/2026\/02\/hand2note4-sessions-1-772x447.png 772w\" sizes=\"auto, (max-width: 1024px) 100vw, 1024px\" \/><figcaption class=\"wp-element-caption\">Interface Hand2Note 4<\/figcaption><\/figure>\n","protected":false},"excerpt":{"rendered":"<p>PokerBros est l&#8217;une des applications de poker mobile chinoises les plus populaires. Cette salle propose de nombreux jeux diff\u00e9rents avec un pool de joueurs tr\u00e8s faible. Utiliser un HUD dans PokerBros vous aidera \u00e0 am\u00e9liorer la qualit\u00e9 de vos d\u00e9cisions et \u00e0 exploiter efficacement vos adversaires. Obtenez un HUD PokerBros fluide et pr\u00e9cis avec Hand2Note &hellip; <a href=\"https:\/\/hand2noteguide.com\/fr\/pokerbros-hud\/\" class=\"more-link\">Continue reading <span class=\"screen-reader-text\">HUD PokerBros<\/span><\/a><\/p>\n","protected":false},"author":1,"featured_media":0,"parent":0,"menu_order":0,"comment_status":"closed","ping_status":"closed","template":"","meta":{"footnotes":""},"class_list":["post-2898","page","type-page","status-publish","hentry"],"translation":{"provider":"WPGlobus","version":"3.0.2","language":"fr","enabled_languages":["en","ru","pt","zh","es","fr","de","it","ja"],"languages":{"en":{"title":true,"content":true,"excerpt":false},"ru":{"title":true,"content":true,"excerpt":false},"pt":{"title":true,"content":true,"excerpt":false},"zh":{"title":true,"content":true,"excerpt":false},"es":{"title":true,"content":true,"excerpt":false},"fr":{"title":true,"content":true,"excerpt":false},"de":{"title":true,"content":true,"excerpt":false},"it":{"title":true,"content":true,"excerpt":false},"ja":{"title":true,"content":true,"excerpt":false}}},"yoast_head":"<!-- This site is optimized with the Yoast SEO plugin v27.0 - https:\/\/yoast.com\/product\/yoast-seo-wordpress\/ -->\n<title>HUD PokerBros rapide et pr\u00e9cis - Guide Hand2Note<\/title>\n<meta name=\"description\" content=\"Utilisez un HUD rapide, efficace et pr\u00e9cis dans PokerBros et d&#039;autres applications asiatiques. Hand2Note vous offre le meilleur HUD et les popups pour les salles chinoises.\" \/>\n<meta name=\"robots\" content=\"index, follow, max-snippet:-1, max-image-preview:large, max-video-preview:-1\" \/>\n<link rel=\"canonical\" href=\"https:\/\/hand2noteguide.com\/zh\/pokerbros-hud\/\" \/>\n<meta property=\"og:locale\" content=\"fr_FR\" \/>\n<meta property=\"og:type\" content=\"article\" \/>\n<meta property=\"og:title\" content=\"HUD PokerBros rapide et pr\u00e9cis - Guide Hand2Note\" \/>\n<meta property=\"og:description\" content=\"Utilisez un HUD rapide, efficace et pr\u00e9cis dans PokerBros et d&#039;autres applications asiatiques. Hand2Note vous offre le meilleur HUD et les popups pour les salles chinoises.\" \/>\n<meta property=\"og:url\" content=\"https:\/\/hand2noteguide.com\/zh\/pokerbros-hud\/\" \/>\n<meta property=\"og:site_name\" content=\"Hand2Note Guide\" \/>\n<meta property=\"article:modified_time\" content=\"2026-02-21T18:21:02+00:00\" \/>\n<meta property=\"og:image\" content=\"https:\/\/hand2noteguide.com\/wp-content\/uploads\/2020\/07\/pokerbros-hud.png\" \/>\n<meta name=\"twitter:card\" content=\"summary_large_image\" \/>\n<meta name=\"twitter:label1\" content=\"Est. reading time\" \/>\n\t<meta name=\"twitter:data1\" content=\"3 minutes\" \/>\n<!-- \/ Yoast SEO plugin. -->","yoast_head_json":{"title":"HUD PokerBros rapide et pr\u00e9cis - Guide Hand2Note","description":"Utilisez un HUD rapide, efficace et pr\u00e9cis dans PokerBros et d'autres applications asiatiques. Hand2Note vous offre le meilleur HUD et les popups pour les salles chinoises.","robots":{"index":"index","follow":"follow","max-snippet":"max-snippet:-1","max-image-preview":"max-image-preview:large","max-video-preview":"max-video-preview:-1"},"canonical":"https:\/\/hand2noteguide.com\/zh\/pokerbros-hud\/","og_locale":"fr_FR","og_type":"article","og_title":"HUD PokerBros rapide et pr\u00e9cis - Guide Hand2Note","og_description":"Utilisez un HUD rapide, efficace et pr\u00e9cis dans PokerBros et d'autres applications asiatiques. Hand2Note vous offre le meilleur HUD et les popups pour les salles chinoises.","og_url":"https:\/\/hand2noteguide.com\/zh\/pokerbros-hud\/","og_site_name":"Hand2Note Guide","article_modified_time":"2026-02-21T18:21:02+00:00","og_image":[{"url":"https:\/\/hand2noteguide.com\/wp-content\/uploads\/2020\/07\/pokerbros-hud.png","type":"","width":"","height":""}],"twitter_card":"summary_large_image","twitter_misc":{"Est. reading time":"3 minutes"},"schema":{"@context":"https:\/\/schema.org","@graph":[]}},"jetpack_sharing_enabled":true,"_links":{"self":[{"href":"https:\/\/hand2noteguide.com\/fr\/wp-json\/wp\/v2\/pages\/2898","targetHints":{"allow":["GET"]}}],"collection":[{"href":"https:\/\/hand2noteguide.com\/fr\/wp-json\/wp\/v2\/pages"}],"about":[{"href":"https:\/\/hand2noteguide.com\/fr\/wp-json\/wp\/v2\/types\/page"}],"author":[{"embeddable":true,"href":"https:\/\/hand2noteguide.com\/fr\/wp-json\/wp\/v2\/users\/1"}],"replies":[{"embeddable":true,"href":"https:\/\/hand2noteguide.com\/fr\/wp-json\/wp\/v2\/comments?post=2898"}],"version-history":[{"count":88,"href":"https:\/\/hand2noteguide.com\/fr\/wp-json\/wp\/v2\/pages\/2898\/revisions"}],"predecessor-version":[{"id":15260,"href":"https:\/\/hand2noteguide.com\/fr\/wp-json\/wp\/v2\/pages\/2898\/revisions\/15260"}],"wp:attachment":[{"href":"https:\/\/hand2noteguide.com\/fr\/wp-json\/wp\/v2\/media?parent=2898"}],"curies":[{"name":"wp","href":"https:\/\/api.w.org\/{rel}","templated":true}]}}