{"id":296,"date":"2018-08-03T14:54:27","date_gmt":"2018-08-03T11:54:27","guid":{"rendered":"https:\/\/h2n312.wordpress.com\/?page_id=296"},"modified":"2025-06-04T19:02:21","modified_gmt":"2025-06-04T16:02:21","slug":"upgrade-subscription","status":"publish","type":"page","link":"https:\/\/hand2noteguide.com\/fr\/guide\/upgrade-subscription\/","title":{"rendered":"Comment mettre \u00e0 niveau\/r\u00e9trograder le plan d&#8217;abonnement ?"},"content":{"rendered":"<p>Pour changer votre <a href=\"https:\/\/hand2noteguide.com\/fr\/guide\/choose-subscription\/\">plan d&#8217;abonnement<\/a>, il vous suffit d&#8217;acheter au moins 1 mois de l&#8217;abonnement souhait\u00e9.<\/p>\n<p>Les jours restants dans le plan pr\u00e9c\u00e9dent ne seront pas perdus, mais seront automatiquement convertis en un nouvel abonnement.<\/p>\n<p>Par exemple :<\/p>\n<ol>\n<li>Il vous reste 12 jours sur l&#8217;abonnement BEGINNER, et vous d\u00e9cidez de passer \u00e0 EDGE. Apr\u00e8s avoir achet\u00e9 un mois de EDGE, vous aurez 34 jours EDGE sur votre compte (31 jours de l&#8217;achat + 3 jours en recalcul de 12 jours BEGINNER)<\/li>\n<li>Il vous reste 20 jours sur HYPER pour les <a href=\"https:\/\/hand2noteguide.com\/fr\/asian\/\">salles asiatiques<\/a> et vous souhaitez le r\u00e9trograder \u00e0 la version STANDARD. Vous achetez simplement 1 mois de STANDARD, et 71 jours de cet abonnement seront actifs sur votre compte (31 jours de l&#8217;achat + 40 jours en recalcul de 20 jours HYPER)<\/li>\n<\/ol>\n","protected":false},"excerpt":{"rendered":"<p>Pour changer votre plan d&#8217;abonnement, il vous suffit d&#8217;acheter au moins 1 mois de l&#8217;abonnement souhait\u00e9. Les jours restants dans le plan pr\u00e9c\u00e9dent ne seront pas perdus, mais seront automatiquement convertis en un nouvel abonnement. Par exemple : Il vous reste 12 jours sur l&#8217;abonnement BEGINNER, et vous d\u00e9cidez de passer \u00e0 EDGE. Apr\u00e8s avoir &hellip; <a href=\"https:\/\/hand2noteguide.com\/fr\/guide\/upgrade-subscription\/\" class=\"more-link\">Continue reading <span class=\"screen-reader-text\">Comment mettre \u00e0 niveau\/r\u00e9trograder le plan d&#8217;abonnement ?<\/span><\/a><\/p>\n","protected":false},"author":1,"featured_media":0,"parent":74,"menu_order":0,"comment_status":"closed","ping_status":"closed","template":"page-templates\/full-width-page.php","meta":{"footnotes":""},"class_list":["post-296","page","type-page","status-publish","hentry"],"translation":{"provider":"WPGlobus","version":"3.0.2","language":"fr","enabled_languages":["en","ru","pt","zh","es","fr","de","it","ja"],"languages":{"en":{"title":true,"content":true,"excerpt":false},"ru":{"title":true,"content":true,"excerpt":false},"pt":{"title":true,"content":true,"excerpt":false},"zh":{"title":true,"content":true,"excerpt":false},"es":{"title":true,"content":true,"excerpt":false},"fr":{"title":true,"content":true,"excerpt":false},"de":{"title":true,"content":true,"excerpt":false},"it":{"title":true,"content":true,"excerpt":false},"ja":{"title":true,"content":true,"excerpt":false}}},"yoast_head":"<!-- This site is optimized with the Yoast SEO plugin v27.0 - https:\/\/yoast.com\/product\/yoast-seo-wordpress\/ -->\n<title>Mettez \u00e0 niveau ou r\u00e9trogradez facilement votre plan d&#039;abonnement<\/title>\n<meta name=\"description\" content=\"D\u00e9couvrez comment changer facilement votre plan d&#039;abonnement. Mettez \u00e0 niveau ou r\u00e9trogradez sans perdre les jours restants. Suivez notre guide \u00e9tape par \u00e9tape pour une transition en douceur.\" \/>\n<meta name=\"robots\" content=\"index, follow, max-snippet:-1, max-image-preview:large, max-video-preview:-1\" \/>\n<link rel=\"canonical\" href=\"https:\/\/hand2noteguide.com\/guide\/upgrade-subscription\/\" \/>\n<meta property=\"og:locale\" content=\"fr_FR\" \/>\n<meta property=\"og:type\" content=\"article\" \/>\n<meta property=\"og:title\" content=\"Mettez \u00e0 niveau ou r\u00e9trogradez facilement votre plan d&#039;abonnement\" \/>\n<meta property=\"og:description\" content=\"D\u00e9couvrez comment changer facilement votre plan d&#039;abonnement. Mettez \u00e0 niveau ou r\u00e9trogradez sans perdre les jours restants. Suivez notre guide \u00e9tape par \u00e9tape pour une transition en douceur.\" \/>\n<meta property=\"og:url\" content=\"https:\/\/hand2noteguide.com\/guide\/upgrade-subscription\/\" \/>\n<meta property=\"og:site_name\" content=\"Hand2Note Guide\" \/>\n<meta property=\"article:modified_time\" content=\"2025-06-04T16:02:21+00:00\" \/>\n<meta name=\"twitter:card\" content=\"summary_large_image\" \/>\n<meta name=\"twitter:label1\" content=\"Est. reading time\" \/>\n\t<meta name=\"twitter:data1\" content=\"4 minutes\" \/>\n<!-- \/ Yoast SEO plugin. -->","yoast_head_json":{"title":"Mettez \u00e0 niveau ou r\u00e9trogradez facilement votre plan d'abonnement","description":"D\u00e9couvrez comment changer facilement votre plan d'abonnement. Mettez \u00e0 niveau ou r\u00e9trogradez sans perdre les jours restants. Suivez notre guide \u00e9tape par \u00e9tape pour une transition en douceur.","robots":{"index":"index","follow":"follow","max-snippet":"max-snippet:-1","max-image-preview":"max-image-preview:large","max-video-preview":"max-video-preview:-1"},"canonical":"https:\/\/hand2noteguide.com\/guide\/upgrade-subscription\/","og_locale":"fr_FR","og_type":"article","og_title":"Mettez \u00e0 niveau ou r\u00e9trogradez facilement votre plan d'abonnement","og_description":"D\u00e9couvrez comment changer facilement votre plan d'abonnement. Mettez \u00e0 niveau ou r\u00e9trogradez sans perdre les jours restants. Suivez notre guide \u00e9tape par \u00e9tape pour une transition en douceur.","og_url":"https:\/\/hand2noteguide.com\/guide\/upgrade-subscription\/","og_site_name":"Hand2Note Guide","article_modified_time":"2025-06-04T16:02:21+00:00","twitter_card":"summary_large_image","twitter_misc":{"Est. reading time":"4 minutes"},"schema":{"@context":"https:\/\/schema.org","@graph":[]}},"jetpack_sharing_enabled":false,"_links":{"self":[{"href":"https:\/\/hand2noteguide.com\/fr\/wp-json\/wp\/v2\/pages\/296","targetHints":{"allow":["GET"]}}],"collection":[{"href":"https:\/\/hand2noteguide.com\/fr\/wp-json\/wp\/v2\/pages"}],"about":[{"href":"https:\/\/hand2noteguide.com\/fr\/wp-json\/wp\/v2\/types\/page"}],"author":[{"embeddable":true,"href":"https:\/\/hand2noteguide.com\/fr\/wp-json\/wp\/v2\/users\/1"}],"replies":[{"embeddable":true,"href":"https:\/\/hand2noteguide.com\/fr\/wp-json\/wp\/v2\/comments?post=296"}],"version-history":[{"count":12,"href":"https:\/\/hand2noteguide.com\/fr\/wp-json\/wp\/v2\/pages\/296\/revisions"}],"predecessor-version":[{"id":13538,"href":"https:\/\/hand2noteguide.com\/fr\/wp-json\/wp\/v2\/pages\/296\/revisions\/13538"}],"up":[{"embeddable":true,"href":"https:\/\/hand2noteguide.com\/fr\/wp-json\/wp\/v2\/pages\/74"}],"wp:attachment":[{"href":"https:\/\/hand2noteguide.com\/fr\/wp-json\/wp\/v2\/media?parent=296"}],"curies":[{"name":"wp","href":"https:\/\/api.w.org\/{rel}","templated":true}]}}