{"id":306,"date":"2018-08-03T16:35:38","date_gmt":"2018-08-03T13:35:38","guid":{"rendered":"https:\/\/h2n312.wordpress.com\/?page_id=306"},"modified":"2025-06-04T19:01:34","modified_gmt":"2025-06-04T16:01:34","slug":"import-database-from-hm2","status":"publish","type":"page","link":"https:\/\/hand2noteguide.com\/fr\/switch-from-hm2\/import-database-from-hm2\/","title":{"rendered":"Comment importer une base de donn\u00e9es de HM2 vers Hand2Note ?"},"content":{"rendered":"<p>Pour importer des mains de Holdem Manager 2 dans la <a href=\"https:\/\/hand2noteguide.com\/fr\/guide\/database\/\">base de donn\u00e9es Hand2Note<\/a>, proc\u00e9dez comme suit :<\/p>\n<ol>\n<li>S\u00e9lectionnez <em>Import from database<\/em> dans la fen\u00eatre principale de Hand2Note<\/li>\n<li>Entrez les param\u00e8tres de connexion \u00e0 la base de donn\u00e9es HM2<img loading=\"lazy\" decoding=\"async\" class=\"alignnone size-full wp-image-678\" src=\"https:\/\/hand2noteguide.com\/wp-content\/uploads\/2018\/11\/hand2note-connect-to-the-database.png\" alt=\"Hand2Note connect to the database\" width=\"332\" height=\"465\" srcset=\"https:\/\/hand2noteguide.com\/wp-content\/uploads\/2018\/11\/hand2note-connect-to-the-database.png 332w, https:\/\/hand2noteguide.com\/wp-content\/uploads\/2018\/11\/hand2note-connect-to-the-database-214x300.png 214w\" sizes=\"auto, (max-width: 332px) 100vw, 332px\" \/>L&#8217;h\u00f4te, le port, le nom d&#8217;utilisateur et le mot de passe sont d\u00e9finis lors de la cr\u00e9ation de la base de donn\u00e9es dans HM2. Si vous n&#8217;avez rien chang\u00e9, les param\u00e8tres par d\u00e9faut sont les suivants :&nbsp;\n<ul style=\"margin: 0 0 15px 50px\">\n<li>h\u00f4te : <strong>127.0.0.1<\/strong><\/li>\n<li>port : <strong>5432<\/strong><\/li>\n<li>nom d&#8217;utilisateur : <strong>postgres<\/strong><\/li>\n<li>mot de passe : <strong>postgrespass<\/strong><\/li>\n<\/ul>\n<\/li>\n<li>S\u00e9lectionnez une base de donn\u00e9es dans la liste et cliquez sur<em> OK<br \/>\n<img loading=\"lazy\" decoding=\"async\" class=\"alignnone size-full wp-image-677\" src=\"https:\/\/hand2noteguide.com\/wp-content\/uploads\/2018\/11\/hand2note-connect-select-database.png\" alt=\"Hand2Note connect select database\" width=\"331\" height=\"462\" srcset=\"https:\/\/hand2noteguide.com\/wp-content\/uploads\/2018\/11\/hand2note-connect-select-database.png 331w, https:\/\/hand2noteguide.com\/wp-content\/uploads\/2018\/11\/hand2note-connect-select-database-215x300.png 215w\" sizes=\"auto, (max-width: 331px) 100vw, 331px\" \/><\/em><\/li>\n<li>Attendez que l&#8217;importation soit termin\u00e9e<\/li>\n<\/ol>\n","protected":false},"excerpt":{"rendered":"<p>Pour importer des mains de Holdem Manager 2 dans la base de donn\u00e9es Hand2Note, proc\u00e9dez comme suit : S\u00e9lectionnez Import from database dans la fen\u00eatre principale de Hand2Note Entrez les param\u00e8tres de connexion \u00e0 la base de donn\u00e9es HM2L&#8217;h\u00f4te, le port, le nom d&#8217;utilisateur et le mot de passe sont d\u00e9finis lors de la cr\u00e9ation &hellip; <a href=\"https:\/\/hand2noteguide.com\/fr\/switch-from-hm2\/import-database-from-hm2\/\" class=\"more-link\">Continue reading <span class=\"screen-reader-text\">Comment importer une base de donn\u00e9es de HM2 vers Hand2Note ?<\/span><\/a><\/p>\n","protected":false},"author":1,"featured_media":0,"parent":65,"menu_order":0,"comment_status":"closed","ping_status":"closed","template":"page-templates\/full-width-page.php","meta":{"footnotes":""},"class_list":["post-306","page","type-page","status-publish","hentry"],"translation":{"provider":"WPGlobus","version":"3.0.2","language":"fr","enabled_languages":["en","ru","pt","zh","es","fr","de","it","ja"],"languages":{"en":{"title":true,"content":true,"excerpt":false},"ru":{"title":true,"content":true,"excerpt":false},"pt":{"title":true,"content":true,"excerpt":false},"zh":{"title":true,"content":true,"excerpt":false},"es":{"title":true,"content":true,"excerpt":false},"fr":{"title":true,"content":true,"excerpt":false},"de":{"title":true,"content":true,"excerpt":false},"it":{"title":true,"content":true,"excerpt":false},"ja":{"title":true,"content":true,"excerpt":false}}},"yoast_head":"<!-- This site is optimized with the Yoast SEO plugin v27.0 - https:\/\/yoast.com\/product\/yoast-seo-wordpress\/ -->\n<title>Importez facilement votre base de donn\u00e9es HM2 vers Hand2Note<\/title>\n<meta name=\"description\" content=\"D\u00e9couvrez comment importer sans effort votre base de donn\u00e9es Holdem Manager 2 dans Hand2Note. Suivez notre guide \u00e9tape par \u00e9tape pour assurer une transition en douceur.\" \/>\n<meta name=\"robots\" content=\"index, follow, max-snippet:-1, max-image-preview:large, max-video-preview:-1\" \/>\n<link rel=\"canonical\" href=\"https:\/\/hand2noteguide.com\/switch-from-hm2\/import-database-from-hm2\/\" \/>\n<meta property=\"og:locale\" content=\"fr_FR\" \/>\n<meta property=\"og:type\" content=\"article\" \/>\n<meta property=\"og:title\" content=\"Importez facilement votre base de donn\u00e9es HM2 vers Hand2Note\" \/>\n<meta property=\"og:description\" content=\"D\u00e9couvrez comment importer sans effort votre base de donn\u00e9es Holdem Manager 2 dans Hand2Note. Suivez notre guide \u00e9tape par \u00e9tape pour assurer une transition en douceur.\" \/>\n<meta property=\"og:url\" content=\"https:\/\/hand2noteguide.com\/switch-from-hm2\/import-database-from-hm2\/\" \/>\n<meta property=\"og:site_name\" content=\"Hand2Note Guide\" \/>\n<meta property=\"article:modified_time\" content=\"2025-06-04T16:01:34+00:00\" \/>\n<meta property=\"og:image\" content=\"https:\/\/hand2noteguide.com\/wp-content\/uploads\/2018\/08\/hand2note-connect-to-database.png\" \/>\n<meta name=\"twitter:card\" content=\"summary_large_image\" \/>\n<meta name=\"twitter:label1\" content=\"Est. reading time\" \/>\n\t<meta name=\"twitter:data1\" content=\"3 minutes\" \/>\n<!-- \/ Yoast SEO plugin. -->","yoast_head_json":{"title":"Importez facilement votre base de donn\u00e9es HM2 vers Hand2Note","description":"D\u00e9couvrez comment importer sans effort votre base de donn\u00e9es Holdem Manager 2 dans Hand2Note. Suivez notre guide \u00e9tape par \u00e9tape pour assurer une transition en douceur.","robots":{"index":"index","follow":"follow","max-snippet":"max-snippet:-1","max-image-preview":"max-image-preview:large","max-video-preview":"max-video-preview:-1"},"canonical":"https:\/\/hand2noteguide.com\/switch-from-hm2\/import-database-from-hm2\/","og_locale":"fr_FR","og_type":"article","og_title":"Importez facilement votre base de donn\u00e9es HM2 vers Hand2Note","og_description":"D\u00e9couvrez comment importer sans effort votre base de donn\u00e9es Holdem Manager 2 dans Hand2Note. Suivez notre guide \u00e9tape par \u00e9tape pour assurer une transition en douceur.","og_url":"https:\/\/hand2noteguide.com\/switch-from-hm2\/import-database-from-hm2\/","og_site_name":"Hand2Note Guide","article_modified_time":"2025-06-04T16:01:34+00:00","og_image":[{"url":"https:\/\/hand2noteguide.com\/wp-content\/uploads\/2018\/08\/hand2note-connect-to-database.png","type":"","width":"","height":""}],"twitter_card":"summary_large_image","twitter_misc":{"Est. reading time":"3 minutes"},"schema":{"@context":"https:\/\/schema.org","@graph":[]}},"jetpack_sharing_enabled":false,"_links":{"self":[{"href":"https:\/\/hand2noteguide.com\/fr\/wp-json\/wp\/v2\/pages\/306","targetHints":{"allow":["GET"]}}],"collection":[{"href":"https:\/\/hand2noteguide.com\/fr\/wp-json\/wp\/v2\/pages"}],"about":[{"href":"https:\/\/hand2noteguide.com\/fr\/wp-json\/wp\/v2\/types\/page"}],"author":[{"embeddable":true,"href":"https:\/\/hand2noteguide.com\/fr\/wp-json\/wp\/v2\/users\/1"}],"replies":[{"embeddable":true,"href":"https:\/\/hand2noteguide.com\/fr\/wp-json\/wp\/v2\/comments?post=306"}],"version-history":[{"count":18,"href":"https:\/\/hand2noteguide.com\/fr\/wp-json\/wp\/v2\/pages\/306\/revisions"}],"predecessor-version":[{"id":13537,"href":"https:\/\/hand2noteguide.com\/fr\/wp-json\/wp\/v2\/pages\/306\/revisions\/13537"}],"up":[{"embeddable":true,"href":"https:\/\/hand2noteguide.com\/fr\/wp-json\/wp\/v2\/pages\/65"}],"wp:attachment":[{"href":"https:\/\/hand2noteguide.com\/fr\/wp-json\/wp\/v2\/media?parent=306"}],"curies":[{"name":"wp","href":"https:\/\/api.w.org\/{rel}","templated":true}]}}