{"id":316,"date":"2018-08-04T12:04:57","date_gmt":"2018-08-04T09:04:57","guid":{"rendered":"https:\/\/h2n312.wordpress.com\/?page_id=316"},"modified":"2025-06-04T19:00:46","modified_gmt":"2025-06-04T16:00:46","slug":"alias","status":"publish","type":"page","link":"https:\/\/hand2noteguide.com\/fr\/guide\/alias\/","title":{"rendered":"Alias des joueurs"},"content":{"rendered":"<p>L&#8217;alias vous permet de consulter les r\u00e9sultats r\u00e9sum\u00e9s de plusieurs joueurs. Cette fonctionnalit\u00e9 est utile si vous jouez dans plusieurs salles ou utilisez plusieurs comptes dans une m\u00eame salle, par exemple, sur <a href=\"https:\/\/hand2noteguide.com\/fr\/asian\/\">PokerMaster<\/a>. Elle peut \u00e9galement \u00eatre pertinente si vous souhaitez voir les rapports r\u00e9sum\u00e9s d&#8217;un certain groupe d&#8217;adversaires.<\/p>\n<p>Pour cr\u00e9er un alias de comptes, allez dans <em>Settings \u2192 Alias<\/em>. Cr\u00e9ez un nouvel alias, entrez un nom, puis ajoutez-y un nombre arbitraire de comptes.<\/p>\n<p><img loading=\"lazy\" decoding=\"async\" class=\"alignnone size-full wp-image-848\" src=\"https:\/\/hand2noteguide.com\/wp-content\/uploads\/2019\/05\/hand2note-create-alias.png\" alt=\"hand2note create alias\" width=\"1147\" height=\"935\" srcset=\"https:\/\/hand2noteguide.com\/wp-content\/uploads\/2019\/05\/hand2note-create-alias.png 1147w, https:\/\/hand2noteguide.com\/wp-content\/uploads\/2019\/05\/hand2note-create-alias-300x245.png 300w, https:\/\/hand2noteguide.com\/wp-content\/uploads\/2019\/05\/hand2note-create-alias-768x626.png 768w, https:\/\/hand2noteguide.com\/wp-content\/uploads\/2019\/05\/hand2note-create-alias-1024x835.png 1024w, https:\/\/hand2noteguide.com\/wp-content\/uploads\/2019\/05\/hand2note-create-alias-772x629.png 772w, https:\/\/hand2noteguide.com\/wp-content\/uploads\/2019\/05\/hand2note-create-alias-624x509.png 624w\" sizes=\"auto, (max-width: 1147px) 100vw, 1147px\" \/><\/p>\n<p>Si vous cochez l&#8217;option &#8220;Integrate into HUD&#8221;, alors les statistiques de tous les joueurs de l&#8217;alias seront fusionn\u00e9es, c&#8217;est-\u00e0-dire que les statistiques fusionn\u00e9es de tous les joueurs de l&#8217;alias seront affich\u00e9es dans le HUD pour chaque joueur ajout\u00e9.<\/p>\n<p>Vous pouvez maintenant voir les r\u00e9sultats r\u00e9sum\u00e9s des joueurs de l&#8217;alias dans la section reports ou sessions, en choisissant le nom de l&#8217;alias comme Hero.<\/p>\n<p><img loading=\"lazy\" decoding=\"async\" class=\"alignnone size-full wp-image-852\" src=\"https:\/\/hand2noteguide.com\/wp-content\/uploads\/2019\/05\/hand2note-alias-reports.png\" alt=\"hand2note alias reports\" width=\"1082\" height=\"515\" srcset=\"https:\/\/hand2noteguide.com\/wp-content\/uploads\/2019\/05\/hand2note-alias-reports.png 1082w, https:\/\/hand2noteguide.com\/wp-content\/uploads\/2019\/05\/hand2note-alias-reports-300x143.png 300w, https:\/\/hand2noteguide.com\/wp-content\/uploads\/2019\/05\/hand2note-alias-reports-768x366.png 768w, https:\/\/hand2noteguide.com\/wp-content\/uploads\/2019\/05\/hand2note-alias-reports-1024x487.png 1024w, https:\/\/hand2noteguide.com\/wp-content\/uploads\/2019\/05\/hand2note-alias-reports-772x367.png 772w, https:\/\/hand2noteguide.com\/wp-content\/uploads\/2019\/05\/hand2note-alias-reports-624x297.png 624w\" sizes=\"auto, (max-width: 1082px) 100vw, 1082px\" \/><\/p>\n<p>L&#8217;alias cr\u00e9\u00e9 appara\u00eetra \u00e9galement dans la liste des joueurs dans la fen\u00eatre principale du programme, et vous pouvez double-cliquer dessus pour ouvrir un popup g\u00e9n\u00e9ral avec les statistiques combin\u00e9es.<\/p>\n<p><img loading=\"lazy\" decoding=\"async\" class=\"alignnone size-full wp-image-851\" src=\"https:\/\/hand2noteguide.com\/wp-content\/uploads\/2019\/05\/hand2note-search-alias-1.png\" alt=\"hand2note search alias\" width=\"929\" height=\"199\" srcset=\"https:\/\/hand2noteguide.com\/wp-content\/uploads\/2019\/05\/hand2note-search-alias-1.png 929w, https:\/\/hand2noteguide.com\/wp-content\/uploads\/2019\/05\/hand2note-search-alias-1-300x64.png 300w, https:\/\/hand2noteguide.com\/wp-content\/uploads\/2019\/05\/hand2note-search-alias-1-768x165.png 768w, https:\/\/hand2noteguide.com\/wp-content\/uploads\/2019\/05\/hand2note-search-alias-1-772x165.png 772w, https:\/\/hand2noteguide.com\/wp-content\/uploads\/2019\/05\/hand2note-search-alias-1-624x134.png 624w\" sizes=\"auto, (max-width: 929px) 100vw, 929px\" \/><\/p>\n","protected":false},"excerpt":{"rendered":"<p>L&#8217;alias vous permet de consulter les r\u00e9sultats r\u00e9sum\u00e9s de plusieurs joueurs. Cette fonctionnalit\u00e9 est utile si vous jouez dans plusieurs salles ou utilisez plusieurs comptes dans une m\u00eame salle, par exemple, sur PokerMaster. Elle peut \u00e9galement \u00eatre pertinente si vous souhaitez voir les rapports r\u00e9sum\u00e9s d&#8217;un certain groupe d&#8217;adversaires. Pour cr\u00e9er un alias de comptes, &hellip; <a href=\"https:\/\/hand2noteguide.com\/fr\/guide\/alias\/\" class=\"more-link\">Continue reading <span class=\"screen-reader-text\">Alias des joueurs<\/span><\/a><\/p>\n","protected":false},"author":1,"featured_media":0,"parent":74,"menu_order":0,"comment_status":"closed","ping_status":"closed","template":"page-templates\/full-width-page.php","meta":{"footnotes":""},"class_list":["post-316","page","type-page","status-publish","hentry"],"translation":{"provider":"WPGlobus","version":"3.0.2","language":"fr","enabled_languages":["en","ru","pt","zh","es","fr","de","it","ja"],"languages":{"en":{"title":true,"content":true,"excerpt":false},"ru":{"title":true,"content":true,"excerpt":false},"pt":{"title":true,"content":true,"excerpt":false},"zh":{"title":true,"content":true,"excerpt":false},"es":{"title":true,"content":true,"excerpt":false},"fr":{"title":true,"content":true,"excerpt":false},"de":{"title":true,"content":true,"excerpt":false},"it":{"title":true,"content":true,"excerpt":false},"ja":{"title":true,"content":true,"excerpt":false}}},"yoast_head":"<!-- This site is optimized with the Yoast SEO plugin v27.0 - https:\/\/yoast.com\/product\/yoast-seo-wordpress\/ -->\n<title>&quot;Ma\u00eetrisez les alias de joueurs pour une meilleure analyse des statistiques de poker&quot;<\/title>\n<meta name=\"description\" content=\"&quot;Apprenez \u00e0 utiliser les alias de joueurs dans Hand2Note pour consolider les statistiques sur plusieurs comptes, am\u00e9liorant ainsi votre strat\u00e9gie et analyse de poker.&quot;\" \/>\n<meta name=\"robots\" content=\"index, follow, max-snippet:-1, max-image-preview:large, max-video-preview:-1\" \/>\n<link rel=\"canonical\" href=\"https:\/\/hand2noteguide.com\/guide\/alias\/\" \/>\n<meta property=\"og:locale\" content=\"fr_FR\" \/>\n<meta property=\"og:type\" content=\"article\" \/>\n<meta property=\"og:title\" content=\"&quot;Ma\u00eetrisez les alias de joueurs pour une meilleure analyse des statistiques de poker&quot;\" \/>\n<meta property=\"og:description\" content=\"&quot;Apprenez \u00e0 utiliser les alias de joueurs dans Hand2Note pour consolider les statistiques sur plusieurs comptes, am\u00e9liorant ainsi votre strat\u00e9gie et analyse de poker.&quot;\" \/>\n<meta property=\"og:url\" content=\"https:\/\/hand2noteguide.com\/guide\/alias\/\" \/>\n<meta property=\"og:site_name\" content=\"Hand2Note Guide\" \/>\n<meta property=\"article:modified_time\" content=\"2025-06-04T16:00:46+00:00\" \/>\n<meta property=\"og:image\" content=\"https:\/\/hand2noteguide.com\/wp-content\/uploads\/2019\/05\/hand2note-create-alias.png\" \/>\n<meta name=\"twitter:card\" content=\"summary_large_image\" \/>\n<meta name=\"twitter:label1\" content=\"Est. reading time\" \/>\n\t<meta name=\"twitter:data1\" content=\"5 minutes\" \/>\n<!-- \/ Yoast SEO plugin. -->","yoast_head_json":{"title":"\"Ma\u00eetrisez les alias de joueurs pour une meilleure analyse des statistiques de poker\"","description":"\"Apprenez \u00e0 utiliser les alias de joueurs dans Hand2Note pour consolider les statistiques sur plusieurs comptes, am\u00e9liorant ainsi votre strat\u00e9gie et analyse de poker.\"","robots":{"index":"index","follow":"follow","max-snippet":"max-snippet:-1","max-image-preview":"max-image-preview:large","max-video-preview":"max-video-preview:-1"},"canonical":"https:\/\/hand2noteguide.com\/guide\/alias\/","og_locale":"fr_FR","og_type":"article","og_title":"\"Ma\u00eetrisez les alias de joueurs pour une meilleure analyse des statistiques de poker\"","og_description":"\"Apprenez \u00e0 utiliser les alias de joueurs dans Hand2Note pour consolider les statistiques sur plusieurs comptes, am\u00e9liorant ainsi votre strat\u00e9gie et analyse de poker.\"","og_url":"https:\/\/hand2noteguide.com\/guide\/alias\/","og_site_name":"Hand2Note Guide","article_modified_time":"2025-06-04T16:00:46+00:00","og_image":[{"url":"https:\/\/hand2noteguide.com\/wp-content\/uploads\/2019\/05\/hand2note-create-alias.png","type":"","width":"","height":""}],"twitter_card":"summary_large_image","twitter_misc":{"Est. reading time":"5 minutes"},"schema":{"@context":"https:\/\/schema.org","@graph":[]}},"jetpack_sharing_enabled":false,"_links":{"self":[{"href":"https:\/\/hand2noteguide.com\/fr\/wp-json\/wp\/v2\/pages\/316","targetHints":{"allow":["GET"]}}],"collection":[{"href":"https:\/\/hand2noteguide.com\/fr\/wp-json\/wp\/v2\/pages"}],"about":[{"href":"https:\/\/hand2noteguide.com\/fr\/wp-json\/wp\/v2\/types\/page"}],"author":[{"embeddable":true,"href":"https:\/\/hand2noteguide.com\/fr\/wp-json\/wp\/v2\/users\/1"}],"replies":[{"embeddable":true,"href":"https:\/\/hand2noteguide.com\/fr\/wp-json\/wp\/v2\/comments?post=316"}],"version-history":[{"count":12,"href":"https:\/\/hand2noteguide.com\/fr\/wp-json\/wp\/v2\/pages\/316\/revisions"}],"predecessor-version":[{"id":13536,"href":"https:\/\/hand2noteguide.com\/fr\/wp-json\/wp\/v2\/pages\/316\/revisions\/13536"}],"up":[{"embeddable":true,"href":"https:\/\/hand2noteguide.com\/fr\/wp-json\/wp\/v2\/pages\/74"}],"wp:attachment":[{"href":"https:\/\/hand2noteguide.com\/fr\/wp-json\/wp\/v2\/media?parent=316"}],"curies":[{"name":"wp","href":"https:\/\/api.w.org\/{rel}","templated":true}]}}