{"id":324,"date":"2018-08-04T12:21:08","date_gmt":"2018-08-04T09:21:08","guid":{"rendered":"https:\/\/h2n312.wordpress.com\/?page_id=324"},"modified":"2025-06-04T19:00:02","modified_gmt":"2025-06-04T16:00:02","slug":"crash-when-entering-reports","status":"publish","type":"page","link":"https:\/\/hand2noteguide.com\/fr\/issues-resolving\/crash-when-entering-reports\/","title":{"rendered":"Hand2Note se bloque lors de l&#8217;entr\u00e9e dans Sessions\/Reports"},"content":{"rendered":"<p>Si Hand2Note se bloque avec une erreur critique <em>System.InvalidOperationException<\/em> lorsque vous essayez d&#8217;entrer dans la section Reports ou Sessions, alors le plus souvent, ce probl\u00e8me peut \u00eatre r\u00e9solu par un simple <a href=\"https:\/\/hand2noteguide.com\/fr\/guide\/rebuild-stats\/\">rebuild des statistiques<\/a>. Cliquez sur \u00ab<em>Clear stats<\/em>\u00bb, puis sur \u00ab<em>Build stats<\/em>\u00bb dans la fen\u00eatre principale, et attendez que le processus se termine.<\/p>\n<p><img loading=\"lazy\" decoding=\"async\" class=\"alignnone size-full wp-image-651\" src=\"https:\/\/hand2noteguide.com\/wp-content\/uploads\/2018\/11\/hand2note-rebuild-stats.png\" alt=\"Hand2Note rebuild stats\" width=\"477\" height=\"120\" srcset=\"https:\/\/hand2noteguide.com\/wp-content\/uploads\/2018\/11\/hand2note-rebuild-stats.png 477w, https:\/\/hand2noteguide.com\/wp-content\/uploads\/2018\/11\/hand2note-rebuild-stats-300x75.png 300w\" sizes=\"auto, (max-width: 477px) 100vw, 477px\" \/><\/p>\n<p>Si le probl\u00e8me persiste, essayez de <a href=\"https:\/\/hand2noteguide.com\/fr\/guide\/database\/create-database\/\">cr\u00e9er une nouvelle base de donn\u00e9es<\/a> et d&#8217;y importer les mains n\u00e9cessaires. Si cela ne fonctionne pas non plus, essayez de <a href=\"https:\/\/hand2noteguide.com\/fr\/issues-resolving\/reinstall\/\">r\u00e9installer le programme<\/a> selon les instructions.<\/p>\n<p>Si aucune des mesures ci-dessus ne fonctionne, contactez le <a href=\"https:\/\/hand2noteguide.com\/fr\/hand2note-official-support\/\">service de support<\/a>.<\/p>\n","protected":false},"excerpt":{"rendered":"<p>Si Hand2Note se bloque avec une erreur critique System.InvalidOperationException lorsque vous essayez d&#8217;entrer dans la section Reports ou Sessions, alors le plus souvent, ce probl\u00e8me peut \u00eatre r\u00e9solu par un simple rebuild des statistiques. Cliquez sur \u00abClear stats\u00bb, puis sur \u00abBuild stats\u00bb dans la fen\u00eatre principale, et attendez que le processus se termine. Si le &hellip; <a href=\"https:\/\/hand2noteguide.com\/fr\/issues-resolving\/crash-when-entering-reports\/\" class=\"more-link\">Continue reading <span class=\"screen-reader-text\">Hand2Note se bloque lors de l&#8217;entr\u00e9e dans Sessions\/Reports<\/span><\/a><\/p>\n","protected":false},"author":1,"featured_media":0,"parent":236,"menu_order":5,"comment_status":"closed","ping_status":"closed","template":"page-templates\/full-width-page.php","meta":{"footnotes":""},"class_list":["post-324","page","type-page","status-publish","hentry"],"translation":{"provider":"WPGlobus","version":"3.0.2","language":"fr","enabled_languages":["en","ru","pt","zh","es","fr","de","it","ja"],"languages":{"en":{"title":true,"content":true,"excerpt":false},"ru":{"title":true,"content":true,"excerpt":false},"pt":{"title":true,"content":true,"excerpt":false},"zh":{"title":true,"content":true,"excerpt":false},"es":{"title":true,"content":true,"excerpt":false},"fr":{"title":true,"content":true,"excerpt":false},"de":{"title":true,"content":true,"excerpt":false},"it":{"title":true,"content":true,"excerpt":false},"ja":{"title":true,"content":true,"excerpt":false}}},"yoast_head":"<!-- This site is optimized with the Yoast SEO plugin v27.0 - https:\/\/yoast.com\/product\/yoast-seo-wordpress\/ -->\n<title>R\u00e9parer facilement les plantages de Hand2Note dans Sessions ou Reports<\/title>\n<meta name=\"description\" content=\"D\u00e9couvrez comment r\u00e9soudre les plantages de Hand2Note dans Sessions ou Reports avec des \u00e9tapes simples. Rebuild des statistiques, cr\u00e9ez une nouvelle base de donn\u00e9es ou r\u00e9installez le programme.\" \/>\n<meta name=\"robots\" content=\"index, follow, max-snippet:-1, max-image-preview:large, max-video-preview:-1\" \/>\n<link rel=\"canonical\" href=\"https:\/\/hand2noteguide.com\/issues-resolving\/crash-when-entering-reports\/\" \/>\n<meta property=\"og:locale\" content=\"fr_FR\" \/>\n<meta property=\"og:type\" content=\"article\" \/>\n<meta property=\"og:title\" content=\"R\u00e9parer facilement les plantages de Hand2Note dans Sessions ou Reports\" \/>\n<meta property=\"og:description\" content=\"D\u00e9couvrez comment r\u00e9soudre les plantages de Hand2Note dans Sessions ou Reports avec des \u00e9tapes simples. Rebuild des statistiques, cr\u00e9ez une nouvelle base de donn\u00e9es ou r\u00e9installez le programme.\" \/>\n<meta property=\"og:url\" content=\"https:\/\/hand2noteguide.com\/issues-resolving\/crash-when-entering-reports\/\" \/>\n<meta property=\"og:site_name\" content=\"Hand2Note Guide\" \/>\n<meta property=\"article:modified_time\" content=\"2025-06-04T16:00:02+00:00\" \/>\n<meta property=\"og:image\" content=\"https:\/\/hand2noteguide.com\/wp-content\/uploads\/2018\/08\/hand2note-d0bfd0b5d180d0b5d181d182d180d0bed0b8d182d18c-d181d182d0b0d182d0b8d181d182d0b8d0bad183.png\" \/>\n<meta name=\"twitter:card\" content=\"summary_large_image\" \/>\n<meta name=\"twitter:label1\" content=\"Est. reading time\" \/>\n\t<meta name=\"twitter:data1\" content=\"3 minutes\" \/>\n<!-- \/ Yoast SEO plugin. -->","yoast_head_json":{"title":"R\u00e9parer facilement les plantages de Hand2Note dans Sessions ou Reports","description":"D\u00e9couvrez comment r\u00e9soudre les plantages de Hand2Note dans Sessions ou Reports avec des \u00e9tapes simples. Rebuild des statistiques, cr\u00e9ez une nouvelle base de donn\u00e9es ou r\u00e9installez le programme.","robots":{"index":"index","follow":"follow","max-snippet":"max-snippet:-1","max-image-preview":"max-image-preview:large","max-video-preview":"max-video-preview:-1"},"canonical":"https:\/\/hand2noteguide.com\/issues-resolving\/crash-when-entering-reports\/","og_locale":"fr_FR","og_type":"article","og_title":"R\u00e9parer facilement les plantages de Hand2Note dans Sessions ou Reports","og_description":"D\u00e9couvrez comment r\u00e9soudre les plantages de Hand2Note dans Sessions ou Reports avec des \u00e9tapes simples. Rebuild des statistiques, cr\u00e9ez une nouvelle base de donn\u00e9es ou r\u00e9installez le programme.","og_url":"https:\/\/hand2noteguide.com\/issues-resolving\/crash-when-entering-reports\/","og_site_name":"Hand2Note Guide","article_modified_time":"2025-06-04T16:00:02+00:00","og_image":[{"url":"https:\/\/hand2noteguide.com\/wp-content\/uploads\/2018\/08\/hand2note-d0bfd0b5d180d0b5d181d182d180d0bed0b8d182d18c-d181d182d0b0d182d0b8d181d182d0b8d0bad183.png","type":"","width":"","height":""}],"twitter_card":"summary_large_image","twitter_misc":{"Est. reading time":"3 minutes"},"schema":{"@context":"https:\/\/schema.org","@graph":[]}},"jetpack_sharing_enabled":false,"_links":{"self":[{"href":"https:\/\/hand2noteguide.com\/fr\/wp-json\/wp\/v2\/pages\/324","targetHints":{"allow":["GET"]}}],"collection":[{"href":"https:\/\/hand2noteguide.com\/fr\/wp-json\/wp\/v2\/pages"}],"about":[{"href":"https:\/\/hand2noteguide.com\/fr\/wp-json\/wp\/v2\/types\/page"}],"author":[{"embeddable":true,"href":"https:\/\/hand2noteguide.com\/fr\/wp-json\/wp\/v2\/users\/1"}],"replies":[{"embeddable":true,"href":"https:\/\/hand2noteguide.com\/fr\/wp-json\/wp\/v2\/comments?post=324"}],"version-history":[{"count":13,"href":"https:\/\/hand2noteguide.com\/fr\/wp-json\/wp\/v2\/pages\/324\/revisions"}],"predecessor-version":[{"id":13535,"href":"https:\/\/hand2noteguide.com\/fr\/wp-json\/wp\/v2\/pages\/324\/revisions\/13535"}],"up":[{"embeddable":true,"href":"https:\/\/hand2noteguide.com\/fr\/wp-json\/wp\/v2\/pages\/236"}],"wp:attachment":[{"href":"https:\/\/hand2noteguide.com\/fr\/wp-json\/wp\/v2\/media?parent=324"}],"curies":[{"name":"wp","href":"https:\/\/api.w.org\/{rel}","templated":true}]}}