{"id":3334,"date":"2020-07-14T07:17:17","date_gmt":"2020-07-14T04:17:17","guid":{"rendered":"http:\/\/hand2noteguide.com\/?page_id=3334"},"modified":"2026-02-21T21:01:32","modified_gmt":"2026-02-21T18:01:32","slug":"hud-not-showing","status":"publish","type":"page","link":"https:\/\/hand2noteguide.com\/fr\/issues-resolving\/hud-not-showing\/","title":{"rendered":"Le HUD ne s&#8217;affiche pas. Que faire ?"},"content":{"rendered":"<div class=\"wp-block-h2n-alert h2n-alert h2n-alert--danger\"><div class=\"h2n-alert__icon\" aria-hidden=\"true\"><svg width=\"22\" height=\"22\" viewBox=\"0 0 24 24\" fill=\"none\" stroke=\"currentColor\" stroke-width=\"2\" stroke-linecap=\"round\" stroke-linejoin=\"round\"><polygon points=\"7.86 2 16.14 2 22 7.86 22 16.14 16.14 22 7.86 22 2 16.14 2 7.86 7.86 2\"\/><line x1=\"12\" y1=\"8\" x2=\"12\" y2=\"12\"\/><circle cx=\"12\" cy=\"16\" r=\"1\" fill=\"currentColor\" stroke=\"none\"\/><\/svg><\/div><div class=\"h2n-alert__content\">Ceci est un guide de d\u00e9pannage pour Hand2Note 3, d\u00e9sormais obsol\u00e8te. Pour les instructions les plus r\u00e9centes de d\u00e9pannage du HUD dans <strong>Hand2Note 4<\/strong>, consultez notre <a href=\"https:\/\/hand2noteguide.com\/fr\/user-manual\/hand2note4-hud-problem\/\">guide de r\u00e9solution des probl\u00e8mes de HUD dans Hand2Note 4<\/a>.<\/div><\/div>\n\n\n<p>Habituellement, le HUD appara\u00eet automatiquement lorsque vous ex\u00e9cutez simultan\u00e9ment Hand2Note et l&#8217;application de la salle de poker. Mais que faire si le HUD de Hand2Note ne s&#8217;affiche pas pour une raison quelconque ? Nous vous fournirons un guide \u00e9tape par \u00e9tape pour r\u00e9soudre le probl\u00e8me de l&#8217;absence de HUD dans cet article.<\/p>\n\n\n\n<figure class=\"wp-block-image size-large\"><img loading=\"lazy\" decoding=\"async\" width=\"913\" height=\"608\" src=\"https:\/\/hand2noteguide.com\/wp-content\/uploads\/2020\/07\/hand2note-hud-not-showing.png\" alt=\"hand2note hud not showing\" class=\"wp-image-3365\" srcset=\"https:\/\/hand2noteguide.com\/wp-content\/uploads\/2020\/07\/hand2note-hud-not-showing.png 913w, https:\/\/hand2noteguide.com\/wp-content\/uploads\/2020\/07\/hand2note-hud-not-showing-300x200.png 300w, https:\/\/hand2noteguide.com\/wp-content\/uploads\/2020\/07\/hand2note-hud-not-showing-768x511.png 768w, https:\/\/hand2noteguide.com\/wp-content\/uploads\/2020\/07\/hand2note-hud-not-showing-772x514.png 772w, https:\/\/hand2noteguide.com\/wp-content\/uploads\/2020\/07\/hand2note-hud-not-showing-624x416.png 624w\" sizes=\"auto, (max-width: 913px) 100vw, 913px\" \/><figcaption class=\"wp-element-caption\">Hand2Note et la salle de poker sont ouverts, mais le HUD ne fonctionne pas<\/figcaption><\/figure>\n\n\n\n<p>Tr\u00e8s bien, r\u00e9solvons cela. Notre guide inclura des \u00e9tapes simples (ne les sautez pas, elles peuvent aider !), ainsi que des \u00e9tapes plus sp\u00e9cifiques.<\/p>\n\n\n\n<h2 class=\"wp-block-heading\">1. Assurez-vous d&#8217;ex\u00e9cuter une application prise en charge<\/h2>\n\n\n\n<p>Si vous essayez d&#8217;obtenir le HUD sur les sites les plus populaires comme <a href=\"https:\/\/hand2noteguide.com\/fr\/pokerstars-hud\/\">PokerStars<\/a>, vous pouvez passer en toute s\u00e9curit\u00e9 \u00e0 l&#8217;\u00e9tape suivante. Mais si c&#8217;est une salle moins populaire, vous devez vous assurer qu&#8217;elle est prise en charge par Hand2Note. Consultez la liste des <a href=\"https:\/\/hand2note.com\/Help\/pages\/SupportedRooms\/\">applications prises en charge<\/a> et v\u00e9rifiez. (Il y a une liste s\u00e9par\u00e9e des <a href=\"https:\/\/hand2noteguide.com\/fr\/asian\/\">salles asiatiques prises en charge<\/a>). Si votre application n&#8217;est pas dans la liste, le HUD de Hand2Note ne fonctionne \u00e9videmment pas l\u00e0-bas.<\/p>\n\n\n\n<h2 class=\"wp-block-heading\">2. Mettez \u00e0 jour Hand2Note vers la derni\u00e8re version<\/h2>\n\n\n\n<p>Il est pr\u00e9f\u00e9rable de garder le logiciel Hand2Note \u00e0 jour car la derni\u00e8re version peut contenir des correctifs pour les probl\u00e8mes avec votre salle. Donc, si vous voyez l&#8217;inscription Mises \u00e0 jour en rouge, cliquez dessus et installez toutes les mises \u00e0 jour disponibles.<\/p>\n\n\n\n<figure class=\"wp-block-image size-large\"><img loading=\"lazy\" decoding=\"async\" width=\"514\" height=\"248\" src=\"https:\/\/hand2noteguide.com\/wp-content\/uploads\/2020\/07\/hand2note-update.png\" alt=\"\" class=\"wp-image-3368\" srcset=\"https:\/\/hand2noteguide.com\/wp-content\/uploads\/2020\/07\/hand2note-update.png 514w, https:\/\/hand2noteguide.com\/wp-content\/uploads\/2020\/07\/hand2note-update-300x145.png 300w\" sizes=\"auto, (max-width: 514px) 100vw, 514px\" \/><figcaption class=\"wp-element-caption\">Mettez \u00e0 jour Hand2Note pour faire fonctionner le HUD<\/figcaption><\/figure>\n\n\n\n<h2 class=\"wp-block-heading\">3. Installez les mises \u00e0 jour de Windows OS<\/h2>\n\n\n\n<p>Nous vous recommandons \u00e9galement d&#8217;installer toutes les mises \u00e0 jour Windows disponibles. Dans certains cas, cela peut aider \u00e0 r\u00e9soudre le probl\u00e8me du HUD de Hand2Note. Mais m\u00eame si cela n&#8217;aide pas avec ce probl\u00e8me dans votre cas, c&#8217;est toujours utile pour un fonctionnement plus stable du logiciel Hand2Note.<\/p>\n\n\n\n<figure class=\"wp-block-image size-large\"><img loading=\"lazy\" decoding=\"async\" width=\"700\" height=\"278\" src=\"https:\/\/hand2noteguide.com\/wp-content\/uploads\/2020\/07\/windows-update.png\" alt=\"\" class=\"wp-image-3370\" srcset=\"https:\/\/hand2noteguide.com\/wp-content\/uploads\/2020\/07\/windows-update.png 700w, https:\/\/hand2noteguide.com\/wp-content\/uploads\/2020\/07\/windows-update-300x119.png 300w, https:\/\/hand2noteguide.com\/wp-content\/uploads\/2020\/07\/windows-update-624x248.png 624w\" sizes=\"auto, (max-width: 700px) 100vw, 700px\" \/><figcaption class=\"wp-element-caption\">Mettre \u00e0 jour Windows peut \u00e9galement \u00eatre utile<\/figcaption><\/figure>\n\n\n\n<h2 class=\"wp-block-heading\">4. Ex\u00e9cutez toutes les applications en tant qu&#8217;administrateur<\/h2>\n\n\n\n<p>Hand2Note s&#8217;ex\u00e9cute par d\u00e9faut en tant qu&#8217;administrateur. Mais l&#8217;application de votre site de poker peut ne pas faire de m\u00eame. Donc, lorsque vous ouvrez votre salle, faites un clic droit sur son raccourci et s\u00e9lectionnez &#8220;Ex\u00e9cuter en tant qu&#8217;administrateur&#8221;. Si vous jouez dans des applications asiatiques via l&#8217;\u00e9mulateur Android, vous pouvez ignorer cette \u00e9tape.<\/p>\n\n\n\n<figure class=\"wp-block-image size-large\"><img loading=\"lazy\" decoding=\"async\" width=\"393\" height=\"273\" src=\"https:\/\/hand2noteguide.com\/wp-content\/uploads\/2020\/07\/pokerstars-admin.png\" alt=\"\" class=\"wp-image-3372\" srcset=\"https:\/\/hand2noteguide.com\/wp-content\/uploads\/2020\/07\/pokerstars-admin.png 393w, https:\/\/hand2noteguide.com\/wp-content\/uploads\/2020\/07\/pokerstars-admin-300x208.png 300w\" sizes=\"auto, (max-width: 393px) 100vw, 393px\" \/><figcaption class=\"wp-element-caption\">Ex\u00e9cutez l&#8217;application de la salle de poker en tant qu&#8217;administrateur<\/figcaption><\/figure>\n\n\n\n<h2 class=\"wp-block-heading\">5. V\u00e9rifiez si votre licence Hand2Note est active<\/h2>\n\n\n\n<p>Si vous souhaitez afficher le HUD dans l&#8217;une des salles europ\u00e9ennes ou am\u00e9ricaines, la <a href=\"https:\/\/hand2noteguide.com\/fr\/hand2note-for-free\/\">version gratuite de Hand2Note<\/a> vous convient. Vous pouvez donc ignorer cette \u00e9tape. Mais si vous essayez d&#8217;utiliser le HUD dans <a href=\"https:\/\/hand2noteguide.com\/fr\/pokerbros-hud\/\">PokerBros<\/a>, <a href=\"https:\/\/hand2noteguide.com\/fr\/pppoker-hud\/\">PPPoker<\/a>, ou une autre application asiatique, vous devez avoir une licence active. Cela peut \u00eatre une p\u00e9riode d&#8217;essai gratuite pour les salles asiatiques, ou un abonnement ASIA ou PRO. Si vous ne l&#8217;avez pas, vous pouvez <a href=\"https:\/\/hand2noteguide.com\/fr\/promo\/\">l&#8217;acheter \u00e0 prix r\u00e9duit<\/a> avec notre code promo. Nous vous recommandons de choisir la version PRO, car elle contient <a href=\"https:\/\/hand2noteguide.com\/fr\/why-purchase-hand2note\/\">toutes les fonctionnalit\u00e9s avanc\u00e9es<\/a> du logiciel.<\/p>\n\n\n\n<figure class=\"wp-block-image size-large\"><img loading=\"lazy\" decoding=\"async\" width=\"445\" height=\"445\" src=\"https:\/\/hand2noteguide.com\/wp-content\/uploads\/2020\/07\/hand2note-range-pro.png\" alt=\"\" class=\"wp-image-3376\" srcset=\"https:\/\/hand2noteguide.com\/wp-content\/uploads\/2020\/07\/hand2note-range-pro.png 445w, https:\/\/hand2noteguide.com\/wp-content\/uploads\/2020\/07\/hand2note-range-pro-300x300.png 300w, https:\/\/hand2noteguide.com\/wp-content\/uploads\/2020\/07\/hand2note-range-pro-150x150.png 150w, https:\/\/hand2noteguide.com\/wp-content\/uploads\/2020\/07\/hand2note-range-pro-96x96.png 96w\" sizes=\"auto, (max-width: 445px) 100vw, 445px\" \/><figcaption class=\"wp-element-caption\">Les diagrammes de range de mains de poker font partie de la version PRO de Hand2Note<\/figcaption><\/figure>\n\n\n\n<h2 class=\"wp-block-heading\">6. Attendez simplement<\/h2>\n\n\n\n<p>Le HUD peut ne pas appara\u00eetre instantan\u00e9ment si vous commencez \u00e0 utiliser Hand2Note dans la salle pour la premi\u00e8re fois. Essayez donc d&#8217;attendre quelques minutes. Veuillez noter que vous n&#8217;avez pas besoin de vous asseoir \u00e0 la table pour obtenir le HUD. Hand2Note devrait afficher le HUD sur les adversaires m\u00eame si vous observez simplement le jeu.<\/p>\n\n\n\n<figure class=\"wp-block-image size-large\"><img loading=\"lazy\" decoding=\"async\" width=\"650\" height=\"476\" src=\"https:\/\/hand2noteguide.com\/wp-content\/uploads\/2020\/07\/hand2note-pokerstars-hud.png\" alt=\"\" class=\"wp-image-3374\" srcset=\"https:\/\/hand2noteguide.com\/wp-content\/uploads\/2020\/07\/hand2note-pokerstars-hud.png 650w, https:\/\/hand2noteguide.com\/wp-content\/uploads\/2020\/07\/hand2note-pokerstars-hud-300x220.png 300w, https:\/\/hand2noteguide.com\/wp-content\/uploads\/2020\/07\/hand2note-pokerstars-hud-624x457.png 624w\" sizes=\"auto, (max-width: 650px) 100vw, 650px\" \/><figcaption class=\"wp-element-caption\">Le HUD de Hand2Note est affich\u00e9 en mode observateur sur PokerStars<\/figcaption><\/figure>\n\n\n\n<h2 class=\"wp-block-heading\">7. Red\u00e9marrez tout deux fois<\/h2>\n\n\n\n<p>C&#8217;est \u00e9vident, mais dans un nombre assez important de cas, cela peut aider. Essayez donc de red\u00e9marrer :<\/p>\n\n\n\n<ul class=\"wp-block-list\">\n<li>votre PC ;<\/li>\n\n\n\n<li>le routeur WiFi ;<\/li>\n\n\n\n<li>Hand2Note ;<\/li>\n\n\n\n<li>l&#8217;application de la salle de poker.<\/li>\n<\/ul>\n\n\n\n<p>Vous n&#8217;aurez pas \u00e0 le faire \u00e0 chaque fois. Cela n&#8217;est n\u00e9cessaire qu&#8217;une seule fois pour permettre \u00e0 Hand2Note de capter le trafic de votre application.<\/p>\n\n\n\n<h2 class=\"wp-block-heading\">8. Que faire si rien n&#8217;a aid\u00e9 ?<\/h2>\n\n\n\n<p>Si vous avez suivi toutes les \u00e9tapes, mais qu&#8217;il n&#8217;y a toujours pas de HUD aux tables, il peut y avoir un probl\u00e8me sp\u00e9cifique dans votre configuration. Ou cela peut aussi \u00eatre un probl\u00e8me g\u00e9n\u00e9ral de Hand2Note apr\u00e8s la mise \u00e0 jour d&#8217;une application de salle particuli\u00e8re. Veuillez contacter <a href=\"https:\/\/hand2noteguide.com\/fr\/hand2note-official-support\/\">l&#8217;\u00e9quipe de support de Hand2Note<\/a>. Ils vous fourniront les derni\u00e8res informations sur certaines salles et vous aideront \u00e0 obtenir le HUD si tout est en ordre du c\u00f4t\u00e9 de Hand2Note.<\/p>\n\n\n\n<p style=\"margin-top:24px\"><a style=\"font-weight:bold !important\" href=\"\/fr\/hand2note-official-support\/\" class=\"article-action-link\">Contactez l&#8217;\u00e9quipe de support de Hand2Note \u2192<\/a><\/p>\n","protected":false},"excerpt":{"rendered":"<p>Habituellement, le HUD appara\u00eet automatiquement lorsque vous ex\u00e9cutez simultan\u00e9ment Hand2Note et l&#8217;application de la salle de poker. Mais que faire si le HUD de Hand2Note ne s&#8217;affiche pas pour une raison quelconque ? Nous vous fournirons un guide \u00e9tape par \u00e9tape pour r\u00e9soudre le probl\u00e8me de l&#8217;absence de HUD dans cet article. Tr\u00e8s bien, r\u00e9solvons &hellip; <a href=\"https:\/\/hand2noteguide.com\/fr\/issues-resolving\/hud-not-showing\/\" class=\"more-link\">Continue reading <span class=\"screen-reader-text\">Le HUD ne s&#8217;affiche pas. Que faire ?<\/span><\/a><\/p>\n","protected":false},"author":1,"featured_media":0,"parent":236,"menu_order":0,"comment_status":"closed","ping_status":"closed","template":"","meta":{"footnotes":""},"class_list":["post-3334","page","type-page","status-publish","hentry"],"translation":{"provider":"WPGlobus","version":"3.0.2","language":"fr","enabled_languages":["en","ru","pt","zh","es","fr","de","it","ja"],"languages":{"en":{"title":true,"content":true,"excerpt":false},"ru":{"title":true,"content":true,"excerpt":false},"pt":{"title":true,"content":true,"excerpt":false},"zh":{"title":true,"content":true,"excerpt":false},"es":{"title":true,"content":true,"excerpt":false},"fr":{"title":true,"content":true,"excerpt":false},"de":{"title":true,"content":true,"excerpt":false},"it":{"title":true,"content":true,"excerpt":false},"ja":{"title":true,"content":true,"excerpt":false}}},"yoast_head":"<!-- This site is optimized with the Yoast SEO plugin v27.0 - https:\/\/yoast.com\/product\/yoast-seo-wordpress\/ -->\n<title>Le HUD de Hand2Note ne fonctionne pas ? 7 \u00e9tapes pour r\u00e9soudre le probl\u00e8me &quot;Pas de HUD&quot;<\/title>\n<meta name=\"description\" content=\"Si le HUD de Hand2Note ne fonctionne pas pour une raison quelconque, ne vous inqui\u00e9tez pas. Nous fournissons un guide \u00e9tape par \u00e9tape pour r\u00e9soudre le probl\u00e8me d&#039;absence de HUD. Vous obtiendrez le HUD dans votre salle de poker.\" \/>\n<meta name=\"robots\" content=\"index, follow, max-snippet:-1, max-image-preview:large, max-video-preview:-1\" \/>\n<link rel=\"canonical\" href=\"https:\/\/hand2noteguide.com\/issues-resolving\/hud-not-showing\/\" \/>\n<meta property=\"og:locale\" content=\"fr_FR\" \/>\n<meta property=\"og:type\" content=\"article\" \/>\n<meta property=\"og:title\" content=\"Le HUD de Hand2Note ne fonctionne pas ? 7 \u00e9tapes pour r\u00e9soudre le probl\u00e8me &quot;Pas de HUD&quot;\" \/>\n<meta property=\"og:description\" content=\"Si le HUD de Hand2Note ne fonctionne pas pour une raison quelconque, ne vous inqui\u00e9tez pas. Nous fournissons un guide \u00e9tape par \u00e9tape pour r\u00e9soudre le probl\u00e8me d&#039;absence de HUD. Vous obtiendrez le HUD dans votre salle de poker.\" \/>\n<meta property=\"og:url\" content=\"https:\/\/hand2noteguide.com\/issues-resolving\/hud-not-showing\/\" \/>\n<meta property=\"og:site_name\" content=\"Hand2Note Guide\" \/>\n<meta property=\"article:modified_time\" content=\"2026-02-21T18:01:32+00:00\" \/>\n<meta property=\"og:image\" content=\"https:\/\/hand2noteguide.com\/wp-content\/uploads\/2020\/07\/hand2note-hud-not-showing.png\" \/>\n<meta name=\"twitter:card\" content=\"summary_large_image\" \/>\n<meta name=\"twitter:label1\" content=\"Est. reading time\" \/>\n\t<meta name=\"twitter:data1\" content=\"23 minutes\" \/>\n<!-- \/ Yoast SEO plugin. -->","yoast_head_json":{"title":"Le HUD de Hand2Note ne fonctionne pas ? 7 \u00e9tapes pour r\u00e9soudre le probl\u00e8me \"Pas de HUD\"","description":"Si le HUD de Hand2Note ne fonctionne pas pour une raison quelconque, ne vous inqui\u00e9tez pas. Nous fournissons un guide \u00e9tape par \u00e9tape pour r\u00e9soudre le probl\u00e8me d'absence de HUD. Vous obtiendrez le HUD dans votre salle de poker.","robots":{"index":"index","follow":"follow","max-snippet":"max-snippet:-1","max-image-preview":"max-image-preview:large","max-video-preview":"max-video-preview:-1"},"canonical":"https:\/\/hand2noteguide.com\/issues-resolving\/hud-not-showing\/","og_locale":"fr_FR","og_type":"article","og_title":"Le HUD de Hand2Note ne fonctionne pas ? 7 \u00e9tapes pour r\u00e9soudre le probl\u00e8me \"Pas de HUD\"","og_description":"Si le HUD de Hand2Note ne fonctionne pas pour une raison quelconque, ne vous inqui\u00e9tez pas. Nous fournissons un guide \u00e9tape par \u00e9tape pour r\u00e9soudre le probl\u00e8me d'absence de HUD. Vous obtiendrez le HUD dans votre salle de poker.","og_url":"https:\/\/hand2noteguide.com\/issues-resolving\/hud-not-showing\/","og_site_name":"Hand2Note Guide","article_modified_time":"2026-02-21T18:01:32+00:00","og_image":[{"url":"https:\/\/hand2noteguide.com\/wp-content\/uploads\/2020\/07\/hand2note-hud-not-showing.png","type":"","width":"","height":""}],"twitter_card":"summary_large_image","twitter_misc":{"Est. reading time":"23 minutes"},"schema":{"@context":"https:\/\/schema.org","@graph":[]}},"jetpack_sharing_enabled":true,"_links":{"self":[{"href":"https:\/\/hand2noteguide.com\/fr\/wp-json\/wp\/v2\/pages\/3334","targetHints":{"allow":["GET"]}}],"collection":[{"href":"https:\/\/hand2noteguide.com\/fr\/wp-json\/wp\/v2\/pages"}],"about":[{"href":"https:\/\/hand2noteguide.com\/fr\/wp-json\/wp\/v2\/types\/page"}],"author":[{"embeddable":true,"href":"https:\/\/hand2noteguide.com\/fr\/wp-json\/wp\/v2\/users\/1"}],"replies":[{"embeddable":true,"href":"https:\/\/hand2noteguide.com\/fr\/wp-json\/wp\/v2\/comments?post=3334"}],"version-history":[{"count":60,"href":"https:\/\/hand2noteguide.com\/fr\/wp-json\/wp\/v2\/pages\/3334\/revisions"}],"predecessor-version":[{"id":13498,"href":"https:\/\/hand2noteguide.com\/fr\/wp-json\/wp\/v2\/pages\/3334\/revisions\/13498"}],"up":[{"embeddable":true,"href":"https:\/\/hand2noteguide.com\/fr\/wp-json\/wp\/v2\/pages\/236"}],"wp:attachment":[{"href":"https:\/\/hand2noteguide.com\/fr\/wp-json\/wp\/v2\/media?parent=3334"}],"curies":[{"name":"wp","href":"https:\/\/api.w.org\/{rel}","templated":true}]}}