{"id":3424,"date":"2020-07-15T21:57:55","date_gmt":"2020-07-15T18:57:55","guid":{"rendered":"http:\/\/hand2noteguide.com\/?page_id=3424"},"modified":"2026-02-21T20:59:35","modified_gmt":"2026-02-21T17:59:35","slug":"range-research","status":"publish","type":"page","link":"https:\/\/hand2noteguide.com\/fr\/guide\/range-research\/","title":{"rendered":"Recherche de Range (Poker MDA)"},"content":{"rendered":"<div class=\"wp-block-h2n-alert h2n-alert h2n-alert--danger\"><div class=\"h2n-alert__icon\" aria-hidden=\"true\"><svg width=\"22\" height=\"22\" viewBox=\"0 0 24 24\" fill=\"none\" stroke=\"currentColor\" stroke-width=\"2\" stroke-linecap=\"round\" stroke-linejoin=\"round\"><polygon points=\"7.86 2 16.14 2 22 7.86 22 16.14 16.14 22 7.86 22 2 16.14 2 7.86 7.86 2\"\/><line x1=\"12\" y1=\"8\" x2=\"12\" y2=\"12\"\/><circle cx=\"12\" cy=\"16\" r=\"1\" fill=\"currentColor\" stroke=\"none\"\/><\/svg><\/div><div class=\"h2n-alert__content\">Range Research est une fonctionnalit\u00e9 h\u00e9rit\u00e9e de Hand2Note 3, d\u00e9sormais obsol\u00e8te. Dans la derni\u00e8re version Hand2Note 4, Range Research a \u00e9t\u00e9 remplac\u00e9 par <strong>Multiple Player Reports<\/strong>. Consultez notre <a href=\"https:\/\/hand2noteguide.com\/fr\/user-manual\/the-multiple-players-tool-in-hand2note-range-research\/\">guide sur l&#8217;outil Multiple Player Reports<\/a>.<\/div><\/div>\n\n\n<p>Range Research est un outil de poker <a href=\"https:\/\/hand2note.com\/fr\/\" target=\"_blank\" aria-label=\"undefined (opens in a new tab)\" rel=\"noreferrer noopener\">Hand2Note<\/a> qui vous permet d&#8217;explorer les tendances du pool de joueurs. C&#8217;est l&#8217;une des fonctions les plus puissantes de Hand2Note. Range Research est disponible uniquement avec les abonnements PRO ou EDGE. Si vous n&#8217;avez pas encore de licence, vous pouvez <a href=\"https:\/\/hand2noteguide.com\/fr\/promo\/\">l&#8217;acheter \u00e0 prix r\u00e9duit avec notre coupon Hand2Note<\/a>.<\/p>\n\n\n\n<p>La fonctionnalit\u00e9 de Range Research vous offre des possibilit\u00e9s incroyables pour enqu\u00eater en profondeur sur le jeu de votre adversaire. Vous pouvez d\u00e9couvrir :<\/p>\n\n\n\n<ul class=\"wp-block-list\">\n<li>quelles fr\u00e9quences et ranges les meilleurs r\u00e9guliers utilisent ;<\/li>\n\n\n\n<li>comment les joueurs r\u00e9cr\u00e9atifs agressifs surench\u00e9rissent sur le <a href=\"https:\/\/hand2noteguide.com\/fr\/poker\/poker-streets\/\">river<\/a> selon la texture sp\u00e9cifique du board ;<\/li>\n\n\n\n<li>\u00e0 quel point les r\u00e9guliers sont serr\u00e9s en 4bet preflop selon les <a href=\"https:\/\/hand2noteguide.com\/fr\/poker\/poker-positions\/\">positions<\/a> sp\u00e9cifiques ;<\/li>\n\n\n\n<li>et bien d&#8217;autres encore.<\/li>\n<\/ul>\n\n\n\n<figure class=\"wp-block-image size-large\"><img loading=\"lazy\" decoding=\"async\" width=\"1024\" height=\"566\" src=\"https:\/\/hand2noteguide.com\/wp-content\/uploads\/2020\/07\/Hand2Note-Range-Research-1024x566.png\" alt=\"Hand2Note Range Research\" class=\"wp-image-3459\" srcset=\"https:\/\/hand2noteguide.com\/wp-content\/uploads\/2020\/07\/Hand2Note-Range-Research-1024x566.png 1024w, https:\/\/hand2noteguide.com\/wp-content\/uploads\/2020\/07\/Hand2Note-Range-Research-300x166.png 300w, https:\/\/hand2noteguide.com\/wp-content\/uploads\/2020\/07\/Hand2Note-Range-Research-768x424.png 768w, https:\/\/hand2noteguide.com\/wp-content\/uploads\/2020\/07\/Hand2Note-Range-Research-772x426.png 772w, https:\/\/hand2noteguide.com\/wp-content\/uploads\/2020\/07\/Hand2Note-Range-Research-624x345.png 624w, https:\/\/hand2noteguide.com\/wp-content\/uploads\/2020\/07\/Hand2Note-Range-Research.png 1249w\" sizes=\"auto, (max-width: 1024px) 100vw, 1024px\" \/><figcaption class=\"wp-element-caption\">Fen\u00eatre de d\u00e9marrage de Range Research<\/figcaption><\/figure>\n\n\n\n<p>Ainsi, vous pouvez acqu\u00e9rir des connaissances sur la fa\u00e7on dont les joueurs de poker avec des crit\u00e8res sp\u00e9cifiques jouent dans tous les sc\u00e9narios de jeu possibles.<\/p>\n\n\n\n<h2 class=\"wp-block-heading\">Comment utiliser Range Research ?<\/h2>\n\n\n\n<p>Le principe de base de l&#8217;utilisation de cet outil est le suivant :<\/p>\n\n\n\n<ol class=\"wp-block-list\">\n<li>Vous d\u00e9finissez les param\u00e8tres du rapport et les crit\u00e8res sp\u00e9cifiques pour filtrer les joueurs.<\/li>\n\n\n\n<li>Hand2Note scanne votre base de donn\u00e9es et trouve tous les joueurs dont les statistiques correspondent aux param\u00e8tres sp\u00e9cifi\u00e9s.<\/li>\n\n\n\n<li>Vous voyez le popup avec un \u00e9chantillon combin\u00e9 de tous les joueurs trouv\u00e9s.<\/li>\n<\/ol>\n\n\n\n<p>Par exemple, cr\u00e9ons un rapport simple pour les joueurs r\u00e9guliers. Ouvrez Range Research, cr\u00e9ez un nouveau rapport et nommez-le &#8220;Tous les r\u00e9guliers&#8221;. S\u00e9lectionnez votre type de jeu et d\u00e9finissez le filtre &#8220;Est r\u00e9gulier&#8221; dans le bloc Base Stats. Ensuite, cliquez sur &#8220;Construire&#8221;.<\/p>\n\n\n\n<figure class=\"wp-block-image size-large\"><img loading=\"lazy\" decoding=\"async\" width=\"1024\" height=\"594\" src=\"https:\/\/hand2noteguide.com\/wp-content\/uploads\/2020\/07\/range-research-regs-report-1024x594.png\" alt=\"Range Research report for regular players\" class=\"wp-image-3473\" srcset=\"https:\/\/hand2noteguide.com\/wp-content\/uploads\/2020\/07\/range-research-regs-report-1024x594.png 1024w, https:\/\/hand2noteguide.com\/wp-content\/uploads\/2020\/07\/range-research-regs-report-300x174.png 300w, https:\/\/hand2noteguide.com\/wp-content\/uploads\/2020\/07\/range-research-regs-report-768x446.png 768w, https:\/\/hand2noteguide.com\/wp-content\/uploads\/2020\/07\/range-research-regs-report-772x448.png 772w, https:\/\/hand2noteguide.com\/wp-content\/uploads\/2020\/07\/range-research-regs-report-624x362.png 624w, https:\/\/hand2noteguide.com\/wp-content\/uploads\/2020\/07\/range-research-regs-report.png 1125w\" sizes=\"auto, (max-width: 1024px) 100vw, 1024px\" \/><figcaption class=\"wp-element-caption\">Configuration du rapport Range Research pour les joueurs r\u00e9guliers<\/figcaption><\/figure>\n\n\n\n<p>En cons\u00e9quence, nous avons obtenu le popup g\u00e9n\u00e9ral avec les statistiques r\u00e9sum\u00e9es pour tous les r\u00e9guliers de la base de donn\u00e9es. Nous pouvons examiner leurs fr\u00e9quences et compositions de ranges dans diff\u00e9rents spots de jeu.<\/p>\n\n\n\n<figure class=\"wp-block-image size-large\"><img loading=\"lazy\" decoding=\"async\" width=\"1024\" height=\"639\" src=\"https:\/\/hand2noteguide.com\/wp-content\/uploads\/2020\/07\/range-research-result-1024x639.png\" alt=\"Range Research results\" class=\"wp-image-3475\" srcset=\"https:\/\/hand2noteguide.com\/wp-content\/uploads\/2020\/07\/range-research-result-1024x639.png 1024w, https:\/\/hand2noteguide.com\/wp-content\/uploads\/2020\/07\/range-research-result-300x187.png 300w, https:\/\/hand2noteguide.com\/wp-content\/uploads\/2020\/07\/range-research-result-768x479.png 768w, https:\/\/hand2noteguide.com\/wp-content\/uploads\/2020\/07\/range-research-result-772x482.png 772w, https:\/\/hand2noteguide.com\/wp-content\/uploads\/2020\/07\/range-research-result-624x389.png 624w, https:\/\/hand2noteguide.com\/wp-content\/uploads\/2020\/07\/range-research-result.png 1154w\" sizes=\"auto, (max-width: 1024px) 100vw, 1024px\" \/><figcaption class=\"wp-element-caption\">Popup r\u00e9sultant avec \u00e9chantillon combin\u00e9 sur tous les r\u00e9guliers<\/figcaption><\/figure>\n\n\n\n<p>Dans notre exemple, nous avons utilis\u00e9 la configuration par d\u00e9faut, donc nous avons obtenu le popup g\u00e9n\u00e9ral standard comme r\u00e9sultat de notre rapport. Mais vous pouvez \u00e9galement utiliser des popups plus avanc\u00e9s pour examiner en profondeur toutes les lignes possibles, les tailles et les textures de board.<\/p>\n\n\n\n<p>Jetez un \u0153il aux <a aria-label=\"undefined (opens in a new tab)\" href=\"https:\/\/hand2noteguide.com\/fr\/hud-store\/#package_tank_mda\" target=\"_blank\" rel=\"noreferrer noopener\">paquets de popups Range Research<\/a> sp\u00e9ciaux dans notre boutique.<\/p>\n\n\n\n<figure class=\"wp-block-image size-large\"><img loading=\"lazy\" decoding=\"async\" width=\"1024\" height=\"951\" src=\"http:\/\/hand2noteguide.com\/wp-content\/uploads\/2020\/08\/3a-preflop-Overall-1024x951.png\" alt=\"\" class=\"wp-image-3636\" srcset=\"https:\/\/hand2noteguide.com\/wp-content\/uploads\/2020\/08\/3a-preflop-Overall-1024x951.png 1024w, https:\/\/hand2noteguide.com\/wp-content\/uploads\/2020\/08\/3a-preflop-Overall-300x279.png 300w, https:\/\/hand2noteguide.com\/wp-content\/uploads\/2020\/08\/3a-preflop-Overall-768x714.png 768w, https:\/\/hand2noteguide.com\/wp-content\/uploads\/2020\/08\/3a-preflop-Overall-772x717.png 772w, https:\/\/hand2noteguide.com\/wp-content\/uploads\/2020\/08\/3a-preflop-Overall-624x580.png 624w, https:\/\/hand2noteguide.com\/wp-content\/uploads\/2020\/08\/3a-preflop-Overall.png 1158w\" sizes=\"auto, (max-width: 1024px) 100vw, 1024px\" \/><figcaption class=\"wp-element-caption\">Ce popup fait partie du pack <a href=\"https:\/\/hand2noteguide.com\/fr\/hud-store\/tank-mda\/\" target=\"_blank\" aria-label=\"undefined (opens in a new tab)\" rel=\"noreferrer noopener\">TANK MDA<\/a><\/figcaption><\/figure>\n\n\n\n<h2 class=\"wp-block-heading\">Je veux en savoir plus<\/h2>\n\n\n\n<p>Si vous souhaitez \u00e9tudier toutes les capacit\u00e9s de Hand2Note et Range Research, pr\u00eatez attention \u00e0 mon <a href=\"https:\/\/hand2noteguide.com\/fr\/video-course\/\">cours vid\u00e9o<\/a>.<\/p>\n\n\n\n<figure class=\"wp-block-image size-large\"><a href=\"https:\/\/nickjames.teachable.com\/courses\/hand2note-professional-usage\/lectures\/14423550?utm_source=hand2noteguide.com&amp;utm_medium=referral&amp;utm_campaign=hand2noteguide.com\" target=\"_blank\" rel=\"noopener noreferrer\"><img loading=\"lazy\" decoding=\"async\" width=\"954\" height=\"652\" src=\"http:\/\/hand2noteguide.com\/wp-content\/uploads\/2020\/09\/hand2note-video-course-2.png\" alt=\"\" class=\"wp-image-4040\" srcset=\"https:\/\/hand2noteguide.com\/wp-content\/uploads\/2020\/09\/hand2note-video-course-2.png 954w, https:\/\/hand2noteguide.com\/wp-content\/uploads\/2020\/09\/hand2note-video-course-2-300x205.png 300w, https:\/\/hand2noteguide.com\/wp-content\/uploads\/2020\/09\/hand2note-video-course-2-768x525.png 768w, https:\/\/hand2noteguide.com\/wp-content\/uploads\/2020\/09\/hand2note-video-course-2-772x528.png 772w, https:\/\/hand2noteguide.com\/wp-content\/uploads\/2020\/09\/hand2note-video-course-2-624x426.png 624w\" sizes=\"auto, (max-width: 954px) 100vw, 954px\" \/><\/a><figcaption class=\"wp-element-caption\">Une partie du <a href=\"https:\/\/hand2noteguide.com\/fr\/video-course\/\">cours vid\u00e9o Hand2Note<\/a><\/figcaption><\/figure>\n\n\n\n<p>C&#8217;est un cours complet qui couvre toutes les fonctionnalit\u00e9s de Hand2Note. Mais m\u00eame si vous souhaitez apprendre uniquement Range Research, je vous recommande tout de m\u00eame de suivre l&#8217;ensemble du cours. Il y a beaucoup de sujets annexes qui peuvent am\u00e9liorer consid\u00e9rablement votre travail avec Range Research et l&#8217;efficacit\u00e9 de votre analyse en g\u00e9n\u00e9ral :<\/p>\n\n\n\n<ul class=\"wp-block-list\">\n<li>Syst\u00e8me de reconnaissance Reg\/Fish<\/li>\n\n\n\n<li>Statistiques simples et d&#8217;expression dans Hand2Note<\/li>\n\n\n\n<li>Popup \u00e9tendu sur la stat (y compris les diagrammes preflop et postflop)<\/li>\n\n\n\n<li>Personnalisation des textures de board<\/li>\n\n\n\n<li>etc.<\/li>\n<\/ul>\n\n\n\n<p>Apr\u00e8s avoir termin\u00e9 le cours, vous aurez toutes les connaissances n\u00e9cessaires pour travailler professionnellement avec Range Research et Hand2Note en g\u00e9n\u00e9ral.<\/p>\n\n\n\n<p>En alternative, vous pouvez utiliser les <a href=\"https:\/\/hand2noteguide.com\/fr\/training\/\">sessions de coaching<\/a>. Cela pourrait \u00eatre une option d\u00e9cente si vous avez un ensemble de questions sp\u00e9cifiques et recherchez une approche plus personnalis\u00e9e.<\/p>\n","protected":false},"excerpt":{"rendered":"<p>Range Research est un outil de poker Hand2Note qui vous permet d&#8217;explorer les tendances du pool de joueurs. C&#8217;est l&#8217;une des fonctions les plus puissantes de Hand2Note. Range Research est disponible uniquement avec les abonnements PRO ou EDGE. Si vous n&#8217;avez pas encore de licence, vous pouvez l&#8217;acheter \u00e0 prix r\u00e9duit avec notre coupon Hand2Note. &hellip; <a href=\"https:\/\/hand2noteguide.com\/fr\/guide\/range-research\/\" class=\"more-link\">Continue reading <span class=\"screen-reader-text\">Recherche de Range (Poker MDA)<\/span><\/a><\/p>\n","protected":false},"author":1,"featured_media":0,"parent":74,"menu_order":0,"comment_status":"closed","ping_status":"closed","template":"","meta":{"footnotes":""},"class_list":["post-3424","page","type-page","status-publish","hentry"],"translation":{"provider":"WPGlobus","version":"3.0.2","language":"fr","enabled_languages":["en","ru","pt","zh","es","fr","de","it","ja"],"languages":{"en":{"title":true,"content":true,"excerpt":false},"ru":{"title":true,"content":true,"excerpt":false},"pt":{"title":true,"content":true,"excerpt":false},"zh":{"title":true,"content":true,"excerpt":false},"es":{"title":true,"content":true,"excerpt":false},"fr":{"title":true,"content":true,"excerpt":false},"de":{"title":true,"content":true,"excerpt":false},"it":{"title":true,"content":true,"excerpt":false},"ja":{"title":true,"content":true,"excerpt":false}}},"yoast_head":"<!-- This site is optimized with the Yoast SEO plugin v27.0 - https:\/\/yoast.com\/product\/yoast-seo-wordpress\/ -->\n<title>Recherche de Range dans Hand2Note : Explorez les Statistiques du Pool de Joueurs avec MDA<\/title>\n<meta name=\"description\" content=\"Apprenez \u00e0 utiliser Range Research dans Hand2Note pour analyser les tendances et fr\u00e9quences du pool de joueurs. Cr\u00e9ez des rapports personnalis\u00e9s et am\u00e9liorez votre strat\u00e9gie avec MDA.\" \/>\n<meta name=\"robots\" content=\"index, follow, max-snippet:-1, max-image-preview:large, max-video-preview:-1\" \/>\n<link rel=\"canonical\" href=\"https:\/\/hand2noteguide.com\/guide\/range-research\/\" \/>\n<meta property=\"og:locale\" content=\"fr_FR\" \/>\n<meta property=\"og:type\" content=\"article\" \/>\n<meta property=\"og:title\" content=\"Recherche de Range dans Hand2Note : Explorez les Statistiques du Pool de Joueurs avec MDA\" \/>\n<meta property=\"og:description\" content=\"Apprenez \u00e0 utiliser Range Research dans Hand2Note pour analyser les tendances et fr\u00e9quences du pool de joueurs. Cr\u00e9ez des rapports personnalis\u00e9s et am\u00e9liorez votre strat\u00e9gie avec MDA.\" \/>\n<meta property=\"og:url\" content=\"https:\/\/hand2noteguide.com\/guide\/range-research\/\" \/>\n<meta property=\"og:site_name\" content=\"Hand2Note Guide\" \/>\n<meta property=\"article:modified_time\" content=\"2026-02-21T17:59:35+00:00\" \/>\n<meta property=\"og:image\" content=\"https:\/\/hand2noteguide.com\/wp-content\/uploads\/2020\/07\/Hand2Note-Range-Research-1024x566.png\" \/>\n<meta name=\"twitter:card\" content=\"summary_large_image\" \/>\n<meta name=\"twitter:label1\" content=\"Est. reading time\" \/>\n\t<meta name=\"twitter:data1\" content=\"17 minutes\" \/>\n<!-- \/ Yoast SEO plugin. -->","yoast_head_json":{"title":"Recherche de Range dans Hand2Note : Explorez les Statistiques du Pool de Joueurs avec MDA","description":"Apprenez \u00e0 utiliser Range Research dans Hand2Note pour analyser les tendances et fr\u00e9quences du pool de joueurs. Cr\u00e9ez des rapports personnalis\u00e9s et am\u00e9liorez votre strat\u00e9gie avec MDA.","robots":{"index":"index","follow":"follow","max-snippet":"max-snippet:-1","max-image-preview":"max-image-preview:large","max-video-preview":"max-video-preview:-1"},"canonical":"https:\/\/hand2noteguide.com\/guide\/range-research\/","og_locale":"fr_FR","og_type":"article","og_title":"Recherche de Range dans Hand2Note : Explorez les Statistiques du Pool de Joueurs avec MDA","og_description":"Apprenez \u00e0 utiliser Range Research dans Hand2Note pour analyser les tendances et fr\u00e9quences du pool de joueurs. Cr\u00e9ez des rapports personnalis\u00e9s et am\u00e9liorez votre strat\u00e9gie avec MDA.","og_url":"https:\/\/hand2noteguide.com\/guide\/range-research\/","og_site_name":"Hand2Note Guide","article_modified_time":"2026-02-21T17:59:35+00:00","og_image":[{"url":"https:\/\/hand2noteguide.com\/wp-content\/uploads\/2020\/07\/Hand2Note-Range-Research-1024x566.png","type":"","width":"","height":""}],"twitter_card":"summary_large_image","twitter_misc":{"Est. reading time":"17 minutes"},"schema":{"@context":"https:\/\/schema.org","@graph":[]}},"jetpack_sharing_enabled":true,"_links":{"self":[{"href":"https:\/\/hand2noteguide.com\/fr\/wp-json\/wp\/v2\/pages\/3424","targetHints":{"allow":["GET"]}}],"collection":[{"href":"https:\/\/hand2noteguide.com\/fr\/wp-json\/wp\/v2\/pages"}],"about":[{"href":"https:\/\/hand2noteguide.com\/fr\/wp-json\/wp\/v2\/types\/page"}],"author":[{"embeddable":true,"href":"https:\/\/hand2noteguide.com\/fr\/wp-json\/wp\/v2\/users\/1"}],"replies":[{"embeddable":true,"href":"https:\/\/hand2noteguide.com\/fr\/wp-json\/wp\/v2\/comments?post=3424"}],"version-history":[{"count":51,"href":"https:\/\/hand2noteguide.com\/fr\/wp-json\/wp\/v2\/pages\/3424\/revisions"}],"predecessor-version":[{"id":15254,"href":"https:\/\/hand2noteguide.com\/fr\/wp-json\/wp\/v2\/pages\/3424\/revisions\/15254"}],"up":[{"embeddable":true,"href":"https:\/\/hand2noteguide.com\/fr\/wp-json\/wp\/v2\/pages\/74"}],"wp:attachment":[{"href":"https:\/\/hand2noteguide.com\/fr\/wp-json\/wp\/v2\/media?parent=3424"}],"curies":[{"name":"wp","href":"https:\/\/api.w.org\/{rel}","templated":true}]}}