{"id":372,"date":"2018-08-10T15:08:01","date_gmt":"2018-08-10T12:08:01","guid":{"rendered":"https:\/\/h2n312.wordpress.com\/?page_id=372"},"modified":"2025-06-04T18:58:31","modified_gmt":"2025-06-04T15:58:31","slug":"hud","status":"publish","type":"page","link":"https:\/\/hand2noteguide.com\/fr\/guide\/hud\/","title":{"rendered":"HUD"},"content":{"rendered":"\n<h2 class=\"wp-block-heading\">Profils par d\u00e9faut<\/h2>\n\n\n\n<p>Hand2Note est livr\u00e9 avec deux profils standard de HUDs et popups &#8211; <em>default<\/em> et <em>PokerMaster default<\/em>. Ils contiennent un ensemble de statistiques de base, suffisant pour un jeu confiant au niveau initial. Cependant, ces HUDs peuvent \u00e9galement \u00eatre utilis\u00e9s par des r\u00e9guliers exp\u00e9riment\u00e9s, par exemple, dans les <a href=\"https:\/\/hand2noteguide.com\/fr\/asian\/\">salles asiatiques<\/a>, o\u00f9 l&#8217;\u00e9chantillon sur les joueurs est souvent insuffisant pour l&#8217;utilisation productive de HUDs complexes.<\/p>\n\n\n\n<h2 class=\"wp-block-heading\">Cr\u00e9ation de HUD<\/h2>\n\n\n\n<p>Hand2Note dispose d&#8217;outils tr\u00e8s flexibles pour concevoir votre HUD. Si vous envisagez de cr\u00e9er un HUD vous-m\u00eame, lisez d&#8217;abord les instructions pour <a rel=\"noreferrer noopener\" href=\"http:\/\/www.hand2note.com\/Help\/Index\/HUDCustomization\" target=\"_blank\">cr\u00e9er un HUD<\/a> et <a href=\"https:\/\/hand2noteguide.com\/fr\/guide\/creating-stats\/\">cr\u00e9er des statistiques<\/a>. Vous pouvez \u00e9galement suivre&nbsp;<a href=\"https:\/\/hand2noteguide.com\/fr\/training\/\">des cours particuliers<\/a> sur la cr\u00e9ation d&#8217;un HUD de toute complexit\u00e9.<\/p>\n\n\n\n\n<!-- Page-list plugin v.5.2 wordpress.org\/plugins\/page-list\/ -->\n<ul class=\"page-list \">\n<li class=\"page_item page-item-367\"><a href=\"https:\/\/hand2noteguide.com\/fr\/guide\/hud\/add-aggression-wtsd\/\">Comment ins\u00e9rer les statistiques d&#8217;agression et de showdown dans le HUD<\/a><\/li>\n<li class=\"page_item page-item-402\"><a href=\"https:\/\/hand2noteguide.com\/fr\/guide\/hud\/add-hands-counter\/\">Comment ins\u00e9rer un compteur de mains ?<\/a><\/li>\n<li class=\"page_item page-item-396\"><a href=\"https:\/\/hand2noteguide.com\/fr\/guide\/hud\/add-abbreviations\/\">Comment ajouter des abr\u00e9viations aux stats ?<\/a><\/li>\n<li class=\"page_item page-item-375\"><a href=\"https:\/\/hand2noteguide.com\/fr\/guide\/hud\/add-nickname-winrate-stacksize\/\">Comment ins\u00e9rer le pseudo, le winrate et la taille de stack dans le HUD<\/a><\/li>\n\n<\/ul>\n\n\n\n<h2 class=\"wp-block-heading\">Importation depuis HM2\/PT4<\/h2>\n\n\n\n<p>L&#8217;importation automatique de HUD depuis d&#8217;autres trackers n&#8217;est pas prise en charge. Donc, si vous souhaitez importer votre HUD et vos popups depuis un autre tracker, utilisez le <a rel=\"noreferrer noopener\" href=\"http:\/\/www.hand2note.com\/Help\/Index\/OrderCustomHUD\" target=\"_blank\">service de commande de HUD priv\u00e9<\/a>. Veuillez noter que ce service est payant. Lisez attentivement les informations sur le lien. Si vous \u00eates satisfait des conditions, envoyez une demande au <a href=\"https:\/\/hand2noteguide.com\/fr\/hand2note-official-support\/\">service de support<\/a>.<\/p>\n\n\n\n<h2 class=\"wp-block-heading\">Packs pr\u00eats \u00e0 l&#8217;emploi<\/h2>\n\n\n\n<p>Vous pouvez choisir l&#8217;un des packs commerciaux pr\u00eats \u00e0 l&#8217;emploi dans la <a rel=\"noreferrer noopener\" href=\"http:\/\/www.hand2note.com\/Shop\" target=\"_blank\">boutique officielle<\/a>. Les d\u00e9veloppeurs de packs offrent g\u00e9n\u00e9ralement des p\u00e9riodes d&#8217;essai gratuites pour leurs produits. Par cons\u00e9quent, vous pouvez contacter les auteurs et essayer plusieurs options, puis choisir celle qui vous convient le mieux. Vous pouvez trouver les contacts des d\u00e9veloppeurs dans la description de chaque produit dans la boutique. Veuillez noter que pour utiliser les packs commerciaux, vous devez avoir une <a href=\"https:\/\/hand2noteguide.com\/fr\/guide\/serial-key\/\">cl\u00e9 de licence Hand2Note<\/a>. C&#8217;est-\u00e0-dire que vous devez au moins une fois acheter un <a href=\"https:\/\/hand2noteguide.com\/fr\/guide\/choose-subscription\/\">abonnement<\/a>. Ensuite, si vous jouez des micro limites, il n&#8217;est pas n\u00e9cessaire de renouveler l&#8217;abonnement.<\/p>\n\n\n\n<h2 class=\"wp-block-heading\">FAQ sur le HUD<\/h2>\n\n\n\n\n<!-- Page-list plugin v.5.2 wordpress.org\/plugins\/page-list\/ -->\n<ul class=\"page-list \">\n<li class=\"page_item page-item-1556\"><a href=\"https:\/\/hand2noteguide.com\/fr\/guide\/hud\/different-huds-in-different-rooms\/\">Utiliser diff\u00e9rents HUD dans diff\u00e9rentes salles<\/a><\/li>\n<li class=\"page_item page-item-379\"><a href=\"https:\/\/hand2noteguide.com\/fr\/guide\/hud\/activate-session-hud\/\">Comment activer le HUD de session<\/a><\/li>\n<li class=\"page_item page-item-409\"><a href=\"https:\/\/hand2noteguide.com\/fr\/guide\/hud\/hero-hud\/\">Comment obtenir un HUD sur Hero ?<\/a><\/li>\n<li class=\"page_item page-item-472\"><a href=\"https:\/\/hand2noteguide.com\/fr\/guide\/hud\/disable-hud\/\">Comment d\u00e9sactiver le HUD<\/a><\/li>\n<li class=\"page_item page-item-452\"><a href=\"https:\/\/hand2noteguide.com\/fr\/guide\/hud\/divide-stats-sh-fr\/\">Comment diviser les statistiques selon le nombre de joueurs (SH\/FR) ?<\/a><\/li>\n<li class=\"page_item page-item-1527\"><a href=\"https:\/\/hand2noteguide.com\/fr\/guide\/hud\/switch-profile\/\">Comment changer de profil HUD<\/a><\/li>\n\n<\/ul>\n\n\n\n<h2 class=\"wp-block-heading\">HUD gratuit<\/h2>\n\n\n\n<p>Ne manquez pas l&#8217;opportunit\u00e9 de profiter de notre offre pour obtenir un <a href=\"https:\/\/hand2noteguide.com\/fr\/free-hud\/\">HUD professionnel gratuit<\/a>.<\/p>\n","protected":false},"excerpt":{"rendered":"<p>Profils par d\u00e9faut Hand2Note est livr\u00e9 avec deux profils standard de HUDs et popups &#8211; default et PokerMaster default. Ils contiennent un ensemble de statistiques de base, suffisant pour un jeu confiant au niveau initial. Cependant, ces HUDs peuvent \u00e9galement \u00eatre utilis\u00e9s par des r\u00e9guliers exp\u00e9riment\u00e9s, par exemple, dans les salles asiatiques, o\u00f9 l&#8217;\u00e9chantillon sur &hellip; <a href=\"https:\/\/hand2noteguide.com\/fr\/guide\/hud\/\" class=\"more-link\">Continue reading <span class=\"screen-reader-text\">HUD<\/span><\/a><\/p>\n","protected":false},"author":1,"featured_media":0,"parent":74,"menu_order":0,"comment_status":"closed","ping_status":"closed","template":"page-templates\/full-width-page.php","meta":{"footnotes":""},"class_list":["post-372","page","type-page","status-publish","hentry"],"translation":{"provider":"WPGlobus","version":"3.0.2","language":"fr","enabled_languages":["en","ru","pt","zh","es","fr","de","it","ja"],"languages":{"en":{"title":true,"content":true,"excerpt":false},"ru":{"title":true,"content":true,"excerpt":false},"pt":{"title":true,"content":true,"excerpt":false},"zh":{"title":true,"content":true,"excerpt":false},"es":{"title":true,"content":true,"excerpt":false},"fr":{"title":true,"content":true,"excerpt":false},"de":{"title":true,"content":true,"excerpt":false},"it":{"title":true,"content":true,"excerpt":false},"ja":{"title":true,"content":true,"excerpt":false}}},"yoast_head":"<!-- This site is optimized with the Yoast SEO plugin v27.0 - https:\/\/yoast.com\/product\/yoast-seo-wordpress\/ -->\n<title>Vos options de HUD dans Hand2Note 3<\/title>\n<meta name=\"description\" content=\"Cr\u00e9ez votre propre HUD, achetez l&#039;un des packs pr\u00eats \u00e0 l&#039;emploi ou importez un HUD depuis un autre tracker. Obtenez un HUD positionnel gratuitement ou suivez une formation personnelle \u00e0 la cr\u00e9ation de HUD.\" \/>\n<meta name=\"robots\" content=\"index, follow, max-snippet:-1, max-image-preview:large, max-video-preview:-1\" \/>\n<link rel=\"canonical\" href=\"https:\/\/hand2noteguide.com\/guide\/hud\/\" \/>\n<meta property=\"og:locale\" content=\"fr_FR\" \/>\n<meta property=\"og:type\" content=\"article\" \/>\n<meta property=\"og:title\" content=\"Vos options de HUD dans Hand2Note 3\" \/>\n<meta property=\"og:description\" content=\"Cr\u00e9ez votre propre HUD, achetez l&#039;un des packs pr\u00eats \u00e0 l&#039;emploi ou importez un HUD depuis un autre tracker. Obtenez un HUD positionnel gratuitement ou suivez une formation personnelle \u00e0 la cr\u00e9ation de HUD.\" \/>\n<meta property=\"og:url\" content=\"https:\/\/hand2noteguide.com\/guide\/hud\/\" \/>\n<meta property=\"og:site_name\" content=\"Hand2Note Guide\" \/>\n<meta property=\"article:modified_time\" content=\"2025-06-04T15:58:31+00:00\" \/>\n<meta name=\"twitter:card\" content=\"summary_large_image\" \/>\n<meta name=\"twitter:label1\" content=\"Est. reading time\" \/>\n\t<meta name=\"twitter:data1\" content=\"10 minutes\" \/>\n<!-- \/ Yoast SEO plugin. -->","yoast_head_json":{"title":"Vos options de HUD dans Hand2Note 3","description":"Cr\u00e9ez votre propre HUD, achetez l'un des packs pr\u00eats \u00e0 l'emploi ou importez un HUD depuis un autre tracker. Obtenez un HUD positionnel gratuitement ou suivez une formation personnelle \u00e0 la cr\u00e9ation de HUD.","robots":{"index":"index","follow":"follow","max-snippet":"max-snippet:-1","max-image-preview":"max-image-preview:large","max-video-preview":"max-video-preview:-1"},"canonical":"https:\/\/hand2noteguide.com\/guide\/hud\/","og_locale":"fr_FR","og_type":"article","og_title":"Vos options de HUD dans Hand2Note 3","og_description":"Cr\u00e9ez votre propre HUD, achetez l'un des packs pr\u00eats \u00e0 l'emploi ou importez un HUD depuis un autre tracker. Obtenez un HUD positionnel gratuitement ou suivez une formation personnelle \u00e0 la cr\u00e9ation de HUD.","og_url":"https:\/\/hand2noteguide.com\/guide\/hud\/","og_site_name":"Hand2Note Guide","article_modified_time":"2025-06-04T15:58:31+00:00","twitter_card":"summary_large_image","twitter_misc":{"Est. reading time":"10 minutes"},"schema":{"@context":"https:\/\/schema.org","@graph":[]}},"jetpack_sharing_enabled":false,"_links":{"self":[{"href":"https:\/\/hand2noteguide.com\/fr\/wp-json\/wp\/v2\/pages\/372","targetHints":{"allow":["GET"]}}],"collection":[{"href":"https:\/\/hand2noteguide.com\/fr\/wp-json\/wp\/v2\/pages"}],"about":[{"href":"https:\/\/hand2noteguide.com\/fr\/wp-json\/wp\/v2\/types\/page"}],"author":[{"embeddable":true,"href":"https:\/\/hand2noteguide.com\/fr\/wp-json\/wp\/v2\/users\/1"}],"replies":[{"embeddable":true,"href":"https:\/\/hand2noteguide.com\/fr\/wp-json\/wp\/v2\/comments?post=372"}],"version-history":[{"count":44,"href":"https:\/\/hand2noteguide.com\/fr\/wp-json\/wp\/v2\/pages\/372\/revisions"}],"predecessor-version":[{"id":13533,"href":"https:\/\/hand2noteguide.com\/fr\/wp-json\/wp\/v2\/pages\/372\/revisions\/13533"}],"up":[{"embeddable":true,"href":"https:\/\/hand2noteguide.com\/fr\/wp-json\/wp\/v2\/pages\/74"}],"wp:attachment":[{"href":"https:\/\/hand2noteguide.com\/fr\/wp-json\/wp\/v2\/media?parent=372"}],"curies":[{"name":"wp","href":"https:\/\/api.w.org\/{rel}","templated":true}]}}