{"id":375,"date":"2018-08-11T16:36:05","date_gmt":"2018-08-11T13:36:05","guid":{"rendered":"https:\/\/h2n312.wordpress.com\/?page_id=375"},"modified":"2025-06-04T18:57:34","modified_gmt":"2025-06-04T15:57:34","slug":"add-nickname-winrate-stacksize","status":"publish","type":"page","link":"https:\/\/hand2noteguide.com\/fr\/guide\/hud\/add-nickname-winrate-stacksize\/","title":{"rendered":"Comment ins\u00e9rer le pseudo, le winrate et la taille de stack dans le HUD"},"content":{"rendered":"<p>Pour ins\u00e9rer ces informations dans votre HUD, ouvrez l&#8217;\u00e9diteur (F5), faites un clic droit sur la cellule souhait\u00e9e et s\u00e9lectionnez l&#8217;\u00e9l\u00e9ment de menu requis :<\/p>\n<p><img loading=\"lazy\" decoding=\"async\" class=\"alignnone size-full wp-image-827\" src=\"https:\/\/hand2noteguide.com\/wp-content\/uploads\/2019\/05\/hand2note-insert-nickname-winrate-stacksize-into-hud.png\" alt=\"hand2note insert nickname winrate stacksize into HUD\" width=\"566\" height=\"443\" srcset=\"https:\/\/hand2noteguide.com\/wp-content\/uploads\/2019\/05\/hand2note-insert-nickname-winrate-stacksize-into-hud.png 566w, https:\/\/hand2noteguide.com\/wp-content\/uploads\/2019\/05\/hand2note-insert-nickname-winrate-stacksize-into-hud-300x235.png 300w\" sizes=\"auto, (max-width: 566px) 100vw, 566px\" \/><\/p>\n\n\n<p>Si vous ne souhaitez pas que les pseudos des joueurs apparaissent en entier et prennent beaucoup de place dans le HUD, vous pouvez d\u00e9finir la longueur maximale autoris\u00e9e. Pour ce faire, surlignez la cellule avec le pseudo et d\u00e9finissez le param\u00e8tre de longueur maximale dans la partie droite de l&#8217;\u00e9cran. Dans l&#8217;exemple ci-dessous, le pseudo du joueur sera tronqu\u00e9 si sa longueur d\u00e9passe 5 caract\u00e8res.<\/p>\n\n\n\n<figure class=\"wp-block-image\"><img loading=\"lazy\" decoding=\"async\" width=\"612\" height=\"309\" src=\"https:\/\/hand2noteguide.com\/wp-content\/uploads\/2019\/07\/hand2note-hud-nickname-max-length.png\" alt=\"hand2note hud nickname set max length\" class=\"wp-image-1451\" srcset=\"https:\/\/hand2noteguide.com\/wp-content\/uploads\/2019\/07\/hand2note-hud-nickname-max-length.png 612w, https:\/\/hand2noteguide.com\/wp-content\/uploads\/2019\/07\/hand2note-hud-nickname-max-length-300x151.png 300w\" sizes=\"auto, (max-width: 612px) 100vw, 612px\" \/><\/figure>\n\n\n\n<p>Lors de l&#8217;ajout d&#8217;une taille de stack, vous pouvez choisir l&#8217;une des trois options.<\/p>\n\n\n\n<figure class=\"wp-block-image\"><img loading=\"lazy\" decoding=\"async\" width=\"581\" height=\"399\" src=\"https:\/\/hand2noteguide.com\/wp-content\/uploads\/2019\/07\/hand2note-hud-stacksize-options.png\" alt=\"hand2note hud stacksize options\" class=\"wp-image-1453\" srcset=\"https:\/\/hand2noteguide.com\/wp-content\/uploads\/2019\/07\/hand2note-hud-stacksize-options.png 581w, https:\/\/hand2noteguide.com\/wp-content\/uploads\/2019\/07\/hand2note-hud-stacksize-options-300x206.png 300w\" sizes=\"auto, (max-width: 581px) 100vw, 581px\" \/><\/figure>\n\n\n\n<ol class=\"wp-block-list\"><li><strong>Taille du stack en big blinds<\/strong> est simplement la taille actuelle du stack du joueur, ind\u00e9pendamment du nombre de jetons dans les stacks des autres joueurs.<\/li><li><strong>Taille de stack effective<\/strong> est la taille maximale du stack parmi les adversaires, ne d\u00e9passant pas la taille du stack du joueur. En d&#8217;autres termes, c&#8217;est le montant maximal de jetons que le joueur peut gagner ou perdre en une main.<\/li><li><strong>Taille de stack effective vs le stack du Hero<\/strong> est le m\u00eame stack effectif, mais pas contre tous les adversaires, seulement contre le hero.<\/li><\/ol>\n\n\n\n<p>Toutes les tailles de stack sont affich\u00e9es en big blinds.<\/p>\n","protected":false},"excerpt":{"rendered":"<p>Pour ins\u00e9rer ces informations dans votre HUD, ouvrez l&#8217;\u00e9diteur (F5), faites un clic droit sur la cellule souhait\u00e9e et s\u00e9lectionnez l&#8217;\u00e9l\u00e9ment de menu requis : Si vous ne souhaitez pas que les pseudos des joueurs apparaissent en entier et prennent beaucoup de place dans le HUD, vous pouvez d\u00e9finir la longueur maximale autoris\u00e9e. Pour ce &hellip; <a href=\"https:\/\/hand2noteguide.com\/fr\/guide\/hud\/add-nickname-winrate-stacksize\/\" class=\"more-link\">Continue reading <span class=\"screen-reader-text\">Comment ins\u00e9rer le pseudo, le winrate et la taille de stack dans le HUD<\/span><\/a><\/p>\n","protected":false},"author":1,"featured_media":0,"parent":372,"menu_order":0,"comment_status":"closed","ping_status":"closed","template":"page-templates\/full-width-page.php","meta":{"footnotes":""},"class_list":["post-375","page","type-page","status-publish","hentry"],"translation":{"provider":"WPGlobus","version":"3.0.2","language":"fr","enabled_languages":["en","ru","pt","zh","es","fr","de","it","ja"],"languages":{"en":{"title":true,"content":true,"excerpt":false},"ru":{"title":true,"content":true,"excerpt":false},"pt":{"title":true,"content":true,"excerpt":false},"zh":{"title":true,"content":true,"excerpt":false},"es":{"title":true,"content":true,"excerpt":false},"fr":{"title":true,"content":true,"excerpt":false},"de":{"title":true,"content":true,"excerpt":false},"it":{"title":true,"content":true,"excerpt":false},"ja":{"title":true,"content":true,"excerpt":false}}},"yoast_head":"<!-- This site is optimized with the Yoast SEO plugin v27.0 - https:\/\/yoast.com\/product\/yoast-seo-wordpress\/ -->\n<title>Ajouter le Pseudo, le Winrate et la Taille de Stack au HUD de Poker<\/title>\n<meta name=\"description\" content=\"Apprenez \u00e0 personnaliser votre HUD de poker en ajoutant les pseudos des joueurs, le winrate et la taille de stack. Suivez notre guide \u00e9tape par \u00e9tape pour obtenir de meilleures informations sur le jeu.\" \/>\n<meta name=\"robots\" content=\"index, follow, max-snippet:-1, max-image-preview:large, max-video-preview:-1\" \/>\n<link rel=\"canonical\" href=\"https:\/\/hand2noteguide.com\/guide\/hud\/add-nickname-winrate-stacksize\/\" \/>\n<meta property=\"og:locale\" content=\"fr_FR\" \/>\n<meta property=\"og:type\" content=\"article\" \/>\n<meta property=\"og:title\" content=\"Ajouter le Pseudo, le Winrate et la Taille de Stack au HUD de Poker\" \/>\n<meta property=\"og:description\" content=\"Apprenez \u00e0 personnaliser votre HUD de poker en ajoutant les pseudos des joueurs, le winrate et la taille de stack. Suivez notre guide \u00e9tape par \u00e9tape pour obtenir de meilleures informations sur le jeu.\" \/>\n<meta property=\"og:url\" content=\"https:\/\/hand2noteguide.com\/guide\/hud\/add-nickname-winrate-stacksize\/\" \/>\n<meta property=\"og:site_name\" content=\"Hand2Note Guide\" \/>\n<meta property=\"article:modified_time\" content=\"2025-06-04T15:57:34+00:00\" \/>\n<meta property=\"og:image\" content=\"https:\/\/hand2noteguide.com\/wp-content\/uploads\/2018\/08\/hand2note-d0b2d181d182d0b0d0b2d0b8d182d18c-d0bdd0b8d0bad0bdd0b5d0b9d0bc-d0b2d0b8d0bdd180d0b5d0b9d182-d180d0b0d0b7d0bcd0b5d180-d181d1821.png\" \/>\n<meta name=\"twitter:card\" content=\"summary_large_image\" \/>\n<meta name=\"twitter:label1\" content=\"Est. reading time\" \/>\n\t<meta name=\"twitter:data1\" content=\"6 minutes\" \/>\n<!-- \/ Yoast SEO plugin. -->","yoast_head_json":{"title":"Ajouter le Pseudo, le Winrate et la Taille de Stack au HUD de Poker","description":"Apprenez \u00e0 personnaliser votre HUD de poker en ajoutant les pseudos des joueurs, le winrate et la taille de stack. Suivez notre guide \u00e9tape par \u00e9tape pour obtenir de meilleures informations sur le jeu.","robots":{"index":"index","follow":"follow","max-snippet":"max-snippet:-1","max-image-preview":"max-image-preview:large","max-video-preview":"max-video-preview:-1"},"canonical":"https:\/\/hand2noteguide.com\/guide\/hud\/add-nickname-winrate-stacksize\/","og_locale":"fr_FR","og_type":"article","og_title":"Ajouter le Pseudo, le Winrate et la Taille de Stack au HUD de Poker","og_description":"Apprenez \u00e0 personnaliser votre HUD de poker en ajoutant les pseudos des joueurs, le winrate et la taille de stack. Suivez notre guide \u00e9tape par \u00e9tape pour obtenir de meilleures informations sur le jeu.","og_url":"https:\/\/hand2noteguide.com\/guide\/hud\/add-nickname-winrate-stacksize\/","og_site_name":"Hand2Note Guide","article_modified_time":"2025-06-04T15:57:34+00:00","og_image":[{"url":"https:\/\/hand2noteguide.com\/wp-content\/uploads\/2018\/08\/hand2note-d0b2d181d182d0b0d0b2d0b8d182d18c-d0bdd0b8d0bad0bdd0b5d0b9d0bc-d0b2d0b8d0bdd180d0b5d0b9d182-d180d0b0d0b7d0bcd0b5d180-d181d1821.png","type":"","width":"","height":""}],"twitter_card":"summary_large_image","twitter_misc":{"Est. reading time":"6 minutes"},"schema":{"@context":"https:\/\/schema.org","@graph":[]}},"jetpack_sharing_enabled":false,"_links":{"self":[{"href":"https:\/\/hand2noteguide.com\/fr\/wp-json\/wp\/v2\/pages\/375","targetHints":{"allow":["GET"]}}],"collection":[{"href":"https:\/\/hand2noteguide.com\/fr\/wp-json\/wp\/v2\/pages"}],"about":[{"href":"https:\/\/hand2noteguide.com\/fr\/wp-json\/wp\/v2\/types\/page"}],"author":[{"embeddable":true,"href":"https:\/\/hand2noteguide.com\/fr\/wp-json\/wp\/v2\/users\/1"}],"replies":[{"embeddable":true,"href":"https:\/\/hand2noteguide.com\/fr\/wp-json\/wp\/v2\/comments?post=375"}],"version-history":[{"count":16,"href":"https:\/\/hand2noteguide.com\/fr\/wp-json\/wp\/v2\/pages\/375\/revisions"}],"predecessor-version":[{"id":13532,"href":"https:\/\/hand2noteguide.com\/fr\/wp-json\/wp\/v2\/pages\/375\/revisions\/13532"}],"up":[{"embeddable":true,"href":"https:\/\/hand2noteguide.com\/fr\/wp-json\/wp\/v2\/pages\/372"}],"wp:attachment":[{"href":"https:\/\/hand2noteguide.com\/fr\/wp-json\/wp\/v2\/media?parent=375"}],"curies":[{"name":"wp","href":"https:\/\/api.w.org\/{rel}","templated":true}]}}