{"id":409,"date":"2018-08-14T19:41:21","date_gmt":"2018-08-14T16:41:21","guid":{"rendered":"https:\/\/h2n312.wordpress.com\/?page_id=409"},"modified":"2025-06-04T18:54:42","modified_gmt":"2025-06-04T15:54:42","slug":"hero-hud","status":"publish","type":"page","link":"https:\/\/hand2noteguide.com\/fr\/guide\/hud\/hero-hud\/","title":{"rendered":"Comment obtenir un HUD sur Hero ?"},"content":{"rendered":"<p>Hand2Note affiche par d\u00e9faut le HUD uniquement pour les adversaires. Si vous souhaitez \u00e9galement voir le HUD de Hero aux tables, vous devez cr\u00e9er un bloc s\u00e9par\u00e9 de <a href=\"https:\/\/hand2noteguide.com\/fr\/guide\/creating-stats\/\">stats<\/a> dans l&#8217;\u00e9diteur de HUD et appliquer le filtre suivant \u00e0 ses cellules :<\/p>\n<p><img loading=\"lazy\" decoding=\"async\" class=\"alignnone size-full wp-image-655\" src=\"https:\/\/hand2noteguide.com\/wp-content\/uploads\/2018\/11\/hand2note-hero-hud.png\" alt=\"Hand2Note hero hud\" width=\"534\" height=\"322\" srcset=\"https:\/\/hand2noteguide.com\/wp-content\/uploads\/2018\/11\/hand2note-hero-hud.png 534w, https:\/\/hand2noteguide.com\/wp-content\/uploads\/2018\/11\/hand2note-hero-hud-300x181.png 300w\" sizes=\"auto, (max-width: 534px) 100vw, 534px\" \/><\/p>\n","protected":false},"excerpt":{"rendered":"<p>Hand2Note affiche par d\u00e9faut le HUD uniquement pour les adversaires. Si vous souhaitez \u00e9galement voir le HUD de Hero aux tables, vous devez cr\u00e9er un bloc s\u00e9par\u00e9 de stats dans l&#8217;\u00e9diteur de HUD et appliquer le filtre suivant \u00e0 ses cellules :<\/p>\n","protected":false},"author":1,"featured_media":0,"parent":372,"menu_order":0,"comment_status":"closed","ping_status":"closed","template":"page-templates\/full-width-page.php","meta":{"footnotes":""},"class_list":["post-409","page","type-page","status-publish","hentry"],"translation":{"provider":"WPGlobus","version":"3.0.2","language":"fr","enabled_languages":["en","ru","pt","zh","es","fr","de","it","ja"],"languages":{"en":{"title":true,"content":true,"excerpt":false},"ru":{"title":true,"content":true,"excerpt":false},"pt":{"title":true,"content":true,"excerpt":false},"zh":{"title":true,"content":true,"excerpt":false},"es":{"title":true,"content":true,"excerpt":false},"fr":{"title":true,"content":true,"excerpt":false},"de":{"title":true,"content":true,"excerpt":false},"it":{"title":true,"content":true,"excerpt":false},"ja":{"title":true,"content":true,"excerpt":false}}},"yoast_head":"<!-- This site is optimized with the Yoast SEO plugin v27.0 - https:\/\/yoast.com\/product\/yoast-seo-wordpress\/ -->\n<title>Comment afficher facilement le HUD de Hero dans Hand2Note<\/title>\n<meta name=\"description\" content=\"Apprenez \u00e0 configurer et afficher le HUD de Hero dans Hand2Note. Suivez notre guide \u00e9tape par \u00e9tape pour am\u00e9liorer votre strat\u00e9gie de poker et votre exp\u00e9rience de jeu.\" \/>\n<meta name=\"robots\" content=\"index, follow, max-snippet:-1, max-image-preview:large, max-video-preview:-1\" \/>\n<link rel=\"canonical\" href=\"https:\/\/hand2noteguide.com\/guide\/hud\/hero-hud\/\" \/>\n<meta property=\"og:locale\" content=\"fr_FR\" \/>\n<meta property=\"og:type\" content=\"article\" \/>\n<meta property=\"og:title\" content=\"Comment afficher facilement le HUD de Hero dans Hand2Note\" \/>\n<meta property=\"og:description\" content=\"Apprenez \u00e0 configurer et afficher le HUD de Hero dans Hand2Note. Suivez notre guide \u00e9tape par \u00e9tape pour am\u00e9liorer votre strat\u00e9gie de poker et votre exp\u00e9rience de jeu.\" \/>\n<meta property=\"og:url\" content=\"https:\/\/hand2noteguide.com\/guide\/hud\/hero-hud\/\" \/>\n<meta property=\"og:site_name\" content=\"Hand2Note Guide\" \/>\n<meta property=\"article:modified_time\" content=\"2025-06-04T15:54:42+00:00\" \/>\n<meta property=\"og:image\" content=\"https:\/\/hand2noteguide.com\/wp-content\/uploads\/2018\/08\/hand2note-hud-d0bdd0b0-d181d0b5d0b1d18f.png\" \/>\n<meta name=\"twitter:card\" content=\"summary_large_image\" \/>\n<meta name=\"twitter:label1\" content=\"Est. reading time\" \/>\n\t<meta name=\"twitter:data1\" content=\"1 minute\" \/>\n<!-- \/ Yoast SEO plugin. -->","yoast_head_json":{"title":"Comment afficher facilement le HUD de Hero dans Hand2Note","description":"Apprenez \u00e0 configurer et afficher le HUD de Hero dans Hand2Note. Suivez notre guide \u00e9tape par \u00e9tape pour am\u00e9liorer votre strat\u00e9gie de poker et votre exp\u00e9rience de jeu.","robots":{"index":"index","follow":"follow","max-snippet":"max-snippet:-1","max-image-preview":"max-image-preview:large","max-video-preview":"max-video-preview:-1"},"canonical":"https:\/\/hand2noteguide.com\/guide\/hud\/hero-hud\/","og_locale":"fr_FR","og_type":"article","og_title":"Comment afficher facilement le HUD de Hero dans Hand2Note","og_description":"Apprenez \u00e0 configurer et afficher le HUD de Hero dans Hand2Note. Suivez notre guide \u00e9tape par \u00e9tape pour am\u00e9liorer votre strat\u00e9gie de poker et votre exp\u00e9rience de jeu.","og_url":"https:\/\/hand2noteguide.com\/guide\/hud\/hero-hud\/","og_site_name":"Hand2Note Guide","article_modified_time":"2025-06-04T15:54:42+00:00","og_image":[{"url":"https:\/\/hand2noteguide.com\/wp-content\/uploads\/2018\/08\/hand2note-hud-d0bdd0b0-d181d0b5d0b1d18f.png","type":"","width":"","height":""}],"twitter_card":"summary_large_image","twitter_misc":{"Est. reading time":"1 minute"},"schema":{"@context":"https:\/\/schema.org","@graph":[]}},"jetpack_sharing_enabled":false,"_links":{"self":[{"href":"https:\/\/hand2noteguide.com\/fr\/wp-json\/wp\/v2\/pages\/409","targetHints":{"allow":["GET"]}}],"collection":[{"href":"https:\/\/hand2noteguide.com\/fr\/wp-json\/wp\/v2\/pages"}],"about":[{"href":"https:\/\/hand2noteguide.com\/fr\/wp-json\/wp\/v2\/types\/page"}],"author":[{"embeddable":true,"href":"https:\/\/hand2noteguide.com\/fr\/wp-json\/wp\/v2\/users\/1"}],"replies":[{"embeddable":true,"href":"https:\/\/hand2noteguide.com\/fr\/wp-json\/wp\/v2\/comments?post=409"}],"version-history":[{"count":13,"href":"https:\/\/hand2noteguide.com\/fr\/wp-json\/wp\/v2\/pages\/409\/revisions"}],"predecessor-version":[{"id":13528,"href":"https:\/\/hand2noteguide.com\/fr\/wp-json\/wp\/v2\/pages\/409\/revisions\/13528"}],"up":[{"embeddable":true,"href":"https:\/\/hand2noteguide.com\/fr\/wp-json\/wp\/v2\/pages\/372"}],"wp:attachment":[{"href":"https:\/\/hand2noteguide.com\/fr\/wp-json\/wp\/v2\/media?parent=409"}],"curies":[{"name":"wp","href":"https:\/\/api.w.org\/{rel}","templated":true}]}}