{"id":420,"date":"2018-08-15T18:03:35","date_gmt":"2018-08-15T15:03:35","guid":{"rendered":"https:\/\/h2n312.wordpress.com\/?page_id=420"},"modified":"2025-06-04T18:53:18","modified_gmt":"2025-06-04T15:53:18","slug":"notes-on-players","status":"publish","type":"page","link":"https:\/\/hand2noteguide.com\/fr\/guide\/notes-on-players\/","title":{"rendered":"Prendre des notes sur les joueurs"},"content":{"rendered":"<p>Si vous utilisez le profil HUD et popup par d\u00e9faut, cliquez sur le pseudo du joueur dans le HUD et passez \u00e0 l&#8217;onglet &#8220;Notes&#8221;.<\/p>\n<p><img loading=\"lazy\" decoding=\"async\" class=\"alignnone size-full wp-image-432\" src=\"https:\/\/hand2noteguide.com\/wp-content\/uploads\/2018\/08\/hand2note-d0bfd0bed0bfd0b0d0bf-d0bdd0bed182d181d18b.png\" alt=\"Hand2Note \u043f\u043e\u043f\u0430\u043f \u043d\u043e\u0442\u0441\u044b\" width=\"300\" height=\"130\" \/><\/p>\n<p>Ici, vous pouvez \u00e9crire des notes sur le joueur. Un petit carr\u00e9 suppl\u00e9mentaire appara\u00eetra dans le coin inf\u00e9rieur gauche de l&#8217;ic\u00f4ne du joueur dans le HUD, indiquant qu&#8217;il y a des notes enregistr\u00e9es sur ce joueur. Lorsque vous survolez cet \u00e9l\u00e9ment, vous verrez une liste des notes enregistr\u00e9es.<\/p>\n<p><img loading=\"lazy\" decoding=\"async\" class=\"alignnone size-full wp-image-433\" src=\"https:\/\/hand2noteguide.com\/wp-content\/uploads\/2018\/08\/hand2note-d0bcd0b5d182d0bad0b0-d0bdd0bed181d182d0bed0b2-d0b2-hud.png\" alt=\"Hand2Note \u043c\u0435\u0442\u043a\u0430 \u043d\u043e\u0441\u0442\u043e\u0432 \u0432 HUD\" width=\"282\" height=\"140\" \/><\/p>\n<p>Notez que vous pouvez ins\u00e9rer des mains dans les notes. Pour ce faire, utilisez le bouton &#8220;N&#8221; \u00e0 gauche de la main :<\/p>\n<p><img loading=\"lazy\" decoding=\"async\" class=\"alignnone size-full wp-image-448\" src=\"https:\/\/hand2noteguide.com\/wp-content\/uploads\/2018\/08\/hand2note-d0b1d18bd181d182d180d0b0d18f-d0b2d181d182d0b0d0b2d0bad0b0-d180d0b0d0b7d0b4d0b0d187d0b8-d0b2-d0bdd0bed182d181.png\" alt=\"Hand2Note \u0431\u044b\u0441\u0442\u0440\u0430\u044f \u0432\u0441\u0442\u0430\u0432\u043a\u0430 \u0440\u0430\u0437\u0434\u0430\u0447\u0438 \u0432 \u043d\u043e\u0442\u0441\" width=\"660\" height=\"171\" srcset=\"https:\/\/hand2noteguide.com\/wp-content\/uploads\/2018\/08\/hand2note-d0b1d18bd181d182d180d0b0d18f-d0b2d181d182d0b0d0b2d0bad0b0-d180d0b0d0b7d0b4d0b0d187d0b8-d0b2-d0bdd0bed182d181.png 660w, https:\/\/hand2noteguide.com\/wp-content\/uploads\/2018\/08\/hand2note-d0b1d18bd181d182d180d0b0d18f-d0b2d181d182d0b0d0b2d0bad0b0-d180d0b0d0b7d0b4d0b0d187d0b8-d0b2-d0bdd0bed182d181-300x78.png 300w, https:\/\/hand2noteguide.com\/wp-content\/uploads\/2018\/08\/hand2note-d0b1d18bd181d182d180d0b0d18f-d0b2d181d182d0b0d0b2d0bad0b0-d180d0b0d0b7d0b4d0b0d187d0b8-d0b2-d0bdd0bed182d181-624x162.png 624w\" sizes=\"auto, (max-width: 660px) 100vw, 660px\" \/><\/p>\n<p>S&#8217;il n&#8217;y a pas un tel bouton, il suffit de faire glisser la main dans la note en maintenant le bouton droit de la souris (<a href=\"https:\/\/hand2noteguide.com\/wp-content\/uploads\/2018\/08\/hand2note-d0b4d0bed0b1d0b0d0b2d0bbd0b5d0bdd0b8d0b5-d180d0b0d0b7d0b4d0b0d187d0b8-d0b2-d0bdd0bed182d181.gif\" target=\"_blank\" rel=\"noopener noreferrer\">comment?<\/a>).<\/p>\n<p>Si vous utilisez un <a href=\"http:\/\/www.hand2note.com\/Shop\" target=\"_blank\" rel=\"noopener noreferrer\">pack commercial<\/a>, v\u00e9rifiez avec les d\u00e9veloppeurs quelle cellule dans le HUD vous devez cliquer pour ouvrir le popup avec le conteneur de notes. Le plus souvent, c&#8217;est aussi le pseudo du joueur.<\/p>\n<p>Si vous concevez vous-m\u00eame le HUD et les popups, et que vous souhaitez avoir la possibilit\u00e9 d&#8217;\u00e9crire des notes sur les joueurs, faites ce qui suit :<\/p>\n<ol>\n<li>Allez dans l&#8217;\u00e9diteur de Popup, cr\u00e9ez un nouvel onglet, nommez-le &#8220;Notes&#8221; et ajoutez-y le conteneur de notes :<br \/>\n<img loading=\"lazy\" decoding=\"async\" class=\"alignnone size-full wp-image-439\" src=\"https:\/\/hand2noteguide.com\/wp-content\/uploads\/2018\/08\/hand2note-add-notes-container.png\" alt=\"Hand2Note add notes container\" width=\"546\" height=\"464\" srcset=\"https:\/\/hand2noteguide.com\/wp-content\/uploads\/2018\/08\/hand2note-add-notes-container.png 546w, https:\/\/hand2noteguide.com\/wp-content\/uploads\/2018\/08\/hand2note-add-notes-container-300x255.png 300w\" sizes=\"auto, (max-width: 546px) 100vw, 546px\" \/><\/li>\n<li>Allez dans l&#8217;\u00e9diteur de HUD, mettez en surbrillance la cellule avec le pseudo du joueur (<a href=\"https:\/\/hand2noteguide.com\/fr\/guide\/hud\/add-nickname-winrate-stacksize\/\">comment ins\u00e9rer un pseudo dans le HUD<\/a>?) et assignez-lui le popup nouvellement cr\u00e9\u00e9 :<br \/>\n<img loading=\"lazy\" decoding=\"async\" class=\"alignnone size-full wp-image-440\" src=\"https:\/\/hand2noteguide.com\/wp-content\/uploads\/2018\/08\/hand2note-assign-notes-popup-to-nickname.png\" alt=\"Hand2Note assign notes popup to nickname\" width=\"709\" height=\"320\" srcset=\"https:\/\/hand2noteguide.com\/wp-content\/uploads\/2018\/08\/hand2note-assign-notes-popup-to-nickname.png 709w, https:\/\/hand2noteguide.com\/wp-content\/uploads\/2018\/08\/hand2note-assign-notes-popup-to-nickname-300x135.png 300w, https:\/\/hand2noteguide.com\/wp-content\/uploads\/2018\/08\/hand2note-assign-notes-popup-to-nickname-624x282.png 624w\" sizes=\"auto, (max-width: 709px) 100vw, 709px\" \/><\/li>\n<li>Si vous n&#8217;avez pas encore d&#8217;ic\u00f4ne de notes dans le HUD, ins\u00e9rez-la en cliquant avec le bouton droit sur la cellule dans l&#8217;\u00e9diteur de HUD :<br \/>\n<img loading=\"lazy\" decoding=\"async\" class=\"alignnone size-full wp-image-832\" src=\"https:\/\/hand2noteguide.com\/wp-content\/uploads\/2019\/05\/hand2note-insert-notes-icon-into-hud.png\" alt=\"hand2note insert notes icon into HUD\" width=\"547\" height=\"456\" srcset=\"https:\/\/hand2noteguide.com\/wp-content\/uploads\/2019\/05\/hand2note-insert-notes-icon-into-hud.png 547w, https:\/\/hand2noteguide.com\/wp-content\/uploads\/2019\/05\/hand2note-insert-notes-icon-into-hud-300x250.png 300w\" sizes=\"auto, (max-width: 547px) 100vw, 547px\" \/><\/li>\n<li>Maintenant, vous pouvez g\u00e9rer les notes sur les joueurs comme d\u00e9crit ci-dessus.<\/li>\n<\/ol>\n<p>Notez que <a href=\"https:\/\/hand2noteguide.com\/fr\/guide\/where-are-notes-stored\/\">les notes sont stock\u00e9es s\u00e9par\u00e9ment de la base de donn\u00e9es<\/a>, et vous pouvez facilement les sauvegarder et les transf\u00e9rer sur un autre ordinateur.<\/p>\n","protected":false},"excerpt":{"rendered":"<p>Si vous utilisez le profil HUD et popup par d\u00e9faut, cliquez sur le pseudo du joueur dans le HUD et passez \u00e0 l&#8217;onglet &#8220;Notes&#8221;. Ici, vous pouvez \u00e9crire des notes sur le joueur. Un petit carr\u00e9 suppl\u00e9mentaire appara\u00eetra dans le coin inf\u00e9rieur gauche de l&#8217;ic\u00f4ne du joueur dans le HUD, indiquant qu&#8217;il y a des &hellip; <a href=\"https:\/\/hand2noteguide.com\/fr\/guide\/notes-on-players\/\" class=\"more-link\">Continue reading <span class=\"screen-reader-text\">Prendre des notes sur les joueurs<\/span><\/a><\/p>\n","protected":false},"author":1,"featured_media":0,"parent":74,"menu_order":0,"comment_status":"closed","ping_status":"closed","template":"page-templates\/full-width-page.php","meta":{"footnotes":""},"class_list":["post-420","page","type-page","status-publish","hentry"],"translation":{"provider":"WPGlobus","version":"3.0.2","language":"fr","enabled_languages":["en","ru","pt","zh","es","fr","de","it","ja"],"languages":{"en":{"title":true,"content":true,"excerpt":false},"ru":{"title":true,"content":true,"excerpt":false},"pt":{"title":true,"content":true,"excerpt":false},"zh":{"title":true,"content":true,"excerpt":false},"es":{"title":true,"content":true,"excerpt":false},"fr":{"title":true,"content":true,"excerpt":false},"de":{"title":true,"content":true,"excerpt":false},"it":{"title":true,"content":true,"excerpt":false},"ja":{"title":true,"content":true,"excerpt":false}}},"yoast_head":"<!-- This site is optimized with the Yoast SEO plugin v27.0 - https:\/\/yoast.com\/product\/yoast-seo-wordpress\/ -->\n<title>Comment \u00e9crire des notes efficaces sur les joueurs dans un Poker HUD<\/title>\n<meta name=\"description\" content=\"Apprenez \u00e0 \u00e9crire et g\u00e9rer efficacement des notes sur les joueurs dans votre poker HUD. Am\u00e9liorez votre strat\u00e9gie de jeu avec des informations organis\u00e9es et accessibles.\" \/>\n<meta name=\"robots\" content=\"index, follow, max-snippet:-1, max-image-preview:large, max-video-preview:-1\" \/>\n<link rel=\"canonical\" href=\"https:\/\/hand2noteguide.com\/guide\/notes-on-players\/\" \/>\n<meta property=\"og:locale\" content=\"fr_FR\" \/>\n<meta property=\"og:type\" content=\"article\" \/>\n<meta property=\"og:title\" content=\"Comment \u00e9crire des notes efficaces sur les joueurs dans un Poker HUD\" \/>\n<meta property=\"og:description\" content=\"Apprenez \u00e0 \u00e9crire et g\u00e9rer efficacement des notes sur les joueurs dans votre poker HUD. Am\u00e9liorez votre strat\u00e9gie de jeu avec des informations organis\u00e9es et accessibles.\" \/>\n<meta property=\"og:url\" content=\"https:\/\/hand2noteguide.com\/guide\/notes-on-players\/\" \/>\n<meta property=\"og:site_name\" content=\"Hand2Note Guide\" \/>\n<meta property=\"article:modified_time\" content=\"2025-06-04T15:53:18+00:00\" \/>\n<meta property=\"og:image\" content=\"https:\/\/hand2noteguide.com\/wp-content\/uploads\/2018\/08\/hand2note-d0bfd0bed0bfd0b0d0bf-d0bdd0bed182d181d18b.png\" \/>\n<meta name=\"twitter:card\" content=\"summary_large_image\" \/>\n<meta name=\"twitter:label1\" content=\"Est. reading time\" \/>\n\t<meta name=\"twitter:data1\" content=\"9 minutes\" \/>\n<!-- \/ Yoast SEO plugin. -->","yoast_head_json":{"title":"Comment \u00e9crire des notes efficaces sur les joueurs dans un Poker HUD","description":"Apprenez \u00e0 \u00e9crire et g\u00e9rer efficacement des notes sur les joueurs dans votre poker HUD. Am\u00e9liorez votre strat\u00e9gie de jeu avec des informations organis\u00e9es et accessibles.","robots":{"index":"index","follow":"follow","max-snippet":"max-snippet:-1","max-image-preview":"max-image-preview:large","max-video-preview":"max-video-preview:-1"},"canonical":"https:\/\/hand2noteguide.com\/guide\/notes-on-players\/","og_locale":"fr_FR","og_type":"article","og_title":"Comment \u00e9crire des notes efficaces sur les joueurs dans un Poker HUD","og_description":"Apprenez \u00e0 \u00e9crire et g\u00e9rer efficacement des notes sur les joueurs dans votre poker HUD. Am\u00e9liorez votre strat\u00e9gie de jeu avec des informations organis\u00e9es et accessibles.","og_url":"https:\/\/hand2noteguide.com\/guide\/notes-on-players\/","og_site_name":"Hand2Note Guide","article_modified_time":"2025-06-04T15:53:18+00:00","og_image":[{"url":"https:\/\/hand2noteguide.com\/wp-content\/uploads\/2018\/08\/hand2note-d0bfd0bed0bfd0b0d0bf-d0bdd0bed182d181d18b.png","type":"","width":"","height":""}],"twitter_card":"summary_large_image","twitter_misc":{"Est. reading time":"9 minutes"},"schema":{"@context":"https:\/\/schema.org","@graph":[]}},"jetpack_sharing_enabled":false,"_links":{"self":[{"href":"https:\/\/hand2noteguide.com\/fr\/wp-json\/wp\/v2\/pages\/420","targetHints":{"allow":["GET"]}}],"collection":[{"href":"https:\/\/hand2noteguide.com\/fr\/wp-json\/wp\/v2\/pages"}],"about":[{"href":"https:\/\/hand2noteguide.com\/fr\/wp-json\/wp\/v2\/types\/page"}],"author":[{"embeddable":true,"href":"https:\/\/hand2noteguide.com\/fr\/wp-json\/wp\/v2\/users\/1"}],"replies":[{"embeddable":true,"href":"https:\/\/hand2noteguide.com\/fr\/wp-json\/wp\/v2\/comments?post=420"}],"version-history":[{"count":13,"href":"https:\/\/hand2noteguide.com\/fr\/wp-json\/wp\/v2\/pages\/420\/revisions"}],"predecessor-version":[{"id":13526,"href":"https:\/\/hand2noteguide.com\/fr\/wp-json\/wp\/v2\/pages\/420\/revisions\/13526"}],"up":[{"embeddable":true,"href":"https:\/\/hand2noteguide.com\/fr\/wp-json\/wp\/v2\/pages\/74"}],"wp:attachment":[{"href":"https:\/\/hand2noteguide.com\/fr\/wp-json\/wp\/v2\/media?parent=420"}],"curies":[{"name":"wp","href":"https:\/\/api.w.org\/{rel}","templated":true}]}}