{"id":422,"date":"2018-08-15T18:32:33","date_gmt":"2018-08-15T15:32:33","guid":{"rendered":"https:\/\/h2n312.wordpress.com\/?page_id=422"},"modified":"2025-06-04T17:54:52","modified_gmt":"2025-06-04T14:54:52","slug":"dashes-instead-of-stats","status":"publish","type":"page","link":"https:\/\/hand2noteguide.com\/fr\/issues-resolving\/dashes-instead-of-stats\/","title":{"rendered":"Tirets au lieu de stats ou 0 mains sur les joueurs dans le HUD"},"content":{"rendered":"<p>Tout d&#8217;abord, v\u00e9rifiez que <a href=\"https:\/\/hand2noteguide.com\/fr\/guide\/choose-subscription\/\">votre abonnement est adapt\u00e9 aux limites jou\u00e9es<\/a>, et que <a href=\"https:\/\/hand2noteguide.com\/fr\/guide\/serial-key\/\">la cl\u00e9 de licence est entr\u00e9e dans le programme<\/a>. Si vous utilisez la version gratuite pour les micro limites ou <a href=\"https:\/\/hand2noteguide.com\/fr\/trial\/\">l&#8217;essai<\/a>, passez cette \u00e9tape.<\/p>\n<p>Si vous utilisez un profil <a href=\"https:\/\/hand2noteguide.com\/fr\/guide\/hud\/\">HUD<\/a> commercial, vous devez contacter le d\u00e9veloppeur et v\u00e9rifier que votre licence est active et adapt\u00e9e \u00e0 votre type de jeu, et que le pack est install\u00e9 correctement.<\/p>\n<p>Si les licences sont correctes, mais que vous voyez des tirets au lieu des valeurs de stats dans le HUD et les popups, ou qu&#8217;il y a toujours 0 mains sur les joueurs, faites ce qui suit :<\/p>\n\n\n<ol>\t \t \n <li>Allez dans <em>Configuration<\/em> \u2192 <em>Types de jeu<\/em>, cliquez sur <em>R\u00e9initialiser par d\u00e9faut<\/em>, puis <em>Enregistrer<\/em>\t \t \n<img loading=\"lazy\" decoding=\"async\" class=\"alignnone size-full wp-image-460\" src=\"https:\/\/hand2noteguide.com\/wp-content\/uploads\/2018\/08\/hand2note-game-types-reset-to-default.png\" alt=\"Hand2Note Game Types reset to default\" width=\"929\" height=\"650\" srcset=\"https:\/\/hand2noteguide.com\/wp-content\/uploads\/2018\/08\/hand2note-game-types-reset-to-default.png 929w, https:\/\/hand2noteguide.com\/wp-content\/uploads\/2018\/08\/hand2note-game-types-reset-to-default-300x210.png 300w, https:\/\/hand2noteguide.com\/wp-content\/uploads\/2018\/08\/hand2note-game-types-reset-to-default-768x537.png 768w, https:\/\/hand2noteguide.com\/wp-content\/uploads\/2018\/08\/hand2note-game-types-reset-to-default-772x540.png 772w, https:\/\/hand2noteguide.com\/wp-content\/uploads\/2018\/08\/hand2note-game-types-reset-to-default-624x437.png 624w\" sizes=\"auto, (max-width: 929px) 100vw, 929px\" \/><\/li>\t \t \n <li>S\u00e9lectionnez le profil de HUD et popup souhait\u00e9 dans votre type de jeu\t \t \n<img loading=\"lazy\" decoding=\"async\" class=\"alignnone size-full wp-image-461\" src=\"https:\/\/hand2noteguide.com\/wp-content\/uploads\/2018\/08\/hand2note-game-types-choose-profile.png\" alt=\"Hand2Note Game Types choose profile\" width=\"1366\" height=\"870\" srcset=\"https:\/\/hand2noteguide.com\/wp-content\/uploads\/2018\/08\/hand2note-game-types-choose-profile.png 1366w, https:\/\/hand2noteguide.com\/wp-content\/uploads\/2018\/08\/hand2note-game-types-choose-profile-300x191.png 300w, https:\/\/hand2noteguide.com\/wp-content\/uploads\/2018\/08\/hand2note-game-types-choose-profile-768x489.png 768w, https:\/\/hand2noteguide.com\/wp-content\/uploads\/2018\/08\/hand2note-game-types-choose-profile-1024x652.png 1024w, https:\/\/hand2noteguide.com\/wp-content\/uploads\/2018\/08\/hand2note-game-types-choose-profile-772x492.png 772w, https:\/\/hand2noteguide.com\/wp-content\/uploads\/2018\/08\/hand2note-game-types-choose-profile-624x397.png 624w\" sizes=\"auto, (max-width: 1366px) 100vw, 1366px\" \/><\/li>\t \t \n <li><a href=\"\/fr\/guide\/rebuild-stats\/\">Reconstruisez les stats<\/a> dans la fen\u00eatre principale du programme\t \t \n<img loading=\"lazy\" decoding=\"async\" class=\"alignnone size-full wp-image-325\" src=\"https:\/\/hand2noteguide.com\/wp-content\/uploads\/2018\/08\/hand2note-d0bfd0b5d180d0b5d181d182d180d0bed0b8d182d18c-d181d182d0b0d182d0b8d181d182d0b8d0bad183.png\" alt=\"Hand2Note \u043f\u0435\u0440\u0435\u0441\u0442\u0440\u043e\u0438\u0442\u044c \u0441\u0442\u0430\u0442\u0438\u0441\u0442\u0438\u043a\u0443\" width=\"662\" height=\"121\" srcset=\"https:\/\/hand2noteguide.com\/wp-content\/uploads\/2018\/08\/hand2note-d0bfd0b5d180d0b5d181d182d180d0bed0b8d182d18c-d181d182d0b0d182d0b8d181d182d0b8d0bad183.png 662w, https:\/\/hand2noteguide.com\/wp-content\/uploads\/2018\/08\/hand2note-d0bfd0b5d180d0b5d181d182d180d0bed0b8d182d18c-d181d182d0b0d182d0b8d181d182d0b8d0bad183-300x55.png 300w, https:\/\/hand2noteguide.com\/wp-content\/uploads\/2018\/08\/hand2note-d0bfd0b5d180d0b5d181d182d180d0bed0b8d182d18c-d181d182d0b0d182d0b8d181d182d0b8d0bad183-624x114.png 624w\" sizes=\"auto, (max-width: 662px) 100vw, 662px\" \/><\/li>\t \t \n<\/ol>\n\n\n\n<p>Si les \u00e9tapes ci-dessus n&#8217;ont pas aid\u00e9, contactez le <a href=\"https:\/\/hand2noteguide.com\/fr\/hand2note-official-support\/\">service d&#8217;assistance<\/a>.<\/p>\n","protected":false},"excerpt":{"rendered":"<p>Tout d&#8217;abord, v\u00e9rifiez que votre abonnement est adapt\u00e9 aux limites jou\u00e9es, et que la cl\u00e9 de licence est entr\u00e9e dans le programme. Si vous utilisez la version gratuite pour les micro limites ou l&#8217;essai, passez cette \u00e9tape. Si vous utilisez un profil HUD commercial, vous devez contacter le d\u00e9veloppeur et v\u00e9rifier que votre licence est &hellip; <a href=\"https:\/\/hand2noteguide.com\/fr\/issues-resolving\/dashes-instead-of-stats\/\" class=\"more-link\">Continue reading <span class=\"screen-reader-text\">Tirets au lieu de stats ou 0 mains sur les joueurs dans le HUD<\/span><\/a><\/p>\n","protected":false},"author":1,"featured_media":0,"parent":236,"menu_order":0,"comment_status":"closed","ping_status":"closed","template":"page-templates\/full-width-page.php","meta":{"footnotes":""},"class_list":["post-422","page","type-page","status-publish","hentry"],"translation":{"provider":"WPGlobus","version":"3.0.2","language":"fr","enabled_languages":["en","ru","pt","zh","es","fr","de","it","ja"],"languages":{"en":{"title":true,"content":true,"excerpt":false},"ru":{"title":true,"content":true,"excerpt":false},"pt":{"title":true,"content":true,"excerpt":false},"zh":{"title":true,"content":true,"excerpt":false},"es":{"title":true,"content":true,"excerpt":false},"fr":{"title":true,"content":true,"excerpt":false},"de":{"title":true,"content":true,"excerpt":false},"it":{"title":true,"content":true,"excerpt":false},"ja":{"title":true,"content":true,"excerpt":false}}},"yoast_head":"<!-- This site is optimized with the Yoast SEO plugin v27.0 - https:\/\/yoast.com\/product\/yoast-seo-wordpress\/ -->\n<title>R\u00e9solution des probl\u00e8mes de HUD : Tirets ou z\u00e9ro main affich\u00e9e<\/title>\n<meta name=\"description\" content=\"D\u00e9couvrez comment r\u00e9soudre les probl\u00e8mes d&#039;affichage du HUD dans Hand2Note. Suivez notre guide \u00e9tape par \u00e9tape pour corriger l&#039;affichage de tirets ou de z\u00e9ro main au lieu des stats dans votre HUD.\" \/>\n<meta name=\"robots\" content=\"index, follow, max-snippet:-1, max-image-preview:large, max-video-preview:-1\" \/>\n<link rel=\"canonical\" href=\"https:\/\/hand2noteguide.com\/issues-resolving\/dashes-instead-of-stats\/\" \/>\n<meta property=\"og:locale\" content=\"fr_FR\" \/>\n<meta property=\"og:type\" content=\"article\" \/>\n<meta property=\"og:title\" content=\"R\u00e9solution des probl\u00e8mes de HUD : Tirets ou z\u00e9ro main affich\u00e9e\" \/>\n<meta property=\"og:description\" content=\"D\u00e9couvrez comment r\u00e9soudre les probl\u00e8mes d&#039;affichage du HUD dans Hand2Note. Suivez notre guide \u00e9tape par \u00e9tape pour corriger l&#039;affichage de tirets ou de z\u00e9ro main au lieu des stats dans votre HUD.\" \/>\n<meta property=\"og:url\" content=\"https:\/\/hand2noteguide.com\/issues-resolving\/dashes-instead-of-stats\/\" \/>\n<meta property=\"og:site_name\" content=\"Hand2Note Guide\" \/>\n<meta property=\"article:modified_time\" content=\"2025-06-04T14:54:52+00:00\" \/>\n<meta property=\"og:image\" content=\"https:\/\/hand2noteguide.com\/wp-content\/uploads\/2018\/08\/hand2note-game-types-reset-to-default.png\" \/>\n<meta name=\"twitter:card\" content=\"summary_large_image\" \/>\n<meta name=\"twitter:label1\" content=\"Est. reading time\" \/>\n\t<meta name=\"twitter:data1\" content=\"5 minutes\" \/>\n<!-- \/ Yoast SEO plugin. -->","yoast_head_json":{"title":"R\u00e9solution des probl\u00e8mes de HUD : Tirets ou z\u00e9ro main affich\u00e9e","description":"D\u00e9couvrez comment r\u00e9soudre les probl\u00e8mes d'affichage du HUD dans Hand2Note. Suivez notre guide \u00e9tape par \u00e9tape pour corriger l'affichage de tirets ou de z\u00e9ro main au lieu des stats dans votre HUD.","robots":{"index":"index","follow":"follow","max-snippet":"max-snippet:-1","max-image-preview":"max-image-preview:large","max-video-preview":"max-video-preview:-1"},"canonical":"https:\/\/hand2noteguide.com\/issues-resolving\/dashes-instead-of-stats\/","og_locale":"fr_FR","og_type":"article","og_title":"R\u00e9solution des probl\u00e8mes de HUD : Tirets ou z\u00e9ro main affich\u00e9e","og_description":"D\u00e9couvrez comment r\u00e9soudre les probl\u00e8mes d'affichage du HUD dans Hand2Note. Suivez notre guide \u00e9tape par \u00e9tape pour corriger l'affichage de tirets ou de z\u00e9ro main au lieu des stats dans votre HUD.","og_url":"https:\/\/hand2noteguide.com\/issues-resolving\/dashes-instead-of-stats\/","og_site_name":"Hand2Note Guide","article_modified_time":"2025-06-04T14:54:52+00:00","og_image":[{"url":"https:\/\/hand2noteguide.com\/wp-content\/uploads\/2018\/08\/hand2note-game-types-reset-to-default.png","type":"","width":"","height":""}],"twitter_card":"summary_large_image","twitter_misc":{"Est. reading time":"5 minutes"},"schema":{"@context":"https:\/\/schema.org","@graph":[]}},"jetpack_sharing_enabled":false,"_links":{"self":[{"href":"https:\/\/hand2noteguide.com\/fr\/wp-json\/wp\/v2\/pages\/422","targetHints":{"allow":["GET"]}}],"collection":[{"href":"https:\/\/hand2noteguide.com\/fr\/wp-json\/wp\/v2\/pages"}],"about":[{"href":"https:\/\/hand2noteguide.com\/fr\/wp-json\/wp\/v2\/types\/page"}],"author":[{"embeddable":true,"href":"https:\/\/hand2noteguide.com\/fr\/wp-json\/wp\/v2\/users\/1"}],"replies":[{"embeddable":true,"href":"https:\/\/hand2noteguide.com\/fr\/wp-json\/wp\/v2\/comments?post=422"}],"version-history":[{"count":17,"href":"https:\/\/hand2noteguide.com\/fr\/wp-json\/wp\/v2\/pages\/422\/revisions"}],"predecessor-version":[{"id":13525,"href":"https:\/\/hand2noteguide.com\/fr\/wp-json\/wp\/v2\/pages\/422\/revisions\/13525"}],"up":[{"embeddable":true,"href":"https:\/\/hand2noteguide.com\/fr\/wp-json\/wp\/v2\/pages\/236"}],"wp:attachment":[{"href":"https:\/\/hand2noteguide.com\/fr\/wp-json\/wp\/v2\/media?parent=422"}],"curies":[{"name":"wp","href":"https:\/\/api.w.org\/{rel}","templated":true}]}}