{"id":43,"date":"2018-07-30T00:05:49","date_gmt":"2018-07-29T21:05:49","guid":{"rendered":"https:\/\/h2n312.wordpress.com\/?page_id=43"},"modified":"2026-02-10T12:20:33","modified_gmt":"2026-02-10T09:20:33","slug":"why-hand2note","status":"publish","type":"page","link":"https:\/\/hand2noteguide.com\/fr\/why-hand2note\/","title":{"rendered":"Pourquoi Hand2Note ?"},"content":{"rendered":"\n<p>\ud83d\udcdd\u00a0<em>Derni\u00e8re mise \u00e0 jour : 13 septembre 2024.<\/em><\/p>\n\n\n\n<p>Hand2Note est un logiciel de poker qui vous fournit un <a href=\"https:\/\/hand2noteguide.com\/fr\/poker\/poker-hud\/\">HUD<\/a>, des <a href=\"https:\/\/hand2noteguide.com\/fr\/poker\/poker-hud-stats\/\">statistiques<\/a>, et de nombreux autres outils pour analyser votre propre jeu et celui de vos adversaires. Hand2Note n&#8217;est pas le seul outil dans cette cat\u00e9gorie. Alors pourquoi choisir Hand2Note ?<\/p>\n\n\n\n<p>Hand2Note est plus rapide que Holdem Manager 3 et Poker Tracker 4 (ou tout autre logiciel) et offre une gamme beaucoup plus large de fonctionnalit\u00e9s pour l&#8217;utilisation pendant le jeu et l&#8217;analyse en dehors des tables. De nombreux top r\u00e9guliers sont d\u00e9j\u00e0 pass\u00e9s \u00e0 ce logiciel et ont consid\u00e9rablement augment\u00e9 leur EV.<\/p>\n\n\n\n<p>La plupart des <a href=\"https:\/\/hand2noteguide.com\/fr\/poker\/5-best-online-poker-training-sites\/\">plateformes de formation au poker populaires<\/a> utilisent \u00e9galement Hand2Note comme leur principal logiciel de suivi de poker. En outre, Hand2Note est pr\u00e9sent\u00e9 dans la <a href=\"https:\/\/hand2noteguide.com\/fr\/poker\/5-best-online-poker-software\/\">liste des meilleurs outils de poker<\/a> utilis\u00e9s par les joueurs professionnels.<\/p>\n\n\n\n<p>Consultez les <a href=\"https:\/\/hand2noteguide.com\/fr\/best-poker-tracker-software\/\">fonctionnalit\u00e9s de Hand2Note<\/a> et la <a aria-label=\"undefined (s'ouvrira dans un nouvel onglet)\" href=\"https:\/\/hand2note.com\/Help\/pages\/ComparisionTable\/\" target=\"_blank\" rel=\"noreferrer noopener\">comparaison avec d&#8217;autres trackers<\/a> sur le site officiel. Vous remarquerez que ce logiciel de suivi de poker est bien en avance sur ses concurrents.<\/p>\n\n\n\n<figure class=\"wp-block-image\"><img loading=\"lazy\" decoding=\"async\" width=\"1000\" height=\"752\" src=\"https:\/\/hand2noteguide.com\/wp-content\/uploads\/2020\/03\/why-hand2note.png\" alt=\"\" class=\"wp-image-2004\" srcset=\"https:\/\/hand2noteguide.com\/wp-content\/uploads\/2020\/03\/why-hand2note.png 1000w, https:\/\/hand2noteguide.com\/wp-content\/uploads\/2020\/03\/why-hand2note-300x226.png 300w, https:\/\/hand2noteguide.com\/wp-content\/uploads\/2020\/03\/why-hand2note-768x578.png 768w, https:\/\/hand2noteguide.com\/wp-content\/uploads\/2020\/03\/why-hand2note-772x581.png 772w, https:\/\/hand2noteguide.com\/wp-content\/uploads\/2020\/03\/why-hand2note-624x469.png 624w\" sizes=\"auto, (max-width: 1000px) 100vw, 1000px\" \/><figcaption class=\"wp-element-caption\">Visualisation des ranges de poker avec Hand2Note<\/figcaption><\/figure>\n\n\n\n<p>Veuillez noter que vous pouvez commencer \u00e0 utiliser <a href=\"https:\/\/hand2noteguide.com\/fr\/hand2note-for-free\/\">Hand2Note gratuitement<\/a> et obtenir \u00e9galement un <a href=\"https:\/\/hand2noteguide.com\/fr\/free-hud\/\">HUD gratuit<\/a> pour commencer. Vous n&#8217;avez donc rien \u00e0 payer pour commencer \u00e0 utiliser ce logiciel de nouvelle g\u00e9n\u00e9ration. M\u00eame avec un HUD basique et une version gratuite, il vous offre plus d&#8217;avantages que d&#8217;autres anciens trackers.<\/p>\n\n\n\n<p>Apr\u00e8s un certain temps, vous pouvez <a href=\"\/fr\/hud-store\/\">obtenir un HUD plus avanc\u00e9<\/a> dans notre boutique et \u00e9galement une licence professionnelle. Jetez un \u0153il aux <a href=\"https:\/\/hand2noteguide.com\/fr\/why-purchase-hand2note\/\">possibilit\u00e9s exceptionnelles<\/a> que vous obtiendrez avec un abonnement payant \u00e0 Hand2Note.<\/p>\n\n\n\n<h2 class=\"wp-block-heading\">J&#8217;utilise HoldemManager \/ PokerTracker et je suis un joueur gagnant. Pourquoi changer quelque chose ?<\/h2>\n\n\n\n<p>Le poker en ligne se d\u00e9veloppe tr\u00e8s rapidement, passant d&#8217;un moyen facile de gagner de l&#8217;argent \u00e0 un v\u00e9ritable environnement comp\u00e9titif, o\u00f9 il y a une lutte acharn\u00e9e entre les regs pour l&#8217;argent des fishs. Les winrates de ceux qui ne travaillent pas sur leur jeu et n&#8217;\u00e9tudient pas les tendances du domaine diminuent progressivement. Dans les conditions modernes, vous devez travailler dur et \u00eatre \u00e0 la mode pour avoir 5+ bb\/100 dans les jeux de cash sur une distance consid\u00e9rable. (La seule exception est les <a href=\"https:\/\/hand2noteguide.com\/fr\/asian\/\">salles asiatiques<\/a>, o\u00f9 les taux de victoire peuvent \u00eatre beaucoup plus \u00e9lev\u00e9s.)<\/p>\n\n\n\n<p>Hand2Note vous aidera \u00e0 \u00eatre un pas en avant. N&#8217;attendez pas le moment o\u00f9 vous <strong>devez<\/strong> changer quelque chose. Faites-le \u00e0 l&#8217;avance, m\u00eame si vous perdez un peu de temps et d&#8217;argent pour l&#8217;\u00e9tudier, sinon, \u00e0 l&#8217;avenir, vous devrez perdre beaucoup plus.<\/p>\n\n\n\n<h2 class=\"wp-block-heading\">Comment changer rapidement ?<\/h2>\n\n\n\n<p>Hand2Note est un logiciel assez difficile \u00e0 ma\u00eetriser. Consultez d&#8217;abord la section <a href=\"https:\/\/hand2noteguide.com\/fr\/switch-from-hm2\/\">passer d&#8217;un autre tracker<\/a>. Consultez \u00e9galement le <a aria-label=\"undefined (s'ouvrira dans un nouvel onglet)\" href=\"https:\/\/hand2note.com\/Help\/\" target=\"_blank\" rel=\"noreferrer noopener\">manuel officiel<\/a>, il contient une description de toutes les fonctions.<\/p>\n\n\n\n<p>Si vous ne voulez pas passer beaucoup de temps et rendre le processus de changement fluide et efficace, jetez un \u0153il aux offres suivantes :<\/p>\n\n\n\n<ul class=\"wp-block-list\">\n<li><a href=\"https:\/\/hand2noteguide.com\/fr\/video-course\/\">Cours vid\u00e9o Hand2Note<\/a><\/li>\n\n\n\n<li><a href=\"https:\/\/hand2noteguide.com\/fr\/training\/\">Formation priv\u00e9e<\/a><\/li>\n<\/ul>\n\n\n\n<p>Cela vous aidera \u00e0 vous adapter au nouveau logiciel rapidement.<\/p>\n","protected":false},"excerpt":{"rendered":"<p>What is Hand2Note, and why it is so important to use modern software instead of outdated trackers<\/p>\n","protected":false},"author":1,"featured_media":0,"parent":0,"menu_order":1,"comment_status":"closed","ping_status":"closed","template":"","meta":{"footnotes":""},"class_list":["post-43","page","type-page","status-publish","hentry"],"translation":{"provider":"WPGlobus","version":"3.0.2","language":"fr","enabled_languages":["en","ru","pt","zh","es","fr","de","it","ja"],"languages":{"en":{"title":true,"content":true,"excerpt":true},"ru":{"title":true,"content":true,"excerpt":true},"pt":{"title":true,"content":true,"excerpt":false},"zh":{"title":true,"content":true,"excerpt":true},"es":{"title":true,"content":true,"excerpt":false},"fr":{"title":true,"content":true,"excerpt":false},"de":{"title":true,"content":true,"excerpt":false},"it":{"title":true,"content":true,"excerpt":false},"ja":{"title":true,"content":true,"excerpt":false}}},"yoast_head":"<!-- This site is optimized with the Yoast SEO plugin v27.0 - https:\/\/yoast.com\/product\/yoast-seo-wordpress\/ -->\n<title>Pourquoi Hand2Note est meilleur que Holdem Manager et Poker Tracker<\/title>\n<meta name=\"description\" content=\"Hand2Note est plus rapide et offre une gamme de fonctionnalit\u00e9s plus large. Il est important de commencer \u00e0 utiliser Hand2Note d\u00e8s aujourd&#039;hui, m\u00eame si vous jouez avec succ\u00e8s avec HM.\" \/>\n<meta name=\"robots\" content=\"index, follow, max-snippet:-1, max-image-preview:large, max-video-preview:-1\" \/>\n<link rel=\"canonical\" href=\"https:\/\/hand2noteguide.com\/why-hand2note\/\" \/>\n<meta property=\"og:locale\" content=\"fr_FR\" \/>\n<meta property=\"og:type\" content=\"article\" \/>\n<meta property=\"og:title\" content=\"Pourquoi Hand2Note est meilleur que Holdem Manager et Poker Tracker\" \/>\n<meta property=\"og:description\" content=\"Hand2Note est plus rapide et offre une gamme de fonctionnalit\u00e9s plus large. Il est important de commencer \u00e0 utiliser Hand2Note d\u00e8s aujourd&#039;hui, m\u00eame si vous jouez avec succ\u00e8s avec HM.\" \/>\n<meta property=\"og:url\" content=\"https:\/\/hand2noteguide.com\/why-hand2note\/\" \/>\n<meta property=\"og:site_name\" content=\"Hand2Note Guide\" \/>\n<meta property=\"article:modified_time\" content=\"2026-02-10T09:20:33+00:00\" \/>\n<meta property=\"og:image\" content=\"https:\/\/hand2noteguide.com\/wp-content\/uploads\/2020\/03\/why-hand2note.png\" \/>\n<meta name=\"twitter:card\" content=\"summary_large_image\" \/>\n<meta name=\"twitter:label1\" content=\"Est. reading time\" \/>\n\t<meta name=\"twitter:data1\" content=\"16 minutes\" \/>\n<!-- \/ Yoast SEO plugin. -->","yoast_head_json":{"title":"Pourquoi Hand2Note est meilleur que Holdem Manager et Poker Tracker","description":"Hand2Note est plus rapide et offre une gamme de fonctionnalit\u00e9s plus large. Il est important de commencer \u00e0 utiliser Hand2Note d\u00e8s aujourd'hui, m\u00eame si vous jouez avec succ\u00e8s avec HM.","robots":{"index":"index","follow":"follow","max-snippet":"max-snippet:-1","max-image-preview":"max-image-preview:large","max-video-preview":"max-video-preview:-1"},"canonical":"https:\/\/hand2noteguide.com\/why-hand2note\/","og_locale":"fr_FR","og_type":"article","og_title":"Pourquoi Hand2Note est meilleur que Holdem Manager et Poker Tracker","og_description":"Hand2Note est plus rapide et offre une gamme de fonctionnalit\u00e9s plus large. Il est important de commencer \u00e0 utiliser Hand2Note d\u00e8s aujourd'hui, m\u00eame si vous jouez avec succ\u00e8s avec HM.","og_url":"https:\/\/hand2noteguide.com\/why-hand2note\/","og_site_name":"Hand2Note Guide","article_modified_time":"2026-02-10T09:20:33+00:00","og_image":[{"url":"https:\/\/hand2noteguide.com\/wp-content\/uploads\/2020\/03\/why-hand2note.png","type":"","width":"","height":""}],"twitter_card":"summary_large_image","twitter_misc":{"Est. reading time":"16 minutes"},"schema":{"@context":"https:\/\/schema.org","@graph":[]}},"jetpack_sharing_enabled":false,"_links":{"self":[{"href":"https:\/\/hand2noteguide.com\/fr\/wp-json\/wp\/v2\/pages\/43","targetHints":{"allow":["GET"]}}],"collection":[{"href":"https:\/\/hand2noteguide.com\/fr\/wp-json\/wp\/v2\/pages"}],"about":[{"href":"https:\/\/hand2noteguide.com\/fr\/wp-json\/wp\/v2\/types\/page"}],"author":[{"embeddable":true,"href":"https:\/\/hand2noteguide.com\/fr\/wp-json\/wp\/v2\/users\/1"}],"replies":[{"embeddable":true,"href":"https:\/\/hand2noteguide.com\/fr\/wp-json\/wp\/v2\/comments?post=43"}],"version-history":[{"count":68,"href":"https:\/\/hand2noteguide.com\/fr\/wp-json\/wp\/v2\/pages\/43\/revisions"}],"predecessor-version":[{"id":13564,"href":"https:\/\/hand2noteguide.com\/fr\/wp-json\/wp\/v2\/pages\/43\/revisions\/13564"}],"wp:attachment":[{"href":"https:\/\/hand2noteguide.com\/fr\/wp-json\/wp\/v2\/media?parent=43"}],"curies":[{"name":"wp","href":"https:\/\/api.w.org\/{rel}","templated":true}]}}