{"id":4501,"date":"2020-12-11T23:04:43","date_gmt":"2020-12-11T20:04:43","guid":{"rendered":"http:\/\/hand2noteguide.com\/?page_id=4501"},"modified":"2026-03-14T05:28:31","modified_gmt":"2026-03-14T05:28:31","slug":"about-us","status":"publish","type":"page","link":"https:\/\/hand2noteguide.com\/fr\/about-us\/","title":{"rendered":"\u00c0 propos de nous"},"content":{"rendered":"\n<img decoding=\"async\" class=\"about-photo\" src=\"http:\/\/hand2noteguide.com\/wp-content\/uploads\/2021\/11\/nick-james-2021-1.png\" style=\"float:left; max-width:200px; margin-top:0px; margin-right:20px; margin-bottom:10px; border-radius:8px;\">\n\n\n\n<p>Salut ! Je m&#8217;appelle <a href=\"https:\/\/hand2noteguide.com\/fr\/author\/admin\/\"><strong>Nick Korolev<\/strong><\/a>. Je suis un joueur professionnel de poker No-Limit Holdem. Je suis \u00e9galement membre de l&#8217;\u00e9quipe <a href=\"https:\/\/hand2note.com\/\" target=\"_blank\" aria-label=\"undefined (opens in a new tab)\" rel=\"noreferrer noopener\"><strong>Hand2Note<\/strong><\/a>, auteur du <a aria-label=\"undefined (opens in a new tab)\" href=\"https:\/\/hand2note3.hand2note.com\/Help\/\" target=\"_blank\" rel=\"noreferrer noopener\">manuel officiel de Hand2Note<\/a>, et propri\u00e9taire de ce site web. Vous pouvez trouver plus d&#8217;informations sur moi sur <a aria-label=\"undefined (opens in a new tab)\" href=\"https:\/\/nickkorolev.poker\/\" target=\"_blank\" rel=\"noreferrer noopener\"><strong>nickkorolev.poker<\/strong><\/a>. Jetez \u00e9galement un \u0153il \u00e0 mon <a href=\"https:\/\/hand2noteguide.com\/fr\/video-course\/\">cours vid\u00e9o<\/a> cr\u00e9\u00e9 \u00e0 partir de mon exp\u00e9rience de coaching. Toutes les fonctionnalit\u00e9s de Hand2Note sont examin\u00e9es en d\u00e9tail avec des exemples pratiques et mes recommandations.<\/p>\n\n\n\n<p>\u00c0 l&#8217;origine, <a href=\"https:\/\/hand2noteguide.com\/fr\/\">Hand2NoteGuide.com<\/a> a \u00e9t\u00e9 cr\u00e9\u00e9 comme un compl\u00e9ment au manuel officiel de Hand2Note. Mais progressivement, le projet est devenu une <b>plateforme \u00e9ducative<\/b> compl\u00e8te couvrant non seulement Hand2Note, mais aussi d&#8217;autres outils modernes de formation au poker et des guides de strat\u00e9gie de poker.<\/p>\n\n\n\n<p>Le contenu de ce site est cr\u00e9\u00e9 par moi et mon \u00e9quipe &#8211; <b>joueurs de poker professionnels et experts en logiciels<\/b>. Pour plus de d\u00e9tails sur notre production de contenu, veuillez consulter notre <a href=\"\/fr\/editorial-policy\/\">Politique \u00c9ditoriale<\/a>.<\/p>\n\n\n\n<p><strong>Mise \u00e0 jour 2024 :<\/strong> Nous venons d&#8217;ouvrir une nouvelle section : <a href=\"https:\/\/hand2noteguide.com\/fr\/poker\/\">Guide G\u00e9n\u00e9ral du Poker<\/a>. Cette section est principalement destin\u00e9e aux d\u00e9butants. Elle pr\u00e9sente 9 \u00e9tapes cons\u00e9cutives pour vous plonger dans le monde du poker et devenir un joueur gagnant. En commen\u00e7ant par la familiarisation avec les <a href=\"https:\/\/hand2noteguide.com\/fr\/poker\/poker-rules\/\">r\u00e8gles du poker<\/a>, les <a href=\"https:\/\/hand2noteguide.com\/fr\/poker\/poker-hand-rankings\/\">classements des mains<\/a> et les <a href=\"https:\/\/hand2noteguide.com\/fr\/poker\/poker-terms\/\">termes<\/a>, et en terminant par l&#8217;\u00e9tude de la <a href=\"https:\/\/hand2noteguide.com\/fr\/poker\/poker-gto\/\">th\u00e9orie GTO<\/a>, l&#8217;utilisation du <a href=\"https:\/\/hand2noteguide.com\/fr\/poker\/poker-hud\/\">HUD<\/a> et d&#8217;autres outils et concepts.<\/p>\n\n\n\n<p><strong>Mise \u00e0 jour 2025 :<\/strong> Nous avons publi\u00e9 la section <a href=\"https:\/\/hand2noteguide.com\/fr\/user-manual\/\">Hand2Note 4 : Hub de Guides Utiles<\/a> o\u00f9 vous pouvez trouver de nombreux guides utiles sur l&#8217;utilisation de Hand2Note 4. Ces guides sont r\u00e9dig\u00e9s par des joueurs professionnels avec des ann\u00e9es d&#8217;exp\u00e9rience sur Hand2Note.<\/p>\n\n\n\n<p><strong>Mise \u00e0 jour 2026 :<\/strong> Refonte compl\u00e8te du site \u2014 design moderne et performances am\u00e9lior\u00e9es. R\u00e9vision et actualisation de tout le contenu. Profils d&#8217;auteurs complets avec description de l&#8217;expertise et de l&#8217;exp\u00e9rience. Nous continuons \u00e0 d\u00e9velopper la section <a href=\"https:\/\/hand2noteguide.com\/fr\/user-manual\/\">Hand2Note 4 : Hub de Guides Utiles<\/a> avec de nouveaux guides pratiques pour Hand2Note 4. Dans notre sous-projet <a href=\"https:\/\/hand2noteguide.com\/fr\/poker\/\">Poker Guide<\/a>, nous avons lanc\u00e9 la section <a href=\"https:\/\/hand2noteguide.com\/fr\/poker\/free-poker-tools\/\">Outils de Poker Gratuits<\/a> \u2014 incluant d\u00e9j\u00e0 un <a href=\"https:\/\/hand2noteguide.com\/fr\/poker\/free-poker-tools\/poker-odds-calculator\/\">Calculateur de Cotes de Poker<\/a>, avec d&#8217;autres outils et calculateurs gratuits \u00e0 venir pour vous aider \u00e0 am\u00e9liorer vos comp\u00e9tences au poker au quotidien.<\/p>\n\n\n\n<p><strong>Notre mission<\/strong> est d&#8217;apporter <strong>une valeur maximale<\/strong> aux passionn\u00e9s de poker du monde entier en r\u00e9v\u00e9lant tout le potentiel des logiciels avanc\u00e9s et en expliquant la th\u00e9orie du poker de mani\u00e8re simple et accessible.<\/p>\n\n\n\n<p style=\"clear:both\">N&#8217;h\u00e9sitez pas \u00e0 <a href=\"https:\/\/hand2noteguide.com\/fr\/contact-us\/\">contacter mon \u00e9quipe<\/a>, si vous avez des questions concernant les services fournis par ce site.<\/p>\n","protected":false},"excerpt":{"rendered":"<p>Salut ! Je m&#8217;appelle Nick Korolev. Je suis un joueur professionnel de poker No-Limit Holdem. Je suis \u00e9galement membre de l&#8217;\u00e9quipe Hand2Note, auteur du manuel officiel de Hand2Note, et propri\u00e9taire de ce site web. Vous pouvez trouver plus d&#8217;informations sur moi sur nickkorolev.poker. Jetez \u00e9galement un \u0153il \u00e0 mon cours vid\u00e9o cr\u00e9\u00e9 \u00e0 partir de &hellip; <a href=\"https:\/\/hand2noteguide.com\/fr\/about-us\/\" class=\"more-link\">Continue reading <span class=\"screen-reader-text\">\u00c0 propos de nous<\/span><\/a><\/p>\n","protected":false},"author":1,"featured_media":0,"parent":0,"menu_order":0,"comment_status":"closed","ping_status":"closed","template":"page-templates\/full-width-page.php","meta":{"footnotes":""},"class_list":["post-4501","page","type-page","status-publish","hentry"],"translation":{"provider":"WPGlobus","version":"3.0.2","language":"fr","enabled_languages":["en","ru","pt","zh","es","fr","de","it","ja"],"languages":{"en":{"title":true,"content":true,"excerpt":false},"ru":{"title":true,"content":true,"excerpt":false},"pt":{"title":true,"content":true,"excerpt":false},"zh":{"title":true,"content":true,"excerpt":false},"es":{"title":true,"content":true,"excerpt":false},"fr":{"title":true,"content":true,"excerpt":false},"de":{"title":true,"content":true,"excerpt":false},"it":{"title":true,"content":true,"excerpt":false},"ja":{"title":true,"content":true,"excerpt":false}}},"yoast_head":"<!-- This site is optimized with the Yoast SEO plugin v27.0 - https:\/\/yoast.com\/product\/yoast-seo-wordpress\/ -->\n<title>\u00c0 propos de nous | Hand2Note Guide<\/title>\n<meta name=\"description\" content=\"Ressource \u00e9ducative de poker par Nick Korolev. D\u00e9couvrez des guides sur Hand2Note, les HUDs, les solveurs, les outils de formation et la strat\u00e9gie pour am\u00e9liorer votre jeu de poker.\" \/>\n<meta name=\"robots\" content=\"index, follow, max-snippet:-1, max-image-preview:large, max-video-preview:-1\" \/>\n<link rel=\"canonical\" href=\"https:\/\/hand2noteguide.com\/about-us\/\" \/>\n<meta property=\"og:locale\" content=\"fr_FR\" \/>\n<meta property=\"og:type\" content=\"article\" \/>\n<meta property=\"og:title\" content=\"\u00c0 propos de nous | Hand2Note Guide\" \/>\n<meta property=\"og:description\" content=\"Ressource \u00e9ducative de poker par Nick Korolev. D\u00e9couvrez des guides sur Hand2Note, les HUDs, les solveurs, les outils de formation et la strat\u00e9gie pour am\u00e9liorer votre jeu de poker.\" \/>\n<meta property=\"og:url\" content=\"https:\/\/hand2noteguide.com\/about-us\/\" \/>\n<meta property=\"og:site_name\" content=\"Hand2Note Guide\" \/>\n<meta property=\"article:modified_time\" content=\"2026-03-14T05:28:31+00:00\" \/>\n<meta property=\"og:image\" content=\"http:\/\/hand2noteguide.com\/wp-content\/uploads\/2021\/11\/nick-james-2021-1.png\" \/>\n<meta name=\"twitter:card\" content=\"summary_large_image\" \/>\n<meta name=\"twitter:label1\" content=\"Est. reading time\" \/>\n\t<meta name=\"twitter:data1\" content=\"13 minutes\" \/>\n<!-- \/ Yoast SEO plugin. -->","yoast_head_json":{"title":"\u00c0 propos de nous | Hand2Note Guide","description":"Ressource \u00e9ducative de poker par Nick Korolev. D\u00e9couvrez des guides sur Hand2Note, les HUDs, les solveurs, les outils de formation et la strat\u00e9gie pour am\u00e9liorer votre jeu de poker.","robots":{"index":"index","follow":"follow","max-snippet":"max-snippet:-1","max-image-preview":"max-image-preview:large","max-video-preview":"max-video-preview:-1"},"canonical":"https:\/\/hand2noteguide.com\/about-us\/","og_locale":"fr_FR","og_type":"article","og_title":"\u00c0 propos de nous | Hand2Note Guide","og_description":"Ressource \u00e9ducative de poker par Nick Korolev. D\u00e9couvrez des guides sur Hand2Note, les HUDs, les solveurs, les outils de formation et la strat\u00e9gie pour am\u00e9liorer votre jeu de poker.","og_url":"https:\/\/hand2noteguide.com\/about-us\/","og_site_name":"Hand2Note Guide","article_modified_time":"2026-03-14T05:28:31+00:00","og_image":[{"url":"http:\/\/hand2noteguide.com\/wp-content\/uploads\/2021\/11\/nick-james-2021-1.png","type":"","width":"","height":""}],"twitter_card":"summary_large_image","twitter_misc":{"Est. reading time":"13 minutes"},"schema":{"@context":"https:\/\/schema.org","@graph":[]}},"jetpack_sharing_enabled":true,"_links":{"self":[{"href":"https:\/\/hand2noteguide.com\/fr\/wp-json\/wp\/v2\/pages\/4501","targetHints":{"allow":["GET"]}}],"collection":[{"href":"https:\/\/hand2noteguide.com\/fr\/wp-json\/wp\/v2\/pages"}],"about":[{"href":"https:\/\/hand2noteguide.com\/fr\/wp-json\/wp\/v2\/types\/page"}],"author":[{"embeddable":true,"href":"https:\/\/hand2noteguide.com\/fr\/wp-json\/wp\/v2\/users\/1"}],"replies":[{"embeddable":true,"href":"https:\/\/hand2noteguide.com\/fr\/wp-json\/wp\/v2\/comments?post=4501"}],"version-history":[{"count":88,"href":"https:\/\/hand2noteguide.com\/fr\/wp-json\/wp\/v2\/pages\/4501\/revisions"}],"predecessor-version":[{"id":14670,"href":"https:\/\/hand2noteguide.com\/fr\/wp-json\/wp\/v2\/pages\/4501\/revisions\/14670"}],"wp:attachment":[{"href":"https:\/\/hand2noteguide.com\/fr\/wp-json\/wp\/v2\/media?parent=4501"}],"curies":[{"name":"wp","href":"https:\/\/api.w.org\/{rel}","templated":true}]}}