{"id":452,"date":"2018-08-17T15:02:41","date_gmt":"2018-08-17T12:02:41","guid":{"rendered":"https:\/\/h2n312.wordpress.com\/?page_id=452"},"modified":"2025-06-04T17:53:50","modified_gmt":"2025-06-04T14:53:50","slug":"divide-stats-sh-fr","status":"publish","type":"page","link":"https:\/\/hand2noteguide.com\/fr\/guide\/hud\/divide-stats-sh-fr\/","title":{"rendered":"Comment diviser les statistiques selon le nombre de joueurs (SH\/FR) ?"},"content":{"rendered":"<p>Allez dans <em>Configuration<\/em> \u2192 <em>Game Types<\/em>, cr\u00e9ez plusieurs types de jeu et d\u00e9finissez le nombre de joueurs requis dans la main et la taille de la table pour chaque type :<\/p>\n<p><img loading=\"lazy\" decoding=\"async\" class=\"alignnone size-full wp-image-455\" src=\"https:\/\/hand2noteguide.com\/wp-content\/uploads\/2018\/08\/hand2note-game-types-managing.png\" alt=\"Gestion des types de jeu dans Hand2Note\" width=\"999\" height=\"744\" srcset=\"https:\/\/hand2noteguide.com\/wp-content\/uploads\/2018\/08\/hand2note-game-types-managing.png 999w, https:\/\/hand2noteguide.com\/wp-content\/uploads\/2018\/08\/hand2note-game-types-managing-300x223.png 300w, https:\/\/hand2noteguide.com\/wp-content\/uploads\/2018\/08\/hand2note-game-types-managing-768x572.png 768w, https:\/\/hand2noteguide.com\/wp-content\/uploads\/2018\/08\/hand2note-game-types-managing-772x575.png 772w, https:\/\/hand2noteguide.com\/wp-content\/uploads\/2018\/08\/hand2note-game-types-managing-624x465.png 624w\" sizes=\"auto, (max-width: 999px) 100vw, 999px\" \/><\/p>\n<p>Les statistiques pour chaque type de jeu seront comptabilis\u00e9es s\u00e9par\u00e9ment.<\/p>\n<p>Notez que vous pouvez \u00e9galement diviser les types de jeu par d&#8217;autres param\u00e8tres. N&#8217;oubliez pas de s\u00e9lectionner le profil de <a href=\"https:\/\/hand2noteguide.com\/fr\/guide\/hud\/\">HUD et popup<\/a> que vous souhaitez utiliser dans chaque type de jeu.<\/p>\n<p>Apr\u00e8s avoir modifi\u00e9 les param\u00e8tres des types de jeu, vous devez <a href=\"https:\/\/hand2noteguide.com\/fr\/guide\/rebuild-stats\/\">reconstruire les statistiques<\/a> pour que les changements prennent effet sur l&#8217;ensemble de la <a href=\"https:\/\/hand2noteguide.com\/fr\/guide\/database\/\">base de donn\u00e9es<\/a>. Cliquez sur &#8220;<em>Clear stats<\/em>&#8220;, puis sur &#8220;<em>Build stats<\/em>&#8221; dans la fen\u00eatre principale de Hand2Note.<\/p>\n","protected":false},"excerpt":{"rendered":"<p>Allez dans Configuration \u2192 Game Types, cr\u00e9ez plusieurs types de jeu et d\u00e9finissez le nombre de joueurs requis dans la main et la taille de la table pour chaque type : Les statistiques pour chaque type de jeu seront comptabilis\u00e9es s\u00e9par\u00e9ment. Notez que vous pouvez \u00e9galement diviser les types de jeu par d&#8217;autres param\u00e8tres. N&#8217;oubliez &hellip; <a href=\"https:\/\/hand2noteguide.com\/fr\/guide\/hud\/divide-stats-sh-fr\/\" class=\"more-link\">Continue reading <span class=\"screen-reader-text\">Comment diviser les statistiques selon le nombre de joueurs (SH\/FR) ?<\/span><\/a><\/p>\n","protected":false},"author":1,"featured_media":0,"parent":372,"menu_order":0,"comment_status":"closed","ping_status":"closed","template":"page-templates\/full-width-page.php","meta":{"footnotes":""},"class_list":["post-452","page","type-page","status-publish","hentry"],"translation":{"provider":"WPGlobus","version":"3.0.2","language":"fr","enabled_languages":["en","ru","pt","zh","es","fr","de","it","ja"],"languages":{"en":{"title":true,"content":true,"excerpt":false},"ru":{"title":true,"content":true,"excerpt":false},"pt":{"title":true,"content":true,"excerpt":false},"zh":{"title":true,"content":true,"excerpt":false},"es":{"title":true,"content":true,"excerpt":false},"fr":{"title":true,"content":true,"excerpt":false},"de":{"title":true,"content":true,"excerpt":false},"it":{"title":true,"content":true,"excerpt":false},"ja":{"title":true,"content":true,"excerpt":false}}},"yoast_head":"<!-- This site is optimized with the Yoast SEO plugin v27.0 - https:\/\/yoast.com\/product\/yoast-seo-wordpress\/ -->\n<title>Comment diviser les statistiques de poker par nombre de joueurs (SH\/FR)<\/title>\n<meta name=\"description\" content=\"Apprenez \u00e0 organiser les statistiques de poker selon le nombre de joueurs pour chaque type de jeu. Personnalisez les param\u00e8tres pour les tables SH\/FR et optimisez votre strat\u00e9gie.\" \/>\n<meta name=\"robots\" content=\"index, follow, max-snippet:-1, max-image-preview:large, max-video-preview:-1\" \/>\n<link rel=\"canonical\" href=\"https:\/\/hand2noteguide.com\/guide\/hud\/divide-stats-sh-fr\/\" \/>\n<meta property=\"og:locale\" content=\"fr_FR\" \/>\n<meta property=\"og:type\" content=\"article\" \/>\n<meta property=\"og:title\" content=\"Comment diviser les statistiques de poker par nombre de joueurs (SH\/FR)\" \/>\n<meta property=\"og:description\" content=\"Apprenez \u00e0 organiser les statistiques de poker selon le nombre de joueurs pour chaque type de jeu. Personnalisez les param\u00e8tres pour les tables SH\/FR et optimisez votre strat\u00e9gie.\" \/>\n<meta property=\"og:url\" content=\"https:\/\/hand2noteguide.com\/guide\/hud\/divide-stats-sh-fr\/\" \/>\n<meta property=\"og:site_name\" content=\"Hand2Note Guide\" \/>\n<meta property=\"article:modified_time\" content=\"2025-06-04T14:53:50+00:00\" \/>\n<meta property=\"og:image\" content=\"https:\/\/hand2noteguide.com\/wp-content\/uploads\/2018\/08\/hand2note-game-types-managing.png\" \/>\n<meta name=\"twitter:card\" content=\"summary_large_image\" \/>\n<meta name=\"twitter:label1\" content=\"Est. reading time\" \/>\n\t<meta name=\"twitter:data1\" content=\"4 minutes\" \/>\n<!-- \/ Yoast SEO plugin. -->","yoast_head_json":{"title":"Comment diviser les statistiques de poker par nombre de joueurs (SH\/FR)","description":"Apprenez \u00e0 organiser les statistiques de poker selon le nombre de joueurs pour chaque type de jeu. Personnalisez les param\u00e8tres pour les tables SH\/FR et optimisez votre strat\u00e9gie.","robots":{"index":"index","follow":"follow","max-snippet":"max-snippet:-1","max-image-preview":"max-image-preview:large","max-video-preview":"max-video-preview:-1"},"canonical":"https:\/\/hand2noteguide.com\/guide\/hud\/divide-stats-sh-fr\/","og_locale":"fr_FR","og_type":"article","og_title":"Comment diviser les statistiques de poker par nombre de joueurs (SH\/FR)","og_description":"Apprenez \u00e0 organiser les statistiques de poker selon le nombre de joueurs pour chaque type de jeu. Personnalisez les param\u00e8tres pour les tables SH\/FR et optimisez votre strat\u00e9gie.","og_url":"https:\/\/hand2noteguide.com\/guide\/hud\/divide-stats-sh-fr\/","og_site_name":"Hand2Note Guide","article_modified_time":"2025-06-04T14:53:50+00:00","og_image":[{"url":"https:\/\/hand2noteguide.com\/wp-content\/uploads\/2018\/08\/hand2note-game-types-managing.png","type":"","width":"","height":""}],"twitter_card":"summary_large_image","twitter_misc":{"Est. reading time":"4 minutes"},"schema":{"@context":"https:\/\/schema.org","@graph":[]}},"jetpack_sharing_enabled":false,"_links":{"self":[{"href":"https:\/\/hand2noteguide.com\/fr\/wp-json\/wp\/v2\/pages\/452","targetHints":{"allow":["GET"]}}],"collection":[{"href":"https:\/\/hand2noteguide.com\/fr\/wp-json\/wp\/v2\/pages"}],"about":[{"href":"https:\/\/hand2noteguide.com\/fr\/wp-json\/wp\/v2\/types\/page"}],"author":[{"embeddable":true,"href":"https:\/\/hand2noteguide.com\/fr\/wp-json\/wp\/v2\/users\/1"}],"replies":[{"embeddable":true,"href":"https:\/\/hand2noteguide.com\/fr\/wp-json\/wp\/v2\/comments?post=452"}],"version-history":[{"count":12,"href":"https:\/\/hand2noteguide.com\/fr\/wp-json\/wp\/v2\/pages\/452\/revisions"}],"predecessor-version":[{"id":13524,"href":"https:\/\/hand2noteguide.com\/fr\/wp-json\/wp\/v2\/pages\/452\/revisions\/13524"}],"up":[{"embeddable":true,"href":"https:\/\/hand2noteguide.com\/fr\/wp-json\/wp\/v2\/pages\/372"}],"wp:attachment":[{"href":"https:\/\/hand2noteguide.com\/fr\/wp-json\/wp\/v2\/media?parent=452"}],"curies":[{"name":"wp","href":"https:\/\/api.w.org\/{rel}","templated":true}]}}