{"id":4666,"date":"2021-01-13T20:58:01","date_gmt":"2021-01-13T17:58:01","guid":{"rendered":"http:\/\/hand2noteguide.com\/?page_id=4666"},"modified":"2026-02-21T19:43:20","modified_gmt":"2026-02-21T16:43:20","slug":"pppoker-hud","status":"publish","type":"page","link":"https:\/\/hand2noteguide.com\/fr\/pppoker-hud\/","title":{"rendered":"HUD PPPoker"},"content":{"rendered":"\n<h2 style=\"margin-top:14px\">Utilisez un HUD PPPoker rapide et fiable avec Hand2Note<\/h2>\n\n\n\n<p><strong>Hand2Note<\/strong> est un tracker de poker de nouvelle g\u00e9n\u00e9ration. Il vous fournit un <a href=\"https:\/\/hand2noteguide.com\/fr\/poker\/poker-hud\/\">HUD de poker<\/a> fonctionnel et des popups pour diverses salles. L&#8217;application PPPoker est \u00e9galement prise en charge, vous pouvez donc utiliser toute la puissance de Hand2Note pour \u00e9craser vos adversaires aux tables.<\/p>\n\n\n<div class=\"wp-block-h2n-cta-button\" style=\"text-align: left;\"><a href=\"https:\/\/hand2noteguide.com\/fr\/go\/hand2note\/\" class=\"btn btn-primary\" target=\"_blank\" rel=\"noopener noreferrer nofollow sponsored\">T\u00e9l\u00e9charger Hand2Note HUD pour PPPoker<\/a><\/div>\n\n\n<p>Vous pouvez jouer \u00e0 la fois en utilisant l&#8217;application Windows et via un \u00e9mulateur Android. Le HUD Hand2Note fonctionnera de toute fa\u00e7on.<\/p>\n\n\n\n<p>Veuillez noter que Hand2Note est un logiciel tr\u00e8s bien optimis\u00e9. Vous pourrez utiliser le HUD avanc\u00e9 et les popups, mais sans surcharger votre syst\u00e8me. C&#8217;est souvent pertinent pour les joueurs d&#8217;applications asiatiques, car le multi-tabling y est exigeant en ressources informatiques.<\/p>\n\n\n\n<h2 class=\"wp-block-heading\">Hand2Note 4 : Performance HUD de Nouvelle G\u00e9n\u00e9ration<\/h2>\n\n\n\n<p><a href=\"https:\/\/hand2noteguide.com\/fr\/hand2note-4-getting-started\/\">Hand2Note 4<\/a> a \u00e9t\u00e9 enti\u00e8rement reconstruit avec une architecture moderne. Voici pourquoi c&#8217;est important pour les joueurs de PPPoker :<\/p>\n\n\n\n<ul class=\"wp-block-list\">\n<li><strong>Performances nettement am\u00e9lior\u00e9es.<\/strong> Hand2Note 4 exploite pleinement les processeurs multi-c\u0153urs et la RAM, rendant l&#8217;affichage du HUD et le chargement des popups sensiblement plus rapides \u2014 m\u00eame en multi-tabling.<\/li>\n\n\n\n<li><strong>Base de donn\u00e9es 50% plus petite.<\/strong> Votre base de donn\u00e9es d&#8217;historique de mains occupe d\u00e9sormais moiti\u00e9 moins d&#8217;espace disque par rapport \u00e0 la version pr\u00e9c\u00e9dente, avec des options pour la r\u00e9duire davantage.<\/li>\n\n\n\n<li><strong>Optimis\u00e9 pour le multi-tabling.<\/strong> Les joueurs d&#8217;applications asiatiques jouent souvent sur de nombreuses tables simultan\u00e9ment. Hand2Note 4 g\u00e8re cela avec une charge syst\u00e8me minimale, pour que votre \u00e9mulateur ou client PPPoker reste r\u00e9actif.<\/li>\n\n\n\n<li><strong>Interface redessin\u00e9e.<\/strong> Une interface plus propre et plus intuitive facilite la navigation dans les rapports, la configuration des HUDs et l&#8217;analyse de votre jeu.<\/li>\n<\/ul>\n\n\n\n<figure class=\"wp-block-image size-large\"><img decoding=\"async\" src=\"https:\/\/hand2noteguide.com\/wp-content\/uploads\/2026\/02\/hand2note-4-graph-1-scaled.png\" alt=\"Performance de Hand2Note 4\" \/><figcaption class=\"wp-element-caption\">Interface de Hand2Note 4<\/figcaption><\/figure>\n\n\n\n<h2 class=\"wp-block-heading\">Comment commencer ?<\/h2>\n\n\n\n<p>Aucun param\u00e8tre n&#8217;est requis. Il suffit de lancer Hand2Note avec n&#8217;importe quel nombre de tables PPPoker. Le HUD appara\u00eetra automatiquement sur toutes. Lorsque vous lancez Hand2Note avec des applications asiatiques pour la premi\u00e8re fois, l&#8217;essai gratuit sp\u00e9cial de 14 jours sera activ\u00e9 automatiquement. Plus tard, vous pourrez s\u00e9lectionner un abonnement appropri\u00e9 et <a href=\"https:\/\/hand2noteguide.com\/fr\/promo\/\">l&#8217;obtenir \u00e0 prix r\u00e9duit<\/a>.<\/p>\n\n\n<div class=\"wp-block-h2n-alert h2n-alert h2n-alert--info\"><div class=\"h2n-alert__icon\" aria-hidden=\"true\"><svg width=\"22\" height=\"22\" viewBox=\"0 0 24 24\" fill=\"none\" stroke=\"currentColor\" stroke-width=\"2\" stroke-linecap=\"round\" stroke-linejoin=\"round\"><circle cx=\"12\" cy=\"12\" r=\"10\"\/><line x1=\"12\" y1=\"16\" x2=\"12\" y2=\"12\"\/><circle cx=\"12\" cy=\"8\" r=\"1\" fill=\"currentColor\" stroke=\"none\"\/><\/svg><\/div><div class=\"h2n-alert__content\">Si vous jouez via un \u00e9mulateur Android, nous vous recommandons de suivre les <a href=\"https:\/\/hand2noteguide.com\/fr\/user-manual\/configuring-hand2note-to-play-in-applications-via-an-emulator-using-the-example-of-pokerbros\/\">instructions de configuration sp\u00e9ciales<\/a> pour assurer un fonctionnement fluide et ininterrompu du HUD.<\/div><\/div>\n\n\n<p>Veuillez noter que le HUD Hand2Note fonctionnera m\u00eame si vous ne faites que regarder le jeu.<\/p>\n\n\n\n<p>Si le HUD n&#8217;appara\u00eet pas pour une raison quelconque, essayez de suivre <a href=\"https:\/\/hand2noteguide.com\/fr\/issues-resolving\/hud-not-showing\/\">les \u00e9tapes de d\u00e9pannage<\/a>. Si le probl\u00e8me persiste, veuillez contacter le <a href=\"https:\/\/hand2noteguide.com\/fr\/hand2note-official-support\/\">support chat en direct<\/a>, ils vous aideront \u00e0 le r\u00e9soudre rapidement.<\/p>\n\n\n\n<h2 class=\"wp-block-heading\">Ok, je vois le HUD ! Quelle est la suite ?<\/h2>\n\n\n\n<p>Super, vous avez fait le premier pas. Maintenant, vous pouvez commencer \u00e0 jouer et explorer les possibilit\u00e9s de Hand2Note. C&#8217;est un logiciel de poker vraiment riche, donc voici quelques premi\u00e8res \u00e9tapes que vous pouvez suivre :<\/p>\n\n\n\n<ol class=\"wp-block-list\">\n<li><a href=\"https:\/\/hand2noteguide.com\/fr\/hand2note-hud\/\">Configurez ou choisissez le meilleur HUD pour vous-m\u00eame<\/a>. Consid\u00e9rez toutes les options avec soin, en gardant \u00e0 l&#8217;esprit les fonctionnalit\u00e9s avanc\u00e9es de Hand2Note. N&#8217;oubliez pas que le HUD H2N peut \u00eatre bien plus puissant que d&#8217;autres trackers obsol\u00e8tes comme Holdem Manager.<\/li>\n\n\n\n<li><a href=\"https:\/\/hand2noteguide.com\/fr\/video-course\/\">Suivez notre cours vid\u00e9o complet sur Hand2Note<\/a>. Vous commencerez \u00e0 utiliser professionnellement toutes les fonctionnalit\u00e9s dans les plus brefs d\u00e9lais.<\/li>\n<\/ol>\n\n\n\n<h2 class=\"wp-block-heading\">Quelles autres applications asiatiques sont prises en charge ?<\/h2>\n\n\n\n<p>Hand2Note prend \u00e9galement en charge <a href=\"https:\/\/hand2noteguide.com\/fr\/pokerbros-hud\/\">PokerBros<\/a> et de nombreux <a href=\"https:\/\/hand2noteguide.com\/fr\/asian\/\">autres sites populaires<\/a>.<\/p>\n","protected":false},"excerpt":{"rendered":"<p>Utilisez un HUD PPPoker rapide et fiable avec Hand2Note Hand2Note est un tracker de poker de nouvelle g\u00e9n\u00e9ration. Il vous fournit un HUD de poker fonctionnel et des popups pour diverses salles. L&#8217;application PPPoker est \u00e9galement prise en charge, vous pouvez donc utiliser toute la puissance de Hand2Note pour \u00e9craser vos adversaires aux tables. Vous &hellip; <a href=\"https:\/\/hand2noteguide.com\/fr\/pppoker-hud\/\" class=\"more-link\">Continue reading <span class=\"screen-reader-text\">HUD PPPoker<\/span><\/a><\/p>\n","protected":false},"author":1,"featured_media":4711,"parent":0,"menu_order":0,"comment_status":"closed","ping_status":"closed","template":"","meta":{"footnotes":""},"class_list":["post-4666","page","type-page","status-publish","has-post-thumbnail","hentry"],"translation":{"provider":"WPGlobus","version":"3.0.2","language":"fr","enabled_languages":["en","ru","pt","zh","es","fr","de","it","ja"],"languages":{"en":{"title":true,"content":true,"excerpt":false},"ru":{"title":true,"content":true,"excerpt":false},"pt":{"title":true,"content":true,"excerpt":false},"zh":{"title":true,"content":true,"excerpt":false},"es":{"title":true,"content":true,"excerpt":false},"fr":{"title":true,"content":true,"excerpt":false},"de":{"title":true,"content":true,"excerpt":false},"it":{"title":true,"content":true,"excerpt":false},"ja":{"title":true,"content":true,"excerpt":false}}},"yoast_head":"<!-- This site is optimized with the Yoast SEO plugin v27.0 - https:\/\/yoast.com\/product\/yoast-seo-wordpress\/ -->\n<title>HUD PPPoker rapide et fiable - Guide Hand2Note<\/title>\n<meta name=\"description\" content=\"Le HUD Hand2Note pour PPPoker est moderne, fluide et pr\u00e9cis. L&#039;application Windows et l&#039;\u00e9mulateur Android sont pris en charge. \u00c9crasez vos adversaires !\" \/>\n<meta name=\"robots\" content=\"index, follow, max-snippet:-1, max-image-preview:large, max-video-preview:-1\" \/>\n<link rel=\"canonical\" href=\"https:\/\/hand2noteguide.com\/zh\/pppoker-hud\/\" \/>\n<meta property=\"og:locale\" content=\"fr_FR\" \/>\n<meta property=\"og:type\" content=\"article\" \/>\n<meta property=\"og:title\" content=\"HUD PPPoker rapide et fiable - Guide Hand2Note\" \/>\n<meta property=\"og:description\" content=\"Le HUD Hand2Note pour PPPoker est moderne, fluide et pr\u00e9cis. L&#039;application Windows et l&#039;\u00e9mulateur Android sont pris en charge. \u00c9crasez vos adversaires !\" \/>\n<meta property=\"og:url\" content=\"https:\/\/hand2noteguide.com\/zh\/pppoker-hud\/\" \/>\n<meta property=\"og:site_name\" content=\"Hand2Note Guide\" \/>\n<meta property=\"article:modified_time\" content=\"2026-02-21T16:43:20+00:00\" \/>\n<meta property=\"og:image\" content=\"https:\/\/hand2noteguide.com\/wp-content\/uploads\/2021\/01\/PPPoker-HUD.png\" \/>\n\t<meta property=\"og:image:width\" content=\"879\" \/>\n\t<meta property=\"og:image:height\" content=\"814\" \/>\n\t<meta property=\"og:image:type\" content=\"image\/png\" \/>\n<meta name=\"twitter:card\" content=\"summary_large_image\" \/>\n<meta name=\"twitter:label1\" content=\"Est. reading time\" \/>\n\t<meta name=\"twitter:data1\" content=\"2 minutes\" \/>\n<!-- \/ Yoast SEO plugin. -->","yoast_head_json":{"title":"HUD PPPoker rapide et fiable - Guide Hand2Note","description":"Le HUD Hand2Note pour PPPoker est moderne, fluide et pr\u00e9cis. L'application Windows et l'\u00e9mulateur Android sont pris en charge. \u00c9crasez vos adversaires !","robots":{"index":"index","follow":"follow","max-snippet":"max-snippet:-1","max-image-preview":"max-image-preview:large","max-video-preview":"max-video-preview:-1"},"canonical":"https:\/\/hand2noteguide.com\/zh\/pppoker-hud\/","og_locale":"fr_FR","og_type":"article","og_title":"HUD PPPoker rapide et fiable - Guide Hand2Note","og_description":"Le HUD Hand2Note pour PPPoker est moderne, fluide et pr\u00e9cis. L'application Windows et l'\u00e9mulateur Android sont pris en charge. \u00c9crasez vos adversaires !","og_url":"https:\/\/hand2noteguide.com\/zh\/pppoker-hud\/","og_site_name":"Hand2Note Guide","article_modified_time":"2026-02-21T16:43:20+00:00","og_image":[{"width":879,"height":814,"url":"https:\/\/hand2noteguide.com\/wp-content\/uploads\/2021\/01\/PPPoker-HUD.png","type":"image\/png"}],"twitter_card":"summary_large_image","twitter_misc":{"Est. reading time":"2 minutes"},"schema":{"@context":"https:\/\/schema.org","@graph":[]}},"jetpack_sharing_enabled":true,"_links":{"self":[{"href":"https:\/\/hand2noteguide.com\/fr\/wp-json\/wp\/v2\/pages\/4666","targetHints":{"allow":["GET"]}}],"collection":[{"href":"https:\/\/hand2noteguide.com\/fr\/wp-json\/wp\/v2\/pages"}],"about":[{"href":"https:\/\/hand2noteguide.com\/fr\/wp-json\/wp\/v2\/types\/page"}],"author":[{"embeddable":true,"href":"https:\/\/hand2noteguide.com\/fr\/wp-json\/wp\/v2\/users\/1"}],"replies":[{"embeddable":true,"href":"https:\/\/hand2noteguide.com\/fr\/wp-json\/wp\/v2\/comments?post=4666"}],"version-history":[{"count":35,"href":"https:\/\/hand2noteguide.com\/fr\/wp-json\/wp\/v2\/pages\/4666\/revisions"}],"predecessor-version":[{"id":15252,"href":"https:\/\/hand2noteguide.com\/fr\/wp-json\/wp\/v2\/pages\/4666\/revisions\/15252"}],"wp:featuredmedia":[{"embeddable":true,"href":"https:\/\/hand2noteguide.com\/fr\/wp-json\/wp\/v2\/media\/4711"}],"wp:attachment":[{"href":"https:\/\/hand2noteguide.com\/fr\/wp-json\/wp\/v2\/media?parent=4666"}],"curies":[{"name":"wp","href":"https:\/\/api.w.org\/{rel}","templated":true}]}}