{"id":468,"date":"2018-10-22T21:49:44","date_gmt":"2018-10-22T18:49:44","guid":{"rendered":"https:\/\/h2n312.wordpress.com\/?page_id=468"},"modified":"2025-06-04T17:53:07","modified_gmt":"2025-06-04T14:53:07","slug":"creating-stats","status":"publish","type":"page","link":"https:\/\/hand2noteguide.com\/fr\/guide\/creating-stats\/","title":{"rendered":"Statistiques"},"content":{"rendered":"<p>Hand2Note dispose d&#8217;une interface intuitive et puissante pour cr\u00e9er des statistiques. De plus, un grand nombre de statistiques pr\u00eates \u00e0 l&#8217;emploi sont disponibles imm\u00e9diatement apr\u00e8s l&#8217;installation. Vous pouvez g\u00e9rer les statistiques dans les sections suivantes :<\/p>\n<p><img loading=\"lazy\" decoding=\"async\" class=\"alignnone size-full wp-image-814\" src=\"https:\/\/hand2noteguide.com\/wp-content\/uploads\/2019\/05\/hand2note-create-stats-menu.png\" alt=\"hand2note create stats menu\" width=\"311\" height=\"408\" srcset=\"https:\/\/hand2noteguide.com\/wp-content\/uploads\/2019\/05\/hand2note-create-stats-menu.png 311w, https:\/\/hand2noteguide.com\/wp-content\/uploads\/2019\/05\/hand2note-create-stats-menu-229x300.png 229w\" sizes=\"auto, (max-width: 311px) 100vw, 311px\" \/><\/p>\n<p>Il existe des statistiques simples et des statistiques d&#8217;expression dans le syst\u00e8me Hand2Note. Une <strong>statistique simple<\/strong> est une statistique qui d\u00e9crit la fr\u00e9quence d&#8217;une action particuli\u00e8re, par exemple, une relance initiale ou un continuation bet. Une <strong>statistique d&#8217;expression<\/strong> est une formule math\u00e9matique compos\u00e9e de statistiques simples \u2014 par exemple, le facteur d&#8217;agression ou le pourcentage de gains au showdown.<\/p>\n<p>Apprenez \u00e0 cr\u00e9er des statistiques <a href=\"https:\/\/hand2noteguide.com\/fr\/guide\/creating-stats\/simple\/\">simples<\/a> et des statistiques <a href=\"https:\/\/hand2noteguide.com\/fr\/guide\/creating-stats\/expression\/\">d&#8217;expression<\/a>. Vous pouvez \u00e9galement obtenir une <a href=\"https:\/\/hand2noteguide.com\/fr\/training\/\">formation personnalis\u00e9e<\/a> pour cr\u00e9er des statistiques dans Hand2Note.<\/p>\n","protected":false},"excerpt":{"rendered":"<p>Hand2Note dispose d&#8217;une interface intuitive et puissante pour cr\u00e9er des statistiques. De plus, un grand nombre de statistiques pr\u00eates \u00e0 l&#8217;emploi sont disponibles imm\u00e9diatement apr\u00e8s l&#8217;installation. Vous pouvez g\u00e9rer les statistiques dans les sections suivantes : Il existe des statistiques simples et des statistiques d&#8217;expression dans le syst\u00e8me Hand2Note. Une statistique simple est une statistique &hellip; <a href=\"https:\/\/hand2noteguide.com\/fr\/guide\/creating-stats\/\" class=\"more-link\">Continue reading <span class=\"screen-reader-text\">Statistiques<\/span><\/a><\/p>\n","protected":false},"author":1,"featured_media":0,"parent":74,"menu_order":0,"comment_status":"closed","ping_status":"closed","template":"page-templates\/full-width-page.php","meta":{"footnotes":""},"class_list":["post-468","page","type-page","status-publish","hentry"],"translation":{"provider":"WPGlobus","version":"3.0.2","language":"fr","enabled_languages":["en","ru","pt","zh","es","fr","de","it","ja"],"languages":{"en":{"title":true,"content":true,"excerpt":false},"ru":{"title":true,"content":true,"excerpt":false},"pt":{"title":true,"content":true,"excerpt":false},"zh":{"title":true,"content":true,"excerpt":false},"es":{"title":true,"content":true,"excerpt":false},"fr":{"title":true,"content":true,"excerpt":false},"de":{"title":true,"content":true,"excerpt":false},"it":{"title":true,"content":true,"excerpt":false},"ja":{"title":true,"content":true,"excerpt":false}}},"yoast_head":"<!-- This site is optimized with the Yoast SEO plugin v27.0 - https:\/\/yoast.com\/product\/yoast-seo-wordpress\/ -->\n<title>Statistiques de Poker dans Hand2Note 3<\/title>\n<meta name=\"description\" content=\"D\u00e9couvrez comment cr\u00e9er et g\u00e9rer des statistiques de poker en utilisant l&#039;interface intuitive de Hand2Note. Acc\u00e9dez \u00e0 des statistiques pr\u00eates \u00e0 l&#039;emploi et personnalisez votre strat\u00e9gie de poker.\" \/>\n<meta name=\"robots\" content=\"index, follow, max-snippet:-1, max-image-preview:large, max-video-preview:-1\" \/>\n<link rel=\"canonical\" href=\"https:\/\/hand2noteguide.com\/guide\/creating-stats\/\" \/>\n<meta property=\"og:locale\" content=\"fr_FR\" \/>\n<meta property=\"og:type\" content=\"article\" \/>\n<meta property=\"og:title\" content=\"Statistiques de Poker dans Hand2Note 3\" \/>\n<meta property=\"og:description\" content=\"D\u00e9couvrez comment cr\u00e9er et g\u00e9rer des statistiques de poker en utilisant l&#039;interface intuitive de Hand2Note. Acc\u00e9dez \u00e0 des statistiques pr\u00eates \u00e0 l&#039;emploi et personnalisez votre strat\u00e9gie de poker.\" \/>\n<meta property=\"og:url\" content=\"https:\/\/hand2noteguide.com\/guide\/creating-stats\/\" \/>\n<meta property=\"og:site_name\" content=\"Hand2Note Guide\" \/>\n<meta property=\"article:modified_time\" content=\"2025-06-04T14:53:07+00:00\" \/>\n<meta property=\"og:image\" content=\"https:\/\/hand2noteguide.com\/wp-content\/uploads\/2019\/05\/hand2note-create-stats-menu.png\" \/>\n<meta name=\"twitter:card\" content=\"summary_large_image\" \/>\n<meta name=\"twitter:label1\" content=\"Est. reading time\" \/>\n\t<meta name=\"twitter:data1\" content=\"4 minutes\" \/>\n<!-- \/ Yoast SEO plugin. -->","yoast_head_json":{"title":"Statistiques de Poker dans Hand2Note 3","description":"D\u00e9couvrez comment cr\u00e9er et g\u00e9rer des statistiques de poker en utilisant l'interface intuitive de Hand2Note. Acc\u00e9dez \u00e0 des statistiques pr\u00eates \u00e0 l'emploi et personnalisez votre strat\u00e9gie de poker.","robots":{"index":"index","follow":"follow","max-snippet":"max-snippet:-1","max-image-preview":"max-image-preview:large","max-video-preview":"max-video-preview:-1"},"canonical":"https:\/\/hand2noteguide.com\/guide\/creating-stats\/","og_locale":"fr_FR","og_type":"article","og_title":"Statistiques de Poker dans Hand2Note 3","og_description":"D\u00e9couvrez comment cr\u00e9er et g\u00e9rer des statistiques de poker en utilisant l'interface intuitive de Hand2Note. Acc\u00e9dez \u00e0 des statistiques pr\u00eates \u00e0 l'emploi et personnalisez votre strat\u00e9gie de poker.","og_url":"https:\/\/hand2noteguide.com\/guide\/creating-stats\/","og_site_name":"Hand2Note Guide","article_modified_time":"2025-06-04T14:53:07+00:00","og_image":[{"url":"https:\/\/hand2noteguide.com\/wp-content\/uploads\/2019\/05\/hand2note-create-stats-menu.png","type":"","width":"","height":""}],"twitter_card":"summary_large_image","twitter_misc":{"Est. reading time":"4 minutes"},"schema":{"@context":"https:\/\/schema.org","@graph":[]}},"jetpack_sharing_enabled":false,"_links":{"self":[{"href":"https:\/\/hand2noteguide.com\/fr\/wp-json\/wp\/v2\/pages\/468","targetHints":{"allow":["GET"]}}],"collection":[{"href":"https:\/\/hand2noteguide.com\/fr\/wp-json\/wp\/v2\/pages"}],"about":[{"href":"https:\/\/hand2noteguide.com\/fr\/wp-json\/wp\/v2\/types\/page"}],"author":[{"embeddable":true,"href":"https:\/\/hand2noteguide.com\/fr\/wp-json\/wp\/v2\/users\/1"}],"replies":[{"embeddable":true,"href":"https:\/\/hand2noteguide.com\/fr\/wp-json\/wp\/v2\/comments?post=468"}],"version-history":[{"count":18,"href":"https:\/\/hand2noteguide.com\/fr\/wp-json\/wp\/v2\/pages\/468\/revisions"}],"predecessor-version":[{"id":13523,"href":"https:\/\/hand2noteguide.com\/fr\/wp-json\/wp\/v2\/pages\/468\/revisions\/13523"}],"up":[{"embeddable":true,"href":"https:\/\/hand2noteguide.com\/fr\/wp-json\/wp\/v2\/pages\/74"}],"wp:attachment":[{"href":"https:\/\/hand2noteguide.com\/fr\/wp-json\/wp\/v2\/media?parent=468"}],"curies":[{"name":"wp","href":"https:\/\/api.w.org\/{rel}","templated":true}]}}