{"id":472,"date":"2018-10-22T22:02:26","date_gmt":"2018-10-22T19:02:26","guid":{"rendered":"https:\/\/h2n312.wordpress.com\/?page_id=472"},"modified":"2025-06-04T17:52:19","modified_gmt":"2025-06-04T14:52:19","slug":"disable-hud","status":"publish","type":"page","link":"https:\/\/hand2noteguide.com\/fr\/guide\/hud\/disable-hud\/","title":{"rendered":"Comment d\u00e9sactiver le HUD"},"content":{"rendered":"\n<h2 class=\"wp-block-heading\">M\u00e9thode #1<\/h2>\n\n\n\n<p>Vous pouvez d\u00e9sactiver le module responsable de la collecte de l&#8217;historique des mains de votre salle. Pour ce faire, terminez le processus correspondant dans le gestionnaire des t\u00e2ches. Le processus d\u00e9marre apr\u00e8s l&#8217;ouverture d&#8217;une salle.<\/p>\n\n\n\n<figure class=\"wp-block-image\"><img loading=\"lazy\" decoding=\"async\" width=\"667\" height=\"337\" src=\"https:\/\/hand2noteguide.com\/wp-content\/uploads\/2019\/07\/hand2note-pokerstars-module-process.png\" alt=\"processus du module hand2note pokerstars\" class=\"wp-image-1609\" srcset=\"https:\/\/hand2noteguide.com\/wp-content\/uploads\/2019\/07\/hand2note-pokerstars-module-process.png 667w, https:\/\/hand2noteguide.com\/wp-content\/uploads\/2019\/07\/hand2note-pokerstars-module-process-300x152.png 300w, https:\/\/hand2noteguide.com\/wp-content\/uploads\/2019\/07\/hand2note-pokerstars-module-process-624x315.png 624w\" sizes=\"auto, (max-width: 667px) 100vw, 667px\" \/><\/figure>\n\n\n\n<p>Vous devez \u00e9galement supprimer les dossiers d&#8217;historique des mains de la salle de la liste d&#8217;importation automatique dans Hand2Note, si vous les avez ajout\u00e9s.<\/p>\n\n\n\n<p>Veuillez noter que si vous utilisez cette m\u00e9thode, Hand2Note ne collectera pas les mains de votre salle. Si vous souhaitez d\u00e9sactiver le HUD, mais collecter les historiques des mains, utilisez la deuxi\u00e8me m\u00e9thode.<\/p>\n\n\n\n<h2 class=\"wp-block-heading\">M\u00e9thode #2<\/h2>\n\n\n<p>Il existe un filtre dans l&#8217;\u00e9diteur de HUD qui vous permet de personnaliser l&#8217;affichage du HUD uniquement dans certaines salles. Vous pouvez surligner toute la table et lui attribuer un filtre avec uniquement les salles souhait\u00e9es.<\/p>\n<p><img loading=\"lazy\" decoding=\"async\" class=\"alignnone size-full wp-image-473\" src=\"https:\/\/hand2noteguide.com\/wp-content\/uploads\/2018\/10\/hand2note-hud-choose-room.png\" alt=\"hand2note hud choisir salle\" width=\"640\" height=\"228\" srcset=\"https:\/\/hand2noteguide.com\/wp-content\/uploads\/2018\/10\/hand2note-hud-choose-room.png 640w, https:\/\/hand2noteguide.com\/wp-content\/uploads\/2018\/10\/hand2note-hud-choose-room-300x107.png 300w, https:\/\/hand2noteguide.com\/wp-content\/uploads\/2018\/10\/hand2note-hud-choose-room-624x222.png 624w\" sizes=\"auto, (max-width: 640px) 100vw, 640px\" \/><\/p>\n<p>Si vous souhaitez d\u00e9sactiver compl\u00e8tement le HUD, s\u00e9lectionnez simplement une salle arbitraire dans laquelle vous ne jouez pas.<\/p>","protected":false},"excerpt":{"rendered":"<p>M\u00e9thode #1 Vous pouvez d\u00e9sactiver le module responsable de la collecte de l&#8217;historique des mains de votre salle. Pour ce faire, terminez le processus correspondant dans le gestionnaire des t\u00e2ches. Le processus d\u00e9marre apr\u00e8s l&#8217;ouverture d&#8217;une salle. Vous devez \u00e9galement supprimer les dossiers d&#8217;historique des mains de la salle de la liste d&#8217;importation automatique dans &hellip; <a href=\"https:\/\/hand2noteguide.com\/fr\/guide\/hud\/disable-hud\/\" class=\"more-link\">Continue reading <span class=\"screen-reader-text\">Comment d\u00e9sactiver le HUD<\/span><\/a><\/p>\n","protected":false},"author":1,"featured_media":0,"parent":372,"menu_order":0,"comment_status":"closed","ping_status":"closed","template":"page-templates\/full-width-page.php","meta":{"footnotes":""},"class_list":["post-472","page","type-page","status-publish","hentry"],"translation":{"provider":"WPGlobus","version":"3.0.2","language":"fr","enabled_languages":["en","ru","pt","zh","es","fr","de","it","ja"],"languages":{"en":{"title":true,"content":true,"excerpt":false},"ru":{"title":true,"content":true,"excerpt":false},"pt":{"title":true,"content":true,"excerpt":false},"zh":{"title":true,"content":true,"excerpt":false},"es":{"title":true,"content":true,"excerpt":false},"fr":{"title":true,"content":true,"excerpt":false},"de":{"title":true,"content":true,"excerpt":false},"it":{"title":true,"content":true,"excerpt":false},"ja":{"title":true,"content":true,"excerpt":false}}},"yoast_head":"<!-- This site is optimized with the Yoast SEO plugin v27.0 - https:\/\/yoast.com\/product\/yoast-seo-wordpress\/ -->\n<title>Comment d\u00e9sactiver le HUD dans Hand2Note 3 : Deux m\u00e9thodes simples<\/title>\n<meta name=\"description\" content=\"D\u00e9couvrez comment d\u00e9sactiver le HUD de Hand2Note avec deux m\u00e9thodes simples. Suivez notre guide \u00e9tape par \u00e9tape pour avoir un contr\u00f4le total sur votre HUD.\" \/>\n<meta name=\"robots\" content=\"index, follow, max-snippet:-1, max-image-preview:large, max-video-preview:-1\" \/>\n<link rel=\"canonical\" href=\"https:\/\/hand2noteguide.com\/guide\/hud\/disable-hud\/\" \/>\n<meta property=\"og:locale\" content=\"fr_FR\" \/>\n<meta property=\"og:type\" content=\"article\" \/>\n<meta property=\"og:title\" content=\"Comment d\u00e9sactiver le HUD dans Hand2Note 3 : Deux m\u00e9thodes simples\" \/>\n<meta property=\"og:description\" content=\"D\u00e9couvrez comment d\u00e9sactiver le HUD de Hand2Note avec deux m\u00e9thodes simples. Suivez notre guide \u00e9tape par \u00e9tape pour avoir un contr\u00f4le total sur votre HUD.\" \/>\n<meta property=\"og:url\" content=\"https:\/\/hand2noteguide.com\/guide\/hud\/disable-hud\/\" \/>\n<meta property=\"og:site_name\" content=\"Hand2Note Guide\" \/>\n<meta property=\"article:modified_time\" content=\"2025-06-04T14:52:19+00:00\" \/>\n<meta property=\"og:image\" content=\"https:\/\/hand2noteguide.com\/wp-content\/uploads\/2019\/07\/hand2note-pokerstars-module-process.png\" \/>\n<meta name=\"twitter:card\" content=\"summary_large_image\" \/>\n<meta name=\"twitter:label1\" content=\"Est. reading time\" \/>\n\t<meta name=\"twitter:data1\" content=\"5 minutes\" \/>\n<!-- \/ Yoast SEO plugin. -->","yoast_head_json":{"title":"Comment d\u00e9sactiver le HUD dans Hand2Note 3 : Deux m\u00e9thodes simples","description":"D\u00e9couvrez comment d\u00e9sactiver le HUD de Hand2Note avec deux m\u00e9thodes simples. Suivez notre guide \u00e9tape par \u00e9tape pour avoir un contr\u00f4le total sur votre HUD.","robots":{"index":"index","follow":"follow","max-snippet":"max-snippet:-1","max-image-preview":"max-image-preview:large","max-video-preview":"max-video-preview:-1"},"canonical":"https:\/\/hand2noteguide.com\/guide\/hud\/disable-hud\/","og_locale":"fr_FR","og_type":"article","og_title":"Comment d\u00e9sactiver le HUD dans Hand2Note 3 : Deux m\u00e9thodes simples","og_description":"D\u00e9couvrez comment d\u00e9sactiver le HUD de Hand2Note avec deux m\u00e9thodes simples. Suivez notre guide \u00e9tape par \u00e9tape pour avoir un contr\u00f4le total sur votre HUD.","og_url":"https:\/\/hand2noteguide.com\/guide\/hud\/disable-hud\/","og_site_name":"Hand2Note Guide","article_modified_time":"2025-06-04T14:52:19+00:00","og_image":[{"url":"https:\/\/hand2noteguide.com\/wp-content\/uploads\/2019\/07\/hand2note-pokerstars-module-process.png","type":"","width":"","height":""}],"twitter_card":"summary_large_image","twitter_misc":{"Est. reading time":"5 minutes"},"schema":{"@context":"https:\/\/schema.org","@graph":[]}},"jetpack_sharing_enabled":false,"_links":{"self":[{"href":"https:\/\/hand2noteguide.com\/fr\/wp-json\/wp\/v2\/pages\/472","targetHints":{"allow":["GET"]}}],"collection":[{"href":"https:\/\/hand2noteguide.com\/fr\/wp-json\/wp\/v2\/pages"}],"about":[{"href":"https:\/\/hand2noteguide.com\/fr\/wp-json\/wp\/v2\/types\/page"}],"author":[{"embeddable":true,"href":"https:\/\/hand2noteguide.com\/fr\/wp-json\/wp\/v2\/users\/1"}],"replies":[{"embeddable":true,"href":"https:\/\/hand2noteguide.com\/fr\/wp-json\/wp\/v2\/comments?post=472"}],"version-history":[{"count":20,"href":"https:\/\/hand2noteguide.com\/fr\/wp-json\/wp\/v2\/pages\/472\/revisions"}],"predecessor-version":[{"id":13522,"href":"https:\/\/hand2noteguide.com\/fr\/wp-json\/wp\/v2\/pages\/472\/revisions\/13522"}],"up":[{"embeddable":true,"href":"https:\/\/hand2noteguide.com\/fr\/wp-json\/wp\/v2\/pages\/372"}],"wp:attachment":[{"href":"https:\/\/hand2noteguide.com\/fr\/wp-json\/wp\/v2\/media?parent=472"}],"curies":[{"name":"wp","href":"https:\/\/api.w.org\/{rel}","templated":true}]}}