{"id":4885,"date":"2021-03-21T13:02:23","date_gmt":"2021-03-21T10:02:23","guid":{"rendered":"http:\/\/hand2noteguide.com\/?page_id=4885"},"modified":"2025-06-04T16:31:43","modified_gmt":"2025-06-04T13:31:43","slug":"ggpoker-hh","status":"publish","type":"page","link":"https:\/\/hand2noteguide.com\/fr\/ggpoker-hh\/","title":{"rendered":"Utiliser Hand2Note avec GGPoker"},"content":{"rendered":"\n<p>Le HUD n&#8217;est pas autoris\u00e9 sur le r\u00e9seau GGPoker, mais vous pouvez toujours utiliser <a aria-label=\"undefined (opens in a new tab)\" href=\"https:\/\/hand2note.com\/fr\/\" target=\"_blank\" rel=\"noreferrer noopener\">Hand2Note<\/a> pour analyser votre propre jeu et effectuer la <a href=\"https:\/\/hand2noteguide.com\/fr\/guide\/range-research\/\">recherche de pool<\/a>. Suivez les \u00e9tapes suivantes pour obtenir vos mains dans Hand2Note et commencer \u00e0 travailler avec votre base de donn\u00e9es.<\/p>\n\n\n\n<h2 class=\"wp-block-heading\">1. Obtenez les historiques de mains<\/h2>\n\n\n\n<p>Tout d&#8217;abord, t\u00e9l\u00e9chargez vos fichiers d&#8217;historique de mains depuis PokerCraft.<\/p>\n\n\n\n<div class=\"green-block\">\n<p>Une autre option est d&#8217;<a style=\"font-weight:600 !important\" target=\"_blank\" href=\"https:\/\/handhistorypoker.com\/\" rel=\"noopener\">acheter des historiques de mains GGpoker<\/a> aupr\u00e8s de notre partenaire HisHands. En achetant des historiques de mains, vous aurez <span style=\"font-weight:600\">des donn\u00e9es plus compl\u00e8tes<\/span>. Vous pourrez analyser en d\u00e9tail non seulement votre jeu, mais aussi <span style=\"font-weight:600\">trouver les failles de vos adversaires<\/span>.<\/p>\n<p style=\"margin-bottom:0\">Utilisez la phrase de code <span style=\"font-weight:600\">H2NGG<\/span> pour obtenir une r\u00e9duction sur votre premi\u00e8re commande.<\/p>\n<\/div>\n\n\n\n<h2 class=\"wp-block-heading\">2. Convertir<\/h2>\n\n\n\n<p style=\"margin-bottom:6px\">Choisissez votre <a href=\"https:\/\/hand2note.com\/fr\/#start\" target=\"_blank\" rel=\"noopener\">version de Hand2Note<\/a> :<\/p>\n\n\n<div class=\"responsive-tabs\">\n<h2 class=\"tabtitle\">Hand2Note 3<\/h2>\n<div class=\"tabcontent\">\n\n\n\n\n<p>Hand2Note 3 ne prend pas en charge nativement les historiques de mains GGpoker. Vous devrez donc convertir vos mains dans un format support\u00e9.<\/p>\n\n\n\n<div class=\"wpcf7 no-js\" id=\"wpcf7-f8612-o1\" lang=\"en-US\" dir=\"ltr\" data-wpcf7-id=\"8612\">\n<div class=\"screen-reader-response\"><p role=\"status\" aria-live=\"polite\" aria-atomic=\"true\"><\/p> <ul><\/ul><\/div>\n<form action=\"\/fr\/wp-json\/wp\/v2\/pages\/4885#wpcf7-f8612-o1\" method=\"post\" class=\"wpcf7-form init\" aria-label=\"Contact form\" novalidate=\"novalidate\" data-status=\"init\">\n<fieldset class=\"hidden-fields-container\"><input type=\"hidden\" name=\"_wpcf7\" value=\"8612\" \/><input type=\"hidden\" name=\"_wpcf7_version\" value=\"6.1.5\" \/><input type=\"hidden\" name=\"_wpcf7_locale\" value=\"en_US\" \/><input type=\"hidden\" name=\"_wpcf7_unit_tag\" value=\"wpcf7-f8612-o1\" \/><input type=\"hidden\" name=\"_wpcf7_container_post\" value=\"0\" \/><input type=\"hidden\" name=\"_wpcf7_posted_data_hash\" value=\"\" \/><input type=\"hidden\" name=\"_wpcf7_recaptcha_response\" value=\"\" \/>\n<\/fieldset>\n<p class=\"newsletter-title\" style=\"color:#606060; margin-top:14px\">Download Hand2Note GGPoker Converter\n<\/p>\n<p style=\"margin-bottom:0\">Enter your email and we'll send you download link along with the using instructions.\n<\/p>\n<p><br \/>\n<label> Your email<br \/>\n<span class=\"wpcf7-form-control-wrap\" data-name=\"your-email\"><input size=\"40\" maxlength=\"400\" class=\"wpcf7-form-control wpcf7-email wpcf7-validates-as-required wpcf7-text wpcf7-validates-as-email\" autocomplete=\"email\" aria-required=\"true\" aria-invalid=\"false\" value=\"\" type=\"email\" name=\"your-email\" \/><\/span> <\/label>\n<\/p>\n<p style=\"margin-bottom:14px\"><input class=\"wpcf7-form-control wpcf7-submit has-spinner\" type=\"submit\" value=\"Get the converter\" \/>\n<\/p><div class=\"wpcf7-response-output\" aria-hidden=\"true\"><\/div>\n<\/form>\n<\/div>\n\n\n\n\n<figure class=\"wp-block-image size-large\"><img loading=\"lazy\" decoding=\"async\" width=\"1024\" height=\"586\" src=\"http:\/\/hand2noteguide.com\/wp-content\/uploads\/2024\/10\/ggpoker-converter-new-1-min-1024x586.png\" alt=\"Hand2Note GGpoker Converter\" class=\"wp-image-8626\" srcset=\"https:\/\/hand2noteguide.com\/wp-content\/uploads\/2024\/10\/ggpoker-converter-new-1-min-1024x586.png 1024w, https:\/\/hand2noteguide.com\/wp-content\/uploads\/2024\/10\/ggpoker-converter-new-1-min-300x172.png 300w, https:\/\/hand2noteguide.com\/wp-content\/uploads\/2024\/10\/ggpoker-converter-new-1-min-768x440.png 768w, https:\/\/hand2noteguide.com\/wp-content\/uploads\/2024\/10\/ggpoker-converter-new-1-min-772x442.png 772w, https:\/\/hand2noteguide.com\/wp-content\/uploads\/2024\/10\/ggpoker-converter-new-1-min-624x357.png 624w, https:\/\/hand2noteguide.com\/wp-content\/uploads\/2024\/10\/ggpoker-converter-new-1-min.png 1534w\" sizes=\"auto, (max-width: 1024px) 100vw, 1024px\" \/><\/figure>\n\n\n\n<ul class=\"wp-block-list\">\n<li>Avant d&#8217;utiliser le convertisseur, placez tous vos fichiers .txt d&#8217;historique de mains dans un dossier sp\u00e9cifique.<\/li>\n\n\n\n<li>Dans le champ &#8220;Hand History folder&#8221;, sp\u00e9cifiez votre dossier avec les historiques de mains.<\/li>\n\n\n\n<li>Dans le champ &#8220;Export to&#8221;, sp\u00e9cifiez le dossier o\u00f9 vous souhaitez enregistrer les mains converties.<\/li>\n\n\n\n<li>Cliquez sur le bouton &#8220;Start&#8221; et attendez que le processus de conversion soit termin\u00e9.<\/li>\n<\/ul>\n\n\n\n<p>Termin\u00e9 ! Vous pouvez maintenant t\u00e9l\u00e9charger les historiques de mains convertis dans Hand2Note 3.<\/p>\n\n\n\n<\/div><h2 class=\"tabtitle\">Hand2Note 4<\/h2>\n<div class=\"tabcontent\">\n\n\n\n\n<p style=\"font-weight:600;font-size: 18px\">Pas besoin de convertir !<\/p>\n<p>Dans la nouvelle <a style=\"font-weight:600!important\" href=\"https:\/\/hand2noteguide.com\/fr\/hand2note-4-getting-started\/\">version b\u00eata de Hand2Note 4<\/a>, les historiques de mains GGpoker sont pris en charge nativement. Vous n&#8217;avez donc plus besoin du convertisseur.<\/p>\n\n\n<\/div><\/div>\n\n\n\n<h2 style=\"margin-top:40px\">3. Importer et analyser<\/h2>\n\n\n\n<p>Suivez nos guides rapides pour importer vos mains converties de GGPoker dans Hand2Note et analyser efficacement votre base de donn\u00e9es de poker.<\/p>\n\n\n\n<div class=\"custom-post-preview\" style=\"margin-bottom:15px\">\n\t<div class=\"custom-preview-left-image\"><a href=\"\/fr\/ggpoker-import\/\"><img decoding=\"async\" class=\"no-lightbox\" src=\"https:\/\/hand2noteguide.com\/wp-content\/uploads\/2022\/04\/image-8.png\"><\/a><\/div>\n\t<div class=\"custom-preview-right-content\">\n\t\t<p style=\"margin-top: 6px\"><a href=\"\/fr\/ggpoker-import\/\" style=\"font-size:18px;font-weight:600 !important\">Comment importer des mains GGpoker dans Hand2Note<\/a><\/p>\n\t\t<p style=\"font-size: 16px;margin-bottom: 10px\">Dans cet article, nous verrons comment importer \u00e9tape par \u00e9tape les historiques de mains de poker du r\u00e9seau GG dans Hand2Note&#8230; <a href=\"\/fr\/ggpoker-import\/\">Lire la suite \u2192<\/a><\/p>\n\t<\/div>\n<\/div>\n\n\n\n<div class=\"custom-post-preview\" style=\"clear:both\">\n\t<div class=\"custom-preview-left-image\"><a href=\"\/fr\/ggpoker-analyze\/\"><img decoding=\"async\" class=\"no-lightbox\" src=\"https:\/\/hand2noteguide.com\/wp-content\/uploads\/2022\/04\/image-11.png\"><\/a><\/div>\n\t<div class=\"custom-preview-right-content\">\n\t\t<p style=\"margin-top: 6px\"><a href=\"\/fr\/ggpoker-analyze\/\" style=\"font-size:18px;font-weight:600 !important\">Analyse GGPoker dans Hand2Note<\/a><\/p>\n\t\t<p style=\"font-size: 16px;margin-bottom: 10px\">Les historiques de mains des salles du r\u00e9seau GG sont anonymes, mais vous pouvez toujours utiliser toutes les fonctionnalit\u00e9s d&#8217;analyse incroyables de H2N pour examiner votre jeu sous tous les angles possibles&#8230; <a href=\"\/fr\/ggpoker-analyze\/\">Lire la suite \u2192<\/a><\/p>\n\t<\/div>\n<\/div>\n<div style=\"clear:both\"><\/div>\n","protected":false},"excerpt":{"rendered":"<p>Le HUD n&#8217;est pas autoris\u00e9 sur le r\u00e9seau GGPoker, mais vous pouvez toujours utiliser Hand2Note pour analyser votre propre jeu et effectuer la recherche de pool. Suivez les \u00e9tapes suivantes pour obtenir vos mains dans Hand2Note et commencer \u00e0 travailler avec votre base de donn\u00e9es. 1. Obtenez les historiques de mains Tout d&#8217;abord, t\u00e9l\u00e9chargez vos &hellip; <a href=\"https:\/\/hand2noteguide.com\/fr\/ggpoker-hh\/\" class=\"more-link\">Continue reading <span class=\"screen-reader-text\">Utiliser Hand2Note avec GGPoker<\/span><\/a><\/p>\n","protected":false},"author":1,"featured_media":0,"parent":0,"menu_order":0,"comment_status":"closed","ping_status":"closed","template":"page-templates\/full-width-page.php","meta":{"footnotes":""},"class_list":["post-4885","page","type-page","status-publish","hentry"],"translation":{"provider":"WPGlobus","version":"3.0.2","language":"fr","enabled_languages":["en","ru","pt","zh","es","fr","de","it","ja"],"languages":{"en":{"title":true,"content":true,"excerpt":false},"ru":{"title":true,"content":true,"excerpt":false},"pt":{"title":true,"content":true,"excerpt":false},"zh":{"title":true,"content":true,"excerpt":false},"es":{"title":true,"content":true,"excerpt":false},"fr":{"title":true,"content":true,"excerpt":false},"de":{"title":true,"content":true,"excerpt":false},"it":{"title":true,"content":true,"excerpt":false},"ja":{"title":true,"content":true,"excerpt":false}}},"yoast_head":"<!-- This site is optimized with the Yoast SEO plugin v27.0 - https:\/\/yoast.com\/product\/yoast-seo-wordpress\/ -->\n<title>Utiliser Hand2Note avec GGPoker \u2013 Convertir et Analyser Vos Mains<\/title>\n<meta name=\"description\" content=\"Les HUDs ne sont pas autoris\u00e9s sur GGPoker, mais vous pouvez toujours analyser votre jeu avec Hand2Note. Apprenez \u00e0 convertir, importer et \u00e9tudier les mains de GGPoker \u00e9tape par \u00e9tape.\" \/>\n<meta name=\"robots\" content=\"index, follow, max-snippet:-1, max-image-preview:large, max-video-preview:-1\" \/>\n<link rel=\"canonical\" href=\"https:\/\/hand2noteguide.com\/ggpoker-hh\/\" \/>\n<meta property=\"og:locale\" content=\"fr_FR\" \/>\n<meta property=\"og:type\" content=\"article\" \/>\n<meta property=\"og:title\" content=\"Utiliser Hand2Note avec GGPoker \u2013 Convertir et Analyser Vos Mains\" \/>\n<meta property=\"og:description\" content=\"Les HUDs ne sont pas autoris\u00e9s sur GGPoker, mais vous pouvez toujours analyser votre jeu avec Hand2Note. Apprenez \u00e0 convertir, importer et \u00e9tudier les mains de GGPoker \u00e9tape par \u00e9tape.\" \/>\n<meta property=\"og:url\" content=\"https:\/\/hand2noteguide.com\/ggpoker-hh\/\" \/>\n<meta property=\"og:site_name\" content=\"Hand2Note Guide\" \/>\n<meta property=\"article:modified_time\" content=\"2025-06-04T13:31:43+00:00\" \/>\n<meta property=\"og:image\" content=\"http:\/\/hand2noteguide.com\/wp-content\/uploads\/2024\/10\/ggpoker-converter-new-1-min-1024x586.png\" \/>\n<meta name=\"twitter:card\" content=\"summary_large_image\" \/>\n<meta name=\"twitter:label1\" content=\"Est. reading time\" \/>\n\t<meta name=\"twitter:data1\" content=\"12 minutes\" \/>\n<!-- \/ Yoast SEO plugin. -->","yoast_head_json":{"title":"Utiliser Hand2Note avec GGPoker \u2013 Convertir et Analyser Vos Mains","description":"Les HUDs ne sont pas autoris\u00e9s sur GGPoker, mais vous pouvez toujours analyser votre jeu avec Hand2Note. Apprenez \u00e0 convertir, importer et \u00e9tudier les mains de GGPoker \u00e9tape par \u00e9tape.","robots":{"index":"index","follow":"follow","max-snippet":"max-snippet:-1","max-image-preview":"max-image-preview:large","max-video-preview":"max-video-preview:-1"},"canonical":"https:\/\/hand2noteguide.com\/ggpoker-hh\/","og_locale":"fr_FR","og_type":"article","og_title":"Utiliser Hand2Note avec GGPoker \u2013 Convertir et Analyser Vos Mains","og_description":"Les HUDs ne sont pas autoris\u00e9s sur GGPoker, mais vous pouvez toujours analyser votre jeu avec Hand2Note. Apprenez \u00e0 convertir, importer et \u00e9tudier les mains de GGPoker \u00e9tape par \u00e9tape.","og_url":"https:\/\/hand2noteguide.com\/ggpoker-hh\/","og_site_name":"Hand2Note Guide","article_modified_time":"2025-06-04T13:31:43+00:00","og_image":[{"url":"http:\/\/hand2noteguide.com\/wp-content\/uploads\/2024\/10\/ggpoker-converter-new-1-min-1024x586.png","type":"","width":"","height":""}],"twitter_card":"summary_large_image","twitter_misc":{"Est. reading time":"12 minutes"},"schema":{"@context":"https:\/\/schema.org","@graph":[]}},"jetpack_sharing_enabled":true,"_links":{"self":[{"href":"https:\/\/hand2noteguide.com\/fr\/wp-json\/wp\/v2\/pages\/4885","targetHints":{"allow":["GET"]}}],"collection":[{"href":"https:\/\/hand2noteguide.com\/fr\/wp-json\/wp\/v2\/pages"}],"about":[{"href":"https:\/\/hand2noteguide.com\/fr\/wp-json\/wp\/v2\/types\/page"}],"author":[{"embeddable":true,"href":"https:\/\/hand2noteguide.com\/fr\/wp-json\/wp\/v2\/users\/1"}],"replies":[{"embeddable":true,"href":"https:\/\/hand2noteguide.com\/fr\/wp-json\/wp\/v2\/comments?post=4885"}],"version-history":[{"count":105,"href":"https:\/\/hand2noteguide.com\/fr\/wp-json\/wp\/v2\/pages\/4885\/revisions"}],"predecessor-version":[{"id":13483,"href":"https:\/\/hand2noteguide.com\/fr\/wp-json\/wp\/v2\/pages\/4885\/revisions\/13483"}],"wp:attachment":[{"href":"https:\/\/hand2noteguide.com\/fr\/wp-json\/wp\/v2\/media?parent=4885"}],"curies":[{"name":"wp","href":"https:\/\/api.w.org\/{rel}","templated":true}]}}