{"id":4923,"date":"2021-03-29T17:46:29","date_gmt":"2021-03-29T14:46:29","guid":{"rendered":"http:\/\/hand2noteguide.com\/?page_id=4923"},"modified":"2025-06-04T16:29:06","modified_gmt":"2025-06-04T13:29:06","slug":"for-schools-and-stables","status":"publish","type":"page","link":"https:\/\/hand2noteguide.com\/fr\/for-schools-and-stables\/","title":{"rendered":"Pour les \u00e9coles et les \u00e9curies"},"content":{"rendered":"\n<p>Nous sommes heureux d&#8217;offrir des conditions exclusives pour les \u00e9coles, les \u00e9curies et simplement les groupes de joueurs. Vous obtiendrez tout ce dont vous avez besoin pour ma\u00eetriser le jeu et l&#8217;analyse avec Hand2Note \u00e0 un tr\u00e8s bon prix.<\/p>\n\n\n\n<p>Notre offre inclut des prix sp\u00e9ciaux pour :<\/p>\n\n\n\n<h3 class=\"wp-block-heading\">1. Licences Hand2Note<\/h3>\n\n\n\n<p>Si vous achetez plusieurs licences \u00e0 la fois, nous pouvons offrir une solide remise ainsi que d&#8217;autres bonus.<\/p>\n\n\n\n<h3 class=\"wp-block-heading\">2. HUD&amp;Popups professionnels<\/h3>\n\n\n\n<p>Obtenez n&#8217;importe quel ensemble de HUD&amp;popup de notre <a aria-label=\"undefined (ouvre dans un nouvel onglet)\" href=\"https:\/\/hand2noteguide.com\/fr\/hud-store\/\" target=\"_blank\" rel=\"noreferrer noopener\">Boutique<\/a> avec une remise personnelle et un support. En alternative, nous pouvons <a href=\"https:\/\/hand2noteguide.com\/fr\/hud-store\/custom-hud-order\/\" target=\"_blank\" rel=\"noreferrer noopener\">concevoir un package unique<\/a> pour tous les joueurs du groupe.<\/p>\n\n\n\n<h3 class=\"wp-block-heading\">3. Cours vid\u00e9o complet<\/h3>\n\n\n\n<p>Tous les joueurs auront acc\u00e8s \u00e0 <a href=\"https:\/\/nickjames.teachable.com\/courses\/hand2note-professional-usage\/lectures\/14423550?utm_source=hand2noteguide.com&amp;utm_medium=referral&amp;utm_campaign=hand2noteguide.com\" target=\"_blank\" aria-label=\"undefined (ouvre dans un nouvel onglet)\" rel=\"noreferrer noopener\">toutes les vid\u00e9os<\/a> pour s&#8217;assurer que chacun utilise H2N de la mani\u00e8re la plus efficace.<\/p>\n\n\n\n<p><a href=\"https:\/\/hand2noteguide.com\/fr\/contact-us\/\">Contactez-nous<\/a> pour plus de d\u00e9tails.<\/p>\n","protected":false},"excerpt":{"rendered":"<p>Nous sommes heureux d&#8217;offrir des conditions exclusives pour les \u00e9coles, les \u00e9curies et simplement les groupes de joueurs. Vous obtiendrez tout ce dont vous avez besoin pour ma\u00eetriser le jeu et l&#8217;analyse avec Hand2Note \u00e0 un tr\u00e8s bon prix. Notre offre inclut des prix sp\u00e9ciaux pour : 1. Licences Hand2Note Si vous achetez plusieurs licences &hellip; <a href=\"https:\/\/hand2noteguide.com\/fr\/for-schools-and-stables\/\" class=\"more-link\">Continue reading <span class=\"screen-reader-text\">Pour les \u00e9coles et les \u00e9curies<\/span><\/a><\/p>\n","protected":false},"author":1,"featured_media":0,"parent":0,"menu_order":0,"comment_status":"closed","ping_status":"closed","template":"page-templates\/full-width-page.php","meta":{"footnotes":""},"class_list":["post-4923","page","type-page","status-publish","hentry"],"translation":{"provider":"WPGlobus","version":"3.0.2","language":"fr","enabled_languages":["en","ru","pt","zh","es","fr","de","it","ja"],"languages":{"en":{"title":true,"content":true,"excerpt":false},"ru":{"title":true,"content":true,"excerpt":false},"pt":{"title":true,"content":true,"excerpt":false},"zh":{"title":true,"content":true,"excerpt":false},"es":{"title":true,"content":true,"excerpt":false},"fr":{"title":true,"content":true,"excerpt":false},"de":{"title":true,"content":true,"excerpt":false},"it":{"title":true,"content":true,"excerpt":false},"ja":{"title":true,"content":true,"excerpt":false}}},"yoast_head":"<!-- This site is optimized with the Yoast SEO plugin v27.0 - https:\/\/yoast.com\/product\/yoast-seo-wordpress\/ -->\n<title>Offres Exclusives pour les \u00c9coles de Poker et les Groupes de Joueurs<\/title>\n<meta name=\"description\" content=\"D\u00e9couvrez des offres exclusives pour les \u00e9coles de poker et les groupes de joueurs. Obtenez des licences Hand2Note \u00e0 prix r\u00e9duit, des HUDs professionnels et un cours vid\u00e9o complet.\" \/>\n<meta name=\"robots\" content=\"index, follow, max-snippet:-1, max-image-preview:large, max-video-preview:-1\" \/>\n<link rel=\"canonical\" href=\"https:\/\/hand2noteguide.com\/for-schools-and-stables\/\" \/>\n<meta property=\"og:locale\" content=\"fr_FR\" \/>\n<meta property=\"og:type\" content=\"article\" \/>\n<meta property=\"og:title\" content=\"Offres Exclusives pour les \u00c9coles de Poker et les Groupes de Joueurs\" \/>\n<meta property=\"og:description\" content=\"D\u00e9couvrez des offres exclusives pour les \u00e9coles de poker et les groupes de joueurs. Obtenez des licences Hand2Note \u00e0 prix r\u00e9duit, des HUDs professionnels et un cours vid\u00e9o complet.\" \/>\n<meta property=\"og:url\" content=\"https:\/\/hand2noteguide.com\/for-schools-and-stables\/\" \/>\n<meta property=\"og:site_name\" content=\"Hand2Note Guide\" \/>\n<meta property=\"article:modified_time\" content=\"2025-06-04T13:29:06+00:00\" \/>\n<meta name=\"twitter:card\" content=\"summary_large_image\" \/>\n<meta name=\"twitter:label1\" content=\"Est. reading time\" \/>\n\t<meta name=\"twitter:data1\" content=\"4 minutes\" \/>\n<!-- \/ Yoast SEO plugin. -->","yoast_head_json":{"title":"Offres Exclusives pour les \u00c9coles de Poker et les Groupes de Joueurs","description":"D\u00e9couvrez des offres exclusives pour les \u00e9coles de poker et les groupes de joueurs. Obtenez des licences Hand2Note \u00e0 prix r\u00e9duit, des HUDs professionnels et un cours vid\u00e9o complet.","robots":{"index":"index","follow":"follow","max-snippet":"max-snippet:-1","max-image-preview":"max-image-preview:large","max-video-preview":"max-video-preview:-1"},"canonical":"https:\/\/hand2noteguide.com\/for-schools-and-stables\/","og_locale":"fr_FR","og_type":"article","og_title":"Offres Exclusives pour les \u00c9coles de Poker et les Groupes de Joueurs","og_description":"D\u00e9couvrez des offres exclusives pour les \u00e9coles de poker et les groupes de joueurs. Obtenez des licences Hand2Note \u00e0 prix r\u00e9duit, des HUDs professionnels et un cours vid\u00e9o complet.","og_url":"https:\/\/hand2noteguide.com\/for-schools-and-stables\/","og_site_name":"Hand2Note Guide","article_modified_time":"2025-06-04T13:29:06+00:00","twitter_card":"summary_large_image","twitter_misc":{"Est. reading time":"4 minutes"},"schema":{"@context":"https:\/\/schema.org","@graph":[]}},"jetpack_sharing_enabled":true,"_links":{"self":[{"href":"https:\/\/hand2noteguide.com\/fr\/wp-json\/wp\/v2\/pages\/4923","targetHints":{"allow":["GET"]}}],"collection":[{"href":"https:\/\/hand2noteguide.com\/fr\/wp-json\/wp\/v2\/pages"}],"about":[{"href":"https:\/\/hand2noteguide.com\/fr\/wp-json\/wp\/v2\/types\/page"}],"author":[{"embeddable":true,"href":"https:\/\/hand2noteguide.com\/fr\/wp-json\/wp\/v2\/users\/1"}],"replies":[{"embeddable":true,"href":"https:\/\/hand2noteguide.com\/fr\/wp-json\/wp\/v2\/comments?post=4923"}],"version-history":[{"count":17,"href":"https:\/\/hand2noteguide.com\/fr\/wp-json\/wp\/v2\/pages\/4923\/revisions"}],"predecessor-version":[{"id":13480,"href":"https:\/\/hand2noteguide.com\/fr\/wp-json\/wp\/v2\/pages\/4923\/revisions\/13480"}],"wp:attachment":[{"href":"https:\/\/hand2noteguide.com\/fr\/wp-json\/wp\/v2\/media?parent=4923"}],"curies":[{"name":"wp","href":"https:\/\/api.w.org\/{rel}","templated":true}]}}