{"id":5250,"date":"2021-08-14T01:49:03","date_gmt":"2021-08-13T22:49:03","guid":{"rendered":"http:\/\/hand2noteguide.com\/?page_id=5250"},"modified":"2025-06-04T16:03:38","modified_gmt":"2025-06-04T13:03:38","slug":"tank-mda","status":"publish","type":"page","link":"https:\/\/hand2noteguide.com\/fr\/hud-store\/tank-mda\/","title":{"rendered":"TANK MDA"},"content":{"rendered":"\n<p>Vous avez pass\u00e9 des heures \u00e0 analyser vos adversaires, mais vous voulez les d\u00e9composer en facteurs premiers &#8211; voici un produit fait pour vous.<\/p>\n\n\n\n<p>En utilisant TANK MDA, vous analyserez chaque ligne postflop en tenant compte des sizings au Flop \/ Turn \/ River. Vous saurez quand utiliser quel sizing pour maximiser l&#8217;\u00e9quit\u00e9 de fold. Vous saurez quoi utiliser comme bluffcatcher de bas de gamme face \u00e0 un sizing donn\u00e9.<\/p>\n\n\n\n<p><a href=\"https:\/\/www.hudstore.poker\/mda-poker-how-to-use-mass-data-analysis-to-crush-games\" target=\"_blank\" aria-label=\"undefined (ouvre dans un nouvel onglet)\" rel=\"noreferrer noopener\">En savoir plus sur l&#8217;approche MDA au poker<\/a> dans l&#8217;article officiel de Hand2Note.<\/p>\n\n\n\n<div style=\"margin-bottom:20px\">\n        \n        \n            \n            \n            \n            \n            \n            \n            \n            \n            \n\n            <a class=\"button\" href=\"https:\/\/store.hand2noteguide.com\/checkout\/?add-to-cart=101\" style=\"margin-left:0 !important;background-color:#26a95e;border-radius:15px;margin-left:6px;color:#fff\" rel=\"noopener noreferrer\">ACHETER POUR 699 $<\/a> <span class=\"store-license-info\">(Licence \u00e0 vie illimit\u00e9e)<\/span>\n\n         \n    <\/div>\n\n\n\n<figure class=\"wp-block-gallery has-nested-images columns-default is-cropped wp-block-gallery-1 is-layout-flex wp-block-gallery-is-layout-flex\">\n<figure class=\"wp-block-image size-large\"><img loading=\"lazy\" decoding=\"async\" width=\"1024\" height=\"572\" data-id=\"5285\" src=\"https:\/\/hand2noteguide.com\/wp-content\/uploads\/2021\/08\/1-1-1024x572.png\" alt=\"\" class=\"wp-image-5285\" srcset=\"https:\/\/hand2noteguide.com\/wp-content\/uploads\/2021\/08\/1-1-1024x572.png 1024w, https:\/\/hand2noteguide.com\/wp-content\/uploads\/2021\/08\/1-1-300x168.png 300w, https:\/\/hand2noteguide.com\/wp-content\/uploads\/2021\/08\/1-1-768x429.png 768w, https:\/\/hand2noteguide.com\/wp-content\/uploads\/2021\/08\/1-1-1536x858.png 1536w, https:\/\/hand2noteguide.com\/wp-content\/uploads\/2021\/08\/1-1-772x431.png 772w, https:\/\/hand2noteguide.com\/wp-content\/uploads\/2021\/08\/1-1-624x349.png 624w, https:\/\/hand2noteguide.com\/wp-content\/uploads\/2021\/08\/1-1.png 1761w\" sizes=\"auto, (max-width: 1024px) 100vw, 1024px\" \/><figcaption class=\"wp-element-caption\">RFI<\/figcaption><\/figure>\n\n\n\n<figure class=\"wp-block-image size-large\"><img loading=\"lazy\" decoding=\"async\" width=\"1024\" height=\"560\" data-id=\"5286\" src=\"https:\/\/hand2noteguide.com\/wp-content\/uploads\/2021\/08\/2-1-1024x560.png\" alt=\"\" class=\"wp-image-5286\" srcset=\"https:\/\/hand2noteguide.com\/wp-content\/uploads\/2021\/08\/2-1-1024x560.png 1024w, https:\/\/hand2noteguide.com\/wp-content\/uploads\/2021\/08\/2-1-300x164.png 300w, https:\/\/hand2noteguide.com\/wp-content\/uploads\/2021\/08\/2-1-768x420.png 768w, https:\/\/hand2noteguide.com\/wp-content\/uploads\/2021\/08\/2-1-772x422.png 772w, https:\/\/hand2noteguide.com\/wp-content\/uploads\/2021\/08\/2-1-624x341.png 624w, https:\/\/hand2noteguide.com\/wp-content\/uploads\/2021\/08\/2-1.png 1302w\" sizes=\"auto, (max-width: 1024px) 100vw, 1024px\" \/><figcaption class=\"wp-element-caption\">vs RFI<\/figcaption><\/figure>\n\n\n\n<figure class=\"wp-block-image size-large\"><img loading=\"lazy\" decoding=\"async\" width=\"1024\" height=\"946\" data-id=\"5287\" src=\"https:\/\/hand2noteguide.com\/wp-content\/uploads\/2021\/08\/3-1-1024x946.png\" alt=\"\" class=\"wp-image-5287\" srcset=\"https:\/\/hand2noteguide.com\/wp-content\/uploads\/2021\/08\/3-1-1024x946.png 1024w, https:\/\/hand2noteguide.com\/wp-content\/uploads\/2021\/08\/3-1-300x277.png 300w, https:\/\/hand2noteguide.com\/wp-content\/uploads\/2021\/08\/3-1-768x709.png 768w, https:\/\/hand2noteguide.com\/wp-content\/uploads\/2021\/08\/3-1-1536x1419.png 1536w, https:\/\/hand2noteguide.com\/wp-content\/uploads\/2021\/08\/3-1-772x713.png 772w, https:\/\/hand2noteguide.com\/wp-content\/uploads\/2021\/08\/3-1-624x576.png 624w, https:\/\/hand2noteguide.com\/wp-content\/uploads\/2021\/08\/3-1.png 1806w\" sizes=\"auto, (max-width: 1024px) 100vw, 1024px\" \/><figcaption class=\"wp-element-caption\">PFR OOP<\/figcaption><\/figure>\n\n\n\n<figure class=\"wp-block-image size-large\"><img loading=\"lazy\" decoding=\"async\" width=\"1024\" height=\"938\" data-id=\"5288\" src=\"https:\/\/hand2noteguide.com\/wp-content\/uploads\/2021\/08\/4-1-1024x938.png\" alt=\"\" class=\"wp-image-5288\" srcset=\"https:\/\/hand2noteguide.com\/wp-content\/uploads\/2021\/08\/4-1-1024x938.png 1024w, https:\/\/hand2noteguide.com\/wp-content\/uploads\/2021\/08\/4-1-300x275.png 300w, https:\/\/hand2noteguide.com\/wp-content\/uploads\/2021\/08\/4-1-768x704.png 768w, https:\/\/hand2noteguide.com\/wp-content\/uploads\/2021\/08\/4-1-1536x1407.png 1536w, https:\/\/hand2noteguide.com\/wp-content\/uploads\/2021\/08\/4-1-772x707.png 772w, https:\/\/hand2noteguide.com\/wp-content\/uploads\/2021\/08\/4-1-624x572.png 624w, https:\/\/hand2noteguide.com\/wp-content\/uploads\/2021\/08\/4-1.png 1780w\" sizes=\"auto, (max-width: 1024px) 100vw, 1024px\" \/><figcaption class=\"wp-element-caption\">Caller IP<\/figcaption><\/figure>\n\n\n\n<figure class=\"wp-block-image size-large\"><img loading=\"lazy\" decoding=\"async\" width=\"1024\" height=\"738\" data-id=\"5289\" src=\"https:\/\/hand2noteguide.com\/wp-content\/uploads\/2021\/08\/5-1-1024x738.png\" alt=\"\" class=\"wp-image-5289\" srcset=\"https:\/\/hand2noteguide.com\/wp-content\/uploads\/2021\/08\/5-1-1024x738.png 1024w, https:\/\/hand2noteguide.com\/wp-content\/uploads\/2021\/08\/5-1-300x216.png 300w, https:\/\/hand2noteguide.com\/wp-content\/uploads\/2021\/08\/5-1-768x553.png 768w, https:\/\/hand2noteguide.com\/wp-content\/uploads\/2021\/08\/5-1-1536x1107.png 1536w, https:\/\/hand2noteguide.com\/wp-content\/uploads\/2021\/08\/5-1-772x556.png 772w, https:\/\/hand2noteguide.com\/wp-content\/uploads\/2021\/08\/5-1-624x450.png 624w, https:\/\/hand2noteguide.com\/wp-content\/uploads\/2021\/08\/5-1.png 1907w\" sizes=\"auto, (max-width: 1024px) 100vw, 1024px\" \/><figcaption class=\"wp-element-caption\">PFR IP<\/figcaption><\/figure>\n\n\n\n<figure class=\"wp-block-image size-large\"><img loading=\"lazy\" decoding=\"async\" width=\"597\" height=\"1024\" data-id=\"5290\" src=\"https:\/\/hand2noteguide.com\/wp-content\/uploads\/2021\/08\/6-1-597x1024.png\" alt=\"\" class=\"wp-image-5290\" srcset=\"https:\/\/hand2noteguide.com\/wp-content\/uploads\/2021\/08\/6-1-597x1024.png 597w, https:\/\/hand2noteguide.com\/wp-content\/uploads\/2021\/08\/6-1-175x300.png 175w, https:\/\/hand2noteguide.com\/wp-content\/uploads\/2021\/08\/6-1-768x1318.png 768w, https:\/\/hand2noteguide.com\/wp-content\/uploads\/2021\/08\/6-1-895x1536.png 895w, https:\/\/hand2noteguide.com\/wp-content\/uploads\/2021\/08\/6-1-772x1324.png 772w, https:\/\/hand2noteguide.com\/wp-content\/uploads\/2021\/08\/6-1-364x624.png 364w, https:\/\/hand2noteguide.com\/wp-content\/uploads\/2021\/08\/6-1.png 1104w\" sizes=\"auto, (max-width: 597px) 100vw, 597px\" \/><figcaption class=\"wp-element-caption\">PFR OOP<\/figcaption><\/figure>\n\n\n\n<figure class=\"wp-block-image size-large\"><img loading=\"lazy\" decoding=\"async\" width=\"1024\" height=\"580\" data-id=\"5291\" src=\"https:\/\/hand2noteguide.com\/wp-content\/uploads\/2021\/08\/7-1-1024x580.png\" alt=\"\" class=\"wp-image-5291\" srcset=\"https:\/\/hand2noteguide.com\/wp-content\/uploads\/2021\/08\/7-1-1024x580.png 1024w, https:\/\/hand2noteguide.com\/wp-content\/uploads\/2021\/08\/7-1-300x170.png 300w, https:\/\/hand2noteguide.com\/wp-content\/uploads\/2021\/08\/7-1-768x435.png 768w, https:\/\/hand2noteguide.com\/wp-content\/uploads\/2021\/08\/7-1-772x437.png 772w, https:\/\/hand2noteguide.com\/wp-content\/uploads\/2021\/08\/7-1-624x353.png 624w, https:\/\/hand2noteguide.com\/wp-content\/uploads\/2021\/08\/7-1.png 1157w\" sizes=\"auto, (max-width: 1024px) 100vw, 1024px\" \/><figcaption class=\"wp-element-caption\">Caller OOP [Flop, Turn]<\/figcaption><\/figure>\n\n\n\n<figure class=\"wp-block-image size-large\"><img loading=\"lazy\" decoding=\"async\" width=\"681\" height=\"1024\" data-id=\"5292\" src=\"https:\/\/hand2noteguide.com\/wp-content\/uploads\/2021\/08\/8-1-681x1024.png\" alt=\"\" class=\"wp-image-5292\" srcset=\"https:\/\/hand2noteguide.com\/wp-content\/uploads\/2021\/08\/8-1-681x1024.png 681w, https:\/\/hand2noteguide.com\/wp-content\/uploads\/2021\/08\/8-1-199x300.png 199w, https:\/\/hand2noteguide.com\/wp-content\/uploads\/2021\/08\/8-1-768x1155.png 768w, https:\/\/hand2noteguide.com\/wp-content\/uploads\/2021\/08\/8-1-1021x1536.png 1021w, https:\/\/hand2noteguide.com\/wp-content\/uploads\/2021\/08\/8-1-772x1161.png 772w, https:\/\/hand2noteguide.com\/wp-content\/uploads\/2021\/08\/8-1-415x624.png 415w, https:\/\/hand2noteguide.com\/wp-content\/uploads\/2021\/08\/8-1.png 1047w\" sizes=\"auto, (max-width: 681px) 100vw, 681px\" \/><figcaption class=\"wp-element-caption\">Caller OOP [River]<\/figcaption><\/figure>\n\n\n\n<figure class=\"wp-block-image size-large\"><img loading=\"lazy\" decoding=\"async\" width=\"821\" height=\"1024\" data-id=\"5293\" src=\"https:\/\/hand2noteguide.com\/wp-content\/uploads\/2021\/08\/9-1-821x1024.png\" alt=\"\" class=\"wp-image-5293\" srcset=\"https:\/\/hand2noteguide.com\/wp-content\/uploads\/2021\/08\/9-1-821x1024.png 821w, https:\/\/hand2noteguide.com\/wp-content\/uploads\/2021\/08\/9-1-241x300.png 241w, https:\/\/hand2noteguide.com\/wp-content\/uploads\/2021\/08\/9-1-768x958.png 768w, https:\/\/hand2noteguide.com\/wp-content\/uploads\/2021\/08\/9-1-772x963.png 772w, https:\/\/hand2noteguide.com\/wp-content\/uploads\/2021\/08\/9-1-500x624.png 500w, https:\/\/hand2noteguide.com\/wp-content\/uploads\/2021\/08\/9-1.png 1021w\" sizes=\"auto, (max-width: 821px) 100vw, 821px\" \/><figcaption class=\"wp-element-caption\">3Bettor OOP<\/figcaption><\/figure>\n\n\n\n<figure class=\"wp-block-image size-large\"><img loading=\"lazy\" decoding=\"async\" width=\"1024\" height=\"603\" data-id=\"5294\" src=\"https:\/\/hand2noteguide.com\/wp-content\/uploads\/2021\/08\/10-1-1024x603.png\" alt=\"\" class=\"wp-image-5294\" srcset=\"https:\/\/hand2noteguide.com\/wp-content\/uploads\/2021\/08\/10-1-1024x603.png 1024w, https:\/\/hand2noteguide.com\/wp-content\/uploads\/2021\/08\/10-1-300x177.png 300w, https:\/\/hand2noteguide.com\/wp-content\/uploads\/2021\/08\/10-1-768x453.png 768w, https:\/\/hand2noteguide.com\/wp-content\/uploads\/2021\/08\/10-1-772x455.png 772w, https:\/\/hand2noteguide.com\/wp-content\/uploads\/2021\/08\/10-1-624x368.png 624w, https:\/\/hand2noteguide.com\/wp-content\/uploads\/2021\/08\/10-1.png 1059w\" sizes=\"auto, (max-width: 1024px) 100vw, 1024px\" \/><figcaption class=\"wp-element-caption\">3BCaller OOP<\/figcaption><\/figure>\n\n\n\n<figure class=\"wp-block-image size-large\"><img loading=\"lazy\" decoding=\"async\" width=\"808\" height=\"1024\" data-id=\"5295\" src=\"https:\/\/hand2noteguide.com\/wp-content\/uploads\/2021\/08\/11-1-808x1024.png\" alt=\"\" class=\"wp-image-5295\" srcset=\"https:\/\/hand2noteguide.com\/wp-content\/uploads\/2021\/08\/11-1-808x1024.png 808w, https:\/\/hand2noteguide.com\/wp-content\/uploads\/2021\/08\/11-1-237x300.png 237w, https:\/\/hand2noteguide.com\/wp-content\/uploads\/2021\/08\/11-1-768x973.png 768w, https:\/\/hand2noteguide.com\/wp-content\/uploads\/2021\/08\/11-1-772x978.png 772w, https:\/\/hand2noteguide.com\/wp-content\/uploads\/2021\/08\/11-1-493x624.png 493w, https:\/\/hand2noteguide.com\/wp-content\/uploads\/2021\/08\/11-1.png 975w\" sizes=\"auto, (max-width: 808px) 100vw, 808px\" \/><figcaption class=\"wp-element-caption\">3BCaller IP<\/figcaption><\/figure>\n<\/figure>\n","protected":false},"excerpt":{"rendered":"<p>Vous avez pass\u00e9 des heures \u00e0 analyser vos adversaires, mais vous voulez les d\u00e9composer en facteurs premiers &#8211; voici un produit fait pour vous. En utilisant TANK MDA, vous analyserez chaque ligne postflop en tenant compte des sizings au Flop \/ Turn \/ River. Vous saurez quand utiliser quel sizing pour maximiser l&#8217;\u00e9quit\u00e9 de fold. &hellip; <a href=\"https:\/\/hand2noteguide.com\/fr\/hud-store\/tank-mda\/\" class=\"more-link\">Continue reading <span class=\"screen-reader-text\">TANK MDA<\/span><\/a><\/p>\n","protected":false},"author":1,"featured_media":0,"parent":4640,"menu_order":0,"comment_status":"closed","ping_status":"closed","template":"page-templates\/full-width-page.php","meta":{"footnotes":""},"class_list":["post-5250","page","type-page","status-publish","hentry"],"translation":{"provider":"WPGlobus","version":"3.0.2","language":"fr","enabled_languages":["en","ru","pt","zh","es","fr","de","it","ja"],"languages":{"en":{"title":true,"content":true,"excerpt":false},"ru":{"title":true,"content":false,"excerpt":false},"pt":{"title":true,"content":true,"excerpt":false},"zh":{"title":true,"content":true,"excerpt":false},"es":{"title":true,"content":true,"excerpt":false},"fr":{"title":true,"content":true,"excerpt":false},"de":{"title":true,"content":true,"excerpt":false},"it":{"title":true,"content":true,"excerpt":false},"ja":{"title":true,"content":true,"excerpt":false}}},"yoast_head":"<!-- This site is optimized with the Yoast SEO plugin v27.0 - https:\/\/yoast.com\/product\/yoast-seo-wordpress\/ -->\n<title>TANK MDA \u2013 Boutique de Poker HUD Hand2Note<\/title>\n<meta name=\"description\" content=\"Analysez les strat\u00e9gies de poker avec TANK MDA. Optimisez vos d\u00e9cisions postflop en comprenant les sizings au Flop, Turn et River pour maximiser votre avantage.\" \/>\n<meta name=\"robots\" content=\"index, follow, max-snippet:-1, max-image-preview:large, max-video-preview:-1\" \/>\n<link rel=\"canonical\" href=\"https:\/\/hand2noteguide.com\/hud-store\/tank-mda\/\" \/>\n<meta property=\"og:locale\" content=\"fr_FR\" \/>\n<meta property=\"og:type\" content=\"article\" \/>\n<meta property=\"og:title\" content=\"TANK MDA \u2013 Boutique de Poker HUD Hand2Note\" \/>\n<meta property=\"og:description\" content=\"Analysez les strat\u00e9gies de poker avec TANK MDA. Optimisez vos d\u00e9cisions postflop en comprenant les sizings au Flop, Turn et River pour maximiser votre avantage.\" \/>\n<meta property=\"og:url\" content=\"https:\/\/hand2noteguide.com\/hud-store\/tank-mda\/\" \/>\n<meta property=\"og:site_name\" content=\"Hand2Note Guide\" \/>\n<meta property=\"article:modified_time\" content=\"2025-06-04T13:03:38+00:00\" \/>\n<meta property=\"og:image\" content=\"https:\/\/hand2noteguide.com\/wp-content\/uploads\/2021\/08\/1-1-1024x572.png\" \/>\n<meta name=\"twitter:card\" content=\"summary_large_image\" \/>\n<meta name=\"twitter:label1\" content=\"Est. reading time\" \/>\n\t<meta name=\"twitter:data1\" content=\"4 minutes\" \/>\n<!-- \/ Yoast SEO plugin. -->","yoast_head_json":{"title":"TANK MDA \u2013 Boutique de Poker HUD Hand2Note","description":"Analysez les strat\u00e9gies de poker avec TANK MDA. Optimisez vos d\u00e9cisions postflop en comprenant les sizings au Flop, Turn et River pour maximiser votre avantage.","robots":{"index":"index","follow":"follow","max-snippet":"max-snippet:-1","max-image-preview":"max-image-preview:large","max-video-preview":"max-video-preview:-1"},"canonical":"https:\/\/hand2noteguide.com\/hud-store\/tank-mda\/","og_locale":"fr_FR","og_type":"article","og_title":"TANK MDA \u2013 Boutique de Poker HUD Hand2Note","og_description":"Analysez les strat\u00e9gies de poker avec TANK MDA. Optimisez vos d\u00e9cisions postflop en comprenant les sizings au Flop, Turn et River pour maximiser votre avantage.","og_url":"https:\/\/hand2noteguide.com\/hud-store\/tank-mda\/","og_site_name":"Hand2Note Guide","article_modified_time":"2025-06-04T13:03:38+00:00","og_image":[{"url":"https:\/\/hand2noteguide.com\/wp-content\/uploads\/2021\/08\/1-1-1024x572.png","type":"","width":"","height":""}],"twitter_card":"summary_large_image","twitter_misc":{"Est. reading time":"4 minutes"},"schema":{"@context":"https:\/\/schema.org","@graph":[]}},"jetpack_sharing_enabled":true,"_links":{"self":[{"href":"https:\/\/hand2noteguide.com\/fr\/wp-json\/wp\/v2\/pages\/5250","targetHints":{"allow":["GET"]}}],"collection":[{"href":"https:\/\/hand2noteguide.com\/fr\/wp-json\/wp\/v2\/pages"}],"about":[{"href":"https:\/\/hand2noteguide.com\/fr\/wp-json\/wp\/v2\/types\/page"}],"author":[{"embeddable":true,"href":"https:\/\/hand2noteguide.com\/fr\/wp-json\/wp\/v2\/users\/1"}],"replies":[{"embeddable":true,"href":"https:\/\/hand2noteguide.com\/fr\/wp-json\/wp\/v2\/comments?post=5250"}],"version-history":[{"count":13,"href":"https:\/\/hand2noteguide.com\/fr\/wp-json\/wp\/v2\/pages\/5250\/revisions"}],"predecessor-version":[{"id":13462,"href":"https:\/\/hand2noteguide.com\/fr\/wp-json\/wp\/v2\/pages\/5250\/revisions\/13462"}],"up":[{"embeddable":true,"href":"https:\/\/hand2noteguide.com\/fr\/wp-json\/wp\/v2\/pages\/4640"}],"wp:attachment":[{"href":"https:\/\/hand2noteguide.com\/fr\/wp-json\/wp\/v2\/media?parent=5250"}],"curies":[{"name":"wp","href":"https:\/\/api.w.org\/{rel}","templated":true}]}}