{"id":548,"date":"2018-11-07T14:55:48","date_gmt":"2018-11-07T11:55:48","guid":{"rendered":"https:\/\/h2n312.wordpress.com\/?page_id=548"},"modified":"2025-06-04T17:51:25","modified_gmt":"2025-06-04T14:51:25","slug":"simple","status":"publish","type":"page","link":"https:\/\/hand2noteguide.com\/fr\/guide\/creating-stats\/simple\/","title":{"rendered":"Statistiques simples"},"content":{"rendered":"\n<p>Une statistique simple est une statistique dont la valeur repr\u00e9sente la fr\u00e9quence \u00e0 laquelle un joueur effectue une certaine action. Par exemple, relancer preflop ou faire des mises de continuation.<\/p>\n\n\n\n<p>Pour cr\u00e9er une statistique simple, il vous suffit de simuler une action dont vous souhaitez voir la fr\u00e9quence dans le <a href=\"https:\/\/hand2noteguide.com\/fr\/guide\/hud\/\">HUD<\/a>. Par exemple, pour cr\u00e9er une statistique &#8220;Open Raise&#8221;, il suffit d&#8217;ajouter l&#8217;action &#8220;Player Raise&#8221; et d&#8217;y assigner le filtre &#8220;First not fold action on the street&#8221; pour exclure les situations o\u00f9 d&#8217;autres joueurs avaient d\u00e9j\u00e0 investi de l&#8217;argent dans le pot avant le joueur.<\/p>\n\n\n\n<figure class=\"wp-block-image\"><img loading=\"lazy\" decoding=\"async\" width=\"1307\" height=\"571\" src=\"https:\/\/hand2noteguide.com\/wp-content\/uploads\/2019\/05\/hand2note-create-open-raise-stat.png\" alt=\"hand2note-create-open-raise-stat\" class=\"wp-image-808\" srcset=\"https:\/\/hand2noteguide.com\/wp-content\/uploads\/2019\/05\/hand2note-create-open-raise-stat.png 1307w, https:\/\/hand2noteguide.com\/wp-content\/uploads\/2019\/05\/hand2note-create-open-raise-stat-300x131.png 300w, https:\/\/hand2noteguide.com\/wp-content\/uploads\/2019\/05\/hand2note-create-open-raise-stat-768x336.png 768w, https:\/\/hand2noteguide.com\/wp-content\/uploads\/2019\/05\/hand2note-create-open-raise-stat-1024x447.png 1024w, https:\/\/hand2noteguide.com\/wp-content\/uploads\/2019\/05\/hand2note-create-open-raise-stat-772x337.png 772w, https:\/\/hand2noteguide.com\/wp-content\/uploads\/2019\/05\/hand2note-create-open-raise-stat-624x273.png 624w\" sizes=\"auto, (max-width: 1307px) 100vw, 1307px\" \/><\/figure>\n\n\n\n<p>La statistique Open Raise est d\u00e9j\u00e0 pr\u00e9sente dans le programme par d\u00e9faut, elle s&#8217;appelle <em>Open Raise [Total]<\/em>. Pour trouver les statistiques d\u00e9j\u00e0 disponibles, vous pouvez utiliser la barre de recherche.<\/p>\n\n\n\n<p>Pour cr\u00e9er une statistique <em>Open Raise BTN<\/em>, vous devez \u00e9galement assigner une position au joueur. Cela peut \u00eatre fait soit en s\u00e9lectionnant la position souhait\u00e9e pour l&#8217;action, soit s\u00e9par\u00e9ment dans l&#8217;onglet &#8220;Preflop&#8221; :<\/p>\n\n\n\n<figure class=\"wp-block-image\"><img loading=\"lazy\" decoding=\"async\" width=\"1343\" height=\"576\" src=\"https:\/\/hand2noteguide.com\/wp-content\/uploads\/2019\/05\/hand2note-open-raise-btn.png\" alt=\"hand2note open raise btn\" class=\"wp-image-811\" srcset=\"https:\/\/hand2noteguide.com\/wp-content\/uploads\/2019\/05\/hand2note-open-raise-btn.png 1343w, https:\/\/hand2noteguide.com\/wp-content\/uploads\/2019\/05\/hand2note-open-raise-btn-300x129.png 300w, https:\/\/hand2noteguide.com\/wp-content\/uploads\/2019\/05\/hand2note-open-raise-btn-768x329.png 768w, https:\/\/hand2noteguide.com\/wp-content\/uploads\/2019\/05\/hand2note-open-raise-btn-1024x439.png 1024w, https:\/\/hand2noteguide.com\/wp-content\/uploads\/2019\/05\/hand2note-open-raise-btn-772x331.png 772w, https:\/\/hand2noteguide.com\/wp-content\/uploads\/2019\/05\/hand2note-open-raise-btn-624x268.png 624w\" sizes=\"auto, (max-width: 1343px) 100vw, 1343px\" \/><\/figure>\n\n\n\n<p>ou<\/p>\n\n\n\n<figure class=\"wp-block-image\"><img loading=\"lazy\" decoding=\"async\" width=\"1494\" height=\"827\" src=\"https:\/\/hand2noteguide.com\/wp-content\/uploads\/2019\/05\/hand2note-create-stat-set-position.png\" alt=\"hand2note create stat set position\" class=\"wp-image-812\" srcset=\"https:\/\/hand2noteguide.com\/wp-content\/uploads\/2019\/05\/hand2note-create-stat-set-position.png 1494w, https:\/\/hand2noteguide.com\/wp-content\/uploads\/2019\/05\/hand2note-create-stat-set-position-300x166.png 300w, https:\/\/hand2noteguide.com\/wp-content\/uploads\/2019\/05\/hand2note-create-stat-set-position-768x425.png 768w, https:\/\/hand2noteguide.com\/wp-content\/uploads\/2019\/05\/hand2note-create-stat-set-position-1024x567.png 1024w, https:\/\/hand2noteguide.com\/wp-content\/uploads\/2019\/05\/hand2note-create-stat-set-position-772x427.png 772w, https:\/\/hand2noteguide.com\/wp-content\/uploads\/2019\/05\/hand2note-create-stat-set-position-624x345.png 624w\" sizes=\"auto, (max-width: 1494px) 100vw, 1494px\" \/><\/figure>\n","protected":false},"excerpt":{"rendered":"<p>Une statistique simple est une statistique dont la valeur repr\u00e9sente la fr\u00e9quence \u00e0 laquelle un joueur effectue une certaine action. Par exemple, relancer preflop ou faire des mises de continuation. Pour cr\u00e9er une statistique simple, il vous suffit de simuler une action dont vous souhaitez voir la fr\u00e9quence dans le HUD. Par exemple, pour cr\u00e9er &hellip; <a href=\"https:\/\/hand2noteguide.com\/fr\/guide\/creating-stats\/simple\/\" class=\"more-link\">Continue reading <span class=\"screen-reader-text\">Statistiques simples<\/span><\/a><\/p>\n","protected":false},"author":1,"featured_media":0,"parent":468,"menu_order":1,"comment_status":"closed","ping_status":"closed","template":"page-templates\/full-width-page.php","meta":{"footnotes":""},"class_list":["post-548","page","type-page","status-publish","hentry"],"translation":{"provider":"WPGlobus","version":"3.0.2","language":"fr","enabled_languages":["en","ru","pt","zh","es","fr","de","it","ja"],"languages":{"en":{"title":true,"content":true,"excerpt":false},"ru":{"title":true,"content":true,"excerpt":false},"pt":{"title":true,"content":true,"excerpt":false},"zh":{"title":true,"content":true,"excerpt":false},"es":{"title":true,"content":true,"excerpt":false},"fr":{"title":true,"content":true,"excerpt":false},"de":{"title":true,"content":true,"excerpt":false},"it":{"title":true,"content":true,"excerpt":false},"ja":{"title":true,"content":true,"excerpt":false}}},"yoast_head":"<!-- This site is optimized with the Yoast SEO plugin v27.0 - https:\/\/yoast.com\/product\/yoast-seo-wordpress\/ -->\n<title>Statistiques Simples dans Hand2Note 3<\/title>\n<meta name=\"description\" content=\"Apprenez \u00e0 cr\u00e9er des statistiques de poker simples dans le HUD de Hand2Note. D\u00e9couvrez comment suivre efficacement les actions des joueurs comme les open raises et les mises de continuation.\" \/>\n<meta name=\"robots\" content=\"index, follow, max-snippet:-1, max-image-preview:large, max-video-preview:-1\" \/>\n<link rel=\"canonical\" href=\"https:\/\/hand2noteguide.com\/guide\/creating-stats\/simple\/\" \/>\n<meta property=\"og:locale\" content=\"fr_FR\" \/>\n<meta property=\"og:type\" content=\"article\" \/>\n<meta property=\"og:title\" content=\"Statistiques Simples dans Hand2Note 3\" \/>\n<meta property=\"og:description\" content=\"Apprenez \u00e0 cr\u00e9er des statistiques de poker simples dans le HUD de Hand2Note. D\u00e9couvrez comment suivre efficacement les actions des joueurs comme les open raises et les mises de continuation.\" \/>\n<meta property=\"og:url\" content=\"https:\/\/hand2noteguide.com\/guide\/creating-stats\/simple\/\" \/>\n<meta property=\"og:site_name\" content=\"Hand2Note Guide\" \/>\n<meta property=\"article:modified_time\" content=\"2025-06-04T14:51:25+00:00\" \/>\n<meta property=\"og:image\" content=\"https:\/\/hand2noteguide.com\/wp-content\/uploads\/2019\/05\/hand2note-create-open-raise-stat.png\" \/>\n<meta name=\"twitter:card\" content=\"summary_large_image\" \/>\n<meta name=\"twitter:label1\" content=\"Est. reading time\" \/>\n\t<meta name=\"twitter:data1\" content=\"5 minutes\" \/>\n<!-- \/ Yoast SEO plugin. -->","yoast_head_json":{"title":"Statistiques Simples dans Hand2Note 3","description":"Apprenez \u00e0 cr\u00e9er des statistiques de poker simples dans le HUD de Hand2Note. D\u00e9couvrez comment suivre efficacement les actions des joueurs comme les open raises et les mises de continuation.","robots":{"index":"index","follow":"follow","max-snippet":"max-snippet:-1","max-image-preview":"max-image-preview:large","max-video-preview":"max-video-preview:-1"},"canonical":"https:\/\/hand2noteguide.com\/guide\/creating-stats\/simple\/","og_locale":"fr_FR","og_type":"article","og_title":"Statistiques Simples dans Hand2Note 3","og_description":"Apprenez \u00e0 cr\u00e9er des statistiques de poker simples dans le HUD de Hand2Note. D\u00e9couvrez comment suivre efficacement les actions des joueurs comme les open raises et les mises de continuation.","og_url":"https:\/\/hand2noteguide.com\/guide\/creating-stats\/simple\/","og_site_name":"Hand2Note Guide","article_modified_time":"2025-06-04T14:51:25+00:00","og_image":[{"url":"https:\/\/hand2noteguide.com\/wp-content\/uploads\/2019\/05\/hand2note-create-open-raise-stat.png","type":"","width":"","height":""}],"twitter_card":"summary_large_image","twitter_misc":{"Est. reading time":"5 minutes"},"schema":{"@context":"https:\/\/schema.org","@graph":[]}},"jetpack_sharing_enabled":false,"_links":{"self":[{"href":"https:\/\/hand2noteguide.com\/fr\/wp-json\/wp\/v2\/pages\/548","targetHints":{"allow":["GET"]}}],"collection":[{"href":"https:\/\/hand2noteguide.com\/fr\/wp-json\/wp\/v2\/pages"}],"about":[{"href":"https:\/\/hand2noteguide.com\/fr\/wp-json\/wp\/v2\/types\/page"}],"author":[{"embeddable":true,"href":"https:\/\/hand2noteguide.com\/fr\/wp-json\/wp\/v2\/users\/1"}],"replies":[{"embeddable":true,"href":"https:\/\/hand2noteguide.com\/fr\/wp-json\/wp\/v2\/comments?post=548"}],"version-history":[{"count":17,"href":"https:\/\/hand2noteguide.com\/fr\/wp-json\/wp\/v2\/pages\/548\/revisions"}],"predecessor-version":[{"id":13521,"href":"https:\/\/hand2noteguide.com\/fr\/wp-json\/wp\/v2\/pages\/548\/revisions\/13521"}],"up":[{"embeddable":true,"href":"https:\/\/hand2noteguide.com\/fr\/wp-json\/wp\/v2\/pages\/468"}],"wp:attachment":[{"href":"https:\/\/hand2noteguide.com\/fr\/wp-json\/wp\/v2\/media?parent=548"}],"curies":[{"name":"wp","href":"https:\/\/api.w.org\/{rel}","templated":true}]}}