{"id":555,"date":"2018-11-07T15:03:18","date_gmt":"2018-11-07T12:03:18","guid":{"rendered":"https:\/\/h2n312.wordpress.com\/?page_id=555"},"modified":"2025-06-04T17:50:35","modified_gmt":"2025-06-04T14:50:35","slug":"expression","status":"publish","type":"page","link":"https:\/\/hand2noteguide.com\/fr\/guide\/creating-stats\/expression\/","title":{"rendered":"Statistiques d&#8217;expression"},"content":{"rendered":"<p><a href=\"http:\/\/www.hand2note.com\/Help\/Index\/ExpressionStats\" target=\"_blank\" rel=\"noopener noreferrer\">Les statistiques d&#8217;expression<\/a> sont essentiellement des formules math\u00e9matiques compos\u00e9es de <a href=\"https:\/\/hand2noteguide.com\/fr\/guide\/creating-stats\/simple\/\">statistiques simples<\/a>. Par cons\u00e9quent, pour cr\u00e9er une telle statistique, vous devez simplement sp\u00e9cifier la formule souhait\u00e9e. <a href=\"http:\/\/www.hand2note.com\/Help\/Index\/ExpressionSyntax\" target=\"_blank\" rel=\"noopener noreferrer\">La syntaxe des expressions<\/a>&nbsp;est d\u00e9crite dans le manuel sur le site officiel.<\/p>\n<h2><strong>Exemples<\/strong><\/h2>\n<p>Le nom de la statistique dans Hand2Note est sp\u00e9cifi\u00e9 entre parenth\u00e8ses, s&#8217;il existe dans le programme apr\u00e8s l&#8217;installation par d\u00e9faut.<\/p>\n<ul>\n<li>WTSD (<em>Went to Showdown<\/em>)<br \/>\n<blockquote style=\"margin-top: 15px\"><p>WentToSDCases(Flop Any Action) \/ Cases(Flop Any Action) * 100<\/p><\/blockquote>\n<p>Flop Any Action est une statistique simple sp\u00e9cialement cr\u00e9\u00e9e qui n&#8217;a pas de sens en elle-m\u00eame. Elle d\u00e9crit les situations o\u00f9 l&#8217;adversaire effectue une action quelconque sur le flop. Une telle statistique aura toujours une valeur de 100, mais une statistique d&#8217;expression <em>Cases(Flop Any Action)<\/em> signifiera le nombre de mains dans lesquelles le joueur a vu le flop, et <em>WentToSDCases(Flop Any Action) &#8211; <\/em>le nombre de mains dans lesquelles l&#8217;adversaire est all\u00e9 au showdown apr\u00e8s avoir vu le flop. Les statistiques Any Action pour chaque rue sont dans le programme par d\u00e9faut.<\/li>\n<li>W$SD (<em>Won at Showdown<\/em>)<br \/>\n<blockquote style=\"margin-top: 15px\"><p>WonHandAtSDCases(preflop any action) \/ WentToSDCases(preflop any action) * 100<\/p><\/blockquote>\n<\/li>\n<li>WWSF (<em>Won When Seen Flop<\/em>)<br \/>\n<blockquote style=\"margin-top: 15px\"><p>WonHandCases(flop any action) \/ Cases(flop any action) * 100<\/p><\/blockquote>\n<\/li>\n<li>AFq Flop (<em>Aggression Frequency Flop<\/em>)<br \/>\n<blockquote style=\"margin-top: 15px\"><p>Cases(Flop Raise or Bet)\/Cases(Flop Any Action) * 100<\/p><\/blockquote>\n<\/li>\n<li>AF Flop (<em>Aggression Flop<\/em>)<br \/>\n<blockquote style=\"margin-top: 15px\"><p>(Cases(Bet Flop) + Cases(Raise Flop)) \/ (Cases(Call Flop))<\/p><\/blockquote>\n<\/li>\n<li>4Bet Range (<em>4Bet Range<\/em>)<br \/>\n<blockquote style=\"margin-top: 15px\"><p>Value(Open Raise) * Value(4Bet) \/ 100<\/p><\/blockquote>\n<\/li>\n<\/ul>\n<p>Voir aussi :<\/p>\n<ul>\n<li><a href=\"https:\/\/hand2noteguide.com\/fr\/guide\/hud\/add-aggression-wtsd\/\">Comment ins\u00e9rer les statistiques d&#8217;agression et de showdown dans le HUD<\/a><\/li>\n<\/ul>\n","protected":false},"excerpt":{"rendered":"<p>Les statistiques d&#8217;expression sont essentiellement des formules math\u00e9matiques compos\u00e9es de statistiques simples. Par cons\u00e9quent, pour cr\u00e9er une telle statistique, vous devez simplement sp\u00e9cifier la formule souhait\u00e9e. La syntaxe des expressions&nbsp;est d\u00e9crite dans le manuel sur le site officiel. Exemples Le nom de la statistique dans Hand2Note est sp\u00e9cifi\u00e9 entre parenth\u00e8ses, s&#8217;il existe dans le programme &hellip; <a href=\"https:\/\/hand2noteguide.com\/fr\/guide\/creating-stats\/expression\/\" class=\"more-link\">Continue reading <span class=\"screen-reader-text\">Statistiques d&#8217;expression<\/span><\/a><\/p>\n","protected":false},"author":1,"featured_media":0,"parent":468,"menu_order":2,"comment_status":"closed","ping_status":"closed","template":"page-templates\/full-width-page.php","meta":{"footnotes":""},"class_list":["post-555","page","type-page","status-publish","hentry"],"translation":{"provider":"WPGlobus","version":"3.0.2","language":"fr","enabled_languages":["en","ru","pt","zh","es","fr","de","it","ja"],"languages":{"en":{"title":true,"content":true,"excerpt":false},"ru":{"title":true,"content":true,"excerpt":false},"pt":{"title":true,"content":true,"excerpt":false},"zh":{"title":true,"content":true,"excerpt":false},"es":{"title":true,"content":true,"excerpt":false},"fr":{"title":true,"content":true,"excerpt":false},"de":{"title":true,"content":true,"excerpt":false},"it":{"title":true,"content":true,"excerpt":false},"ja":{"title":true,"content":true,"excerpt":false}}},"yoast_head":"<!-- This site is optimized with the Yoast SEO plugin v27.0 - https:\/\/yoast.com\/product\/yoast-seo-wordpress\/ -->\n<title>Statistiques d&#039;expression dans Hand2Note 3<\/title>\n<meta name=\"description\" content=\"Apprenez \u00e0 cr\u00e9er et utiliser des statistiques d&#039;expression dans Hand2Note. Ce guide fournit des exemples et des conseils pour am\u00e9liorer efficacement votre strat\u00e9gie de poker.\" \/>\n<meta name=\"robots\" content=\"index, follow, max-snippet:-1, max-image-preview:large, max-video-preview:-1\" \/>\n<link rel=\"canonical\" href=\"https:\/\/hand2noteguide.com\/guide\/creating-stats\/expression\/\" \/>\n<meta property=\"og:locale\" content=\"fr_FR\" \/>\n<meta property=\"og:type\" content=\"article\" \/>\n<meta property=\"og:title\" content=\"Statistiques d&#039;expression dans Hand2Note 3\" \/>\n<meta property=\"og:description\" content=\"Apprenez \u00e0 cr\u00e9er et utiliser des statistiques d&#039;expression dans Hand2Note. Ce guide fournit des exemples et des conseils pour am\u00e9liorer efficacement votre strat\u00e9gie de poker.\" \/>\n<meta property=\"og:url\" content=\"https:\/\/hand2noteguide.com\/guide\/creating-stats\/expression\/\" \/>\n<meta property=\"og:site_name\" content=\"Hand2Note Guide\" \/>\n<meta property=\"article:modified_time\" content=\"2025-06-04T14:50:35+00:00\" \/>\n<meta name=\"twitter:card\" content=\"summary_large_image\" \/>\n<meta name=\"twitter:label1\" content=\"Est. reading time\" \/>\n\t<meta name=\"twitter:data1\" content=\"9 minutes\" \/>\n<!-- \/ Yoast SEO plugin. -->","yoast_head_json":{"title":"Statistiques d'expression dans Hand2Note 3","description":"Apprenez \u00e0 cr\u00e9er et utiliser des statistiques d'expression dans Hand2Note. Ce guide fournit des exemples et des conseils pour am\u00e9liorer efficacement votre strat\u00e9gie de poker.","robots":{"index":"index","follow":"follow","max-snippet":"max-snippet:-1","max-image-preview":"max-image-preview:large","max-video-preview":"max-video-preview:-1"},"canonical":"https:\/\/hand2noteguide.com\/guide\/creating-stats\/expression\/","og_locale":"fr_FR","og_type":"article","og_title":"Statistiques d'expression dans Hand2Note 3","og_description":"Apprenez \u00e0 cr\u00e9er et utiliser des statistiques d'expression dans Hand2Note. Ce guide fournit des exemples et des conseils pour am\u00e9liorer efficacement votre strat\u00e9gie de poker.","og_url":"https:\/\/hand2noteguide.com\/guide\/creating-stats\/expression\/","og_site_name":"Hand2Note Guide","article_modified_time":"2025-06-04T14:50:35+00:00","twitter_card":"summary_large_image","twitter_misc":{"Est. reading time":"9 minutes"},"schema":{"@context":"https:\/\/schema.org","@graph":[]}},"jetpack_sharing_enabled":false,"_links":{"self":[{"href":"https:\/\/hand2noteguide.com\/fr\/wp-json\/wp\/v2\/pages\/555","targetHints":{"allow":["GET"]}}],"collection":[{"href":"https:\/\/hand2noteguide.com\/fr\/wp-json\/wp\/v2\/pages"}],"about":[{"href":"https:\/\/hand2noteguide.com\/fr\/wp-json\/wp\/v2\/types\/page"}],"author":[{"embeddable":true,"href":"https:\/\/hand2noteguide.com\/fr\/wp-json\/wp\/v2\/users\/1"}],"replies":[{"embeddable":true,"href":"https:\/\/hand2noteguide.com\/fr\/wp-json\/wp\/v2\/comments?post=555"}],"version-history":[{"count":18,"href":"https:\/\/hand2noteguide.com\/fr\/wp-json\/wp\/v2\/pages\/555\/revisions"}],"predecessor-version":[{"id":13520,"href":"https:\/\/hand2noteguide.com\/fr\/wp-json\/wp\/v2\/pages\/555\/revisions\/13520"}],"up":[{"embeddable":true,"href":"https:\/\/hand2noteguide.com\/fr\/wp-json\/wp\/v2\/pages\/468"}],"wp:attachment":[{"href":"https:\/\/hand2noteguide.com\/fr\/wp-json\/wp\/v2\/media?parent=555"}],"curies":[{"name":"wp","href":"https:\/\/api.w.org\/{rel}","templated":true}]}}