{"id":5716,"date":"2022-04-08T16:06:48","date_gmt":"2022-04-08T13:06:48","guid":{"rendered":"http:\/\/hand2noteguide.com\/?page_id=5716"},"modified":"2025-06-04T15:50:40","modified_gmt":"2025-06-04T12:50:40","slug":"merging-txt-hand-history-files-into-one","status":"publish","type":"page","link":"https:\/\/hand2noteguide.com\/fr\/ggpoker-hh\/merging-txt-hand-history-files-into-one\/","title":{"rendered":"Fusionner tous les historiques de mains en un seul fichier"},"content":{"rendered":"\n<ol class=\"wp-block-list\"><li><a href=\"https:\/\/hand2noteguide.com\/wp-content\/uploads\/2022\/04\/TXTcollector.zip\"><strong>T\u00e9l\u00e9chargez TXTcollector<\/strong><\/a>. C&#8217;est un logiciel l\u00e9ger qui fusionnera rapidement de nombreux fichiers .txt en un seul.<\/li><li><strong>Ex\u00e9cutez setup.exe<\/strong> et suivez les \u00e9tapes d&#8217;installation.<\/li><\/ol>\n\n\n\n<figure class=\"wp-block-image size-large is-resized\"><img loading=\"lazy\" decoding=\"async\" src=\"https:\/\/hand2noteguide.com\/wp-content\/uploads\/2022\/04\/image-1.png\" alt=\"\" class=\"wp-image-5719\" width=\"499\" height=\"371\" srcset=\"https:\/\/hand2noteguide.com\/wp-content\/uploads\/2022\/04\/image-1.png 997w, https:\/\/hand2noteguide.com\/wp-content\/uploads\/2022\/04\/image-1-300x223.png 300w, https:\/\/hand2noteguide.com\/wp-content\/uploads\/2022\/04\/image-1-768x571.png 768w, https:\/\/hand2noteguide.com\/wp-content\/uploads\/2022\/04\/image-1-772x574.png 772w, https:\/\/hand2noteguide.com\/wp-content\/uploads\/2022\/04\/image-1-624x464.png 624w\" sizes=\"auto, (max-width: 499px) 100vw, 499px\" \/><\/figure>\n\n\n\n<p>3.<strong> Ex\u00e9cutez TXTCollector<\/strong> depuis votre bureau<\/p>\n\n\n\n<figure class=\"wp-block-image size-large is-resized\"><img loading=\"lazy\" decoding=\"async\" src=\"https:\/\/hand2noteguide.com\/wp-content\/uploads\/2022\/04\/image-2.png\" alt=\"\" class=\"wp-image-5720\" width=\"140\" height=\"118\" \/><\/figure>\n\n\n\n<p>4. Cliquez sur <strong>Parcourir les dossiers<\/strong> et s\u00e9lectionnez votre dossier contenant les historiques de mains. Vous pouvez \u00e9galement cocher l&#8217;option &#8220;Inclure les sous-dossiers&#8221; pour que le TXTcollector d\u00e9tecte les fichiers .txt dans les sous-dossiers \u00e9galement.<\/p>\n\n\n\n<figure class=\"wp-block-image size-large is-resized\"><img loading=\"lazy\" decoding=\"async\" src=\"https:\/\/hand2noteguide.com\/wp-content\/uploads\/2022\/04\/image-3.png\" alt=\"\" class=\"wp-image-5721\" width=\"482\" height=\"510\" srcset=\"https:\/\/hand2noteguide.com\/wp-content\/uploads\/2022\/04\/image-3.png 964w, https:\/\/hand2noteguide.com\/wp-content\/uploads\/2022\/04\/image-3-284x300.png 284w, https:\/\/hand2noteguide.com\/wp-content\/uploads\/2022\/04\/image-3-768x813.png 768w, https:\/\/hand2noteguide.com\/wp-content\/uploads\/2022\/04\/image-3-772x817.png 772w, https:\/\/hand2noteguide.com\/wp-content\/uploads\/2022\/04\/image-3-590x624.png 590w\" sizes=\"auto, (max-width: 482px) 100vw, 482px\" \/><\/figure>\n\n\n\n<p>5. Cliquez sur <strong>Combiner tous les fichiers<\/strong>.<\/p>\n\n\n\n<figure class=\"wp-block-image size-large is-resized\"><img loading=\"lazy\" decoding=\"async\" src=\"https:\/\/hand2noteguide.com\/wp-content\/uploads\/2022\/04\/image-5.png\" alt=\"\" class=\"wp-image-5723\" width=\"264\" height=\"377\" srcset=\"https:\/\/hand2noteguide.com\/wp-content\/uploads\/2022\/04\/image-5.png 527w, https:\/\/hand2noteguide.com\/wp-content\/uploads\/2022\/04\/image-5-210x300.png 210w, https:\/\/hand2noteguide.com\/wp-content\/uploads\/2022\/04\/image-5-436x624.png 436w\" sizes=\"auto, (max-width: 264px) 100vw, 264px\" \/><\/figure>\n\n\n\n<p>6. Une fois le processus termin\u00e9, cliquez sur <strong>OK<\/strong> dans la fen\u00eatre popup et enregistrez le fichier <strong>combined.txt<\/strong> \u00e0 un endroit pratique. Vous pouvez \u00e9galement renommer le fichier si vous le souhaitez.<\/p>\n\n\n\n<figure class=\"wp-block-image size-large is-resized\"><img loading=\"lazy\" decoding=\"async\" src=\"https:\/\/hand2noteguide.com\/wp-content\/uploads\/2022\/04\/image-6-1024x638.png\" alt=\"\" class=\"wp-image-5724\" width=\"512\" height=\"319\" srcset=\"https:\/\/hand2noteguide.com\/wp-content\/uploads\/2022\/04\/image-6-1024x638.png 1024w, https:\/\/hand2noteguide.com\/wp-content\/uploads\/2022\/04\/image-6-300x187.png 300w, https:\/\/hand2noteguide.com\/wp-content\/uploads\/2022\/04\/image-6-768x479.png 768w, https:\/\/hand2noteguide.com\/wp-content\/uploads\/2022\/04\/image-6-772x481.png 772w, https:\/\/hand2noteguide.com\/wp-content\/uploads\/2022\/04\/image-6-624x389.png 624w, https:\/\/hand2noteguide.com\/wp-content\/uploads\/2022\/04\/image-6.png 1506w\" sizes=\"auto, (max-width: 512px) 100vw, 512px\" \/><\/figure>\n\n\n\n<p>7. C&#8217;est tout ! Le nouveau fichier contient tous les historiques de mains et vous pouvez l&#8217;utiliser sur la <a href=\"https:\/\/hand2noteguide.com\/fr\/ggpoker-hh\/\">page de conversion<\/a>.<\/p>\n","protected":false},"excerpt":{"rendered":"<p>T\u00e9l\u00e9chargez TXTcollector. C&#8217;est un logiciel l\u00e9ger qui fusionnera rapidement de nombreux fichiers .txt en un seul. Ex\u00e9cutez setup.exe et suivez les \u00e9tapes d&#8217;installation. 3. Ex\u00e9cutez TXTCollector depuis votre bureau 4. Cliquez sur Parcourir les dossiers et s\u00e9lectionnez votre dossier contenant les historiques de mains. Vous pouvez \u00e9galement cocher l&#8217;option &#8220;Inclure les sous-dossiers&#8221; pour que le &hellip; <a href=\"https:\/\/hand2noteguide.com\/fr\/ggpoker-hh\/merging-txt-hand-history-files-into-one\/\" class=\"more-link\">Continue reading <span class=\"screen-reader-text\">Fusionner tous les historiques de mains en un seul fichier<\/span><\/a><\/p>\n","protected":false},"author":1,"featured_media":0,"parent":4885,"menu_order":0,"comment_status":"closed","ping_status":"closed","template":"page-templates\/full-width-page.php","meta":{"footnotes":""},"class_list":["post-5716","page","type-page","status-publish","hentry"],"translation":{"provider":"WPGlobus","version":"3.0.2","language":"fr","enabled_languages":["en","ru","pt","zh","es","fr","de","it","ja"],"languages":{"en":{"title":true,"content":true,"excerpt":false},"ru":{"title":true,"content":true,"excerpt":false},"pt":{"title":true,"content":true,"excerpt":false},"zh":{"title":true,"content":true,"excerpt":false},"es":{"title":true,"content":true,"excerpt":false},"fr":{"title":true,"content":true,"excerpt":false},"de":{"title":true,"content":true,"excerpt":false},"it":{"title":true,"content":true,"excerpt":false},"ja":{"title":true,"content":true,"excerpt":false}}},"yoast_head":"<!-- This site is optimized with the Yoast SEO plugin v27.0 - https:\/\/yoast.com\/product\/yoast-seo-wordpress\/ -->\n<title>Combinez facilement les historiques de mains de poker en un seul fichier<\/title>\n<meta name=\"description\" content=\"Fusionnez rapidement plusieurs fichiers d&#039;historique de mains de poker en un seul gr\u00e2ce \u00e0 notre guide facile. Parfait pour les joueurs cherchant \u00e0 simplifier leurs donn\u00e9es pour l&#039;analyse.\" \/>\n<meta name=\"robots\" content=\"index, follow, max-snippet:-1, max-image-preview:large, max-video-preview:-1\" \/>\n<link rel=\"canonical\" href=\"https:\/\/hand2noteguide.com\/ggpoker-hh\/merging-txt-hand-history-files-into-one\/\" \/>\n<meta property=\"og:locale\" content=\"fr_FR\" \/>\n<meta property=\"og:type\" content=\"article\" \/>\n<meta property=\"og:title\" content=\"Combinez facilement les historiques de mains de poker en un seul fichier\" \/>\n<meta property=\"og:description\" content=\"Fusionnez rapidement plusieurs fichiers d&#039;historique de mains de poker en un seul gr\u00e2ce \u00e0 notre guide facile. Parfait pour les joueurs cherchant \u00e0 simplifier leurs donn\u00e9es pour l&#039;analyse.\" \/>\n<meta property=\"og:url\" content=\"https:\/\/hand2noteguide.com\/ggpoker-hh\/merging-txt-hand-history-files-into-one\/\" \/>\n<meta property=\"og:site_name\" content=\"Hand2Note Guide\" \/>\n<meta property=\"article:modified_time\" content=\"2025-06-04T12:50:40+00:00\" \/>\n<meta property=\"og:image\" content=\"http:\/\/hand2noteguide.com\/wp-content\/uploads\/2022\/04\/image-1.png\" \/>\n<meta name=\"twitter:card\" content=\"summary_large_image\" \/>\n<meta name=\"twitter:label1\" content=\"Est. reading time\" \/>\n\t<meta name=\"twitter:data1\" content=\"4 minutes\" \/>\n<!-- \/ Yoast SEO plugin. -->","yoast_head_json":{"title":"Combinez facilement les historiques de mains de poker en un seul fichier","description":"Fusionnez rapidement plusieurs fichiers d'historique de mains de poker en un seul gr\u00e2ce \u00e0 notre guide facile. Parfait pour les joueurs cherchant \u00e0 simplifier leurs donn\u00e9es pour l'analyse.","robots":{"index":"index","follow":"follow","max-snippet":"max-snippet:-1","max-image-preview":"max-image-preview:large","max-video-preview":"max-video-preview:-1"},"canonical":"https:\/\/hand2noteguide.com\/ggpoker-hh\/merging-txt-hand-history-files-into-one\/","og_locale":"fr_FR","og_type":"article","og_title":"Combinez facilement les historiques de mains de poker en un seul fichier","og_description":"Fusionnez rapidement plusieurs fichiers d'historique de mains de poker en un seul gr\u00e2ce \u00e0 notre guide facile. Parfait pour les joueurs cherchant \u00e0 simplifier leurs donn\u00e9es pour l'analyse.","og_url":"https:\/\/hand2noteguide.com\/ggpoker-hh\/merging-txt-hand-history-files-into-one\/","og_site_name":"Hand2Note Guide","article_modified_time":"2025-06-04T12:50:40+00:00","og_image":[{"url":"http:\/\/hand2noteguide.com\/wp-content\/uploads\/2022\/04\/image-1.png","type":"","width":"","height":""}],"twitter_card":"summary_large_image","twitter_misc":{"Est. reading time":"4 minutes"},"schema":{"@context":"https:\/\/schema.org","@graph":[]}},"jetpack_sharing_enabled":true,"_links":{"self":[{"href":"https:\/\/hand2noteguide.com\/fr\/wp-json\/wp\/v2\/pages\/5716","targetHints":{"allow":["GET"]}}],"collection":[{"href":"https:\/\/hand2noteguide.com\/fr\/wp-json\/wp\/v2\/pages"}],"about":[{"href":"https:\/\/hand2noteguide.com\/fr\/wp-json\/wp\/v2\/types\/page"}],"author":[{"embeddable":true,"href":"https:\/\/hand2noteguide.com\/fr\/wp-json\/wp\/v2\/users\/1"}],"replies":[{"embeddable":true,"href":"https:\/\/hand2noteguide.com\/fr\/wp-json\/wp\/v2\/comments?post=5716"}],"version-history":[{"count":17,"href":"https:\/\/hand2noteguide.com\/fr\/wp-json\/wp\/v2\/pages\/5716\/revisions"}],"predecessor-version":[{"id":13448,"href":"https:\/\/hand2noteguide.com\/fr\/wp-json\/wp\/v2\/pages\/5716\/revisions\/13448"}],"up":[{"embeddable":true,"href":"https:\/\/hand2noteguide.com\/fr\/wp-json\/wp\/v2\/pages\/4885"}],"wp:attachment":[{"href":"https:\/\/hand2noteguide.com\/fr\/wp-json\/wp\/v2\/media?parent=5716"}],"curies":[{"name":"wp","href":"https:\/\/api.w.org\/{rel}","templated":true}]}}