{"id":572,"date":"2018-11-10T10:52:59","date_gmt":"2018-11-10T07:52:59","guid":{"rendered":"https:\/\/h2n312.wordpress.com\/?page_id=572"},"modified":"2025-06-04T17:49:49","modified_gmt":"2025-06-04T14:49:49","slug":"system-requirements","status":"publish","type":"page","link":"https:\/\/hand2noteguide.com\/fr\/guide\/system-requirements\/","title":{"rendered":"Exigences du syst\u00e8me"},"content":{"rendered":"<p>Hand2Note est bien optimis\u00e9 et peu exigeant en termes de ressources informatiques dans la configuration par d\u00e9faut.<\/p>\n<p>Exigences minimales du syst\u00e8me, selon le site officiel :<\/p>\n<ul>\n<li>windows 7+<\/li>\n<li>2 Go+ de RAM<\/li>\n<\/ul>\n<p>La vitesse et la stabilit\u00e9 des performances de Hand2Note d\u00e9pendent largement de la taille de votre <a href=\"https:\/\/hand2noteguide.com\/fr\/guide\/database\/\">base de donn\u00e9es<\/a> et du nombre et de la complexit\u00e9 des <a href=\"https:\/\/hand2noteguide.com\/fr\/guide\/creating-stats\/\">stats<\/a> utilis\u00e9es. Vous pouvez utiliser Hand2Note sur des appareils assez faibles, mais vous devez comprendre que l&#8217;importation fonctionnera lentement et que vous ne pourrez pas utiliser des <a href=\"https:\/\/hand2noteguide.com\/fr\/guide\/hud\/\">HUD<\/a> dynamiques complexes.<\/p>\n<p>Si vous avez l&#8217;intention de jouer dans des <a href=\"https:\/\/hand2noteguide.com\/fr\/asian\/\">salles asiatiques<\/a>, vous devriez certainement envisager des options plus puissantes, car les \u00e9mulateurs Android sont exigeants pour le processeur. Pour plus d&#8217;informations sur les exigences syst\u00e8me pour jouer via l&#8217;\u00e9mulateur, il est pr\u00e9f\u00e9rable de v\u00e9rifier avec les affili\u00e9s.<\/p>\n<p>Voir aussi : <a href=\"https:\/\/hand2noteguide.com\/fr\/issues-resolving\/hand2note-lags\/\">Que faire si Hand2Note se fige ou fonctionne lentement ?<\/a><\/p>\n","protected":false},"excerpt":{"rendered":"<p>Hand2Note est bien optimis\u00e9 et peu exigeant en termes de ressources informatiques dans la configuration par d\u00e9faut. Exigences minimales du syst\u00e8me, selon le site officiel : windows 7+ 2 Go+ de RAM La vitesse et la stabilit\u00e9 des performances de Hand2Note d\u00e9pendent largement de la taille de votre base de donn\u00e9es et du nombre et &hellip; <a href=\"https:\/\/hand2noteguide.com\/fr\/guide\/system-requirements\/\" class=\"more-link\">Continue reading <span class=\"screen-reader-text\">Exigences du syst\u00e8me<\/span><\/a><\/p>\n","protected":false},"author":1,"featured_media":0,"parent":74,"menu_order":0,"comment_status":"closed","ping_status":"closed","template":"page-templates\/full-width-page.php","meta":{"footnotes":""},"class_list":["post-572","page","type-page","status-publish","hentry"],"translation":{"provider":"WPGlobus","version":"3.0.2","language":"fr","enabled_languages":["en","ru","pt","zh","es","fr","de","it","ja"],"languages":{"en":{"title":true,"content":true,"excerpt":false},"ru":{"title":true,"content":true,"excerpt":false},"pt":{"title":true,"content":true,"excerpt":false},"zh":{"title":true,"content":true,"excerpt":false},"es":{"title":true,"content":true,"excerpt":false},"fr":{"title":true,"content":true,"excerpt":false},"de":{"title":true,"content":true,"excerpt":false},"it":{"title":true,"content":true,"excerpt":false},"ja":{"title":true,"content":true,"excerpt":false}}},"yoast_head":"<!-- This site is optimized with the Yoast SEO plugin v27.0 - https:\/\/yoast.com\/product\/yoast-seo-wordpress\/ -->\n<title>Exigences Syst\u00e9miques Optimales pour les Performances de Hand2Note<\/title>\n<meta name=\"description\" content=\"D\u00e9couvrez les exigences minimales et optimales du syst\u00e8me pour Hand2Note afin d&#039;assurer des performances fluides et une stabilit\u00e9, m\u00eame dans des environnements exigeants.\" \/>\n<meta name=\"robots\" content=\"index, follow, max-snippet:-1, max-image-preview:large, max-video-preview:-1\" \/>\n<link rel=\"canonical\" href=\"https:\/\/hand2noteguide.com\/guide\/system-requirements\/\" \/>\n<meta property=\"og:locale\" content=\"fr_FR\" \/>\n<meta property=\"og:type\" content=\"article\" \/>\n<meta property=\"og:title\" content=\"Exigences Syst\u00e9miques Optimales pour les Performances de Hand2Note\" \/>\n<meta property=\"og:description\" content=\"D\u00e9couvrez les exigences minimales et optimales du syst\u00e8me pour Hand2Note afin d&#039;assurer des performances fluides et une stabilit\u00e9, m\u00eame dans des environnements exigeants.\" \/>\n<meta property=\"og:url\" content=\"https:\/\/hand2noteguide.com\/guide\/system-requirements\/\" \/>\n<meta property=\"og:site_name\" content=\"Hand2Note Guide\" \/>\n<meta property=\"article:modified_time\" content=\"2025-06-04T14:49:49+00:00\" \/>\n<meta name=\"twitter:card\" content=\"summary_large_image\" \/>\n<meta name=\"twitter:label1\" content=\"Est. reading time\" \/>\n\t<meta name=\"twitter:data1\" content=\"4 minutes\" \/>\n<!-- \/ Yoast SEO plugin. -->","yoast_head_json":{"title":"Exigences Syst\u00e9miques Optimales pour les Performances de Hand2Note","description":"D\u00e9couvrez les exigences minimales et optimales du syst\u00e8me pour Hand2Note afin d'assurer des performances fluides et une stabilit\u00e9, m\u00eame dans des environnements exigeants.","robots":{"index":"index","follow":"follow","max-snippet":"max-snippet:-1","max-image-preview":"max-image-preview:large","max-video-preview":"max-video-preview:-1"},"canonical":"https:\/\/hand2noteguide.com\/guide\/system-requirements\/","og_locale":"fr_FR","og_type":"article","og_title":"Exigences Syst\u00e9miques Optimales pour les Performances de Hand2Note","og_description":"D\u00e9couvrez les exigences minimales et optimales du syst\u00e8me pour Hand2Note afin d'assurer des performances fluides et une stabilit\u00e9, m\u00eame dans des environnements exigeants.","og_url":"https:\/\/hand2noteguide.com\/guide\/system-requirements\/","og_site_name":"Hand2Note Guide","article_modified_time":"2025-06-04T14:49:49+00:00","twitter_card":"summary_large_image","twitter_misc":{"Est. reading time":"4 minutes"},"schema":{"@context":"https:\/\/schema.org","@graph":[]}},"jetpack_sharing_enabled":false,"_links":{"self":[{"href":"https:\/\/hand2noteguide.com\/fr\/wp-json\/wp\/v2\/pages\/572","targetHints":{"allow":["GET"]}}],"collection":[{"href":"https:\/\/hand2noteguide.com\/fr\/wp-json\/wp\/v2\/pages"}],"about":[{"href":"https:\/\/hand2noteguide.com\/fr\/wp-json\/wp\/v2\/types\/page"}],"author":[{"embeddable":true,"href":"https:\/\/hand2noteguide.com\/fr\/wp-json\/wp\/v2\/users\/1"}],"replies":[{"embeddable":true,"href":"https:\/\/hand2noteguide.com\/fr\/wp-json\/wp\/v2\/comments?post=572"}],"version-history":[{"count":13,"href":"https:\/\/hand2noteguide.com\/fr\/wp-json\/wp\/v2\/pages\/572\/revisions"}],"predecessor-version":[{"id":13519,"href":"https:\/\/hand2noteguide.com\/fr\/wp-json\/wp\/v2\/pages\/572\/revisions\/13519"}],"up":[{"embeddable":true,"href":"https:\/\/hand2noteguide.com\/fr\/wp-json\/wp\/v2\/pages\/74"}],"wp:attachment":[{"href":"https:\/\/hand2noteguide.com\/fr\/wp-json\/wp\/v2\/media?parent=572"}],"curies":[{"name":"wp","href":"https:\/\/api.w.org\/{rel}","templated":true}]}}